{"id":1257,"date":"2016-05-24T12:43:16","date_gmt":"2016-05-24T12:43:16","guid":{"rendered":"https:\/\/welcomeethiopiatours.com\/?page_id=1257"},"modified":"2022-10-14T12:33:33","modified_gmt":"2022-10-14T12:33:33","slug":"outreach-partners","status":"publish","type":"page","link":"https:\/\/welcomeethiopiatours.com\/de\/outreach-partners\/","title":{"rendered":"Outreach Partners"},"content":{"rendered":"<p>[et_pb_section transparent_background=&#8220;on&#8220; allow_player_pause=&#8220;off&#8220; inner_shadow=&#8220;off&#8220; parallax=&#8220;off&#8220; parallax_method=&#8220;off&#8220; padding_mobile=&#8220;off&#8220; make_fullwidth=&#8220;off&#8220; use_custom_width=&#8220;off&#8220; width_unit=&#8220;on&#8220; make_equal=&#8220;off&#8220; use_custom_gutter=&#8220;off&#8220;][et_pb_row make_fullwidth=&#8220;on&#8220; use_custom_width=&#8220;off&#8220; width_unit=&#8220;on&#8220; use_custom_gutter=&#8220;off&#8220; padding_mobile=&#8220;on&#8220; allow_player_pause=&#8220;off&#8220; parallax=&#8220;on&#8220; parallax_method=&#8220;off&#8220; make_equal=&#8220;off&#8220; custom_padding=&#8220;0|0&#8243; module_class=&#8220;fullwidthpagetitle&#8220;][et_pb_column type=&#8220;4_4&#8243;][et_pb_text admin_label=&#8220;Soziales Engagement&#8220; background_layout=&#8220;light&#8220; text_orientation=&#8220;left&#8220; background_image=&#8220;https:\/\/welcomeethiopiatours.com\/wp-content\/uploads\/Ethiopia-Photos-Header.jpg&#8220; use_border_color=&#8220;off&#8220; border_color=&#8220;#ffffff&#8220; border_style=&#8220;solid&#8220; custom_padding=&#8220;0||0|&#8220;]<\/p>\n<h1>Unsere Partner f\u00fcr Ihr Soziales Engagement<\/h1>\n<p>[\/et_pb_text][\/et_pb_column][\/et_pb_row][et_pb_row][et_pb_column type=&#8220;4_4&#8243;][et_pb_text admin_label=&#8220;Text&#8220; background_layout=&#8220;light&#8220; text_orientation=&#8220;left&#8220; use_border_color=&#8220;off&#8220; border_color=&#8220;#ffffff&#8220; border_style=&#8220;solid&#8220;]<br \/>\n\u00c4thiopiens j\u00fcngste Geschichte war von B\u00fcrgerkrieg, Hungersn\u00f6ten und Vertreibungen gepr\u00e4gt. Gepaart mit einer generellen Armut und Unterentwicklung hat dies zu vielen Bed\u00fcrftigen gef\u00fchrt, ganz besonders sichtbar in der Hauptstadt Addis Abeba. Einem Bettler Geld zu geben zieht oft viele Weitere an und l\u00f6st das Problem nicht wirklich. Eine der negativen Auswirkungen des Tourismus ist, dass eine Kultur des Bettelns entstanden ist, teilweise auch unter den nicht wirklich Bed\u00fcrftigen. Generell sollten Besucher keine Kugelschreiber, Kleider oder S\u00fc\u00dfigkeiten an Kinder verteilen \u2013 es ist besser, daf\u00fcr professionell gef\u00fchrte soziale Institutionen und Projekte wie Schulen, Waisenh\u00e4user oder Rehabilitationszentren f\u00fcr behinderte Menschen zu unterst\u00fctzen.<br \/>\nWelcome Ethiopia Tours steht Ihnen gerne zur Seite, falls Sie eine solche Institution besuchen und eventuell mit einer Spende unterst\u00fctzen m\u00f6chten. \u00a0Wenn Sie beispielsweise in Betracht ziehen, eine Patenschaft f\u00fcr ein Waisenkind zu \u00fcbernehmen oder aus einem Rehabilitationszentrum Souvenirs oder Schmuck (von teilweise sehr hoher Qualit\u00e4t) zu kaufen, dann planen Sie daf\u00fcr doch zus\u00e4tzliche Zeit in Addis ein. Wir besuchen mit Ihnen sehr gerne die Institutionen, die wir als unsere Partner ausgew\u00e4hlt haben, weil wir denken, dass finanzielle Mittel dort optimal verwendet werden.<br \/>\nFolgende Institutionen und Projekte werden von Welcome Ethiopia Tours aktuell unterst\u00fctzt:<br \/>\n<strong>Rehabiltationszentren f\u00fcr behinderte Menschen<\/strong><\/p>\n<ul>\n<li>Lila Products (<a href=\"http:\/\/www.lilaproducts.com\/\">lilaproducts.com<\/a>)<\/li>\n<li>Entoto Beth Artisan (<a href=\"http:\/\/entotobethartisan.com\/\">entotobethartisan.com<\/a>)<\/li>\n<\/ul>\n<p><strong>Waisenh\u00e4user<\/strong><\/p>\n<ul>\n<li>Kidane Mehret Children\u2019s Home (<a href=\"http:\/\/www.fcj-kmch.org\/\">fcj-kmch.org<\/a>)<\/li>\n<li>Hanna Orphans Home (<a href=\"http:\/\/www.hannaorphanshome.org\/\">hannaorphanshome.org<\/a>)<\/li>\n<li>A Hope for Children\u00a0<a href=\"http:\/\/www.ahopeforchildren.org\/\">(www.ahopeforchildren.org<\/a>)<\/li>\n<\/ul>\n<p>[\/et_pb_text][\/et_pb_column][\/et_pb_row][\/et_pb_section]<\/p>","protected":false},"excerpt":{"rendered":"<p>Unsere Partner f\u00fcr Ihr Soziales Engagement <div class=\"et_pb_row et_pb_row_0 et_pb_row_empty\">\n\t\t\t\t\n\t\t\t\t\n\t\t\t\t\n\t\t\t\t\n\t\t\t\t\n\t\t\t<\/div> \u00c4thiopiens j\u00fcngste Geschichte war von B\u00fcrgerkrieg, Hungersn\u00f6ten und Vertreibungen gepr\u00e4gt. Gepaart mit einer generellen Armut und Unterentwicklung hat dies zu vielen Bed\u00fcrftigen gef\u00fchrt, ganz besonders sichtbar in der Hauptstadt Addis Abeba. Einem Bettler Geld zu geben zieht oft viele Weitere an und l\u00f6st das Problem nicht wirklich. Eine [&hellip;]<\/p>\n","protected":false},"author":1,"featured_media":0,"parent":0,"menu_order":0,"comment_status":"closed","ping_status":"closed","template":"","meta":{"_et_pb_use_builder":"on","_et_pb_old_content":"","_et_gb_content_width":"","footnotes":""},"class_list":["post-1257","page","type-page","status-publish","hentry"],"yoast_head":"<!-- This site is optimized with the Yoast SEO plugin v24.6 - https:\/\/yoast.com\/wordpress\/plugins\/seo\/ -->\n<title>Outreach Partners - Welcome Ethiopia Tours<\/title>\n<meta name=\"robots\" content=\"index, follow, max-snippet:-1, max-image-preview:large, max-video-preview:-1\" \/>\n<link rel=\"canonical\" href=\"https:\/\/welcomeethiopiatours.com\/de\/outreach-partners\/\" \/>\n<meta property=\"og:locale\" content=\"de_DE\" \/>\n<meta property=\"og:type\" content=\"article\" \/>\n<meta property=\"og:title\" content=\"Outreach Partners - Welcome Ethiopia Tours\" \/>\n<meta property=\"og:description\" content=\"Unsere Partner f\u00fcr Ihr Soziales Engagement \u00c4thiopiens j\u00fcngste Geschichte war von B\u00fcrgerkrieg, Hungersn\u00f6ten und Vertreibungen gepr\u00e4gt. Gepaart mit einer generellen Armut und Unterentwicklung hat dies zu vielen Bed\u00fcrftigen gef\u00fchrt, ganz besonders sichtbar in der Hauptstadt Addis Abeba. Einem Bettler Geld zu geben zieht oft viele Weitere an und l\u00f6st das Problem nicht wirklich. Eine [&hellip;]\" \/>\n<meta property=\"og:url\" content=\"https:\/\/welcomeethiopiatours.com\/de\/outreach-partners\/\" \/>\n<meta property=\"og:site_name\" content=\"Welcome Ethiopia Tours\" \/>\n<meta property=\"article:modified_time\" content=\"2022-10-14T12:33:33+00:00\" \/>\n<meta name=\"twitter:card\" content=\"summary_large_image\" \/>\n<meta name=\"twitter:label1\" content=\"Gesch\u00e4tzte Lesezeit\" \/>\n\t<meta name=\"twitter:data1\" content=\"7\u00a0Minuten\" \/>\n<script type=\"application\/ld+json\" class=\"yoast-schema-graph\">{\"@context\":\"https:\/\/schema.org\",\"@graph\":[{\"@type\":\"WebPage\",\"@id\":\"https:\/\/welcomeethiopiatours.com\/de\/outreach-partners\/\",\"url\":\"https:\/\/welcomeethiopiatours.com\/de\/outreach-partners\/\",\"name\":\"Outreach Partners - Welcome Ethiopia Tours\",\"isPartOf\":{\"@id\":\"https:\/\/welcomeethiopiatours.com\/de\/#website\"},\"datePublished\":\"2016-05-24T12:43:16+00:00\",\"dateModified\":\"2022-10-14T12:33:33+00:00\",\"breadcrumb\":{\"@id\":\"https:\/\/welcomeethiopiatours.com\/de\/outreach-partners\/#breadcrumb\"},\"inLanguage\":\"de\",\"potentialAction\":[{\"@type\":\"ReadAction\",\"target\":[[\"https:\/\/welcomeethiopiatours.com\/de\/outreach-partners\/\"]]}]},{\"@type\":\"BreadcrumbList\",\"@id\":\"https:\/\/welcomeethiopiatours.com\/de\/outreach-partners\/#breadcrumb\",\"itemListElement\":[{\"@type\":\"ListItem\",\"position\":1,\"name\":\"Home\",\"item\":\"https:\/\/welcomeethiopiatours.com\/de\/\"},{\"@type\":\"ListItem\",\"position\":2,\"name\":\"Outreach Partners\"}]},{\"@type\":\"WebSite\",\"@id\":\"https:\/\/welcomeethiopiatours.com\/de\/#website\",\"url\":\"https:\/\/welcomeethiopiatours.com\/de\/\",\"name\":\"Welcome Ethiopia Tours\",\"description\":\"Best Tour Operator in Ethiopia\",\"potentialAction\":[{\"@type\":\"SearchAction\",\"target\":{\"@type\":\"EntryPoint\",\"urlTemplate\":\"https:\/\/welcomeethiopiatours.com\/de\/?s={search_term_string}\"},\"query-input\":{\"@type\":\"PropertyValueSpecification\",\"valueRequired\":true,\"valueName\":\"search_term_string\"}}],\"inLanguage\":\"de\"}]}<\/script>\n<!-- \/ Yoast SEO plugin. -->","yoast_head_json":{"title":"Outreach Partners - Welcome Ethiopia Tours","robots":{"index":"index","follow":"follow","max-snippet":"max-snippet:-1","max-image-preview":"max-image-preview:large","max-video-preview":"max-video-preview:-1"},"canonical":"https:\/\/welcomeethiopiatours.com\/de\/outreach-partners\/","og_locale":"de_DE","og_type":"article","og_title":"Outreach Partners - Welcome Ethiopia Tours","og_description":"Unsere Partner f\u00fcr Ihr Soziales Engagement \u00c4thiopiens j\u00fcngste Geschichte war von B\u00fcrgerkrieg, Hungersn\u00f6ten und Vertreibungen gepr\u00e4gt. Gepaart mit einer generellen Armut und Unterentwicklung hat dies zu vielen Bed\u00fcrftigen gef\u00fchrt, ganz besonders sichtbar in der Hauptstadt Addis Abeba. Einem Bettler Geld zu geben zieht oft viele Weitere an und l\u00f6st das Problem nicht wirklich. Eine [&hellip;]","og_url":"https:\/\/welcomeethiopiatours.com\/de\/outreach-partners\/","og_site_name":"Welcome Ethiopia Tours","article_modified_time":"2022-10-14T12:33:33+00:00","twitter_card":"summary_large_image","twitter_misc":{"Gesch\u00e4tzte Lesezeit":"7\u00a0Minuten"},"schema":{"@context":"https:\/\/schema.org","@graph":[{"@type":"WebPage","@id":"https:\/\/welcomeethiopiatours.com\/de\/outreach-partners\/","url":"https:\/\/welcomeethiopiatours.com\/de\/outreach-partners\/","name":"Outreach Partners - Welcome Ethiopia Tours","isPartOf":{"@id":"https:\/\/welcomeethiopiatours.com\/de\/#website"},"datePublished":"2016-05-24T12:43:16+00:00","dateModified":"2022-10-14T12:33:33+00:00","breadcrumb":{"@id":"https:\/\/welcomeethiopiatours.com\/de\/outreach-partners\/#breadcrumb"},"inLanguage":"de","potentialAction":[{"@type":"ReadAction","target":[["https:\/\/welcomeethiopiatours.com\/de\/outreach-partners\/"]]}]},{"@type":"BreadcrumbList","@id":"https:\/\/welcomeethiopiatours.com\/de\/outreach-partners\/#breadcrumb","itemListElement":[{"@type":"ListItem","position":1,"name":"Home","item":"https:\/\/welcomeethiopiatours.com\/de\/"},{"@type":"ListItem","position":2,"name":"Outreach Partners"}]},{"@type":"WebSite","@id":"https:\/\/welcomeethiopiatours.com\/de\/#website","url":"https:\/\/welcomeethiopiatours.com\/de\/","name":"Welcome Ethiopia Tours","description":"Best Tour Operator in Ethiopia","potentialAction":[{"@type":"SearchAction","target":{"@type":"EntryPoint","urlTemplate":"https:\/\/welcomeethiopiatours.com\/de\/?s={search_term_string}"},"query-input":{"@type":"PropertyValueSpecification","valueRequired":true,"valueName":"search_term_string"}}],"inLanguage":"de"}]}},"_links":{"self":[{"href":"https:\/\/welcomeethiopiatours.com\/de\/wp-json\/wp\/v2\/pages\/1257","targetHints":{"allow":["GET"]}}],"collection":[{"href":"https:\/\/welcomeethiopiatours.com\/de\/wp-json\/wp\/v2\/pages"}],"about":[{"href":"https:\/\/welcomeethiopiatours.com\/de\/wp-json\/wp\/v2\/types\/page"}],"author":[{"embeddable":true,"href":"https:\/\/welcomeethiopiatours.com\/de\/wp-json\/wp\/v2\/users\/1"}],"replies":[{"embeddable":true,"href":"https:\/\/welcomeethiopiatours.com\/de\/wp-json\/wp\/v2\/comments?post=1257"}],"version-history":[{"count":0,"href":"https:\/\/welcomeethiopiatours.com\/de\/wp-json\/wp\/v2\/pages\/1257\/revisions"}],"wp:attachment":[{"href":"https:\/\/welcomeethiopiatours.com\/de\/wp-json\/wp\/v2\/media?parent=1257"}],"curies":[{"name":"wp","href":"https:\/\/api.w.org\/{rel}","templated":true}]}}