{"id":18573,"date":"2022-10-13T14:38:52","date_gmt":"2022-10-13T14:38:52","guid":{"rendered":"https:\/\/welcomeethiopiatours.com\/?page_id=18573"},"modified":"2022-10-14T11:31:06","modified_gmt":"2022-10-14T11:31:06","slug":"cultural-attractions","status":"publish","type":"page","link":"https:\/\/welcomeethiopiatours.com\/de\/cultural-attractions\/","title":{"rendered":"Kulturelle Attraktionen"},"content":{"rendered":"<p>[et_pb_section bb_built=&#8220;1&#8243; transparent_background=&#8220;on&#8220; allow_player_pause=&#8220;off&#8220; inner_shadow=&#8220;off&#8220; parallax=&#8220;off&#8220; parallax_method=&#8220;off&#8220; padding_mobile=&#8220;off&#8220; make_fullwidth=&#8220;off&#8220; use_custom_width=&#8220;off&#8220; width_unit=&#8220;on&#8220; make_equal=&#8220;off&#8220; use_custom_gutter=&#8220;off&#8220; module_class=&#8220;nobac nopad nobor nospace2columns&#8220; background_color=&#8220;rgba(255,255,255,0)&#8220; custom_padding_tablet=&#8220;50px|0|50px|0&#8243; custom_padding_last_edited=&#8220;on|desktop&#8220;][et_pb_row make_fullwidth=&#8220;on&#8220; use_custom_width=&#8220;off&#8220; width_unit=&#8220;on&#8220; use_custom_gutter=&#8220;off&#8220; padding_mobile=&#8220;on&#8220; allow_player_pause=&#8220;off&#8220; parallax=&#8220;on&#8220; parallax_method=&#8220;off&#8220; make_equal=&#8220;off&#8220; custom_padding=&#8220;0|0&#8243; module_class=&#8220;fullwidthpagetitle&#8220; background_position=&#8220;top_left&#8220; background_repeat=&#8220;repeat&#8220; background_size=&#8220;initial&#8220;][et_pb_column type=&#8220;4_4&#8243;][et_pb_text admin_label=&#8220;Kulturelle Attraktionen&#8220; background_image=&#8220;https:\/\/welcomeethiopiatours.com\/wp-content\/uploads\/Ethiopia-Photos-Header.jpg&#8220; use_border_color=&#8220;off&#8220; custom_padding=&#8220;0||0|&#8220; background_position=&#8220;top_left&#8220; background_repeat=&#8220;repeat&#8220; background_size=&#8220;initial&#8220; _builder_version=&#8220;3.1.1&#8243;]<\/p>\n<h2>Kulturelle Attraktionen<\/h2>\n<h2><\/h2>\n<p>[\/et_pb_text][\/et_pb_column][\/et_pb_row][et_pb_row make_fullwidth=&#8220;off&#8220; use_custom_width=&#8220;off&#8220; width_unit=&#8220;on&#8220; use_custom_gutter=&#8220;off&#8220; padding_mobile=&#8220;off&#8220; allow_player_pause=&#8220;off&#8220; parallax=&#8220;off&#8220; parallax_method=&#8220;off&#8220; make_equal=&#8220;off&#8220; background_position=&#8220;top_left&#8220; background_repeat=&#8220;repeat&#8220; background_size=&#8220;initial&#8220;][et_pb_column type=&#8220;1_2&#8243;][et_pb_text admin_label=&#8220;Addis Ababa&#8220; _builder_version=&#8220;3.1.1&#8243;]<\/p>\n<h4>Addis Abeba<\/h4>\n<p>Addis Abeba beherbergt den Hauptsitz der Afrikanischen Union, die drittgr\u00f6sste Anzahl Mitarbeiter der Vereinten Nationen und ist mit fast allen ausl\u00e4ndischen Botschaften aus der ganzen Welt vertreten. Addis Abeba wird oft als politische Hauptstadt Afrikas bezeichnet. Die Stadt ist mit einer H\u00f6he von 2\u2019665 Metern \u00fcber dem Meeresspiegel die dritth\u00f6chste Hauptstadt der Welt und beherbergt rund 4,5 Millionen Menschen. Sie liegt auf dem Hochland am Rande des Gro\u00dfen Grabenbruchs und erstreckt sich \u00fcber mehr als 200 Quadratkilometer mit einer erstaunlichen Vielfalt an historischen und kulturellen Sehensw\u00fcrdigkeiten. Und wenn Sie einen Ausflug machen wollen, k\u00f6nnen Sie die massiven Entoto Berge direkt \u00fcber Addis Abeba erkunden. Das Stadtzentrum von Addis Abeba ist gepr\u00e4gt von monumentaler Architektur und all der Pracht, die man von einer nationalen Hauptstadt erwarten kann. Gro\u00dfartige Kirchen, Moscheen und Museen bieten Reisenden aus der ganzen Welt Erholung, Trost, Bildung und Inspiration.<\/p>\n<p>[\/et_pb_text][\/et_pb_column][et_pb_column type=&#8220;1_2&#8243;][et_pb_image src=&#8220;https:\/\/welcomeethiopiatours.com\/wp-content\/uploads\/Addis_Ababa_Ethiopia_Welcome-Africa-Tours.jpg&#8220; use_border_color=&#8220;off&#8220; animation_style=&#8220;fade&#8220; animation_duration=&#8220;500ms&#8220; animation_intensity_slide=&#8220;10%&#8220; _builder_version=&#8220;3.1.1&#8243; \/][\/et_pb_column][\/et_pb_row][et_pb_row make_fullwidth=&#8220;off&#8220; use_custom_width=&#8220;off&#8220; width_unit=&#8220;on&#8220; use_custom_gutter=&#8220;off&#8220; padding_mobile=&#8220;off&#8220; allow_player_pause=&#8220;off&#8220; parallax=&#8220;off&#8220; parallax_method=&#8220;off&#8220; make_equal=&#8220;off&#8220; background_position=&#8220;top_left&#8220; background_repeat=&#8220;repeat&#8220; background_size=&#8220;initial&#8220;][et_pb_column type=&#8220;1_2&#8243;][et_pb_text admin_label=&#8220;Omo Tal&#8220; _builder_version=&#8220;3.1.1&#8243;]<\/p>\n<h4>Omo Tal<\/h4>\n<div class=\"locationtext\">\n<p>Ein Besuch im Omo Tal ist ideal f\u00fcr alle, die die kulturelle Vielfalt \u00c4thiopiens erkunden und verstehen wollen. Einige der \u00e4ltesten und farbenpr\u00e4chtigsten ethnischen Traditionen des Landes lassen sich hier beobachten. Die kunstvolle K\u00f6rperbemalung vieler St\u00e4mme, die Tonplatten in den Ohren und Lippen der Mursi Frauen, die rituellen Ges\u00e4nge und T\u00e4nze des Arbore Stammes und das atemberaubende Stiersprung Spektakel des Hamar Volkes. Das Omo Tal liegt inmitten des riesigen Great Rift Valley, das reich an fruchtbarem Land und Wildtieren ist. Die Unterk\u00fcnfte in diesem Gebiet sind zwar eher rustikal, aber perfekt gelegen, um einen Einblick in das Leben der Einheimischen zu bekommen. Der Tourismus in diesem Gebiet wurde in der Vergangenheit daf\u00fcr kritisiert, dass er zu einer Art &#8222;Menschenzoo&#8220; beitr\u00e4gt. Bei unseren gef\u00fchrten Besichtigungen legen wir gro\u00dfen Wert auf Authentizit\u00e4t und kulturelle Sensibilit\u00e4t.<\/p>\n<\/div>\n<p>[\/et_pb_text][\/et_pb_column][et_pb_column type=&#8220;1_2&#8243;][et_pb_image src=&#8220;https:\/\/welcomeethiopiatours.com\/wp-content\/uploads\/OmoValley_Ethiopia_Welcome-Africa-Tours.jpg&#8220; use_border_color=&#8220;off&#8220; animation_style=&#8220;fade&#8220; animation_duration=&#8220;500ms&#8220; animation_intensity_slide=&#8220;10%&#8220; _builder_version=&#8220;3.1.1&#8243; \/][\/et_pb_column][\/et_pb_row][et_pb_row make_fullwidth=&#8220;off&#8220; use_custom_width=&#8220;off&#8220; width_unit=&#8220;on&#8220; use_custom_gutter=&#8220;off&#8220; padding_mobile=&#8220;off&#8220; allow_player_pause=&#8220;off&#8220; parallax=&#8220;off&#8220; parallax_method=&#8220;off&#8220; make_equal=&#8220;off&#8220; background_position=&#8220;top_left&#8220; background_repeat=&#8220;repeat&#8220; background_size=&#8220;initial&#8220;][et_pb_column type=&#8220;1_2&#8243;][et_pb_text admin_label=&#8220;S\u00fcdliches Rift Valley&#8220; _builder_version=&#8220;3.1.1&#8243;]<\/p>\n<h4>S\u00fcdliches Rift Valley<\/h4>\n<p>Das Volk der Konso und Dorze im s\u00fcdlichen Rift Valley hat vielleicht nicht das auff\u00e4llige Aussehen der St\u00e4mme im Omo Valley, aber ihre Lebensweise ist nicht weniger faszinierend. Die Konso D\u00f6rfer sind abgeschottet, fast wie eine Festung, da es fr\u00fcher zahlreiche lokale Konflikte gab. Um die D\u00f6rfer herum werden die Felder mit einem System von Terrassen bewirtschaftet, das im Laufe der Jahrhunderte angelegt wurde, um das h\u00fcgelige Gel\u00e4nde zu nutzen und die Erosion des Bodens durch die saisonalen Regenf\u00e4lle zu verhindern; die Terrassen von Konso wurden 2011 von der UNESCO zum Weltkulturerbe erkl\u00e4rt. Eine weitere unglaubliche Begegnung erwartet Sie mit dem Volk der Dorze, das im Gamo Hochland in der N\u00e4he von Arba Minch lebt. Die Dorze sind ber\u00fchmt f\u00fcr ihre sauberen Siedlungen und die Form ihrer H\u00fctten, die an die Struktur eines Bienenstocks und das Gesicht eines Elefanten erinnern. Die Dorze sind auch f\u00fcr ihre Webereikunst bekannt. Die traditionellen Textilien der Dorze sind sehr farbenfroh und gelten als eine der besten in \u00c4thiopien.<\/p>\n<p>[\/et_pb_text][\/et_pb_column][et_pb_column type=&#8220;1_2&#8243;][et_pb_image src=&#8220;https:\/\/welcomeethiopiatours.com\/wp-content\/uploads\/Konso_Ethiopia_Welcome-Africa-Tours.jpg&#8220; use_border_color=&#8220;off&#8220; animation_style=&#8220;fade&#8220; animation_duration=&#8220;500ms&#8220; animation_intensity_slide=&#8220;10%&#8220; _builder_version=&#8220;3.1.1&#8243; \/][\/et_pb_column][\/et_pb_row][\/et_pb_section]<\/p>","protected":false},"excerpt":{"rendered":"<p>Kulturelle Attraktionen Addis Abeba Addis Abeba beherbergt den Hauptsitz der Afrikanischen Union, die drittgr\u00f6sste Anzahl Mitarbeiter der Vereinten Nationen und ist mit fast allen ausl\u00e4ndischen Botschaften aus der ganzen Welt vertreten. Addis Abeba wird oft als politische Hauptstadt Afrikas bezeichnet. Die Stadt ist mit einer H\u00f6he von 2\u2019665 Metern \u00fcber dem Meeresspiegel die dritth\u00f6chste Hauptstadt [&hellip;]<\/p>\n","protected":false},"author":1,"featured_media":0,"parent":0,"menu_order":0,"comment_status":"closed","ping_status":"closed","template":"","meta":{"_et_pb_use_builder":"on","_et_pb_old_content":"","_et_gb_content_width":"","footnotes":""},"class_list":["post-18573","page","type-page","status-publish","hentry"],"yoast_head":"<!-- This site is optimized with the Yoast SEO plugin v24.6 - https:\/\/yoast.com\/wordpress\/plugins\/seo\/ -->\n<title>Kulturelle Attraktionen - Welcome Ethiopia Tours<\/title>\n<meta name=\"robots\" content=\"index, follow, max-snippet:-1, max-image-preview:large, max-video-preview:-1\" \/>\n<link rel=\"canonical\" href=\"https:\/\/welcomeethiopiatours.com\/de\/cultural-attractions\/\" \/>\n<meta property=\"og:locale\" content=\"de_DE\" \/>\n<meta property=\"og:type\" content=\"article\" \/>\n<meta property=\"og:title\" content=\"Kulturelle Attraktionen - Welcome Ethiopia Tours\" \/>\n<meta property=\"og:description\" content=\"Kulturelle Attraktionen Addis Abeba Addis Abeba beherbergt den Hauptsitz der Afrikanischen Union, die drittgr\u00f6sste Anzahl Mitarbeiter der Vereinten Nationen und ist mit fast allen ausl\u00e4ndischen Botschaften aus der ganzen Welt vertreten. Addis Abeba wird oft als politische Hauptstadt Afrikas bezeichnet. Die Stadt ist mit einer H\u00f6he von 2\u2019665 Metern \u00fcber dem Meeresspiegel die dritth\u00f6chste Hauptstadt [&hellip;]\" \/>\n<meta property=\"og:url\" content=\"https:\/\/welcomeethiopiatours.com\/de\/cultural-attractions\/\" \/>\n<meta property=\"og:site_name\" content=\"Welcome Ethiopia Tours\" \/>\n<meta property=\"article:modified_time\" content=\"2022-10-14T11:31:06+00:00\" \/>\n<meta name=\"twitter:card\" content=\"summary_large_image\" \/>\n<meta name=\"twitter:label1\" content=\"Gesch\u00e4tzte Lesezeit\" \/>\n\t<meta name=\"twitter:data1\" content=\"14\u00a0Minuten\" \/>\n<script type=\"application\/ld+json\" class=\"yoast-schema-graph\">{\"@context\":\"https:\/\/schema.org\",\"@graph\":[{\"@type\":\"WebPage\",\"@id\":\"https:\/\/welcomeethiopiatours.com\/de\/cultural-attractions\/\",\"url\":\"https:\/\/welcomeethiopiatours.com\/de\/cultural-attractions\/\",\"name\":\"Kulturelle Attraktionen - Welcome Ethiopia Tours\",\"isPartOf\":{\"@id\":\"https:\/\/welcomeethiopiatours.com\/de\/#website\"},\"datePublished\":\"2022-10-13T14:38:52+00:00\",\"dateModified\":\"2022-10-14T11:31:06+00:00\",\"breadcrumb\":{\"@id\":\"https:\/\/welcomeethiopiatours.com\/de\/cultural-attractions\/#breadcrumb\"},\"inLanguage\":\"de\",\"potentialAction\":[{\"@type\":\"ReadAction\",\"target\":[[\"https:\/\/welcomeethiopiatours.com\/de\/cultural-attractions\/\"]]}]},{\"@type\":\"BreadcrumbList\",\"@id\":\"https:\/\/welcomeethiopiatours.com\/de\/cultural-attractions\/#breadcrumb\",\"itemListElement\":[{\"@type\":\"ListItem\",\"position\":1,\"name\":\"Home\",\"item\":\"https:\/\/welcomeethiopiatours.com\/de\/\"},{\"@type\":\"ListItem\",\"position\":2,\"name\":\"Cultural Attractions\"}]},{\"@type\":\"WebSite\",\"@id\":\"https:\/\/welcomeethiopiatours.com\/de\/#website\",\"url\":\"https:\/\/welcomeethiopiatours.com\/de\/\",\"name\":\"Welcome Ethiopia Tours\",\"description\":\"Best Tour Operator in Ethiopia\",\"potentialAction\":[{\"@type\":\"SearchAction\",\"target\":{\"@type\":\"EntryPoint\",\"urlTemplate\":\"https:\/\/welcomeethiopiatours.com\/de\/?s={search_term_string}\"},\"query-input\":{\"@type\":\"PropertyValueSpecification\",\"valueRequired\":true,\"valueName\":\"search_term_string\"}}],\"inLanguage\":\"de\"}]}<\/script>\n<!-- \/ Yoast SEO plugin. -->","yoast_head_json":{"title":"Kulturelle Attraktionen - Welcome Ethiopia Tours","robots":{"index":"index","follow":"follow","max-snippet":"max-snippet:-1","max-image-preview":"max-image-preview:large","max-video-preview":"max-video-preview:-1"},"canonical":"https:\/\/welcomeethiopiatours.com\/de\/cultural-attractions\/","og_locale":"de_DE","og_type":"article","og_title":"Kulturelle Attraktionen - Welcome Ethiopia Tours","og_description":"Kulturelle Attraktionen Addis Abeba Addis Abeba beherbergt den Hauptsitz der Afrikanischen Union, die drittgr\u00f6sste Anzahl Mitarbeiter der Vereinten Nationen und ist mit fast allen ausl\u00e4ndischen Botschaften aus der ganzen Welt vertreten. Addis Abeba wird oft als politische Hauptstadt Afrikas bezeichnet. Die Stadt ist mit einer H\u00f6he von 2\u2019665 Metern \u00fcber dem Meeresspiegel die dritth\u00f6chste Hauptstadt [&hellip;]","og_url":"https:\/\/welcomeethiopiatours.com\/de\/cultural-attractions\/","og_site_name":"Welcome Ethiopia Tours","article_modified_time":"2022-10-14T11:31:06+00:00","twitter_card":"summary_large_image","twitter_misc":{"Gesch\u00e4tzte Lesezeit":"14\u00a0Minuten"},"schema":{"@context":"https:\/\/schema.org","@graph":[{"@type":"WebPage","@id":"https:\/\/welcomeethiopiatours.com\/de\/cultural-attractions\/","url":"https:\/\/welcomeethiopiatours.com\/de\/cultural-attractions\/","name":"Kulturelle Attraktionen - Welcome Ethiopia Tours","isPartOf":{"@id":"https:\/\/welcomeethiopiatours.com\/de\/#website"},"datePublished":"2022-10-13T14:38:52+00:00","dateModified":"2022-10-14T11:31:06+00:00","breadcrumb":{"@id":"https:\/\/welcomeethiopiatours.com\/de\/cultural-attractions\/#breadcrumb"},"inLanguage":"de","potentialAction":[{"@type":"ReadAction","target":[["https:\/\/welcomeethiopiatours.com\/de\/cultural-attractions\/"]]}]},{"@type":"BreadcrumbList","@id":"https:\/\/welcomeethiopiatours.com\/de\/cultural-attractions\/#breadcrumb","itemListElement":[{"@type":"ListItem","position":1,"name":"Home","item":"https:\/\/welcomeethiopiatours.com\/de\/"},{"@type":"ListItem","position":2,"name":"Cultural Attractions"}]},{"@type":"WebSite","@id":"https:\/\/welcomeethiopiatours.com\/de\/#website","url":"https:\/\/welcomeethiopiatours.com\/de\/","name":"Welcome Ethiopia Tours","description":"Best Tour Operator in Ethiopia","potentialAction":[{"@type":"SearchAction","target":{"@type":"EntryPoint","urlTemplate":"https:\/\/welcomeethiopiatours.com\/de\/?s={search_term_string}"},"query-input":{"@type":"PropertyValueSpecification","valueRequired":true,"valueName":"search_term_string"}}],"inLanguage":"de"}]}},"_links":{"self":[{"href":"https:\/\/welcomeethiopiatours.com\/de\/wp-json\/wp\/v2\/pages\/18573","targetHints":{"allow":["GET"]}}],"collection":[{"href":"https:\/\/welcomeethiopiatours.com\/de\/wp-json\/wp\/v2\/pages"}],"about":[{"href":"https:\/\/welcomeethiopiatours.com\/de\/wp-json\/wp\/v2\/types\/page"}],"author":[{"embeddable":true,"href":"https:\/\/welcomeethiopiatours.com\/de\/wp-json\/wp\/v2\/users\/1"}],"replies":[{"embeddable":true,"href":"https:\/\/welcomeethiopiatours.com\/de\/wp-json\/wp\/v2\/comments?post=18573"}],"version-history":[{"count":0,"href":"https:\/\/welcomeethiopiatours.com\/de\/wp-json\/wp\/v2\/pages\/18573\/revisions"}],"wp:attachment":[{"href":"https:\/\/welcomeethiopiatours.com\/de\/wp-json\/wp\/v2\/media?parent=18573"}],"curies":[{"name":"wp","href":"https:\/\/api.w.org\/{rel}","templated":true}]}}