{"id":18588,"date":"2022-10-13T15:57:42","date_gmt":"2022-10-13T15:57:42","guid":{"rendered":"https:\/\/welcomeethiopiatours.com\/?page_id=18588"},"modified":"2022-10-14T11:53:59","modified_gmt":"2022-10-14T11:53:59","slug":"religious-festivals","status":"publish","type":"page","link":"https:\/\/welcomeethiopiatours.com\/de\/religious-festivals\/","title":{"rendered":"Religi\u00f6se Feste"},"content":{"rendered":"<p>[et_pb_section bb_built=&#8220;1&#8243; transparent_background=&#8220;on&#8220; allow_player_pause=&#8220;off&#8220; inner_shadow=&#8220;off&#8220; parallax=&#8220;off&#8220; parallax_method=&#8220;off&#8220; padding_mobile=&#8220;off&#8220; make_fullwidth=&#8220;off&#8220; use_custom_width=&#8220;off&#8220; width_unit=&#8220;on&#8220; make_equal=&#8220;off&#8220; use_custom_gutter=&#8220;off&#8220; module_class=&#8220;nobac nopad nobor nospace2columns&#8220; background_color=&#8220;rgba(255,255,255,0)&#8220; custom_padding_tablet=&#8220;50px|0|50px|0&#8243; custom_padding_last_edited=&#8220;on|desktop&#8220;][et_pb_row make_fullwidth=&#8220;on&#8220; use_custom_width=&#8220;off&#8220; width_unit=&#8220;on&#8220; use_custom_gutter=&#8220;off&#8220; padding_mobile=&#8220;on&#8220; allow_player_pause=&#8220;off&#8220; parallax=&#8220;on&#8220; parallax_method=&#8220;off&#8220; make_equal=&#8220;off&#8220; custom_padding=&#8220;0|0&#8243; module_class=&#8220;fullwidthpagetitle&#8220; background_position=&#8220;top_left&#8220; background_repeat=&#8220;repeat&#8220; background_size=&#8220;initial&#8220;][et_pb_column type=&#8220;4_4&#8243;][et_pb_text admin_label=&#8220;Religi\u00f6se Feste&#8220; background_image=&#8220;https:\/\/welcomeethiopiatours.com\/wp-content\/uploads\/Ethiopia-Photos-Header.jpg&#8220; use_border_color=&#8220;off&#8220; custom_padding=&#8220;0||0|&#8220; background_position=&#8220;top_left&#8220; background_repeat=&#8220;repeat&#8220; background_size=&#8220;initial&#8220; _builder_version=&#8220;3.1.1&#8243;]<\/p>\n<h2>Religi\u00f6se Feste<\/h2>\n<h2><\/h2>\n<p>[\/et_pb_text][\/et_pb_column][\/et_pb_row][et_pb_row make_fullwidth=&#8220;off&#8220; use_custom_width=&#8220;off&#8220; width_unit=&#8220;on&#8220; use_custom_gutter=&#8220;off&#8220; padding_mobile=&#8220;off&#8220; allow_player_pause=&#8220;off&#8220; parallax=&#8220;off&#8220; parallax_method=&#8220;off&#8220; make_equal=&#8220;off&#8220; background_position=&#8220;top_left&#8220; background_repeat=&#8220;repeat&#8220; background_size=&#8220;initial&#8220;][et_pb_column type=&#8220;1_2&#8243;][et_pb_text admin_label=&#8220;Ashenda &#8220; _builder_version=&#8220;3.1.1&#8243;]<\/p>\n<h4>Ashenda<\/h4>\n<p>Das Ashenda-Fest ist ein j\u00e4hrliches kulturelles Fest, das in Nord\u00e4thiopien, insbesondere in den Regionen Tigray und Amhara, gefeiert wird. Die M\u00e4dchen und jungen Frauen, denen das Fest gewidmet ist, schm\u00fccken sich mit Kleidern, die &#8222;tilfi&#8220; genannt werden, einem Baumwollkleid, das auf der Vorderseite vom Hals bis zu den Zehen mit wundersch\u00f6nen Stickereien verziert ist. Sie tragen auch ihre Haare in den seit Jahrhunderten entwickelten Flechtfrisuren und schm\u00fccken sich mit Schmuck und Ashenda-Gras. Die Dauer des Festes, das in der Regel zwischen August und September stattfindet, variiert zwischen drei Tagen und einem Monat, je nachdem, wo in der Region es stattfindet; k\u00fcrzer in st\u00e4dtischen Gebieten, l\u00e4nger in l\u00e4ndlichen Gegenden. Es ist \u00fcblich, dass die Menschen ihnen Geschenke in Form von Geld, Essen und Getr\u00e4nken machen. Dies gilt f\u00fcr den ganzen Tag und die gesamte Dauer des Festes. Zum Abschluss der Feierlichkeiten versammeln sich die Frauen und M\u00e4dchen an einem zentralen Ort, um zu trommeln, zu tanzen, zu singen und sich zu unterhalten.<\/p>\n<p>[\/et_pb_text][\/et_pb_column][et_pb_column type=&#8220;1_2&#8243;][et_pb_image src=&#8220;https:\/\/welcomeethiopiatours.com\/wp-content\/uploads\/Ashenda.jpg&#8220; use_border_color=&#8220;off&#8220; animation_style=&#8220;fade&#8220; animation_duration=&#8220;500ms&#8220; animation_intensity_slide=&#8220;10%&#8220; _builder_version=&#8220;3.1.1&#8243; \/][\/et_pb_column][\/et_pb_row][et_pb_row make_fullwidth=&#8220;off&#8220; use_custom_width=&#8220;off&#8220; width_unit=&#8220;on&#8220; use_custom_gutter=&#8220;off&#8220; padding_mobile=&#8220;off&#8220; allow_player_pause=&#8220;off&#8220; parallax=&#8220;off&#8220; parallax_method=&#8220;off&#8220; make_equal=&#8220;off&#8220; background_position=&#8220;top_left&#8220; background_repeat=&#8220;repeat&#8220; background_size=&#8220;initial&#8220;][et_pb_column type=&#8220;1_2&#8243;][et_pb_text admin_label=&#8220;Mesekel &#8220; _builder_version=&#8220;3.1.1&#8243;]<\/p>\n<h4>Mesekel<\/h4>\n<div class=\"locationtext\">\n<p>Nach \u00e4thiopisch-orthodoxer christlicher Tradition markiert das Meskel-Fest den Fund des Kreuzes, an dem Jesus gekreuzigt wurde. Tausende feiern den Vorabend des Festes, das als Demera bekannt ist, indem sie sich auf dem Meskel-Platz im Herzen der Hauptstadt Addis Abeba versammeln. Demera, das auf den 26. September f\u00e4llt, ist ein farbenfrohes Ereignis, das zahlreiche Gl\u00e4ubige in Gew\u00e4ndern anzieht. Zu ihnen gesellen sich Hunderte von Priestern und Diakonen aus den Kirchen der Stadt, die Trommeln und verzierte Kreuze f\u00fcr die religi\u00f6sen Zeremonien mitbringen. Vor Sonnenuntergang wird ein gro\u00dfer Scheiterhaufen in der Mitte des Platzes entz\u00fcndet. Der Scheiterhaufen erinnert an die Bem\u00fchungen der Heiligen Helena, der Mutter von Kaiser Konstantin, die im 4. Der Rauch dieses Feuers wies auf den Ort hin, an dem das Kreuz vergraben war. Die heilige Helena soll dann allen Kirchen St\u00fccke des Kreuzes geschenkt haben, und die \u00e4thiopische Kirche behauptet noch immer, ihr eigenes St\u00fcck zu besitzen.<\/p>\n<\/div>\n<p>[\/et_pb_text][\/et_pb_column][et_pb_column type=&#8220;1_2&#8243;][et_pb_image src=&#8220;https:\/\/welcomeethiopiatours.com\/wp-content\/uploads\/Meskel.jpg&#8220; use_border_color=&#8220;off&#8220; animation_style=&#8220;fade&#8220; animation_duration=&#8220;500ms&#8220; animation_intensity_slide=&#8220;10%&#8220; _builder_version=&#8220;3.1.1&#8243; \/][\/et_pb_column][\/et_pb_row][et_pb_row make_fullwidth=&#8220;off&#8220; use_custom_width=&#8220;off&#8220; width_unit=&#8220;on&#8220; use_custom_gutter=&#8220;off&#8220; padding_mobile=&#8220;off&#8220; allow_player_pause=&#8220;off&#8220; parallax=&#8220;off&#8220; parallax_method=&#8220;off&#8220; make_equal=&#8220;off&#8220; background_position=&#8220;top_left&#8220; background_repeat=&#8220;repeat&#8220; background_size=&#8220;initial&#8220;][et_pb_column type=&#8220;1_2&#8243;][et_pb_text admin_label=&#8220;Timkat &#8220; _builder_version=&#8220;3.1.1&#8243;]<\/p>\n<h4>Timkat<\/h4>\n<p>Das Timket-Fest &#8211; das Fest der Erscheinung des Herrn &#8211; ist eines der bedeutendsten Feste der orthodoxen Christen in \u00c4thiopien. Das Fest findet am 19. Januar statt und erinnert an die Taufe Christi. Das Ereignis findet 12 Tage nach dem \u00e4thiopischen Weihnachtsfest (auch als Gehenna bezeichnet) statt und weist viele interessante Merkmale auf.\u00a0Das hoch verehrte Fest gilt als Zeit der religi\u00f6sen Heiligung und der geistigen Erweckung unter den orthodoxen Christen, die die Gelegenheit nutzen, um Gott f\u00fcr die geistige F\u00f6rderung zu danken. Einer der wichtigsten Bestandteile des Timket-Festes ist das &#8222;Tabot&#8220;. Tabot&#8220; ist ein Begriff aus dem Amharischen, der sich auf die Bundeslade bezieht. W\u00e4hrend des Festes werden Nachbildungen der Bundeslade aus den \u00f6rtlichen Kirchen geholt und durch die Stra\u00dfen getragen, was zu einer farbenfrohen Prozession f\u00fchrt, bei der Kinder aus der Sonntagsschule Hymnen singen und Priester mit ihren Gebetsst\u00f6cken besondere choreografische Bewegungen zeigen.<\/p>\n<p>[\/et_pb_text][\/et_pb_column][et_pb_column type=&#8220;1_2&#8243;][et_pb_image src=&#8220;https:\/\/welcomeethiopiatours.com\/wp-content\/uploads\/Timkat-Festival.jpg&#8220; use_border_color=&#8220;off&#8220; animation_style=&#8220;fade&#8220; animation_duration=&#8220;500ms&#8220; animation_intensity_slide=&#8220;10%&#8220; _builder_version=&#8220;3.1.1&#8243; \/][\/et_pb_column][\/et_pb_row][\/et_pb_section]<\/p>","protected":false},"excerpt":{"rendered":"<p>Religi\u00f6se Feste Ashenda Das Ashenda-Fest ist ein j\u00e4hrliches kulturelles Fest, das in Nord\u00e4thiopien, insbesondere in den Regionen Tigray und Amhara, gefeiert wird. Die M\u00e4dchen und jungen Frauen, denen das Fest gewidmet ist, schm\u00fccken sich mit Kleidern, die &#8222;tilfi&#8220; genannt werden, einem Baumwollkleid, das auf der Vorderseite vom Hals bis zu den Zehen mit wundersch\u00f6nen Stickereien [&hellip;]<\/p>\n","protected":false},"author":1,"featured_media":0,"parent":0,"menu_order":0,"comment_status":"closed","ping_status":"closed","template":"","meta":{"_et_pb_use_builder":"on","_et_pb_old_content":"","_et_gb_content_width":"","footnotes":""},"class_list":["post-18588","page","type-page","status-publish","hentry"],"yoast_head":"<!-- This site is optimized with the Yoast SEO plugin v24.6 - https:\/\/yoast.com\/wordpress\/plugins\/seo\/ -->\n<title>Religi\u00f6se Feste - Welcome Ethiopia Tours<\/title>\n<meta name=\"robots\" content=\"index, follow, max-snippet:-1, max-image-preview:large, max-video-preview:-1\" \/>\n<link rel=\"canonical\" href=\"https:\/\/welcomeethiopiatours.com\/de\/religious-festivals\/\" \/>\n<meta property=\"og:locale\" content=\"de_DE\" \/>\n<meta property=\"og:type\" content=\"article\" \/>\n<meta property=\"og:title\" content=\"Religi\u00f6se Feste - Welcome Ethiopia Tours\" \/>\n<meta property=\"og:description\" content=\"Religi\u00f6se Feste Ashenda Das Ashenda-Fest ist ein j\u00e4hrliches kulturelles Fest, das in Nord\u00e4thiopien, insbesondere in den Regionen Tigray und Amhara, gefeiert wird. Die M\u00e4dchen und jungen Frauen, denen das Fest gewidmet ist, schm\u00fccken sich mit Kleidern, die &quot;tilfi&quot; genannt werden, einem Baumwollkleid, das auf der Vorderseite vom Hals bis zu den Zehen mit wundersch\u00f6nen Stickereien [&hellip;]\" \/>\n<meta property=\"og:url\" content=\"https:\/\/welcomeethiopiatours.com\/de\/religious-festivals\/\" \/>\n<meta property=\"og:site_name\" content=\"Welcome Ethiopia Tours\" \/>\n<meta property=\"article:modified_time\" content=\"2022-10-14T11:53:59+00:00\" \/>\n<meta name=\"twitter:card\" content=\"summary_large_image\" \/>\n<meta name=\"twitter:label1\" content=\"Gesch\u00e4tzte Lesezeit\" \/>\n\t<meta name=\"twitter:data1\" content=\"15\u00a0Minuten\" \/>\n<script type=\"application\/ld+json\" class=\"yoast-schema-graph\">{\"@context\":\"https:\/\/schema.org\",\"@graph\":[{\"@type\":\"WebPage\",\"@id\":\"https:\/\/welcomeethiopiatours.com\/de\/religious-festivals\/\",\"url\":\"https:\/\/welcomeethiopiatours.com\/de\/religious-festivals\/\",\"name\":\"Religi\u00f6se Feste - Welcome Ethiopia Tours\",\"isPartOf\":{\"@id\":\"https:\/\/welcomeethiopiatours.com\/de\/#website\"},\"datePublished\":\"2022-10-13T15:57:42+00:00\",\"dateModified\":\"2022-10-14T11:53:59+00:00\",\"breadcrumb\":{\"@id\":\"https:\/\/welcomeethiopiatours.com\/de\/religious-festivals\/#breadcrumb\"},\"inLanguage\":\"de\",\"potentialAction\":[{\"@type\":\"ReadAction\",\"target\":[[\"https:\/\/welcomeethiopiatours.com\/de\/religious-festivals\/\"]]}]},{\"@type\":\"BreadcrumbList\",\"@id\":\"https:\/\/welcomeethiopiatours.com\/de\/religious-festivals\/#breadcrumb\",\"itemListElement\":[{\"@type\":\"ListItem\",\"position\":1,\"name\":\"Home\",\"item\":\"https:\/\/welcomeethiopiatours.com\/de\/\"},{\"@type\":\"ListItem\",\"position\":2,\"name\":\"Religi\u00f6se Feste\"}]},{\"@type\":\"WebSite\",\"@id\":\"https:\/\/welcomeethiopiatours.com\/de\/#website\",\"url\":\"https:\/\/welcomeethiopiatours.com\/de\/\",\"name\":\"Welcome Ethiopia Tours\",\"description\":\"Best Tour Operator in Ethiopia\",\"potentialAction\":[{\"@type\":\"SearchAction\",\"target\":{\"@type\":\"EntryPoint\",\"urlTemplate\":\"https:\/\/welcomeethiopiatours.com\/de\/?s={search_term_string}\"},\"query-input\":{\"@type\":\"PropertyValueSpecification\",\"valueRequired\":true,\"valueName\":\"search_term_string\"}}],\"inLanguage\":\"de\"}]}<\/script>\n<!-- \/ Yoast SEO plugin. -->","yoast_head_json":{"title":"Religi\u00f6se Feste - Welcome Ethiopia Tours","robots":{"index":"index","follow":"follow","max-snippet":"max-snippet:-1","max-image-preview":"max-image-preview:large","max-video-preview":"max-video-preview:-1"},"canonical":"https:\/\/welcomeethiopiatours.com\/de\/religious-festivals\/","og_locale":"de_DE","og_type":"article","og_title":"Religi\u00f6se Feste - Welcome Ethiopia Tours","og_description":"Religi\u00f6se Feste Ashenda Das Ashenda-Fest ist ein j\u00e4hrliches kulturelles Fest, das in Nord\u00e4thiopien, insbesondere in den Regionen Tigray und Amhara, gefeiert wird. Die M\u00e4dchen und jungen Frauen, denen das Fest gewidmet ist, schm\u00fccken sich mit Kleidern, die \"tilfi\" genannt werden, einem Baumwollkleid, das auf der Vorderseite vom Hals bis zu den Zehen mit wundersch\u00f6nen Stickereien [&hellip;]","og_url":"https:\/\/welcomeethiopiatours.com\/de\/religious-festivals\/","og_site_name":"Welcome Ethiopia Tours","article_modified_time":"2022-10-14T11:53:59+00:00","twitter_card":"summary_large_image","twitter_misc":{"Gesch\u00e4tzte Lesezeit":"15\u00a0Minuten"},"schema":{"@context":"https:\/\/schema.org","@graph":[{"@type":"WebPage","@id":"https:\/\/welcomeethiopiatours.com\/de\/religious-festivals\/","url":"https:\/\/welcomeethiopiatours.com\/de\/religious-festivals\/","name":"Religi\u00f6se Feste - Welcome Ethiopia Tours","isPartOf":{"@id":"https:\/\/welcomeethiopiatours.com\/de\/#website"},"datePublished":"2022-10-13T15:57:42+00:00","dateModified":"2022-10-14T11:53:59+00:00","breadcrumb":{"@id":"https:\/\/welcomeethiopiatours.com\/de\/religious-festivals\/#breadcrumb"},"inLanguage":"de","potentialAction":[{"@type":"ReadAction","target":[["https:\/\/welcomeethiopiatours.com\/de\/religious-festivals\/"]]}]},{"@type":"BreadcrumbList","@id":"https:\/\/welcomeethiopiatours.com\/de\/religious-festivals\/#breadcrumb","itemListElement":[{"@type":"ListItem","position":1,"name":"Home","item":"https:\/\/welcomeethiopiatours.com\/de\/"},{"@type":"ListItem","position":2,"name":"Religi\u00f6se Feste"}]},{"@type":"WebSite","@id":"https:\/\/welcomeethiopiatours.com\/de\/#website","url":"https:\/\/welcomeethiopiatours.com\/de\/","name":"Welcome Ethiopia Tours","description":"Best Tour Operator in Ethiopia","potentialAction":[{"@type":"SearchAction","target":{"@type":"EntryPoint","urlTemplate":"https:\/\/welcomeethiopiatours.com\/de\/?s={search_term_string}"},"query-input":{"@type":"PropertyValueSpecification","valueRequired":true,"valueName":"search_term_string"}}],"inLanguage":"de"}]}},"_links":{"self":[{"href":"https:\/\/welcomeethiopiatours.com\/de\/wp-json\/wp\/v2\/pages\/18588","targetHints":{"allow":["GET"]}}],"collection":[{"href":"https:\/\/welcomeethiopiatours.com\/de\/wp-json\/wp\/v2\/pages"}],"about":[{"href":"https:\/\/welcomeethiopiatours.com\/de\/wp-json\/wp\/v2\/types\/page"}],"author":[{"embeddable":true,"href":"https:\/\/welcomeethiopiatours.com\/de\/wp-json\/wp\/v2\/users\/1"}],"replies":[{"embeddable":true,"href":"https:\/\/welcomeethiopiatours.com\/de\/wp-json\/wp\/v2\/comments?post=18588"}],"version-history":[{"count":0,"href":"https:\/\/welcomeethiopiatours.com\/de\/wp-json\/wp\/v2\/pages\/18588\/revisions"}],"wp:attachment":[{"href":"https:\/\/welcomeethiopiatours.com\/de\/wp-json\/wp\/v2\/media?parent=18588"}],"curies":[{"name":"wp","href":"https:\/\/api.w.org\/{rel}","templated":true}]}}