{"id":186,"date":"2015-08-25T12:06:26","date_gmt":"2015-08-25T12:06:26","guid":{"rendered":"https:\/\/welcomeethiopiatours.com\/?page_id=186"},"modified":"2015-08-25T12:06:26","modified_gmt":"2015-08-25T12:06:26","slug":"our-company","status":"publish","type":"page","link":"https:\/\/welcomeethiopiatours.com\/de\/our-company\/","title":{"rendered":"Our Company"},"content":{"rendered":"<p>[et_pb_section transparent_background=&#8220;on&#8220; allow_player_pause=&#8220;off&#8220; inner_shadow=&#8220;off&#8220; parallax=&#8220;off&#8220; parallax_method=&#8220;off&#8220; padding_mobile=&#8220;off&#8220; make_fullwidth=&#8220;off&#8220; use_custom_width=&#8220;off&#8220; width_unit=&#8220;on&#8220; make_equal=&#8220;off&#8220; use_custom_gutter=&#8220;off&#8220;][et_pb_row make_fullwidth=&#8220;on&#8220; use_custom_width=&#8220;off&#8220; width_unit=&#8220;on&#8220; use_custom_gutter=&#8220;off&#8220; padding_mobile=&#8220;on&#8220; allow_player_pause=&#8220;off&#8220; parallax=&#8220;on&#8220; parallax_method=&#8220;off&#8220; make_equal=&#8220;off&#8220; custom_padding=&#8220;0|0&#8243; module_class=&#8220;fullwidthpagetitle&#8220;][et_pb_column type=&#8220;4_4&#8243;][et_pb_text admin_label=&#8220;Die Firma&#8220; background_layout=&#8220;light&#8220; text_orientation=&#8220;left&#8220; background_image=&#8220;https:\/\/welcomeethiopiatours.com\/wp-content\/uploads\/Ethiopia-Photos-Header.jpg&#8220; use_border_color=&#8220;off&#8220; border_color=&#8220;#ffffff&#8220; border_style=&#8220;solid&#8220; custom_padding=&#8220;0||0|&#8220;]<\/p>\n<h1>Unsere\u00a0Firma<\/h1>\n<p>[\/et_pb_text][\/et_pb_column][\/et_pb_row][et_pb_row][et_pb_column type=&#8220;4_4&#8243;][et_pb_text admin_label=&#8220;Text&#8220; background_layout=&#8220;light&#8220; text_orientation=&#8220;left&#8220; use_border_color=&#8220;off&#8220; border_color=&#8220;#ffffff&#8220; border_style=&#8220;solid&#8220;]<br \/>\nWelcome Ethiopia Tours ist ein zertifizierter Premium \u00c4thiopien Reiseveranstalter unter Schweizer Management mit Firmensitz in\u00a0Addis Abeba. Dank verschiedener Kooperationsabkommen verf\u00fcgt Welcome Ethiopia Tours \u00fcber hervorragende Kontakte und profitiert von einem sehr grossen Netzwerk an \u00e4usserst\u00a0erfahrenen Reisef\u00fchrern und Fahrern. F\u00fcr jede Tour lesen wir unsere Reisef\u00fchrer und Fahrer sorgf\u00e4ltig und nach strengen Kriterien aus. Dabei richten wir unser Augenmerk stets auf Sprach- und Geschichtskenntnisse, Freundlichkeit sowie Erfahrung. Bei uns arbeiten nur zertifizierte, hilfsbereite Reisef\u00fchrer, die Ihnen ihr\u00a0Land mit Begeisterung n\u00e4herbringen wollen. Dasselbe gilt auch f\u00fcr unsere Fahrer. Sie sprechen alle\u00a0Englisch und bringen langj\u00e4hrige Erfahrung mit. Die Sicherheit unserer G\u00e4ste hat f\u00fcr uns h\u00f6chste Priorit\u00e4t. Unsere Touren sind zwar abenteuerlich, aber ohne dabei die Sicherheit der Teilnehmer aufs Spiel zu setzen. Wir halten auch stets\u00a0an den Werten unseres Schweizer Managements fest; genaue Planung, effizientes Zeitmanagement, Zuverl\u00e4ssigkeit und ein allgemein hoher Produktestandard.<br \/>\n[\/et_pb_text][\/et_pb_column][\/et_pb_row][\/et_pb_section]<\/p>","protected":false},"excerpt":{"rendered":"<p>Unsere\u00a0Firma <div class=\"et_pb_row et_pb_row_0 et_pb_row_empty\">\n\t\t\t\t\n\t\t\t\t\n\t\t\t\t\n\t\t\t\t\n\t\t\t\t\n\t\t\t<\/div> Welcome Ethiopia Tours ist ein zertifizierter Premium \u00c4thiopien Reiseveranstalter unter Schweizer Management mit Firmensitz in\u00a0Addis Abeba. Dank verschiedener Kooperationsabkommen verf\u00fcgt Welcome Ethiopia Tours \u00fcber hervorragende Kontakte und profitiert von einem sehr grossen Netzwerk an \u00e4usserst\u00a0erfahrenen Reisef\u00fchrern und Fahrern. F\u00fcr jede Tour lesen wir unsere Reisef\u00fchrer und Fahrer sorgf\u00e4ltig und nach strengen Kriterien aus. [&hellip;]<\/p>\n","protected":false},"author":1,"featured_media":0,"parent":0,"menu_order":0,"comment_status":"open","ping_status":"open","template":"","meta":{"_et_pb_use_builder":"on","_et_pb_old_content":"<p>Welcome Ethiopia Tours was established in September 2015 as a premium tour operator for Ethiopia. We have a modern office in Addis Ababa and are fully licensed as Grade 1 Tour Operator by the Ethiopian Ministry of Tourism and Culture under license number....<br \/>Our Chief Tour Operator, XXXX may without exaggeration be called one of the most experienced tourist experts of Ethiopia. xxx has xxxx years of experience and knows his country and the local hospitality industry like the back of his hand. Therefore, Welcome Ethiopia Tours profits from long-standing relationships with some of the best free-lance tour guides and drivers. For each tour we select our guides and drivers according to strict requirements, specifically taking into consideration language skills, historic knowledge, service-mindedness and experience. We only use certified, friendly guides driven by their passion to show you their country. Similar criteria apply to our drivers who must be fluent in English and show a long record of safely driving tourists around Ethiopia. While we want to provide you with genuine adventures, your safety remains key to us and is a core pillar of our continuity. Finally, we want to adhere to the values of our Swiss Management and to what Switzerland has built a reputation for; exact planning, efficient timing, reliability and a generally high product quality. <\/p>","_et_gb_content_width":"","footnotes":""},"class_list":["post-186","page","type-page","status-publish","hentry"],"yoast_head":"<!-- This site is optimized with the Yoast SEO plugin v24.6 - https:\/\/yoast.com\/wordpress\/plugins\/seo\/ -->\n<title>Our Company - Welcome Ethiopia Tours<\/title>\n<meta name=\"robots\" content=\"index, follow, max-snippet:-1, max-image-preview:large, max-video-preview:-1\" \/>\n<link rel=\"canonical\" href=\"https:\/\/welcomeethiopiatours.com\/de\/our-company\/\" \/>\n<meta property=\"og:locale\" content=\"de_DE\" \/>\n<meta property=\"og:type\" content=\"article\" \/>\n<meta property=\"og:title\" content=\"Our Company - Welcome Ethiopia Tours\" \/>\n<meta property=\"og:description\" content=\"Unsere\u00a0Firma Welcome Ethiopia Tours ist ein zertifizierter Premium \u00c4thiopien Reiseveranstalter unter Schweizer Management mit Firmensitz in\u00a0Addis Abeba. Dank verschiedener Kooperationsabkommen verf\u00fcgt Welcome Ethiopia Tours \u00fcber hervorragende Kontakte und profitiert von einem sehr grossen Netzwerk an \u00e4usserst\u00a0erfahrenen Reisef\u00fchrern und Fahrern. F\u00fcr jede Tour lesen wir unsere Reisef\u00fchrer und Fahrer sorgf\u00e4ltig und nach strengen Kriterien aus. [&hellip;]\" \/>\n<meta property=\"og:url\" content=\"https:\/\/welcomeethiopiatours.com\/de\/our-company\/\" \/>\n<meta property=\"og:site_name\" content=\"Welcome Ethiopia Tours\" \/>\n<meta name=\"twitter:card\" content=\"summary_large_image\" \/>\n<meta name=\"twitter:label1\" content=\"Gesch\u00e4tzte Lesezeit\" \/>\n\t<meta name=\"twitter:data1\" content=\"5\u00a0Minuten\" \/>\n<script type=\"application\/ld+json\" class=\"yoast-schema-graph\">{\"@context\":\"https:\/\/schema.org\",\"@graph\":[{\"@type\":\"WebPage\",\"@id\":\"https:\/\/welcomeethiopiatours.com\/de\/our-company\/\",\"url\":\"https:\/\/welcomeethiopiatours.com\/de\/our-company\/\",\"name\":\"Our Company - Welcome Ethiopia Tours\",\"isPartOf\":{\"@id\":\"https:\/\/welcomeethiopiatours.com\/de\/#website\"},\"datePublished\":\"2015-08-25T12:06:26+00:00\",\"breadcrumb\":{\"@id\":\"https:\/\/welcomeethiopiatours.com\/de\/our-company\/#breadcrumb\"},\"inLanguage\":\"de\",\"potentialAction\":[{\"@type\":\"ReadAction\",\"target\":[[\"https:\/\/welcomeethiopiatours.com\/de\/our-company\/\"]]}]},{\"@type\":\"BreadcrumbList\",\"@id\":\"https:\/\/welcomeethiopiatours.com\/de\/our-company\/#breadcrumb\",\"itemListElement\":[{\"@type\":\"ListItem\",\"position\":1,\"name\":\"Home\",\"item\":\"https:\/\/welcomeethiopiatours.com\/de\/\"},{\"@type\":\"ListItem\",\"position\":2,\"name\":\"Our Company\"}]},{\"@type\":\"WebSite\",\"@id\":\"https:\/\/welcomeethiopiatours.com\/de\/#website\",\"url\":\"https:\/\/welcomeethiopiatours.com\/de\/\",\"name\":\"Welcome Ethiopia Tours\",\"description\":\"Best Tour Operator in Ethiopia\",\"potentialAction\":[{\"@type\":\"SearchAction\",\"target\":{\"@type\":\"EntryPoint\",\"urlTemplate\":\"https:\/\/welcomeethiopiatours.com\/de\/?s={search_term_string}\"},\"query-input\":{\"@type\":\"PropertyValueSpecification\",\"valueRequired\":true,\"valueName\":\"search_term_string\"}}],\"inLanguage\":\"de\"}]}<\/script>\n<!-- \/ Yoast SEO plugin. -->","yoast_head_json":{"title":"Our Company - Welcome Ethiopia Tours","robots":{"index":"index","follow":"follow","max-snippet":"max-snippet:-1","max-image-preview":"max-image-preview:large","max-video-preview":"max-video-preview:-1"},"canonical":"https:\/\/welcomeethiopiatours.com\/de\/our-company\/","og_locale":"de_DE","og_type":"article","og_title":"Our Company - Welcome Ethiopia Tours","og_description":"Unsere\u00a0Firma Welcome Ethiopia Tours ist ein zertifizierter Premium \u00c4thiopien Reiseveranstalter unter Schweizer Management mit Firmensitz in\u00a0Addis Abeba. Dank verschiedener Kooperationsabkommen verf\u00fcgt Welcome Ethiopia Tours \u00fcber hervorragende Kontakte und profitiert von einem sehr grossen Netzwerk an \u00e4usserst\u00a0erfahrenen Reisef\u00fchrern und Fahrern. F\u00fcr jede Tour lesen wir unsere Reisef\u00fchrer und Fahrer sorgf\u00e4ltig und nach strengen Kriterien aus. [&hellip;]","og_url":"https:\/\/welcomeethiopiatours.com\/de\/our-company\/","og_site_name":"Welcome Ethiopia Tours","twitter_card":"summary_large_image","twitter_misc":{"Gesch\u00e4tzte Lesezeit":"5\u00a0Minuten"},"schema":{"@context":"https:\/\/schema.org","@graph":[{"@type":"WebPage","@id":"https:\/\/welcomeethiopiatours.com\/de\/our-company\/","url":"https:\/\/welcomeethiopiatours.com\/de\/our-company\/","name":"Our Company - Welcome Ethiopia Tours","isPartOf":{"@id":"https:\/\/welcomeethiopiatours.com\/de\/#website"},"datePublished":"2015-08-25T12:06:26+00:00","breadcrumb":{"@id":"https:\/\/welcomeethiopiatours.com\/de\/our-company\/#breadcrumb"},"inLanguage":"de","potentialAction":[{"@type":"ReadAction","target":[["https:\/\/welcomeethiopiatours.com\/de\/our-company\/"]]}]},{"@type":"BreadcrumbList","@id":"https:\/\/welcomeethiopiatours.com\/de\/our-company\/#breadcrumb","itemListElement":[{"@type":"ListItem","position":1,"name":"Home","item":"https:\/\/welcomeethiopiatours.com\/de\/"},{"@type":"ListItem","position":2,"name":"Our Company"}]},{"@type":"WebSite","@id":"https:\/\/welcomeethiopiatours.com\/de\/#website","url":"https:\/\/welcomeethiopiatours.com\/de\/","name":"Welcome Ethiopia Tours","description":"Best Tour Operator in Ethiopia","potentialAction":[{"@type":"SearchAction","target":{"@type":"EntryPoint","urlTemplate":"https:\/\/welcomeethiopiatours.com\/de\/?s={search_term_string}"},"query-input":{"@type":"PropertyValueSpecification","valueRequired":true,"valueName":"search_term_string"}}],"inLanguage":"de"}]}},"_links":{"self":[{"href":"https:\/\/welcomeethiopiatours.com\/de\/wp-json\/wp\/v2\/pages\/186","targetHints":{"allow":["GET"]}}],"collection":[{"href":"https:\/\/welcomeethiopiatours.com\/de\/wp-json\/wp\/v2\/pages"}],"about":[{"href":"https:\/\/welcomeethiopiatours.com\/de\/wp-json\/wp\/v2\/types\/page"}],"author":[{"embeddable":true,"href":"https:\/\/welcomeethiopiatours.com\/de\/wp-json\/wp\/v2\/users\/1"}],"replies":[{"embeddable":true,"href":"https:\/\/welcomeethiopiatours.com\/de\/wp-json\/wp\/v2\/comments?post=186"}],"version-history":[{"count":0,"href":"https:\/\/welcomeethiopiatours.com\/de\/wp-json\/wp\/v2\/pages\/186\/revisions"}],"wp:attachment":[{"href":"https:\/\/welcomeethiopiatours.com\/de\/wp-json\/wp\/v2\/media?parent=186"}],"curies":[{"name":"wp","href":"https:\/\/api.w.org\/{rel}","templated":true}]}}