{"id":19071,"date":"2022-10-20T12:29:18","date_gmt":"2022-10-20T12:29:18","guid":{"rendered":"https:\/\/welcomeethiopiatours.com\/?page_id=19071"},"modified":"2023-02-01T12:44:34","modified_gmt":"2023-02-01T12:44:34","slug":"addis-ababa-and-debre-libanos-3-days","status":"publish","type":"page","link":"https:\/\/welcomeethiopiatours.com\/de\/addis-ababa-and-debre-libanos-3-days\/","title":{"rendered":"Addis Abeba &#038; Debre Libanos (3 Tage)"},"content":{"rendered":"<p>[et_pb_section bb_built=&#8220;1&#8243; admin_label=&#8220;section&#8220; transparent_background=&#8220;on&#8220; allow_player_pause=&#8220;off&#8220; inner_shadow=&#8220;off&#8220; parallax=&#8220;off&#8220; parallax_method=&#8220;off&#8220; padding_mobile=&#8220;off&#8220; make_fullwidth=&#8220;off&#8220; use_custom_width=&#8220;off&#8220; width_unit=&#8220;on&#8220; make_equal=&#8220;off&#8220; use_custom_gutter=&#8220;off&#8220; module_class=&#8220;nobac nopad nobor nospace2columns&#8220; background_color=&#8220;rgba(255,255,255,0)&#8220; custom_padding_tablet=&#8220;50px|0|50px|0&#8243; custom_padding_last_edited=&#8220;on|desktop&#8220;][et_pb_row admin_label=&#8220;row&#8220; make_fullwidth=&#8220;on&#8220; use_custom_width=&#8220;off&#8220; width_unit=&#8220;on&#8220; use_custom_gutter=&#8220;off&#8220; padding_mobile=&#8220;on&#8220; allow_player_pause=&#8220;off&#8220; parallax=&#8220;on&#8220; parallax_method=&#8220;off&#8220; make_equal=&#8220;off&#8220; custom_padding=&#8220;0|0&#8243; module_class=&#8220;fullwidthpagetitle&#8220; background_position=&#8220;top_left&#8220; background_repeat=&#8220;repeat&#8220; background_size=&#8220;initial&#8220;][et_pb_column type=&#8220;4_4&#8243;][et_pb_text admin_label=&#8220;Addis Abeba und Debre Libanos (3 Tage)&#8220; background_image=&#8220;https:\/\/welcomeethiopiatours.com\/wp-content\/uploads\/Ethiopia-Photos-Header.jpg&#8220; use_border_color=&#8220;off&#8220; custom_padding=&#8220;0||0|&#8220; background_position=&#8220;top_left&#8220; background_repeat=&#8220;repeat&#8220; background_size=&#8220;initial&#8220; _builder_version=&#8220;3.1.1&#8243;]<\/p>\n<h1>Addis Abeba und Debre Libanos (3 Tage)<\/h1>\n<p>[\/et_pb_text][et_pb_text admin_label=&#8220;buttons&#8220; background_layout=&#8220;light&#8220; text_orientation=&#8220;left&#8220; module_class=&#8220;buttons&#8220; use_border_color=&#8220;off&#8220; border_color=&#8220;#ffffff&#8220; border_style=&#8220;solid&#8220; background_position=&#8220;top_left&#8220; background_repeat=&#8220;repeat&#8220; background_size=&#8220;initial&#8220;]<\/p>\n<p><a href='#map' class='small-button smallorange'>View Map<\/a> <a href='#booking' class='small-button smallgreen'>Request Price<\/a><\/p>\n<p>[\/et_pb_text][\/et_pb_column][\/et_pb_row][et_pb_row admin_label=&#8220;row&#8220; make_fullwidth=&#8220;on&#8220; use_custom_width=&#8220;off&#8220; width_unit=&#8220;on&#8220; use_custom_gutter=&#8220;off&#8220; padding_mobile=&#8220;off&#8220; allow_player_pause=&#8220;off&#8220; parallax=&#8220;off&#8220; parallax_method=&#8220;off&#8220; make_equal=&#8220;off&#8220; background_position=&#8220;top_left&#8220; background_repeat=&#8220;repeat&#8220; background_size=&#8220;initial&#8220;][et_pb_column type=&#8220;4_4&#8243;][et_pb_text admin_label=&#8220;\u00dcber diese Tour:&#8220; use_border_color=&#8220;off&#8220; background_position=&#8220;top_left&#8220; background_repeat=&#8220;repeat&#8220; background_size=&#8220;initial&#8220; _builder_version=&#8220;3.1.1&#8243;]<\/p>\n<h4>\u00dcber diese Tour:<\/h4>\n<p>Dies ist eine exzellente Kurztour, die die H\u00f6hepunkte von Addis Abeba erkundet und Sie nach Debre Libanos f\u00fchrt, einem der wichtigsten orthodoxen Kl\u00f6ster \u00c4thiopiens mit einem interessanten Museum in der N\u00e4he. Debre Libanos bietet auch eine gro\u00dfartige Natursch\u00f6nheit mit einer beeindruckenden Schlucht, einer reichen Vogelwelt und dem Vorkommen der endemischen Gelada-Affen.<\/p>\n<p>[\/et_pb_text][\/et_pb_column][\/et_pb_row][et_pb_row admin_label=&#8220;row&#8220; make_fullwidth=&#8220;on&#8220; use_custom_width=&#8220;off&#8220; width_unit=&#8220;on&#8220; use_custom_gutter=&#8220;off&#8220; padding_mobile=&#8220;off&#8220; allow_player_pause=&#8220;off&#8220; parallax=&#8220;off&#8220; parallax_method=&#8220;off&#8220; make_equal=&#8220;off&#8220; background_position=&#8220;top_left&#8220; background_repeat=&#8220;repeat&#8220; background_size=&#8220;initial&#8220;][et_pb_column type=&#8220;4_4&#8243;][et_pb_text admin_label=&#8220;H\u00f6hepunkte:&#8220; use_border_color=&#8220;off&#8220; background_position=&#8220;top_left&#8220; background_repeat=&#8220;repeat&#8220; background_size=&#8220;initial&#8220; _builder_version=&#8220;3.1.1&#8243;]<\/p>\n<h4>H\u00f6hepunkte:<\/h4>\n<ul>\n<li>Erkundung der Hauptstadt Addis Abeba<\/li>\n<li>Tagesausflug nach Debre Libanos<\/li>\n<\/ul>\n<p>[\/et_pb_text][\/et_pb_column][\/et_pb_row][et_pb_row admin_label=&#8220;row&#8220; make_fullwidth=&#8220;on&#8220; use_custom_width=&#8220;off&#8220; width_unit=&#8220;on&#8220; use_custom_gutter=&#8220;off&#8220; padding_mobile=&#8220;off&#8220; allow_player_pause=&#8220;off&#8220; parallax=&#8220;off&#8220; parallax_method=&#8220;off&#8220; make_equal=&#8220;off&#8220; background_position=&#8220;top_left&#8220; background_repeat=&#8220;repeat&#8220; background_size=&#8220;initial&#8220;][et_pb_column type=&#8220;1_2&#8243;][et_pb_text admin_label=&#8220;Inkludierte Leistungen&#8220; _builder_version=&#8220;3.1.1&#8243;]<\/p>\n<h4>Inkludierte Leistungen<\/h4>\n<ul>\n<li>2 \u00dcbernachtungen mit Fr\u00fchst\u00fcck in einem Hotel Ihrer Wahl in Addis Abeba<\/li>\n<li>Stra\u00dfentransfer im Toyota Minibus oder 4&#215;4 Landcruiser<\/li>\n<li>Professionelle Reiseleitung (Englisch, Deutsch, Franz\u00f6sisch, Italienisch oder Spanisch sprechend)<\/li>\n<li>Alle lokalen F\u00fchrer<\/li>\n<li>Alle Eintrittsgelder<\/li>\n<li>Traditionelles Abendessen am letzten Abend vor der Abreise<\/li>\n<li>1 Liter Mineralwasser pro Tag<\/li>\n<\/ul>\n<p>[\/et_pb_text][\/et_pb_column][et_pb_column type=&#8220;1_2&#8243;][et_pb_text admin_label=&#8220;Kurzinfo:&#8220; use_border_color=&#8220;off&#8220; background_position=&#8220;top_left&#8220; background_repeat=&#8220;repeat&#8220; background_size=&#8220;initial&#8220; _builder_version=&#8220;3.1.1&#8243;]<\/p>\n<h4>Kurzinfo:<\/h4>\n<p>Tour-Code: WET-AADL-3<br \/>\nUnterkunft: Mittelklasse- bis Superior-Hotel<br \/>\nAnzahl der Inlandsfl\u00fcge: 0<br \/>\nErforderliches Fitnesslevel: keine besonderen Anforderungen<\/p>\n<p>[\/et_pb_text][\/et_pb_column][\/et_pb_row][et_pb_row admin_label=&#8220;row&#8220; make_fullwidth=&#8220;on&#8220; use_custom_width=&#8220;off&#8220; width_unit=&#8220;on&#8220; use_custom_gutter=&#8220;off&#8220; padding_mobile=&#8220;off&#8220; allow_player_pause=&#8220;off&#8220; parallax=&#8220;off&#8220; parallax_method=&#8220;off&#8220; make_equal=&#8220;off&#8220; background_position=&#8220;top_left&#8220; background_repeat=&#8220;repeat&#8220; background_size=&#8220;initial&#8220;][et_pb_column type=&#8220;1_2&#8243;][et_pb_text admin_label=&#8220;Tag 1: Ankunft und Stadtrundfahrt in Addis Abeba&#8220; use_border_color=&#8220;off&#8220; background_position=&#8220;top_left&#8220; background_repeat=&#8220;repeat&#8220; background_size=&#8220;initial&#8220; _builder_version=&#8220;3.1.1&#8243;]<\/p>\n<h4>Tag 1: Ankunft und Stadtrundfahrt in Addis Abeba<\/h4>\n<p>Nach der Ankunft am Bole International Airport werden Sie von einem Vertreter von Welcome Ethiopia Tours empfangen und zu Ihrem reservierten Hotel gebracht. Je nach Ihrer Ankunftszeit haben wir verschiedene Besichtigungsm\u00f6glichkeiten:<\/p>\n<ul>\n<li>Mount Entoto mit dem besten Blick \u00fcber die Hauptstadt.<\/li>\n<li>Institut f\u00fcr \u00c4thiopische Studien, wo Sie eine Vielzahl von Artefakten aus den verschiedenen Regionen sehen k\u00f6nnen, die die Geschichte und Kultur des Landes widerspiegeln<\/li>\n<li>Nationalmuseum, das unter anderem die 3,5 Millionen Jahre alten Knochen von Lucy ausstellt.<\/li>\n<li>Dreifaltigkeitskathedrale: Hier sind Mitglieder der kaiserlichen Familie und bekannte Patrioten begraben. Die Kathedrale ist die pr\u00e4chtigste ihrer Art im Land und mit Schnitzereien, Mosaiken und anderen Kunstwerken verziert.<\/li>\n<li>Der Mercato, der gr\u00f6\u00dfte Freiluftmarkt Afrikas<\/li>\n<\/ul>\n<p><strong>Unterbringung<\/strong>: Hotel, Addis Abeba<\/p>\n<p>[\/et_pb_text][\/et_pb_column][et_pb_column type=&#8220;1_2&#8243;][et_pb_image admin_label=&#8220;Addis Ababa&#8220; src=&#8220;https:\/\/welcomeethiopiatours.com\/wp-content\/uploads\/Lion-of-Judah-railway-station-in-Ethiopia.jpg&#8220; show_in_lightbox=&#8220;on&#8220; align=&#8220;right&#8220; use_border_color=&#8220;off&#8220; alt=&#8220;Addis Ababa&#8220; title_text=&#8220;Addis Ababa&#8220; animation_style=&#8220;fade&#8220; animation_duration=&#8220;500ms&#8220; animation_intensity_slide=&#8220;10%&#8220; _builder_version=&#8220;3.1.1&#8243; \/][\/et_pb_column][\/et_pb_row][et_pb_row admin_label=&#8220;row&#8220; make_fullwidth=&#8220;on&#8220; use_custom_width=&#8220;off&#8220; width_unit=&#8220;on&#8220; use_custom_gutter=&#8220;off&#8220; padding_mobile=&#8220;off&#8220; allow_player_pause=&#8220;off&#8220; parallax=&#8220;off&#8220; parallax_method=&#8220;off&#8220; make_equal=&#8220;off&#8220; background_position=&#8220;top_left&#8220; background_repeat=&#8220;repeat&#8220; background_size=&#8220;initial&#8220;][et_pb_column type=&#8220;1_2&#8243;][et_pb_text admin_label=&#8220;Tag 2: Addis Abeba &#8211; Debre Libanos &#8211; Addis Abeba (132 km pro Strecke)&#8220; use_border_color=&#8220;off&#8220; background_position=&#8220;top_left&#8220; background_repeat=&#8220;repeat&#8220; background_size=&#8220;initial&#8220; _builder_version=&#8220;3.1.1&#8243;]<\/p>\n<h4>Tag 2: Addis Abeba &#8211; Debre Libanos &#8211; Addis Abeba (132 km pro Strecke)<\/h4>\n<p>Nach dem Fr\u00fchst\u00fcck verlassen wir Addis Abeba in Richtung Norden nach Debre Libanos (ca. 2,5 Stunden). Debre Libanos beherbergt eines der wichtigsten Kl\u00f6ster \u00c4thiopiens mit einem interessanten Museum, in dem viele alte Sch\u00e4tze der \u00e4thiopisch-orthodoxen Kirche ausgestellt sind. Wir machen auch einen sch\u00f6nen Spaziergang zur so genannten &#8222;Portugiesischen Br\u00fccke&#8220;, von der aus man einen herrlichen Blick auf die imposante Schlucht hat. Einige Historiker glauben, dass die Br\u00fccke aus dem 16. Jahrhundert stammt, als die Portugiesen f\u00fcr kurze Zeit in \u00c4thiopien einfielen, andere meinen, sie sei im 19. Jahrhundert von Kaiser Meneliks Onkel erbaut worden. Nachdem wir die Br\u00fccke \u00fcberquert haben, bietet sich uns ein Blick auf einen 60 m hohen Wasserfall. Hier sollten wir auch die endemischen Gelada-Affen und eine Vielzahl von Vogelarten (insbesondere Raubv\u00f6gel) antreffen. Am sp\u00e4ten Nachmittag kehren wir nach Addis Abeba zur\u00fcck. Am Abend sind Sie zu einem unvergesslichen Abschiedsessen in einem der traditionellen Restaurants von Addis Abeba eingeladen, mit kulturellen Liedern, T\u00e4nzen und traditionellen Speisen und Getr\u00e4nken. Anschlie\u00dfend werden Sie zu Ihrem reservierten Hotel zur\u00fcckgebracht.<\/p>\n<p><strong>Unterbringung<\/strong>:\u00a0Hotel, Addis Abeba<\/p>\n<p>[\/et_pb_text][\/et_pb_column][et_pb_column type=&#8220;1_2&#8243;][et_pb_image admin_label=&#8220;Monastery Debre Libanos, Ethiopia&#8220; src=&#8220;https:\/\/welcomeethiopiatours.com\/wp-content\/uploads\/Monastery_Debre_Libanos.jpg&#8220; show_in_lightbox=&#8220;on&#8220; use_border_color=&#8220;off&#8220; alt=&#8220;Tyia, Ethiopia&#8220; title_text=&#8220;Tyia, Ethiopia&#8220; animation_style=&#8220;slide&#8220; animation_duration=&#8220;500ms&#8220; animation_intensity_slide=&#8220;10%&#8220; animation_direction=&#8220;left&#8220; _builder_version=&#8220;3.1.1&#8243; \/][\/et_pb_column][\/et_pb_row][et_pb_row admin_label=&#8220;row&#8220; make_fullwidth=&#8220;on&#8220; use_custom_width=&#8220;off&#8220; width_unit=&#8220;on&#8220; use_custom_gutter=&#8220;off&#8220; padding_mobile=&#8220;off&#8220; allow_player_pause=&#8220;off&#8220; parallax=&#8220;off&#8220; parallax_method=&#8220;off&#8220; make_equal=&#8220;off&#8220; background_position=&#8220;top_left&#8220; background_repeat=&#8220;repeat&#8220; background_size=&#8220;initial&#8220;][et_pb_column type=&#8220;1_2&#8243;][et_pb_text admin_label=&#8220;Tag 3: Internationale Abreise&#8220; use_border_color=&#8220;off&#8220; background_position=&#8220;top_left&#8220; background_repeat=&#8220;repeat&#8220; background_size=&#8220;initial&#8220; _builder_version=&#8220;3.1.1&#8243;]<\/p>\n<h4>Tag 3: Internationale Abreise<\/h4>\n<p>Transfer zum Flughafen und internationale Abreise oder individuelle Verl\u00e4ngerung<\/p>\n<p>[\/et_pb_text][\/et_pb_column][et_pb_column type=&#8220;1_2&#8243;][et_pb_image admin_label=&#8220;Debre Libanos, Ethiopia&#8220; src=&#8220;https:\/\/welcomeethiopiatours.com\/wp-content\/uploads\/Debre-Libanos..jpg&#8220; show_in_lightbox=&#8220;on&#8220; use_border_color=&#8220;off&#8220; alt=&#8220;Lake Chamo, Ethiopia&#8220; title_text=&#8220;Lake Chamo, Ethiopia&#8220; animation_style=&#8220;slide&#8220; animation_duration=&#8220;500ms&#8220; animation_intensity_slide=&#8220;10%&#8220; animation_direction=&#8220;right&#8220; _builder_version=&#8220;3.1.1&#8243; \/][\/et_pb_column][\/et_pb_row][et_pb_row admin_label=&#8220;row&#8220; make_fullwidth=&#8220;on&#8220; use_custom_width=&#8220;off&#8220; width_unit=&#8220;on&#8220; use_custom_gutter=&#8220;off&#8220; padding_mobile=&#8220;on&#8220; allow_player_pause=&#8220;off&#8220; parallax=&#8220;off&#8220; parallax_method=&#8220;off&#8220; make_equal=&#8220;off&#8220; parallax_1=&#8220;off&#8220; parallax_method_1=&#8220;off&#8220; column_padding_mobile=&#8220;on&#8220; module_id=&#8220;map&#8220; background_position=&#8220;top_left&#8220; background_repeat=&#8220;repeat&#8220; background_size=&#8220;initial&#8220;][et_pb_column type=&#8220;4_4&#8243;][et_pb_code module_class=&#8220;booking&#8220; _builder_version=&#8220;3.1.1&#8243;]&lt;div class=&#8220;overlay&#8220;&gt;&lt;\/div&gt;&lt;iframe src=&#8220;https:\/\/www.google.com\/maps\/d\/embed?mid=1OnYJWaMTH3Nt9GjDuOxLM_v7BZafVKo&#8220; width=&#8220;100%&#8220; height=&#8220;400&#8243;&gt;&lt;\/iframe&gt;[\/et_pb_code][\/et_pb_column][\/et_pb_row][et_pb_row admin_label=&#8220;row&#8220; make_fullwidth=&#8220;on&#8220; use_custom_width=&#8220;off&#8220; width_unit=&#8220;on&#8220; use_custom_gutter=&#8220;off&#8220; padding_mobile=&#8220;on&#8220; module_class=&#8220;bookingsection&#8220; allow_player_pause=&#8220;off&#8220; parallax=&#8220;off&#8220; parallax_method=&#8220;off&#8220; make_equal=&#8220;off&#8220; background_position=&#8220;top_left&#8220; background_repeat=&#8220;repeat&#8220; background_size=&#8220;initial&#8220;][et_pb_column type=&#8220;4_4&#8243;][et_pb_text admin_label=&#8220;booking&#8220; background_layout=&#8220;light&#8220; text_orientation=&#8220;left&#8220; module_id=&#8220;booking&#8220; use_border_color=&#8220;off&#8220; border_color=&#8220;#ffffff&#8220; border_style=&#8220;solid&#8220; background_position=&#8220;top_left&#8220; background_repeat=&#8220;repeat&#8220; background_size=&#8220;initial&#8220;]<\/p>\n\n<div class=\"wpcf7 no-js\" id=\"wpcf7-f742-o2\" lang=\"en-US\" dir=\"ltr\" data-wpcf7-id=\"742\">\n<div class=\"screen-reader-response\"><p role=\"status\" aria-live=\"polite\" aria-atomic=\"true\"><\/p> <ul><\/ul><\/div>\n<form action=\"\/de\/wp-json\/wp\/v2\/pages\/19071#wpcf7-f742-o2\" method=\"post\" class=\"wpcf7-form init\" aria-label=\"Contact form\" novalidate=\"novalidate\" data-status=\"init\">\n<div style=\"display: none;\">\n<input type=\"hidden\" name=\"_wpcf7\" value=\"742\" \/>\n<input type=\"hidden\" name=\"_wpcf7_version\" value=\"6.0.4\" \/>\n<input type=\"hidden\" name=\"_wpcf7_locale\" value=\"en_US\" \/>\n<input type=\"hidden\" name=\"_wpcf7_unit_tag\" value=\"wpcf7-f742-o2\" \/>\n<input type=\"hidden\" name=\"_wpcf7_container_post\" value=\"0\" \/>\n<input type=\"hidden\" name=\"_wpcf7_posted_data_hash\" value=\"\" \/>\n<input type=\"hidden\" name=\"_wpcf7_recaptcha_response\" value=\"\" \/>\n<\/div>\n<h2>Request Price\n<\/h2>\n<div class=\"et_pb_row bookingform\">\n\t<div class=\"et_pb_column et_pb_column_1_3\">\n\t\t<p class=\"required\">Full Name (required)\n\t\t<\/p>\n\t\t<p><span class=\"wpcf7-form-control-wrap\" data-name=\"your-name\"><input size=\"40\" maxlength=\"400\" class=\"wpcf7-form-control wpcf7-text wpcf7-validates-as-required\" aria-required=\"true\" aria-invalid=\"false\" value=\"\" type=\"text\" name=\"your-name\" \/><\/span>\n\t\t<\/p>\n\t\t<p class=\"required\">Your Email (required)\n\t\t<\/p>\n\t\t<p><span class=\"wpcf7-form-control-wrap\" data-name=\"your-email\"><input size=\"40\" maxlength=\"400\" class=\"wpcf7-form-control wpcf7-email wpcf7-validates-as-required wpcf7-text wpcf7-validates-as-email\" aria-required=\"true\" aria-invalid=\"false\" value=\"\" type=\"email\" name=\"your-email\" \/><\/span>\n\t\t<\/p>\n\t\t<p>Telephone\n\t\t<\/p>\n\t\t<p><span class=\"wpcf7-form-control-wrap\" data-name=\"your-telephone\"><input size=\"40\" maxlength=\"400\" class=\"wpcf7-form-control wpcf7-text\" aria-invalid=\"false\" value=\"\" type=\"text\" name=\"your-telephone\" \/><\/span>\n\t\t<\/p>\n\t<\/div>\n\t<div class=\"et_pb_column et_pb_column_1_3\">\n\t\t<p class=\"required\">Number Of People\n\t\t<\/p>\n\t\t<p><span class=\"wpcf7-form-control-wrap\" data-name=\"numberofpeople\"><input size=\"40\" maxlength=\"400\" class=\"wpcf7-form-control wpcf7-text\" aria-invalid=\"false\" value=\"\" type=\"text\" name=\"numberofpeople\" \/><\/span>\n\t\t<\/p>\n\t\t<p class=\"required\">Arrival Date\n\t\t<\/p>\n\t\t<p><span class=\"wpcf7-form-control-wrap\" data-name=\"arrivaldate\"><input class=\"wpcf7-form-control wpcf7-date wpcf7-validates-as-date\" aria-invalid=\"false\" value=\"\" type=\"date\" name=\"arrivaldate\" \/><\/span>\n\t\t<\/p>\n\t\t<p class=\"required\">Departure Date\n\t\t<\/p>\n\t\t<p><span class=\"wpcf7-form-control-wrap\" data-name=\"departuredate\"><input class=\"wpcf7-form-control wpcf7-date wpcf7-validates-as-date\" aria-invalid=\"false\" value=\"\" type=\"date\" name=\"departuredate\" \/><\/span>\n\t\t<\/p>\n\t<\/div>\n\t<div class=\"et_pb_column et_pb_column_1_3\">\n\t\t<p>Additional Message\n\t\t<\/p>\n\t\t<p><span class=\"wpcf7-form-control-wrap\" data-name=\"message\"><textarea cols=\"40\" rows=\"10\" maxlength=\"2000\" class=\"wpcf7-form-control wpcf7-textarea\" aria-invalid=\"false\" name=\"message\"><\/textarea><\/span>\n\t\t<\/p>\n\t\t<p>\n\t\t\n\t\t<\/p>\n\t<\/div>\n<\/div>\n<div class=\"et_pb_row bookingform\">\n\t<p><input class=\"wpcf7-form-control wpcf7-submit has-spinner btnbook\" type=\"submit\" value=\"Book\" \/>\n\t<\/p>\n<\/div><div class=\"wpcf7-response-output\" aria-hidden=\"true\"><\/div>\n<\/form>\n<\/div>\n\n<p>[\/et_pb_text][\/et_pb_column][\/et_pb_row][\/et_pb_section]<\/p>","protected":false},"excerpt":{"rendered":"<p>Addis Abeba und Debre Libanos (3 Tage) <a href='#map' class='small-button smallorange'>View Map<\/a> <a href='#booking' class='small-button smallgreen'>Request Price<\/a> \u00dcber diese Tour: Dies ist eine exzellente Kurztour, die die H\u00f6hepunkte von Addis Abeba erkundet und Sie nach Debre Libanos f\u00fchrt, einem der wichtigsten orthodoxen Kl\u00f6ster \u00c4thiopiens mit einem interessanten Museum in der N\u00e4he. Debre Libanos bietet auch [&hellip;]<\/p>\n","protected":false},"author":1,"featured_media":0,"parent":0,"menu_order":0,"comment_status":"closed","ping_status":"closed","template":"","meta":{"_et_pb_use_builder":"on","_et_pb_old_content":"","_et_gb_content_width":"","footnotes":""},"class_list":["post-19071","page","type-page","status-publish","hentry"],"yoast_head":"<!-- This site is optimized with the Yoast SEO plugin v24.6 - https:\/\/yoast.com\/wordpress\/plugins\/seo\/ -->\n<title>Addis Abeba &amp; Debre Libanos (3 Tage) - Welcome Ethiopia Tours<\/title>\n<meta name=\"robots\" content=\"index, follow, max-snippet:-1, max-image-preview:large, max-video-preview:-1\" \/>\n<link rel=\"canonical\" href=\"https:\/\/welcomeethiopiatours.com\/de\/addis-ababa-and-debre-libanos-3-days\/\" \/>\n<meta property=\"og:locale\" content=\"de_DE\" \/>\n<meta property=\"og:type\" content=\"article\" \/>\n<meta property=\"og:title\" content=\"Addis Abeba &amp; Debre Libanos (3 Tage) - Welcome Ethiopia Tours\" \/>\n<meta property=\"og:description\" content=\"Addis Abeba und Debre Libanos (3 Tage)  \u00dcber diese Tour: Dies ist eine exzellente Kurztour, die die H\u00f6hepunkte von Addis Abeba erkundet und Sie nach Debre Libanos f\u00fchrt, einem der wichtigsten orthodoxen Kl\u00f6ster \u00c4thiopiens mit einem interessanten Museum in der N\u00e4he. Debre Libanos bietet auch [&hellip;]\" \/>\n<meta property=\"og:url\" content=\"https:\/\/welcomeethiopiatours.com\/de\/addis-ababa-and-debre-libanos-3-days\/\" \/>\n<meta property=\"og:site_name\" content=\"Welcome Ethiopia Tours\" \/>\n<meta property=\"article:modified_time\" content=\"2023-02-01T12:44:34+00:00\" \/>\n<meta name=\"twitter:card\" content=\"summary_large_image\" \/>\n<meta name=\"twitter:label1\" content=\"Gesch\u00e4tzte Lesezeit\" \/>\n\t<meta name=\"twitter:data1\" content=\"25\u00a0Minuten\" \/>\n<script type=\"application\/ld+json\" class=\"yoast-schema-graph\">{\"@context\":\"https:\/\/schema.org\",\"@graph\":[{\"@type\":\"WebPage\",\"@id\":\"https:\/\/welcomeethiopiatours.com\/de\/addis-ababa-and-debre-libanos-3-days\/\",\"url\":\"https:\/\/welcomeethiopiatours.com\/de\/addis-ababa-and-debre-libanos-3-days\/\",\"name\":\"Addis Abeba & Debre Libanos (3 Tage) - Welcome Ethiopia Tours\",\"isPartOf\":{\"@id\":\"https:\/\/welcomeethiopiatours.com\/de\/#website\"},\"datePublished\":\"2022-10-20T12:29:18+00:00\",\"dateModified\":\"2023-02-01T12:44:34+00:00\",\"breadcrumb\":{\"@id\":\"https:\/\/welcomeethiopiatours.com\/de\/addis-ababa-and-debre-libanos-3-days\/#breadcrumb\"},\"inLanguage\":\"de\",\"potentialAction\":[{\"@type\":\"ReadAction\",\"target\":[[\"https:\/\/welcomeethiopiatours.com\/de\/addis-ababa-and-debre-libanos-3-days\/\"]]}]},{\"@type\":\"BreadcrumbList\",\"@id\":\"https:\/\/welcomeethiopiatours.com\/de\/addis-ababa-and-debre-libanos-3-days\/#breadcrumb\",\"itemListElement\":[{\"@type\":\"ListItem\",\"position\":1,\"name\":\"Home\",\"item\":\"https:\/\/welcomeethiopiatours.com\/de\/\"},{\"@type\":\"ListItem\",\"position\":2,\"name\":\"Addis Ababa &#038; Debre Libanos (3 days)\"}]},{\"@type\":\"WebSite\",\"@id\":\"https:\/\/welcomeethiopiatours.com\/de\/#website\",\"url\":\"https:\/\/welcomeethiopiatours.com\/de\/\",\"name\":\"Welcome Ethiopia Tours\",\"description\":\"Best Tour Operator in Ethiopia\",\"potentialAction\":[{\"@type\":\"SearchAction\",\"target\":{\"@type\":\"EntryPoint\",\"urlTemplate\":\"https:\/\/welcomeethiopiatours.com\/de\/?s={search_term_string}\"},\"query-input\":{\"@type\":\"PropertyValueSpecification\",\"valueRequired\":true,\"valueName\":\"search_term_string\"}}],\"inLanguage\":\"de\"}]}<\/script>\n<!-- \/ Yoast SEO plugin. -->","yoast_head_json":{"title":"Addis Abeba & Debre Libanos (3 Tage) - Welcome Ethiopia Tours","robots":{"index":"index","follow":"follow","max-snippet":"max-snippet:-1","max-image-preview":"max-image-preview:large","max-video-preview":"max-video-preview:-1"},"canonical":"https:\/\/welcomeethiopiatours.com\/de\/addis-ababa-and-debre-libanos-3-days\/","og_locale":"de_DE","og_type":"article","og_title":"Addis Abeba & Debre Libanos (3 Tage) - Welcome Ethiopia Tours","og_description":"Addis Abeba und Debre Libanos (3 Tage)  \u00dcber diese Tour: Dies ist eine exzellente Kurztour, die die H\u00f6hepunkte von Addis Abeba erkundet und Sie nach Debre Libanos f\u00fchrt, einem der wichtigsten orthodoxen Kl\u00f6ster \u00c4thiopiens mit einem interessanten Museum in der N\u00e4he. Debre Libanos bietet auch [&hellip;]","og_url":"https:\/\/welcomeethiopiatours.com\/de\/addis-ababa-and-debre-libanos-3-days\/","og_site_name":"Welcome Ethiopia Tours","article_modified_time":"2023-02-01T12:44:34+00:00","twitter_card":"summary_large_image","twitter_misc":{"Gesch\u00e4tzte Lesezeit":"25\u00a0Minuten"},"schema":{"@context":"https:\/\/schema.org","@graph":[{"@type":"WebPage","@id":"https:\/\/welcomeethiopiatours.com\/de\/addis-ababa-and-debre-libanos-3-days\/","url":"https:\/\/welcomeethiopiatours.com\/de\/addis-ababa-and-debre-libanos-3-days\/","name":"Addis Abeba & Debre Libanos (3 Tage) - Welcome Ethiopia Tours","isPartOf":{"@id":"https:\/\/welcomeethiopiatours.com\/de\/#website"},"datePublished":"2022-10-20T12:29:18+00:00","dateModified":"2023-02-01T12:44:34+00:00","breadcrumb":{"@id":"https:\/\/welcomeethiopiatours.com\/de\/addis-ababa-and-debre-libanos-3-days\/#breadcrumb"},"inLanguage":"de","potentialAction":[{"@type":"ReadAction","target":[["https:\/\/welcomeethiopiatours.com\/de\/addis-ababa-and-debre-libanos-3-days\/"]]}]},{"@type":"BreadcrumbList","@id":"https:\/\/welcomeethiopiatours.com\/de\/addis-ababa-and-debre-libanos-3-days\/#breadcrumb","itemListElement":[{"@type":"ListItem","position":1,"name":"Home","item":"https:\/\/welcomeethiopiatours.com\/de\/"},{"@type":"ListItem","position":2,"name":"Addis Ababa &#038; Debre Libanos (3 days)"}]},{"@type":"WebSite","@id":"https:\/\/welcomeethiopiatours.com\/de\/#website","url":"https:\/\/welcomeethiopiatours.com\/de\/","name":"Welcome Ethiopia Tours","description":"Best Tour Operator in Ethiopia","potentialAction":[{"@type":"SearchAction","target":{"@type":"EntryPoint","urlTemplate":"https:\/\/welcomeethiopiatours.com\/de\/?s={search_term_string}"},"query-input":{"@type":"PropertyValueSpecification","valueRequired":true,"valueName":"search_term_string"}}],"inLanguage":"de"}]}},"_links":{"self":[{"href":"https:\/\/welcomeethiopiatours.com\/de\/wp-json\/wp\/v2\/pages\/19071","targetHints":{"allow":["GET"]}}],"collection":[{"href":"https:\/\/welcomeethiopiatours.com\/de\/wp-json\/wp\/v2\/pages"}],"about":[{"href":"https:\/\/welcomeethiopiatours.com\/de\/wp-json\/wp\/v2\/types\/page"}],"author":[{"embeddable":true,"href":"https:\/\/welcomeethiopiatours.com\/de\/wp-json\/wp\/v2\/users\/1"}],"replies":[{"embeddable":true,"href":"https:\/\/welcomeethiopiatours.com\/de\/wp-json\/wp\/v2\/comments?post=19071"}],"version-history":[{"count":0,"href":"https:\/\/welcomeethiopiatours.com\/de\/wp-json\/wp\/v2\/pages\/19071\/revisions"}],"wp:attachment":[{"href":"https:\/\/welcomeethiopiatours.com\/de\/wp-json\/wp\/v2\/media?parent=19071"}],"curies":[{"name":"wp","href":"https:\/\/api.w.org\/{rel}","templated":true}]}}