{"id":192,"date":"2015-08-25T12:09:51","date_gmt":"2015-08-25T12:09:51","guid":{"rendered":"https:\/\/welcomeethiopiatours.com\/?page_id=192"},"modified":"2022-10-10T14:19:58","modified_gmt":"2022-10-10T14:19:58","slug":"our-tours","status":"publish","type":"page","link":"https:\/\/welcomeethiopiatours.com\/de\/our-tours\/","title":{"rendered":"Our Tours"},"content":{"rendered":"<p>[et_pb_section admin_label=&#8220;section&#8220; transparent_background=&#8220;on&#8220; allow_player_pause=&#8220;off&#8220; inner_shadow=&#8220;off&#8220; parallax=&#8220;off&#8220; parallax_method=&#8220;off&#8220; padding_mobile=&#8220;off&#8220; make_fullwidth=&#8220;off&#8220; use_custom_width=&#8220;off&#8220; width_unit=&#8220;on&#8220; make_equal=&#8220;off&#8220; use_custom_gutter=&#8220;off&#8220;][et_pb_row admin_label=&#8220;row&#8220; make_fullwidth=&#8220;on&#8220; use_custom_width=&#8220;off&#8220; width_unit=&#8220;on&#8220; use_custom_gutter=&#8220;off&#8220; padding_mobile=&#8220;on&#8220; allow_player_pause=&#8220;off&#8220; parallax=&#8220;on&#8220; parallax_method=&#8220;off&#8220; make_equal=&#8220;off&#8220; custom_padding=&#8220;0|0&#8243; module_class=&#8220;fullwidthpagetitle&#8220;][et_pb_column type=&#8220;4_4&#8243;][et_pb_text admin_label=&#8220;Unsere Touren&#8220; background_layout=&#8220;light&#8220; text_orientation=&#8220;left&#8220; background_image=&#8220;https:\/\/welcomeethiopiatours.com\/wp-content\/uploads\/Ethiopia-Photos-Header.jpg&#8220; use_border_color=&#8220;off&#8220; border_color=&#8220;#ffffff&#8220; border_style=&#8220;solid&#8220; custom_padding=&#8220;0||0|&#8220;]<\/p>\n<h1>Unsere Touren<\/h1>\n<p>[\/et_pb_text][\/et_pb_column][\/et_pb_row][et_pb_row admin_label=&#8220;row&#8220;][et_pb_column type=&#8220;4_4&#8243;][et_pb_text admin_label=&#8220;Text&#8220; background_layout=&#8220;light&#8220; text_orientation=&#8220;left&#8220; use_border_color=&#8220;off&#8220; border_color=&#8220;#ffffff&#8220; border_style=&#8220;solid&#8220;]<br \/>\nWelcome Ethiopia Tours bietet gef\u00fchrte Rundreisen f\u00fcr Kleingruppen und\u00a0Individualreisende bis 8 Personen an und zeichnet sich durch ein Angebot an\u00a0intensiven Natur- und Kulturerlebnissen auf allerh\u00f6chstem Niveau aus.\u00a0Dank professionellen Reiseleitern\u00a0erhalten G\u00e4ste einen spannenden Blick\u00a0hinter die Kulissen, erleben die Geschichte \u00c4thiopiens hautnah,\u00a0beobachten die vielf\u00e4ltige Natur und Tierwelt aus der ersten Reihe\u00a0und bekommen\u00a0Einblicke in das Leben der Einheimischen.\u00a0Unsere Touren werden auf Wunsch\u00a0massgeschneidert und mit deutschsprachiger Reiseleitung durchgef\u00fchrt.\u00a0Verlassen Sie sich\u00a0auf die kompetente Reiseorganisation und die komfortable\u00a0Unterbringung in durch Welcome Ethiopia Tours gepr\u00fcften Hotels und Lodges.<br \/>\n<strong>Massgeschneiderte Touren<br \/>\n<\/strong>Wir organisieren und f\u00fchren individuell massgeschneidere Touren, Trekkings in den Bale und Simien Bergen, Expeditionen in entlegene Gebiete, Vogel- und Tierbeobachtungen\u00a0sowie eco- und familienfreundliche Touren durch. Unter dem Hauptmenu &#8222;Unsere Touren&#8220; finden Sie eine\u00a0Auswahl an\u00a0Vorschl\u00e4gen f\u00fcr einige attraktive Touren unterschiedlicher\u00a0L\u00e4nge und Art.<br \/>\n<strong>Zubucherreisen f\u00fcr Kleingruppen<br \/>\n<\/strong>Wir haben mit viel Sorgfalt einige &#8222;\u00c4thiopien Highlights&#8220; Zubucher Reisen\u00a0f\u00fcr Kleingruppen bis acht Personen zusammengestellt. Diese\u00a0Touren bieten eine ausgewogene Mischung aus Kultur, Geschichte und Natur und starten zu fixen Terminen. Es ist uns ein grosses Anliegen,\u00a0Ihnen\u00a0unvergessliche\u00a0Eindr\u00fccke\u00a0\u00a0zu erm\u00f6glichen und die Natur- und V\u00f6lkervielfalt\u00a0dieses wundersch\u00f6nen\u00a0Landes zu zeigen.\u00a0Verlassen Sie sich darauf, dass eine Reise mit uns zu einem unvergesslichen Erlebnis f\u00fcr Sie wird! Unser Ziel ist nicht bloss, Ihre Erwartungen zu erf\u00fcllen, sondern sie jeden Tag von Neuem zu \u00fcbertreffen!\u00a0 Es w\u00fcrde uns sehr freuen, Sie bald auf einer unserer Touren begr\u00fcssen zu d\u00fcrfen, damit wir zusammen das wahre und geheimnisvolle \u00c4thiopien erkunden k\u00f6nnen!<br \/>\n[\/et_pb_text][\/et_pb_column][\/et_pb_row][\/et_pb_section]<\/p>","protected":false},"excerpt":{"rendered":"<p>Unsere Touren Welcome Ethiopia Tours bietet gef\u00fchrte Rundreisen f\u00fcr Kleingruppen und\u00a0Individualreisende bis 8 Personen an und zeichnet sich durch ein Angebot an\u00a0intensiven Natur- und Kulturerlebnissen auf allerh\u00f6chstem Niveau aus.\u00a0Dank professionellen Reiseleitern\u00a0erhalten G\u00e4ste einen spannenden Blick\u00a0hinter die Kulissen, erleben die Geschichte \u00c4thiopiens hautnah,\u00a0beobachten die vielf\u00e4ltige Natur und Tierwelt aus der ersten Reihe\u00a0und bekommen\u00a0Einblicke in das Leben [&hellip;]<\/p>\n","protected":false},"author":1,"featured_media":0,"parent":0,"menu_order":0,"comment_status":"open","ping_status":"open","template":"","meta":{"_et_pb_use_builder":"on","_et_pb_old_content":"","_et_gb_content_width":"","footnotes":""},"class_list":["post-192","page","type-page","status-publish","hentry"],"yoast_head":"<!-- This site is optimized with the Yoast SEO plugin v24.6 - https:\/\/yoast.com\/wordpress\/plugins\/seo\/ -->\n<title>\u00c4thiopien Rundreisen &amp; Touren - Welcome Ethiopia Tours<\/title>\n<meta name=\"description\" content=\"Wir bieten gef\u00fchrte Rundreisen f\u00fcr Kleingruppen und Individualreisende bis 8 Personen. Dank professionellen Reiseleitern \u00c4thiopien hautnah erleben.\" \/>\n<meta name=\"robots\" content=\"index, follow, max-snippet:-1, max-image-preview:large, max-video-preview:-1\" \/>\n<link rel=\"canonical\" href=\"https:\/\/welcomeethiopiatours.com\/de\/our-tours\/\" \/>\n<meta property=\"og:locale\" content=\"de_DE\" \/>\n<meta property=\"og:type\" content=\"article\" \/>\n<meta property=\"og:title\" content=\"\u00c4thiopien Rundreisen &amp; Touren - Welcome Ethiopia Tours\" \/>\n<meta property=\"og:description\" content=\"Wir bieten gef\u00fchrte Rundreisen f\u00fcr Kleingruppen und Individualreisende bis 8 Personen. Dank professionellen Reiseleitern \u00c4thiopien hautnah erleben.\" \/>\n<meta property=\"og:url\" content=\"https:\/\/welcomeethiopiatours.com\/de\/our-tours\/\" \/>\n<meta property=\"og:site_name\" content=\"Welcome Ethiopia Tours\" \/>\n<meta property=\"article:modified_time\" content=\"2022-10-10T14:19:58+00:00\" \/>\n<meta name=\"twitter:card\" content=\"summary_large_image\" \/>\n<meta name=\"twitter:label1\" content=\"Gesch\u00e4tzte Lesezeit\" \/>\n\t<meta name=\"twitter:data1\" content=\"8\u00a0Minuten\" \/>\n<script type=\"application\/ld+json\" class=\"yoast-schema-graph\">{\"@context\":\"https:\/\/schema.org\",\"@graph\":[{\"@type\":\"WebPage\",\"@id\":\"https:\/\/welcomeethiopiatours.com\/de\/our-tours\/\",\"url\":\"https:\/\/welcomeethiopiatours.com\/de\/our-tours\/\",\"name\":\"\u00c4thiopien Rundreisen & Touren - Welcome Ethiopia Tours\",\"isPartOf\":{\"@id\":\"https:\/\/welcomeethiopiatours.com\/de\/#website\"},\"datePublished\":\"2015-08-25T12:09:51+00:00\",\"dateModified\":\"2022-10-10T14:19:58+00:00\",\"description\":\"Wir bieten gef\u00fchrte Rundreisen f\u00fcr Kleingruppen und Individualreisende bis 8 Personen. Dank professionellen Reiseleitern \u00c4thiopien hautnah erleben.\",\"breadcrumb\":{\"@id\":\"https:\/\/welcomeethiopiatours.com\/de\/our-tours\/#breadcrumb\"},\"inLanguage\":\"de\",\"potentialAction\":[{\"@type\":\"ReadAction\",\"target\":[[\"https:\/\/welcomeethiopiatours.com\/de\/our-tours\/\"]]}]},{\"@type\":\"BreadcrumbList\",\"@id\":\"https:\/\/welcomeethiopiatours.com\/de\/our-tours\/#breadcrumb\",\"itemListElement\":[{\"@type\":\"ListItem\",\"position\":1,\"name\":\"Home\",\"item\":\"https:\/\/welcomeethiopiatours.com\/de\/\"},{\"@type\":\"ListItem\",\"position\":2,\"name\":\"Our Tours\"}]},{\"@type\":\"WebSite\",\"@id\":\"https:\/\/welcomeethiopiatours.com\/de\/#website\",\"url\":\"https:\/\/welcomeethiopiatours.com\/de\/\",\"name\":\"Welcome Ethiopia Tours\",\"description\":\"Best Tour Operator in Ethiopia\",\"potentialAction\":[{\"@type\":\"SearchAction\",\"target\":{\"@type\":\"EntryPoint\",\"urlTemplate\":\"https:\/\/welcomeethiopiatours.com\/de\/?s={search_term_string}\"},\"query-input\":{\"@type\":\"PropertyValueSpecification\",\"valueRequired\":true,\"valueName\":\"search_term_string\"}}],\"inLanguage\":\"de\"}]}<\/script>\n<!-- \/ Yoast SEO plugin. -->","yoast_head_json":{"title":"\u00c4thiopien Rundreisen & Touren - Welcome Ethiopia Tours","description":"Wir bieten gef\u00fchrte Rundreisen f\u00fcr Kleingruppen und Individualreisende bis 8 Personen. Dank professionellen Reiseleitern \u00c4thiopien hautnah erleben.","robots":{"index":"index","follow":"follow","max-snippet":"max-snippet:-1","max-image-preview":"max-image-preview:large","max-video-preview":"max-video-preview:-1"},"canonical":"https:\/\/welcomeethiopiatours.com\/de\/our-tours\/","og_locale":"de_DE","og_type":"article","og_title":"\u00c4thiopien Rundreisen & Touren - Welcome Ethiopia Tours","og_description":"Wir bieten gef\u00fchrte Rundreisen f\u00fcr Kleingruppen und Individualreisende bis 8 Personen. Dank professionellen Reiseleitern \u00c4thiopien hautnah erleben.","og_url":"https:\/\/welcomeethiopiatours.com\/de\/our-tours\/","og_site_name":"Welcome Ethiopia Tours","article_modified_time":"2022-10-10T14:19:58+00:00","twitter_card":"summary_large_image","twitter_misc":{"Gesch\u00e4tzte Lesezeit":"8\u00a0Minuten"},"schema":{"@context":"https:\/\/schema.org","@graph":[{"@type":"WebPage","@id":"https:\/\/welcomeethiopiatours.com\/de\/our-tours\/","url":"https:\/\/welcomeethiopiatours.com\/de\/our-tours\/","name":"\u00c4thiopien Rundreisen & Touren - Welcome Ethiopia Tours","isPartOf":{"@id":"https:\/\/welcomeethiopiatours.com\/de\/#website"},"datePublished":"2015-08-25T12:09:51+00:00","dateModified":"2022-10-10T14:19:58+00:00","description":"Wir bieten gef\u00fchrte Rundreisen f\u00fcr Kleingruppen und Individualreisende bis 8 Personen. Dank professionellen Reiseleitern \u00c4thiopien hautnah erleben.","breadcrumb":{"@id":"https:\/\/welcomeethiopiatours.com\/de\/our-tours\/#breadcrumb"},"inLanguage":"de","potentialAction":[{"@type":"ReadAction","target":[["https:\/\/welcomeethiopiatours.com\/de\/our-tours\/"]]}]},{"@type":"BreadcrumbList","@id":"https:\/\/welcomeethiopiatours.com\/de\/our-tours\/#breadcrumb","itemListElement":[{"@type":"ListItem","position":1,"name":"Home","item":"https:\/\/welcomeethiopiatours.com\/de\/"},{"@type":"ListItem","position":2,"name":"Our Tours"}]},{"@type":"WebSite","@id":"https:\/\/welcomeethiopiatours.com\/de\/#website","url":"https:\/\/welcomeethiopiatours.com\/de\/","name":"Welcome Ethiopia Tours","description":"Best Tour Operator in Ethiopia","potentialAction":[{"@type":"SearchAction","target":{"@type":"EntryPoint","urlTemplate":"https:\/\/welcomeethiopiatours.com\/de\/?s={search_term_string}"},"query-input":{"@type":"PropertyValueSpecification","valueRequired":true,"valueName":"search_term_string"}}],"inLanguage":"de"}]}},"_links":{"self":[{"href":"https:\/\/welcomeethiopiatours.com\/de\/wp-json\/wp\/v2\/pages\/192","targetHints":{"allow":["GET"]}}],"collection":[{"href":"https:\/\/welcomeethiopiatours.com\/de\/wp-json\/wp\/v2\/pages"}],"about":[{"href":"https:\/\/welcomeethiopiatours.com\/de\/wp-json\/wp\/v2\/types\/page"}],"author":[{"embeddable":true,"href":"https:\/\/welcomeethiopiatours.com\/de\/wp-json\/wp\/v2\/users\/1"}],"replies":[{"embeddable":true,"href":"https:\/\/welcomeethiopiatours.com\/de\/wp-json\/wp\/v2\/comments?post=192"}],"version-history":[{"count":0,"href":"https:\/\/welcomeethiopiatours.com\/de\/wp-json\/wp\/v2\/pages\/192\/revisions"}],"wp:attachment":[{"href":"https:\/\/welcomeethiopiatours.com\/de\/wp-json\/wp\/v2\/media?parent=192"}],"curies":[{"name":"wp","href":"https:\/\/api.w.org\/{rel}","templated":true}]}}