{"id":216,"date":"2015-08-28T19:51:28","date_gmt":"2015-08-28T19:51:28","guid":{"rendered":"https:\/\/welcomeethiopiatours.com\/?page_id=216"},"modified":"2022-10-14T06:25:03","modified_gmt":"2022-10-14T06:25:03","slug":"about-the-founder","status":"publish","type":"page","link":"https:\/\/welcomeethiopiatours.com\/de\/about-the-founder\/","title":{"rendered":"About the Founder"},"content":{"rendered":"<p>[et_pb_section bb_built=&#8220;1&#8243; transparent_background=&#8220;on&#8220; allow_player_pause=&#8220;off&#8220; inner_shadow=&#8220;off&#8220; parallax=&#8220;off&#8220; parallax_method=&#8220;off&#8220; padding_mobile=&#8220;off&#8220; make_fullwidth=&#8220;off&#8220; use_custom_width=&#8220;off&#8220; width_unit=&#8220;on&#8220; make_equal=&#8220;off&#8220; use_custom_gutter=&#8220;off&#8220; background_color=&#8220;rgba(255,255,255,0)&#8220; custom_padding_tablet=&#8220;50px|0|50px|0&#8243; custom_padding_last_edited=&#8220;on|desktop&#8220;][et_pb_row make_fullwidth=&#8220;on&#8220; use_custom_width=&#8220;off&#8220; width_unit=&#8220;on&#8220; use_custom_gutter=&#8220;off&#8220; padding_mobile=&#8220;on&#8220; allow_player_pause=&#8220;off&#8220; parallax=&#8220;on&#8220; parallax_method=&#8220;off&#8220; make_equal=&#8220;off&#8220; custom_padding=&#8220;0|0&#8243; module_class=&#8220;fullwidthpagetitle&#8220;][et_pb_column type=&#8220;4_4&#8243;][et_pb_text admin_label=&#8220;\u00dcber den Gr\u00fcnder&#8220; background_layout=&#8220;light&#8220; text_orientation=&#8220;left&#8220; background_image=&#8220;https:\/\/welcomeethiopiatours.com\/wp-content\/uploads\/Ethiopia-Photos-Header.jpg&#8220; use_border_color=&#8220;off&#8220; border_color=&#8220;#ffffff&#8220; border_style=&#8220;solid&#8220; custom_padding=&#8220;0||0|&#8220;]<\/p>\n<h1>\u00dcber den Gr\u00fcnder<\/h1>\n<p>[\/et_pb_text][\/et_pb_column][\/et_pb_row][et_pb_row make_fullwidth=&#8220;off&#8220; use_custom_width=&#8220;off&#8220; width_unit=&#8220;on&#8220; use_custom_gutter=&#8220;off&#8220; padding_mobile=&#8220;off&#8220; allow_player_pause=&#8220;off&#8220; parallax=&#8220;off&#8220; parallax_method=&#8220;off&#8220; make_equal=&#8220;on&#8220;][et_pb_column type=&#8220;1_4&#8243;][et_pb_team_member name=&#8220;Nik Puppato&#8220; animation=&#8220;left&#8220; background_layout=&#8220;light&#8220; use_border_color=&#8220;off&#8220; border_color=&#8220;#ffffff&#8220; border_style=&#8220;solid&#8220; image_url=&#8220;https:\/\/welcomeethiopiatours.com\/wp-content\/uploads\/Nik-Papputo.jpg&#8220; facebook_url=&#8220;#&#8220; twitter_url=&#8220;#&#8220; google_url=&#8220;#&#8220; linkedin_url=&#8220;#&#8220; icon_color=&#8220;#ff9f23&#8243; icon_hover_color=&#8220;#f93100&#8243; position=&#8220;General Manager&#8220; \/][\/et_pb_column][et_pb_column type=&#8220;3_4&#8243;][et_pb_text use_border_color=&#8220;off&#8220; _builder_version=&#8220;3.1.1&#8243;]<\/p>\n<p>Ein herzliches Willkommen!\u00a0 Mein Name ist Nik Puppato und ich komme aus Basel in der Schweiz. Bevor ich im Jahr 2015 meinen ersten eigenen Reiseveranstalter in \u00c4thiopien gr\u00fcndete, war ich w\u00e4hrend fast 20 Jahren in verschiedenen pharmazeutischen Unternehmen in der Region Basel t\u00e4tig. Unter anderem war ich auch mehrere Jahre als Regional Manager f\u00fcr Afrika in einem internationalen Konzern t\u00e4tig und durfte so auch beruflich viele afrikanische L\u00e4nder besuchen. Ich hatte schon immer eine Passion f\u00fcr das Reisen und nat\u00fcrlich auch f\u00fcr Afrika! Als ehemaliger Verantwortlicher f\u00fcr die Zulassung von Medikamenten bei den Gesundheitsbeh\u00f6rden bin ich es mir gewohnt auf Details zu achten, und die Kosten und Sicherheit von Produkten sorgf\u00e4ltig abzusch\u00e4tzen. Insofern haben sich meine Kernaufgaben in meiner neuen T\u00e4tigkeit als Gesch\u00e4ftsf\u00fchrer eines Reiseveranstalters gar nicht einmal so sehr ver\u00e4ndert. Meine Hauptaufgabe besteht nach wie vor darin, daf\u00fcr zu sorgen, dass unsere G\u00e4ste w\u00e4hrend ihrer Reise den gr\u00f6\u00dftm\u00f6glichen Nutzen zu einem fairen Preis erhalten und dabei h\u00f6chste Sicherheitsstandards genie\u00dfen. Das mag nun ein wenig sehr technisch klingen, aber es geht grunds\u00e4tzlich darum, dass Ihre Reise reibungslos verl\u00e4uft, und Sie gl\u00fccklich und zufrieden nach Hause zur\u00fcckkehren und noch m\u00f6glichst lange von den unvergesslichen Erlebnissen zehren k\u00f6nnen.<br \/>\nIm Jahr 2009 kam ich zum ersten Mal f\u00fcr ein l\u00e4ngeres berufliches Projekt nach \u00c4thiopien und seither liess mich die Faszination f\u00fcr dieses unglaublich vielf\u00e4ltige Land mit seinen gastfreundlichen Menschen nicht mehr los. \u00c4thiopien schien mir genau der richtige Ort, um einen grossen Traum zu verwirklichen, n\u00e4mlich meinen eigenen Reiseveranstalter zu gr\u00fcnden. Nicht wenige dachten wohl, dass ich verr\u00fcckt sei, als ich im Jahr 2015 aus dem beschaulichen Basel ins doch eher chaotische Addis Abeba umzog und dort <strong>Welcome Ethiopia Tours<\/strong> gr\u00fcndete. Ich kann dazu nur sagen, dass es nicht immer einfach war und es seither viele Auf und Abs gab, aber dass ich diesen Schritt bis heute nie bereut habe!<br \/>\nSelbstverst\u00e4ndlich hat jedes Land seine eigenen Vorz\u00fcge, doch \u00c4thiopien hatte es mir vom ersten Moment an ganz speziell angetan. Das\u00a0Land tickt einfach ganz anders als der Rest der Welt. Dies merkt man schon nur daran, dass die eigene Zeitrechnung im Vergleich zu den Nachbarsl\u00e4ndern 6 Stunden voraus und sieben Jahre hinterher ist! Doch was mich hier am meisten fasziniert sind die Menschen. Nichts bringt die \u00c4thiopier aus der Ruhe und alle strahlen sie eine riesige Lebensfreude aus, obwohl die Lebensumst\u00e4nde f\u00fcr viele oft alles andere als einfach sind. Streitigkeiten, Aggressionen oder gar gewaltt\u00e4tige Kriminalit\u00e4t sind hier\u00a0\u00e4usserst selten. In der Tat war die\u00a0hohe Sicherheit\u00a0eines der Hauptargumente, die mich \u00fcberzeugten, permanent\u00a0von Basel nach Addis Abeba umzusiedeln. Die \u00e4thiopische Gesellschaft beruht auf einer ausgepr\u00e4gten Spiritualit\u00e4t, Solidarit\u00e4t und Toleranz. Dies fasziniert mich jeden Tag aufs Neue und gibt mir auch enorm viel Lebensinhalt.\u00a0Ein grosser Vorteil von Addis Abeba ist auch, dass Ethiopian Airlines, die weitaus gr\u00f6sste Fluggesellschaft in Afrika, \u00fcber 50 Destinationen in Afrika von der Hauptstadt \u00c4thiopiens anfliegt und viele direkte Verbindungen nach Europa und in die USA unterh\u00e4lt.<\/p>\n<p>[\/et_pb_text][\/et_pb_column][\/et_pb_row][\/et_pb_section]<\/p>","protected":false},"excerpt":{"rendered":"<p>\u00dcber den Gr\u00fcnder Ein herzliches Willkommen!\u00a0 Mein Name ist Nik Puppato und ich komme aus Basel in der Schweiz. Bevor ich im Jahr 2015 meinen ersten eigenen Reiseveranstalter in \u00c4thiopien gr\u00fcndete, war ich w\u00e4hrend fast 20 Jahren in verschiedenen pharmazeutischen Unternehmen in der Region Basel t\u00e4tig. Unter anderem war ich auch mehrere Jahre als Regional [&hellip;]<\/p>\n","protected":false},"author":1,"featured_media":0,"parent":0,"menu_order":0,"comment_status":"open","ping_status":"open","template":"","meta":{"_et_pb_use_builder":"on","_et_pb_old_content":"","_et_gb_content_width":"","footnotes":""},"class_list":["post-216","page","type-page","status-publish","hentry"],"yoast_head":"<!-- This site is optimized with the Yoast SEO plugin v24.6 - https:\/\/yoast.com\/wordpress\/plugins\/seo\/ -->\n<title>About the Founder - Welcome Ethiopia Tours<\/title>\n<meta name=\"robots\" content=\"index, follow, max-snippet:-1, max-image-preview:large, max-video-preview:-1\" \/>\n<link rel=\"canonical\" href=\"https:\/\/welcomeethiopiatours.com\/de\/about-the-founder\/\" \/>\n<meta property=\"og:locale\" content=\"de_DE\" \/>\n<meta property=\"og:type\" content=\"article\" \/>\n<meta property=\"og:title\" content=\"About the Founder - Welcome Ethiopia Tours\" \/>\n<meta property=\"og:description\" content=\"\u00dcber den Gr\u00fcnder Ein herzliches Willkommen!\u00a0 Mein Name ist Nik Puppato und ich komme aus Basel in der Schweiz. Bevor ich im Jahr 2015 meinen ersten eigenen Reiseveranstalter in \u00c4thiopien gr\u00fcndete, war ich w\u00e4hrend fast 20 Jahren in verschiedenen pharmazeutischen Unternehmen in der Region Basel t\u00e4tig. Unter anderem war ich auch mehrere Jahre als Regional [&hellip;]\" \/>\n<meta property=\"og:url\" content=\"https:\/\/welcomeethiopiatours.com\/de\/about-the-founder\/\" \/>\n<meta property=\"og:site_name\" content=\"Welcome Ethiopia Tours\" \/>\n<meta property=\"article:modified_time\" content=\"2022-10-14T06:25:03+00:00\" \/>\n<meta name=\"twitter:card\" content=\"summary_large_image\" \/>\n<meta name=\"twitter:label1\" content=\"Gesch\u00e4tzte Lesezeit\" \/>\n\t<meta name=\"twitter:data1\" content=\"12\u00a0Minuten\" \/>\n<script type=\"application\/ld+json\" class=\"yoast-schema-graph\">{\"@context\":\"https:\/\/schema.org\",\"@graph\":[{\"@type\":\"WebPage\",\"@id\":\"https:\/\/welcomeethiopiatours.com\/de\/about-the-founder\/\",\"url\":\"https:\/\/welcomeethiopiatours.com\/de\/about-the-founder\/\",\"name\":\"About the Founder - Welcome Ethiopia Tours\",\"isPartOf\":{\"@id\":\"https:\/\/welcomeethiopiatours.com\/de\/#website\"},\"datePublished\":\"2015-08-28T19:51:28+00:00\",\"dateModified\":\"2022-10-14T06:25:03+00:00\",\"breadcrumb\":{\"@id\":\"https:\/\/welcomeethiopiatours.com\/de\/about-the-founder\/#breadcrumb\"},\"inLanguage\":\"de\",\"potentialAction\":[{\"@type\":\"ReadAction\",\"target\":[[\"https:\/\/welcomeethiopiatours.com\/de\/about-the-founder\/\"]]}]},{\"@type\":\"BreadcrumbList\",\"@id\":\"https:\/\/welcomeethiopiatours.com\/de\/about-the-founder\/#breadcrumb\",\"itemListElement\":[{\"@type\":\"ListItem\",\"position\":1,\"name\":\"Home\",\"item\":\"https:\/\/welcomeethiopiatours.com\/de\/\"},{\"@type\":\"ListItem\",\"position\":2,\"name\":\"About the Founder\"}]},{\"@type\":\"WebSite\",\"@id\":\"https:\/\/welcomeethiopiatours.com\/de\/#website\",\"url\":\"https:\/\/welcomeethiopiatours.com\/de\/\",\"name\":\"Welcome Ethiopia Tours\",\"description\":\"Best Tour Operator in Ethiopia\",\"potentialAction\":[{\"@type\":\"SearchAction\",\"target\":{\"@type\":\"EntryPoint\",\"urlTemplate\":\"https:\/\/welcomeethiopiatours.com\/de\/?s={search_term_string}\"},\"query-input\":{\"@type\":\"PropertyValueSpecification\",\"valueRequired\":true,\"valueName\":\"search_term_string\"}}],\"inLanguage\":\"de\"}]}<\/script>\n<!-- \/ Yoast SEO plugin. -->","yoast_head_json":{"title":"About the Founder - Welcome Ethiopia Tours","robots":{"index":"index","follow":"follow","max-snippet":"max-snippet:-1","max-image-preview":"max-image-preview:large","max-video-preview":"max-video-preview:-1"},"canonical":"https:\/\/welcomeethiopiatours.com\/de\/about-the-founder\/","og_locale":"de_DE","og_type":"article","og_title":"About the Founder - Welcome Ethiopia Tours","og_description":"\u00dcber den Gr\u00fcnder Ein herzliches Willkommen!\u00a0 Mein Name ist Nik Puppato und ich komme aus Basel in der Schweiz. Bevor ich im Jahr 2015 meinen ersten eigenen Reiseveranstalter in \u00c4thiopien gr\u00fcndete, war ich w\u00e4hrend fast 20 Jahren in verschiedenen pharmazeutischen Unternehmen in der Region Basel t\u00e4tig. Unter anderem war ich auch mehrere Jahre als Regional [&hellip;]","og_url":"https:\/\/welcomeethiopiatours.com\/de\/about-the-founder\/","og_site_name":"Welcome Ethiopia Tours","article_modified_time":"2022-10-14T06:25:03+00:00","twitter_card":"summary_large_image","twitter_misc":{"Gesch\u00e4tzte Lesezeit":"12\u00a0Minuten"},"schema":{"@context":"https:\/\/schema.org","@graph":[{"@type":"WebPage","@id":"https:\/\/welcomeethiopiatours.com\/de\/about-the-founder\/","url":"https:\/\/welcomeethiopiatours.com\/de\/about-the-founder\/","name":"About the Founder - Welcome Ethiopia Tours","isPartOf":{"@id":"https:\/\/welcomeethiopiatours.com\/de\/#website"},"datePublished":"2015-08-28T19:51:28+00:00","dateModified":"2022-10-14T06:25:03+00:00","breadcrumb":{"@id":"https:\/\/welcomeethiopiatours.com\/de\/about-the-founder\/#breadcrumb"},"inLanguage":"de","potentialAction":[{"@type":"ReadAction","target":[["https:\/\/welcomeethiopiatours.com\/de\/about-the-founder\/"]]}]},{"@type":"BreadcrumbList","@id":"https:\/\/welcomeethiopiatours.com\/de\/about-the-founder\/#breadcrumb","itemListElement":[{"@type":"ListItem","position":1,"name":"Home","item":"https:\/\/welcomeethiopiatours.com\/de\/"},{"@type":"ListItem","position":2,"name":"About the Founder"}]},{"@type":"WebSite","@id":"https:\/\/welcomeethiopiatours.com\/de\/#website","url":"https:\/\/welcomeethiopiatours.com\/de\/","name":"Welcome Ethiopia Tours","description":"Best Tour Operator in Ethiopia","potentialAction":[{"@type":"SearchAction","target":{"@type":"EntryPoint","urlTemplate":"https:\/\/welcomeethiopiatours.com\/de\/?s={search_term_string}"},"query-input":{"@type":"PropertyValueSpecification","valueRequired":true,"valueName":"search_term_string"}}],"inLanguage":"de"}]}},"_links":{"self":[{"href":"https:\/\/welcomeethiopiatours.com\/de\/wp-json\/wp\/v2\/pages\/216","targetHints":{"allow":["GET"]}}],"collection":[{"href":"https:\/\/welcomeethiopiatours.com\/de\/wp-json\/wp\/v2\/pages"}],"about":[{"href":"https:\/\/welcomeethiopiatours.com\/de\/wp-json\/wp\/v2\/types\/page"}],"author":[{"embeddable":true,"href":"https:\/\/welcomeethiopiatours.com\/de\/wp-json\/wp\/v2\/users\/1"}],"replies":[{"embeddable":true,"href":"https:\/\/welcomeethiopiatours.com\/de\/wp-json\/wp\/v2\/comments?post=216"}],"version-history":[{"count":0,"href":"https:\/\/welcomeethiopiatours.com\/de\/wp-json\/wp\/v2\/pages\/216\/revisions"}],"wp:attachment":[{"href":"https:\/\/welcomeethiopiatours.com\/de\/wp-json\/wp\/v2\/media?parent=216"}],"curies":[{"name":"wp","href":"https:\/\/api.w.org\/{rel}","templated":true}]}}