{"id":226,"date":"2015-08-28T20:05:57","date_gmt":"2015-08-28T20:05:57","guid":{"rendered":"https:\/\/welcomeethiopiatours.com\/?page_id=226"},"modified":"2022-10-12T18:14:06","modified_gmt":"2022-10-12T18:14:06","slug":"terms-and-conditions","status":"publish","type":"page","link":"https:\/\/welcomeethiopiatours.com\/de\/terms-and-conditions\/","title":{"rendered":"Terms and Conditions"},"content":{"rendered":"<p>[et_pb_section bb_built=&#8220;1&#8243; admin_label=&#8220;section&#8220; transparent_background=&#8220;on&#8220; allow_player_pause=&#8220;off&#8220; inner_shadow=&#8220;off&#8220; parallax=&#8220;off&#8220; parallax_method=&#8220;off&#8220; padding_mobile=&#8220;off&#8220; make_fullwidth=&#8220;off&#8220; use_custom_width=&#8220;off&#8220; width_unit=&#8220;on&#8220; make_equal=&#8220;off&#8220; use_custom_gutter=&#8220;off&#8220; background_color=&#8220;rgba(255,255,255,0)&#8220; custom_padding_tablet=&#8220;50px|0|50px|0&#8243; custom_padding_last_edited=&#8220;on|desktop&#8220; next_background_color=&#8220;#000000&#8243;][et_pb_row admin_label=&#8220;row&#8220; make_fullwidth=&#8220;on&#8220; use_custom_width=&#8220;off&#8220; width_unit=&#8220;on&#8220; use_custom_gutter=&#8220;off&#8220; padding_mobile=&#8220;on&#8220; allow_player_pause=&#8220;off&#8220; parallax=&#8220;on&#8220; parallax_method=&#8220;off&#8220; make_equal=&#8220;off&#8220; custom_padding=&#8220;0|0&#8243; module_class=&#8220;fullwidthpagetitle&#8220;][et_pb_column type=&#8220;4_4&#8243;][et_pb_text admin_label=&#8220;Unsere Gesch\u00e4ftsbedingungen&#8220; background_layout=&#8220;light&#8220; text_orientation=&#8220;left&#8220; background_image=&#8220;https:\/\/welcomeethiopiatours.com\/wp-content\/uploads\/Ethiopia-Photos-Header.jpg&#8220; use_border_color=&#8220;off&#8220; border_color=&#8220;#ffffff&#8220; border_style=&#8220;solid&#8220; custom_padding=&#8220;0||0|&#8220;]<\/p>\n<h1>Unsere Gesch\u00e4ftsbedingungen<\/h1>\n<p>[\/et_pb_text][\/et_pb_column][\/et_pb_row][et_pb_row admin_label=&#8220;row&#8220;][et_pb_column type=&#8220;4_4&#8243;][et_pb_text admin_label=&#8220;Welcome Ethiopia Tours ist daf\u00fcr verantwortlich&#8220; background_layout=&#8220;light&#8220; text_orientation=&#8220;left&#8220; use_border_color=&#8220;off&#8220; border_color=&#8220;#ffffff&#8220; border_style=&#8220;solid&#8220; _builder_version=&#8220;3.1.1&#8243;]<\/p>\n<p>Welcome Ethiopia Tours ist daf\u00fcr verantwortlich, dass alle Vereinbarungen f\u00fcr die Reise effizient und erfolgreich umgesetzt werden. Die folgenden Buchungskonditionen sollen die Verantwortlichkeiten bei Vertragsabschluss zwischen dem Kunden und uns m\u00f6glichst klar darlegen.<\/p>\n<p>[\/et_pb_text][\/et_pb_column][\/et_pb_row][\/et_pb_section][et_pb_section bb_built=&#8220;1&#8243; admin_label=&#8220;section&#8220; fullwidth=&#8220;off&#8220; specialty=&#8220;off&#8220; transparent_background=&#8220;on&#8220; allow_player_pause=&#8220;off&#8220; inner_shadow=&#8220;off&#8220; parallax=&#8220;off&#8220; parallax_method=&#8220;off&#8220; padding_mobile=&#8220;off&#8220; module_class=&#8220;nobac nopad nobor&#8220; make_fullwidth=&#8220;off&#8220; use_custom_width=&#8220;off&#8220; width_unit=&#8220;on&#8220; make_equal=&#8220;off&#8220; use_custom_gutter=&#8220;off&#8220; background_color=&#8220;rgba(255,255,255,0)&#8220; custom_padding_tablet=&#8220;50px|0|50px|0&#8243; custom_padding_last_edited=&#8220;on|desktop&#8220; prev_background_color=&#8220;#000000&#8243;][et_pb_row admin_label=&#8220;row&#8220;][et_pb_column type=&#8220;1_2&#8243;][et_pb_text admin_label=&#8220;Buchungsbest\u00e4tigung&#8220; use_border_color=&#8220;off&#8220; _builder_version=&#8220;3.1.1&#8243;]<\/p>\n<h4>Buchungsbest\u00e4tigung<\/h4>\n<p>Die Person auf dem Buchungsformular ist der &#8222;Lead Kunde&#8220; und handelt aus eigenem Willen. Er oder Sie ist verantwortlich, dass alle Personen, die als &#8222;Zus\u00e4tzliche Teilnehmer&#8220; aufgef\u00fchrt sind, in Kenntnis der Buchungskonditionen sind. \u00a0Der &#8222;Lead Kunde&#8220; garantiert, dass alle &#8222;Zus\u00e4tzlichen Teilnehmer&#8220; mit der Buchung einverstanden sind. Sofern ein &#8222;Zus\u00e4tzlicher Teilnehmer&#8220; unter 18 Jahren ist, muss die Bewilligung der erziehungsberechtigen Person vorliegen. Die Buchung darf ohne schriftliche Best\u00e4tigung durch Welcome Ethiopia Tours nicht abge\u00e4ndert werden. Wenn Sie unsere Offerte annehmen und unterschrieben haben, wird eine Vorauszahlung von 30% f\u00e4llig. Die \u00dcberweisungsmodalit\u00e4ten k\u00f6nnen der Offerte entnommen werden. Sie erhalten eine Best\u00e4tigung mit der finalen Reiseroute und den f\u00fcr Sie gebuchten Hotels. Es besteht erst eine feste Buchung, wenn wir die Best\u00e4tigung von uns unterschrieben, gescannt und als Email an Sie zur\u00fcckgeschickt haben. Der geschuldete Restbetrag muss dann wie in der Reisevereinbarung festgelegt, beglichen werden. Bei Nicht-Bezahlung des Restbetrags wird die Reservation nichtig und die Anzahlung wird nicht r\u00fcckerstattet. Es liegt in der Verantwortung der Reisenden sicherzustellen, dass sie \u00fcber einen g\u00fcltigen Reisepass, und wenn n\u00f6tig, \u00fcber ein Visum sowie den Nachweis von erforderlichen Impfungen verf\u00fcgen.<br \/>\n<div class='one_third et_column_last'>\n\t\t\t\t\t\n\t\t\t\t<\/div><div class='clear'><\/div><\/p>\n<p>[\/et_pb_text][et_pb_text admin_label=&#8220;Stornierungen&#8220; use_border_color=&#8220;off&#8220; _builder_version=&#8220;3.1.1&#8243;]<\/p>\n<h4>Stornierungen<\/h4>\n<p>Stornierungen bereits best\u00e4tigter Buchungen aufgrund pers\u00f6nlicher Umst\u00e4nde der Reisenden werden bis zu 30 Tage vor der Abreise mit einer Stornierungsgeb\u00fchr von 30% des gesamten Tour Preises veranschlagt. F\u00fcr Stornierungen zwischen 30 und 15 Tagen vor Tour Beginn werden 40% des gesamten Tour Preises verrechnet. F\u00fcr Stornierungen zwischen 15 bis 5 Tagen vor Abreise fallen 50% des gesamten Tour Preises an. Von Welcome Ethiopia Tours geleistete\u00a0Vorauszahlungen an Dritte (z.B. f\u00fcr Inlandfl\u00fcge, Hotels und Fahrzeuge) werden dann von diesen nicht mehr r\u00fcckerstattet. F\u00fcr Stornierungen, die uns weniger als 5 Tage vor der Abreise erreichen, m\u00fcssen wir den vollen Preis (100%) berechnen. Wenn die Tour nach Beginn aufgrund pers\u00f6nlicher Umst\u00e4nde fr\u00fchzeitig beendet werden muss, kann Welcome Ethiopia Tours prinzipiell keine R\u00fcckverg\u00fctungen garantieren, wir werden uns aber bem\u00fchen, noch nicht beanspruchte Leistungen zu ber\u00fccksichtigen. Wenn einer oder mehrere Reisende die Reise stornieren, andere die Tour jedoch durchf\u00fchren m\u00f6chten, wird der Preis f\u00fcr die Verbleibenden adaptiert. F\u00fcr die anderen gelten die oben beschrieben Stornierungsgeb\u00fchren. Wenn die verbliebenen G\u00e4ste mit dem h\u00f6heren Preis nicht einverstanden sind, ist Welcome Ethiopia Tours grunds\u00e4tzlich nicht verpflichtet die Reise durchzuf\u00fchren. Bei Stornierungen durch Kunden oder durch Welcome Ethiopia Tour aufgrund von Naturkatastrophen, politischer Instabilit\u00e4t oder Krieg kommen dieselben Konditionen wie oben beschrieben zum Tragen. Wir empfehlen unseren Kunden deshalb dringend eine Stornierungsversicherung.<\/p>\n<p>[\/et_pb_text][\/et_pb_column][et_pb_column type=&#8220;1_2&#8243;][et_pb_text admin_label=&#8220;Versicherung&#8220; background_layout=&#8220;light&#8220; text_orientation=&#8220;left&#8220; use_border_color=&#8220;off&#8220; border_color=&#8220;#ffffff&#8220; border_style=&#8220;solid&#8220;]<\/p>\n<h4>Versicherung<\/h4>\n<p>Sie m\u00fcssen eine Reiseversicherung haben, die Sie f\u00fcr medizinische Betreuung und eine allf\u00e4llige R\u00fcckf\u00fchrung nach Hause deckt. Welcome Ethiopia Tours ist nicht f\u00fcr ihre Reiseversicherung zust\u00e4ndig, garantiert aber die vorgeschriebenen Versicherungen w\u00e4hrend des Transports in unseren Fahrzeugen. Die Versicherungsvorschriften basieren auf der \u00c4thiopischen Gesetzgebung.<\/p>\n<p>[\/et_pb_text][et_pb_text admin_label=&#8220;Verantwortlichkeitund Haftung&#8220; background_layout=&#8220;light&#8220; text_orientation=&#8220;left&#8220; use_border_color=&#8220;off&#8220; border_color=&#8220;#ffffff&#8220; border_style=&#8220;solid&#8220;]<\/p>\n<h4>Verantwortlichkeit und Haftung<\/h4>\n<p>Welcome Ethiopia Tours f\u00fchrt alle Touren nach bestem Wissen und Gewissen und so wie mit dem Kunden vereinbart durch. Sollte es w\u00e4hrend einer Tour trotzdem zu Unstimmigkeiten kommen, kontaktieren Sie bitte unverz\u00fcglich unser B\u00fcro in Addis Abeba und wir werden uns bem\u00fchen, so schnell wie m\u00f6glich eine L\u00f6sung zu finden. Welcome Ethiopia Tours kann aber weder f\u00fcr Stornierungen aufgrund politischer Instabilit\u00e4t, Krieg oder Naturkatastrophen noch f\u00fcr \u00dcberbuchungen durch Drittkunden wie Hotels oder Airlines verantwortlich gemacht werden. \u00a0Obwohl bei Welcome Ethiopia Tours nur sichere und gut versichere Fahrzeuge und Materialien zur Anwendung kommen und wir stets mit gr\u00f6sster Sorgfalt darauf achten, dass unsere G\u00e4ste und Ihr Besitz nicht zu Schaden kommen, kann Welcome Ethiopia Tours nicht f\u00fcr den Verlust oder die Besch\u00e4digung von pers\u00f6nlichen Gegenst\u00e4nden als Folge von Krankheit, Unfall oder anderem Ungl\u00fcck verantwortlich gemacht werden. Alle Kosten, die aus oben beschriebenen Situationen entstehen, m\u00fcssen vom Kunden getragen werden. Im Falle von Diebstahl, Krankheit, Unfall oder anderem Ungl\u00fcck steht Swiss Ethiopia Tour dem Kunden als Vertreter gegen\u00fcber Dritten unterst\u00fctzend zur Seite. S\u00e4mtliche Anspr\u00fcche unterliegen der Zust\u00e4ndigkeit des Gerichts von \u00c4thiopien. Unsere Kunden m\u00fcssen im Besitz einer guten Reise- und Krankenversicherung sein.<\/p>\n<p>[\/et_pb_text][et_pb_text admin_label=&#8220;Preise&#8220; background_layout=&#8220;light&#8220; text_orientation=&#8220;left&#8220; use_border_color=&#8220;off&#8220; border_color=&#8220;#ffffff&#8220; border_style=&#8220;solid&#8220;]<\/p>\n<h4>Preise<\/h4>\n<p>Gerne offerieren wir Ihnen unsere Tour Preise auf Anfrage. Bei starken Preis- oder W\u00e4hrungsschwankungen hat Welcome Ethiopia Tours das Recht die Preise bis 35 Tage vor der Abreise mit einer entsprechenden Begr\u00fcndung zu revidieren. Ist der volle Preis durch den Kunden bereits bezahlt, werden keine Anpassungen seitens Welcome Ethiopia Tours mehr vorgenommen.<\/p>\n<p>[\/et_pb_text][\/et_pb_column][\/et_pb_row][\/et_pb_section]<\/p>","protected":false},"excerpt":{"rendered":"<p>Unsere Gesch\u00e4ftsbedingungen Welcome Ethiopia Tours ist daf\u00fcr verantwortlich, dass alle Vereinbarungen f\u00fcr die Reise effizient und erfolgreich umgesetzt werden. Die folgenden Buchungskonditionen sollen die Verantwortlichkeiten bei Vertragsabschluss zwischen dem Kunden und uns m\u00f6glichst klar darlegen. Buchungsbest\u00e4tigung Die Person auf dem Buchungsformular ist der &#8222;Lead Kunde&#8220; und handelt aus eigenem Willen. Er oder Sie ist verantwortlich, [&hellip;]<\/p>\n","protected":false},"author":1,"featured_media":0,"parent":0,"menu_order":0,"comment_status":"open","ping_status":"open","template":"","meta":{"_et_pb_use_builder":"on","_et_pb_old_content":"","_et_gb_content_width":"","footnotes":""},"class_list":["post-226","page","type-page","status-publish","hentry"],"yoast_head":"<!-- This site is optimized with the Yoast SEO plugin v24.6 - https:\/\/yoast.com\/wordpress\/plugins\/seo\/ -->\n<title>Terms and Conditions - Welcome Ethiopia Tours<\/title>\n<meta name=\"robots\" content=\"index, follow, max-snippet:-1, max-image-preview:large, max-video-preview:-1\" \/>\n<link rel=\"canonical\" href=\"https:\/\/welcomeethiopiatours.com\/de\/terms-and-conditions\/\" \/>\n<meta property=\"og:locale\" content=\"de_DE\" \/>\n<meta property=\"og:type\" content=\"article\" \/>\n<meta property=\"og:title\" content=\"Terms and Conditions - Welcome Ethiopia Tours\" \/>\n<meta property=\"og:description\" content=\"Unsere Gesch\u00e4ftsbedingungen Welcome Ethiopia Tours ist daf\u00fcr verantwortlich, dass alle Vereinbarungen f\u00fcr die Reise effizient und erfolgreich umgesetzt werden. Die folgenden Buchungskonditionen sollen die Verantwortlichkeiten bei Vertragsabschluss zwischen dem Kunden und uns m\u00f6glichst klar darlegen. Buchungsbest\u00e4tigung Die Person auf dem Buchungsformular ist der &quot;Lead Kunde&quot; und handelt aus eigenem Willen. Er oder Sie ist verantwortlich, [&hellip;]\" \/>\n<meta property=\"og:url\" content=\"https:\/\/welcomeethiopiatours.com\/de\/terms-and-conditions\/\" \/>\n<meta property=\"og:site_name\" content=\"Welcome Ethiopia Tours\" \/>\n<meta property=\"article:modified_time\" content=\"2022-10-12T18:14:06+00:00\" \/>\n<meta name=\"twitter:card\" content=\"summary_large_image\" \/>\n<meta name=\"twitter:label1\" content=\"Gesch\u00e4tzte Lesezeit\" \/>\n\t<meta name=\"twitter:data1\" content=\"23\u00a0Minuten\" \/>\n<script type=\"application\/ld+json\" class=\"yoast-schema-graph\">{\"@context\":\"https:\/\/schema.org\",\"@graph\":[{\"@type\":\"WebPage\",\"@id\":\"https:\/\/welcomeethiopiatours.com\/de\/terms-and-conditions\/\",\"url\":\"https:\/\/welcomeethiopiatours.com\/de\/terms-and-conditions\/\",\"name\":\"Terms and Conditions - Welcome Ethiopia Tours\",\"isPartOf\":{\"@id\":\"https:\/\/welcomeethiopiatours.com\/de\/#website\"},\"datePublished\":\"2015-08-28T20:05:57+00:00\",\"dateModified\":\"2022-10-12T18:14:06+00:00\",\"breadcrumb\":{\"@id\":\"https:\/\/welcomeethiopiatours.com\/de\/terms-and-conditions\/#breadcrumb\"},\"inLanguage\":\"de\",\"potentialAction\":[{\"@type\":\"ReadAction\",\"target\":[[\"https:\/\/welcomeethiopiatours.com\/de\/terms-and-conditions\/\"]]}]},{\"@type\":\"BreadcrumbList\",\"@id\":\"https:\/\/welcomeethiopiatours.com\/de\/terms-and-conditions\/#breadcrumb\",\"itemListElement\":[{\"@type\":\"ListItem\",\"position\":1,\"name\":\"Home\",\"item\":\"https:\/\/welcomeethiopiatours.com\/de\/\"},{\"@type\":\"ListItem\",\"position\":2,\"name\":\"Terms and Conditions\"}]},{\"@type\":\"WebSite\",\"@id\":\"https:\/\/welcomeethiopiatours.com\/de\/#website\",\"url\":\"https:\/\/welcomeethiopiatours.com\/de\/\",\"name\":\"Welcome Ethiopia Tours\",\"description\":\"Best Tour Operator in Ethiopia\",\"potentialAction\":[{\"@type\":\"SearchAction\",\"target\":{\"@type\":\"EntryPoint\",\"urlTemplate\":\"https:\/\/welcomeethiopiatours.com\/de\/?s={search_term_string}\"},\"query-input\":{\"@type\":\"PropertyValueSpecification\",\"valueRequired\":true,\"valueName\":\"search_term_string\"}}],\"inLanguage\":\"de\"}]}<\/script>\n<!-- \/ Yoast SEO plugin. -->","yoast_head_json":{"title":"Terms and Conditions - Welcome Ethiopia Tours","robots":{"index":"index","follow":"follow","max-snippet":"max-snippet:-1","max-image-preview":"max-image-preview:large","max-video-preview":"max-video-preview:-1"},"canonical":"https:\/\/welcomeethiopiatours.com\/de\/terms-and-conditions\/","og_locale":"de_DE","og_type":"article","og_title":"Terms and Conditions - Welcome Ethiopia Tours","og_description":"Unsere Gesch\u00e4ftsbedingungen Welcome Ethiopia Tours ist daf\u00fcr verantwortlich, dass alle Vereinbarungen f\u00fcr die Reise effizient und erfolgreich umgesetzt werden. Die folgenden Buchungskonditionen sollen die Verantwortlichkeiten bei Vertragsabschluss zwischen dem Kunden und uns m\u00f6glichst klar darlegen. Buchungsbest\u00e4tigung Die Person auf dem Buchungsformular ist der \"Lead Kunde\" und handelt aus eigenem Willen. Er oder Sie ist verantwortlich, [&hellip;]","og_url":"https:\/\/welcomeethiopiatours.com\/de\/terms-and-conditions\/","og_site_name":"Welcome Ethiopia Tours","article_modified_time":"2022-10-12T18:14:06+00:00","twitter_card":"summary_large_image","twitter_misc":{"Gesch\u00e4tzte Lesezeit":"23\u00a0Minuten"},"schema":{"@context":"https:\/\/schema.org","@graph":[{"@type":"WebPage","@id":"https:\/\/welcomeethiopiatours.com\/de\/terms-and-conditions\/","url":"https:\/\/welcomeethiopiatours.com\/de\/terms-and-conditions\/","name":"Terms and Conditions - Welcome Ethiopia Tours","isPartOf":{"@id":"https:\/\/welcomeethiopiatours.com\/de\/#website"},"datePublished":"2015-08-28T20:05:57+00:00","dateModified":"2022-10-12T18:14:06+00:00","breadcrumb":{"@id":"https:\/\/welcomeethiopiatours.com\/de\/terms-and-conditions\/#breadcrumb"},"inLanguage":"de","potentialAction":[{"@type":"ReadAction","target":[["https:\/\/welcomeethiopiatours.com\/de\/terms-and-conditions\/"]]}]},{"@type":"BreadcrumbList","@id":"https:\/\/welcomeethiopiatours.com\/de\/terms-and-conditions\/#breadcrumb","itemListElement":[{"@type":"ListItem","position":1,"name":"Home","item":"https:\/\/welcomeethiopiatours.com\/de\/"},{"@type":"ListItem","position":2,"name":"Terms and Conditions"}]},{"@type":"WebSite","@id":"https:\/\/welcomeethiopiatours.com\/de\/#website","url":"https:\/\/welcomeethiopiatours.com\/de\/","name":"Welcome Ethiopia Tours","description":"Best Tour Operator in Ethiopia","potentialAction":[{"@type":"SearchAction","target":{"@type":"EntryPoint","urlTemplate":"https:\/\/welcomeethiopiatours.com\/de\/?s={search_term_string}"},"query-input":{"@type":"PropertyValueSpecification","valueRequired":true,"valueName":"search_term_string"}}],"inLanguage":"de"}]}},"_links":{"self":[{"href":"https:\/\/welcomeethiopiatours.com\/de\/wp-json\/wp\/v2\/pages\/226","targetHints":{"allow":["GET"]}}],"collection":[{"href":"https:\/\/welcomeethiopiatours.com\/de\/wp-json\/wp\/v2\/pages"}],"about":[{"href":"https:\/\/welcomeethiopiatours.com\/de\/wp-json\/wp\/v2\/types\/page"}],"author":[{"embeddable":true,"href":"https:\/\/welcomeethiopiatours.com\/de\/wp-json\/wp\/v2\/users\/1"}],"replies":[{"embeddable":true,"href":"https:\/\/welcomeethiopiatours.com\/de\/wp-json\/wp\/v2\/comments?post=226"}],"version-history":[{"count":0,"href":"https:\/\/welcomeethiopiatours.com\/de\/wp-json\/wp\/v2\/pages\/226\/revisions"}],"wp:attachment":[{"href":"https:\/\/welcomeethiopiatours.com\/de\/wp-json\/wp\/v2\/media?parent=226"}],"curies":[{"name":"wp","href":"https:\/\/api.w.org\/{rel}","templated":true}]}}