{"id":305,"date":"2015-08-31T12:12:31","date_gmt":"2015-08-31T12:12:31","guid":{"rendered":"https:\/\/welcomeethiopiatours.com\/?page_id=305"},"modified":"2022-10-12T18:30:34","modified_gmt":"2022-10-12T18:30:34","slug":"money-matters","status":"publish","type":"page","link":"https:\/\/welcomeethiopiatours.com\/de\/money-matters\/","title":{"rendered":"Money Matters"},"content":{"rendered":"<p>[et_pb_section transparent_background=&#8220;on&#8220; allow_player_pause=&#8220;off&#8220; inner_shadow=&#8220;off&#8220; parallax=&#8220;off&#8220; parallax_method=&#8220;off&#8220; padding_mobile=&#8220;off&#8220; make_fullwidth=&#8220;off&#8220; use_custom_width=&#8220;off&#8220; width_unit=&#8220;on&#8220; make_equal=&#8220;off&#8220; use_custom_gutter=&#8220;off&#8220; module_class=&#8220;nobac nopad nobor nospace2columns&#8220;][et_pb_row make_fullwidth=&#8220;on&#8220; use_custom_width=&#8220;off&#8220; width_unit=&#8220;on&#8220; use_custom_gutter=&#8220;off&#8220; padding_mobile=&#8220;on&#8220; allow_player_pause=&#8220;off&#8220; parallax=&#8220;on&#8220; parallax_method=&#8220;off&#8220; make_equal=&#8220;off&#8220; custom_padding=&#8220;0|0&#8243; module_class=&#8220;fullwidthpagetitle&#8220;][et_pb_column type=&#8220;4_4&#8243;][et_pb_text admin_label=&#8220;Geld und W\u00e4hrung&#8220; background_layout=&#8220;light&#8220; text_orientation=&#8220;left&#8220; background_image=&#8220;https:\/\/welcomeethiopiatours.com\/wp-content\/uploads\/Ethiopia-Photos-Header.jpg&#8220; use_border_color=&#8220;off&#8220; border_color=&#8220;#ffffff&#8220; border_style=&#8220;solid&#8220; custom_padding=&#8220;0||0|&#8220;]<\/p>\n<h1>Geld und W\u00e4hrung<\/h1>\n<p>[\/et_pb_text][\/et_pb_column][\/et_pb_row][et_pb_row make_fullwidth=&#8220;off&#8220; use_custom_width=&#8220;off&#8220; width_unit=&#8220;on&#8220; use_custom_gutter=&#8220;off&#8220; padding_mobile=&#8220;off&#8220; allow_player_pause=&#8220;off&#8220; parallax=&#8220;off&#8220; parallax_method=&#8220;off&#8220; make_equal=&#8220;off&#8220;][et_pb_column type=&#8220;1_2&#8243;][et_pb_text admin_label=&#8220;W\u00e4hrung&#8220; background_layout=&#8220;light&#8220; text_orientation=&#8220;left&#8220; use_border_color=&#8220;off&#8220; border_color=&#8220;#ffffff&#8220; border_style=&#8220;solid&#8220;]<\/p>\n<h4><strong>W\u00e4hrung<\/strong><\/h4>\n<p>Die W\u00e4hrung \u00c4thiopiens ist der Birr (ETB), mit einem ungef\u00e4hren Wechselkurs von 21 Birr zu 1 US$ (Dezember\u00a02015). Birr d\u00fcrfen weder eingef\u00fchrt noch ausgef\u00fchrt werden. Besucher m\u00fcssen Barbetr\u00e4ge \u00fcber 3&#8217;000 USD bei der Ankunft am Zoll deklarieren.<br \/>\n[\/et_pb_text][et_pb_text admin_label=&#8220;Geldbez\u00fcge und Wechselm\u00f6glichkeiten&#8220; background_layout=&#8220;light&#8220; text_orientation=&#8220;left&#8220; use_border_color=&#8220;off&#8220; border_color=&#8220;#ffffff&#8220; border_style=&#8220;solid&#8220;]<\/p>\n<h4><strong>Geldbez\u00fcge und Wechselm\u00f6glichkeiten<\/strong><\/h4>\n<p>Es empfiehlt sich das Geld, das man unterwegs ausgeben m\u00f6chte mehrheitlich als Bargeld mitzutragen. US Dollars, englische\u00a0Pfund\u00a0oder Euros k\u00f6nnen in den St\u00e4dten problemlos gewechselt werden. Am Flughafen muss man je nachdem l\u00e4ngere Wartezeiten in Kauf nehmen. In diesem Fall empfiehlt sich auf einer Bank in Addis Abeba zu wechseln. US Dollar, Pfund Sterling oder Euros sollten sauber und ohne Risse sein. Thomas Cook oder American Express Traveller Checks k\u00f6nnen zwar am Flughafen gewechselt werden, aber anderswo kann es schwierig sein. In Addis Abeba gibt es viele Bankomaten und mit Visa oder\u00a0Mastercard kann an den meisten Bankomaten Bargeld bezogen werden. Auch gr\u00f6ssere Hotels und Restaurants akzeptieren in der Regel Kreditkarten. Doch ausserhalb der St\u00e4dte sind Kreditkarten meist nutzlos. F\u00fcr Kreditkarten Transaktionen werden zudem in der Regel Geb\u00fchren zwischen 2.5% und 10% des Transaktionsbetrages erhoben. Meist verrechnet Ihnen auch Ihre Bank noch eine zus\u00e4tzliche Geb\u00fchr f\u00fcr Bankomat Bez\u00fcge im Ausland. Leider gibt es auch keine Garantie, dass Ihre Kreditkarten in \u00c4thiopien immer funktionieren werden. Kl\u00e4ren Sie das mit Ihrer Bank vor der Reise ab. Bitte verlassen Sie sich nicht ausschliesslich auf Kredit- oder Debit Karten als Quelle ihres Geldes. Die Erfahrung hat gezeigt, dass es besser ist nach der Ankunft den gr\u00f6ssten Teil ihrer geplanten Ausgaben als Bargeld zu beziehen. Wir k\u00f6nnen Sie gerne beraten, wie viel Geld Sie in etwa brauchen.<br \/>\n[\/et_pb_text][\/et_pb_column][et_pb_column type=&#8220;1_2&#8243;][et_pb_text admin_label=&#8220;Trinkgeld&#8220; background_layout=&#8220;light&#8220; text_orientation=&#8220;left&#8220; use_border_color=&#8220;off&#8220; border_color=&#8220;#ffffff&#8220; border_style=&#8220;solid&#8220;]<\/p>\n<h4><strong>Trinkgeld<\/strong><\/h4>\n<p>In den meisten Restaurants und Hotels sind 10 Prozent Trinkgeld auf der Rechnung \u00fcblich. Trinkgeld zu geben ist ein \u00fcblicher Brauch in \u00c4thiopien, den Betrag k\u00f6nnen sie nat\u00fcrlich vom Service abh\u00e4ngig machen.<br \/>\n[\/et_pb_text][et_pb_text admin_label=&#8220;Kurier und Geldtransfer&#8220; background_layout=&#8220;light&#8220; text_orientation=&#8220;left&#8220; use_border_color=&#8220;off&#8220; border_color=&#8220;#ffffff&#8220; border_style=&#8220;solid&#8220;]<\/p>\n<h4><strong>Kurier und Geldtransfer<\/strong><\/h4>\n<p>Geld Transfers k\u00f6nnen durch Western Union oder\u00a0Money Gram get\u00e4tigt werden. Beide Firmen sind im ganzen Land vertreten und bieten ihren Service meist auf Banken an. DHL, FedEx, UPS, TNT und EMS haben ebenfalls B\u00fcros in Addis Ababa<br \/>\n[\/et_pb_text][et_pb_text admin_label=&#8220;Pers\u00f6nliche Ausgaben&#8220; background_layout=&#8220;light&#8220; text_orientation=&#8220;left&#8220; use_border_color=&#8220;off&#8220; border_color=&#8220;#ffffff&#8220; border_style=&#8220;solid&#8220;]<\/p>\n<h4><strong>Pers\u00f6nliche Ausgaben<\/strong><\/h4>\n<p>Bringen Sie etwas Geld mit, wenn Sie planen Schmuck, Kleider, Textilien, Schnitzereien, oder andere Souvenirs zu kaufen. Auch alkoholische Getr\u00e4nke m\u00fcssen selbst bezahlt werde<br \/>\n[\/et_pb_text][\/et_pb_column][\/et_pb_row][\/et_pb_section]<\/p>","protected":false},"excerpt":{"rendered":"<p>Geld und W\u00e4hrung W\u00e4hrung Die W\u00e4hrung \u00c4thiopiens ist der Birr (ETB), mit einem ungef\u00e4hren Wechselkurs von 21 Birr zu 1 US$ (Dezember\u00a02015). Birr d\u00fcrfen weder eingef\u00fchrt noch ausgef\u00fchrt werden. Besucher m\u00fcssen Barbetr\u00e4ge \u00fcber 3&#8217;000 USD bei der Ankunft am Zoll deklarieren. Geldbez\u00fcge und Wechselm\u00f6glichkeiten Es empfiehlt sich das Geld, das man unterwegs ausgeben m\u00f6chte mehrheitlich [&hellip;]<\/p>\n","protected":false},"author":1,"featured_media":0,"parent":0,"menu_order":0,"comment_status":"open","ping_status":"open","template":"","meta":{"_et_pb_use_builder":"on","_et_pb_old_content":"","_et_gb_content_width":"","footnotes":""},"class_list":["post-305","page","type-page","status-publish","hentry"],"yoast_head":"<!-- This site is optimized with the Yoast SEO plugin v24.6 - https:\/\/yoast.com\/wordpress\/plugins\/seo\/ -->\n<title>Money Matters - Welcome Ethiopia Tours<\/title>\n<meta name=\"robots\" content=\"index, follow, max-snippet:-1, max-image-preview:large, max-video-preview:-1\" \/>\n<link rel=\"canonical\" href=\"https:\/\/welcomeethiopiatours.com\/de\/money-matters\/\" \/>\n<meta property=\"og:locale\" content=\"de_DE\" \/>\n<meta property=\"og:type\" content=\"article\" \/>\n<meta property=\"og:title\" content=\"Money Matters - Welcome Ethiopia Tours\" \/>\n<meta property=\"og:description\" content=\"Geld und W\u00e4hrung W\u00e4hrung Die W\u00e4hrung \u00c4thiopiens ist der Birr (ETB), mit einem ungef\u00e4hren Wechselkurs von 21 Birr zu 1 US$ (Dezember\u00a02015). Birr d\u00fcrfen weder eingef\u00fchrt noch ausgef\u00fchrt werden. Besucher m\u00fcssen Barbetr\u00e4ge \u00fcber 3&#039;000 USD bei der Ankunft am Zoll deklarieren. Geldbez\u00fcge und Wechselm\u00f6glichkeiten Es empfiehlt sich das Geld, das man unterwegs ausgeben m\u00f6chte mehrheitlich [&hellip;]\" \/>\n<meta property=\"og:url\" content=\"https:\/\/welcomeethiopiatours.com\/de\/money-matters\/\" \/>\n<meta property=\"og:site_name\" content=\"Welcome Ethiopia Tours\" \/>\n<meta property=\"article:modified_time\" content=\"2022-10-12T18:30:34+00:00\" \/>\n<meta name=\"twitter:card\" content=\"summary_large_image\" \/>\n<meta name=\"twitter:label1\" content=\"Gesch\u00e4tzte Lesezeit\" \/>\n\t<meta name=\"twitter:data1\" content=\"13\u00a0Minuten\" \/>\n<script type=\"application\/ld+json\" class=\"yoast-schema-graph\">{\"@context\":\"https:\/\/schema.org\",\"@graph\":[{\"@type\":\"WebPage\",\"@id\":\"https:\/\/welcomeethiopiatours.com\/de\/money-matters\/\",\"url\":\"https:\/\/welcomeethiopiatours.com\/de\/money-matters\/\",\"name\":\"Money Matters - Welcome Ethiopia Tours\",\"isPartOf\":{\"@id\":\"https:\/\/welcomeethiopiatours.com\/de\/#website\"},\"datePublished\":\"2015-08-31T12:12:31+00:00\",\"dateModified\":\"2022-10-12T18:30:34+00:00\",\"breadcrumb\":{\"@id\":\"https:\/\/welcomeethiopiatours.com\/de\/money-matters\/#breadcrumb\"},\"inLanguage\":\"de\",\"potentialAction\":[{\"@type\":\"ReadAction\",\"target\":[[\"https:\/\/welcomeethiopiatours.com\/de\/money-matters\/\"]]}]},{\"@type\":\"BreadcrumbList\",\"@id\":\"https:\/\/welcomeethiopiatours.com\/de\/money-matters\/#breadcrumb\",\"itemListElement\":[{\"@type\":\"ListItem\",\"position\":1,\"name\":\"Home\",\"item\":\"https:\/\/welcomeethiopiatours.com\/de\/\"},{\"@type\":\"ListItem\",\"position\":2,\"name\":\"Money Matters\"}]},{\"@type\":\"WebSite\",\"@id\":\"https:\/\/welcomeethiopiatours.com\/de\/#website\",\"url\":\"https:\/\/welcomeethiopiatours.com\/de\/\",\"name\":\"Welcome Ethiopia Tours\",\"description\":\"Best Tour Operator in Ethiopia\",\"potentialAction\":[{\"@type\":\"SearchAction\",\"target\":{\"@type\":\"EntryPoint\",\"urlTemplate\":\"https:\/\/welcomeethiopiatours.com\/de\/?s={search_term_string}\"},\"query-input\":{\"@type\":\"PropertyValueSpecification\",\"valueRequired\":true,\"valueName\":\"search_term_string\"}}],\"inLanguage\":\"de\"}]}<\/script>\n<!-- \/ Yoast SEO plugin. -->","yoast_head_json":{"title":"Money Matters - Welcome Ethiopia Tours","robots":{"index":"index","follow":"follow","max-snippet":"max-snippet:-1","max-image-preview":"max-image-preview:large","max-video-preview":"max-video-preview:-1"},"canonical":"https:\/\/welcomeethiopiatours.com\/de\/money-matters\/","og_locale":"de_DE","og_type":"article","og_title":"Money Matters - Welcome Ethiopia Tours","og_description":"Geld und W\u00e4hrung W\u00e4hrung Die W\u00e4hrung \u00c4thiopiens ist der Birr (ETB), mit einem ungef\u00e4hren Wechselkurs von 21 Birr zu 1 US$ (Dezember\u00a02015). Birr d\u00fcrfen weder eingef\u00fchrt noch ausgef\u00fchrt werden. Besucher m\u00fcssen Barbetr\u00e4ge \u00fcber 3'000 USD bei der Ankunft am Zoll deklarieren. Geldbez\u00fcge und Wechselm\u00f6glichkeiten Es empfiehlt sich das Geld, das man unterwegs ausgeben m\u00f6chte mehrheitlich [&hellip;]","og_url":"https:\/\/welcomeethiopiatours.com\/de\/money-matters\/","og_site_name":"Welcome Ethiopia Tours","article_modified_time":"2022-10-12T18:30:34+00:00","twitter_card":"summary_large_image","twitter_misc":{"Gesch\u00e4tzte Lesezeit":"13\u00a0Minuten"},"schema":{"@context":"https:\/\/schema.org","@graph":[{"@type":"WebPage","@id":"https:\/\/welcomeethiopiatours.com\/de\/money-matters\/","url":"https:\/\/welcomeethiopiatours.com\/de\/money-matters\/","name":"Money Matters - Welcome Ethiopia Tours","isPartOf":{"@id":"https:\/\/welcomeethiopiatours.com\/de\/#website"},"datePublished":"2015-08-31T12:12:31+00:00","dateModified":"2022-10-12T18:30:34+00:00","breadcrumb":{"@id":"https:\/\/welcomeethiopiatours.com\/de\/money-matters\/#breadcrumb"},"inLanguage":"de","potentialAction":[{"@type":"ReadAction","target":[["https:\/\/welcomeethiopiatours.com\/de\/money-matters\/"]]}]},{"@type":"BreadcrumbList","@id":"https:\/\/welcomeethiopiatours.com\/de\/money-matters\/#breadcrumb","itemListElement":[{"@type":"ListItem","position":1,"name":"Home","item":"https:\/\/welcomeethiopiatours.com\/de\/"},{"@type":"ListItem","position":2,"name":"Money Matters"}]},{"@type":"WebSite","@id":"https:\/\/welcomeethiopiatours.com\/de\/#website","url":"https:\/\/welcomeethiopiatours.com\/de\/","name":"Welcome Ethiopia Tours","description":"Best Tour Operator in Ethiopia","potentialAction":[{"@type":"SearchAction","target":{"@type":"EntryPoint","urlTemplate":"https:\/\/welcomeethiopiatours.com\/de\/?s={search_term_string}"},"query-input":{"@type":"PropertyValueSpecification","valueRequired":true,"valueName":"search_term_string"}}],"inLanguage":"de"}]}},"_links":{"self":[{"href":"https:\/\/welcomeethiopiatours.com\/de\/wp-json\/wp\/v2\/pages\/305","targetHints":{"allow":["GET"]}}],"collection":[{"href":"https:\/\/welcomeethiopiatours.com\/de\/wp-json\/wp\/v2\/pages"}],"about":[{"href":"https:\/\/welcomeethiopiatours.com\/de\/wp-json\/wp\/v2\/types\/page"}],"author":[{"embeddable":true,"href":"https:\/\/welcomeethiopiatours.com\/de\/wp-json\/wp\/v2\/users\/1"}],"replies":[{"embeddable":true,"href":"https:\/\/welcomeethiopiatours.com\/de\/wp-json\/wp\/v2\/comments?post=305"}],"version-history":[{"count":0,"href":"https:\/\/welcomeethiopiatours.com\/de\/wp-json\/wp\/v2\/pages\/305\/revisions"}],"wp:attachment":[{"href":"https:\/\/welcomeethiopiatours.com\/de\/wp-json\/wp\/v2\/media?parent=305"}],"curies":[{"name":"wp","href":"https:\/\/api.w.org\/{rel}","templated":true}]}}