{"id":330,"date":"2015-08-31T21:31:50","date_gmt":"2015-08-31T21:31:50","guid":{"rendered":"https:\/\/welcomeethiopiatours.com\/?page_id=330"},"modified":"2022-10-12T18:53:16","modified_gmt":"2022-10-12T18:53:16","slug":"altitudes-and-temperatures","status":"publish","type":"page","link":"https:\/\/welcomeethiopiatours.com\/de\/altitudes-and-temperatures\/","title":{"rendered":"Altitudes and Temperatures"},"content":{"rendered":"<p>[et_pb_section transparent_background=&#8220;on&#8220; allow_player_pause=&#8220;off&#8220; inner_shadow=&#8220;off&#8220; parallax=&#8220;off&#8220; parallax_method=&#8220;off&#8220; padding_mobile=&#8220;off&#8220; make_fullwidth=&#8220;off&#8220; use_custom_width=&#8220;off&#8220; width_unit=&#8220;on&#8220; make_equal=&#8220;off&#8220; use_custom_gutter=&#8220;off&#8220; module_class=&#8220;nobac nopad nobor nospace2columns&#8220;][et_pb_row make_fullwidth=&#8220;on&#8220; use_custom_width=&#8220;off&#8220; width_unit=&#8220;on&#8220; use_custom_gutter=&#8220;off&#8220; padding_mobile=&#8220;on&#8220; allow_player_pause=&#8220;off&#8220; parallax=&#8220;on&#8220; parallax_method=&#8220;off&#8220; make_equal=&#8220;off&#8220; custom_padding=&#8220;0|0&#8243; module_class=&#8220;fullwidthpagetitle&#8220;][et_pb_column type=&#8220;4_4&#8243;][et_pb_text admin_label=&#8220;H\u00f6hen und Temperaturen&#8220; background_layout=&#8220;light&#8220; text_orientation=&#8220;left&#8220; background_image=&#8220;https:\/\/welcomeethiopiatours.com\/wp-content\/uploads\/Ethiopia-Photos-Header.jpg&#8220; use_border_color=&#8220;off&#8220; border_color=&#8220;#ffffff&#8220; border_style=&#8220;solid&#8220; custom_padding=&#8220;0||0|&#8220;]<\/p>\n<h1>H\u00f6hen und Temperaturen<\/h1>\n<p>[\/et_pb_text][\/et_pb_column][\/et_pb_row][et_pb_row make_fullwidth=&#8220;off&#8220; use_custom_width=&#8220;off&#8220; width_unit=&#8220;on&#8220; use_custom_gutter=&#8220;off&#8220; padding_mobile=&#8220;off&#8220; allow_player_pause=&#8220;off&#8220; parallax=&#8220;off&#8220; parallax_method=&#8220;off&#8220; make_equal=&#8220;off&#8220;][et_pb_column type=&#8220;4_4&#8243;][et_pb_text admin_label=&#8220;Text&#8220; background_layout=&#8220;light&#8220; text_orientation=&#8220;left&#8220; use_border_color=&#8220;off&#8220; border_color=&#8220;#ffffff&#8220; border_style=&#8220;solid&#8220;]<\/p>\n<table width=\"564\">\n<tbody>\n<tr>\n<td width=\"122\"><strong>Gebiet<\/strong><\/td>\n<td width=\"170\"><strong>H\u00f6he in Meter<\/strong><\/td>\n<td width=\"161\"><strong>Durchschnittl. Temperatur in Grad<\/strong><\/td>\n<td width=\"110\"><strong>Generelle Beschreibung<\/strong><\/td>\n<\/tr>\n<tr>\n<td><\/td>\n<td width=\"170\"><\/td>\n<td><\/td>\n<td><\/td>\n<\/tr>\n<tr>\n<td>Simien &amp; Bale Berge<\/td>\n<td width=\"170\">3&#8217;300 und h\u00f6her<\/td>\n<td>10 oder weniger<\/td>\n<td>k\u00fchl<\/td>\n<\/tr>\n<tr>\n<td>Norden<\/td>\n<td width=\"170\">2&#8217;300-3&#8217;300<\/td>\n<td>10-15<\/td>\n<td>k\u00fchl, moderat<\/td>\n<\/tr>\n<tr>\n<td>Addis &amp;Osten<\/td>\n<td width=\"170\">1&#8217;500-2&#8217;300<\/td>\n<td>15-25<\/td>\n<td>moderat<\/td>\n<\/tr>\n<tr>\n<td>Rift Valley &amp;S\u00fcden<\/td>\n<td width=\"170\">500-1&#8217;500<\/td>\n<td>20-25<\/td>\n<td>warm , moderat<\/td>\n<\/tr>\n<tr>\n<td>Afar<\/td>\n<td width=\"170\">unter 500<\/td>\n<td>28 oder mehr<\/td>\n<td>heiss<\/td>\n<\/tr>\n<\/tbody>\n<\/table>\n<p>[\/et_pb_text][\/et_pb_column][\/et_pb_row][\/et_pb_section]<\/p>","protected":false},"excerpt":{"rendered":"<p>H\u00f6hen und Temperaturen Gebiet H\u00f6he in Meter Durchschnittl. Temperatur in Grad Generelle Beschreibung Simien &amp; Bale Berge 3&#8217;300 und h\u00f6her 10 oder weniger k\u00fchl Norden 2&#8217;300-3&#8217;300 10-15 k\u00fchl, moderat Addis &amp;Osten 1&#8217;500-2&#8217;300 15-25 moderat Rift Valley &amp;S\u00fcden 500-1&#8217;500 20-25 warm , moderat Afar unter 500 28 oder mehr heiss<\/p>\n","protected":false},"author":1,"featured_media":0,"parent":0,"menu_order":0,"comment_status":"open","ping_status":"open","template":"","meta":{"_et_pb_use_builder":"on","_et_pb_old_content":"","_et_gb_content_width":"","footnotes":""},"class_list":["post-330","page","type-page","status-publish","hentry"],"yoast_head":"<!-- This site is optimized with the Yoast SEO plugin v24.6 - https:\/\/yoast.com\/wordpress\/plugins\/seo\/ -->\n<title>Altitudes and Temperatures - Welcome Ethiopia Tours<\/title>\n<meta name=\"robots\" content=\"index, follow, max-snippet:-1, max-image-preview:large, max-video-preview:-1\" \/>\n<link rel=\"canonical\" href=\"https:\/\/welcomeethiopiatours.com\/de\/altitudes-and-temperatures\/\" \/>\n<meta property=\"og:locale\" content=\"de_DE\" \/>\n<meta property=\"og:type\" content=\"article\" \/>\n<meta property=\"og:title\" content=\"Altitudes and Temperatures - Welcome Ethiopia Tours\" \/>\n<meta property=\"og:description\" content=\"H\u00f6hen und Temperaturen Gebiet H\u00f6he in Meter Durchschnittl. Temperatur in Grad Generelle Beschreibung Simien &amp; Bale Berge 3&#039;300 und h\u00f6her 10 oder weniger k\u00fchl Norden 2&#039;300-3&#039;300 10-15 k\u00fchl, moderat Addis &amp;Osten 1&#039;500-2&#039;300 15-25 moderat Rift Valley &amp;S\u00fcden 500-1&#039;500 20-25 warm , moderat Afar unter 500 28 oder mehr heiss\" \/>\n<meta property=\"og:url\" content=\"https:\/\/welcomeethiopiatours.com\/de\/altitudes-and-temperatures\/\" \/>\n<meta property=\"og:site_name\" content=\"Welcome Ethiopia Tours\" \/>\n<meta property=\"article:modified_time\" content=\"2022-10-12T18:53:16+00:00\" \/>\n<meta name=\"twitter:card\" content=\"summary_large_image\" \/>\n<meta name=\"twitter:label1\" content=\"Gesch\u00e4tzte Lesezeit\" \/>\n\t<meta name=\"twitter:data1\" content=\"4\u00a0Minuten\" \/>\n<script type=\"application\/ld+json\" class=\"yoast-schema-graph\">{\"@context\":\"https:\/\/schema.org\",\"@graph\":[{\"@type\":\"WebPage\",\"@id\":\"https:\/\/welcomeethiopiatours.com\/de\/altitudes-and-temperatures\/\",\"url\":\"https:\/\/welcomeethiopiatours.com\/de\/altitudes-and-temperatures\/\",\"name\":\"Altitudes and Temperatures - Welcome Ethiopia Tours\",\"isPartOf\":{\"@id\":\"https:\/\/welcomeethiopiatours.com\/de\/#website\"},\"datePublished\":\"2015-08-31T21:31:50+00:00\",\"dateModified\":\"2022-10-12T18:53:16+00:00\",\"breadcrumb\":{\"@id\":\"https:\/\/welcomeethiopiatours.com\/de\/altitudes-and-temperatures\/#breadcrumb\"},\"inLanguage\":\"de\",\"potentialAction\":[{\"@type\":\"ReadAction\",\"target\":[[\"https:\/\/welcomeethiopiatours.com\/de\/altitudes-and-temperatures\/\"]]}]},{\"@type\":\"BreadcrumbList\",\"@id\":\"https:\/\/welcomeethiopiatours.com\/de\/altitudes-and-temperatures\/#breadcrumb\",\"itemListElement\":[{\"@type\":\"ListItem\",\"position\":1,\"name\":\"Home\",\"item\":\"https:\/\/welcomeethiopiatours.com\/de\/\"},{\"@type\":\"ListItem\",\"position\":2,\"name\":\"Altitudes and Temperatures\"}]},{\"@type\":\"WebSite\",\"@id\":\"https:\/\/welcomeethiopiatours.com\/de\/#website\",\"url\":\"https:\/\/welcomeethiopiatours.com\/de\/\",\"name\":\"Welcome Ethiopia Tours\",\"description\":\"Best Tour Operator in Ethiopia\",\"potentialAction\":[{\"@type\":\"SearchAction\",\"target\":{\"@type\":\"EntryPoint\",\"urlTemplate\":\"https:\/\/welcomeethiopiatours.com\/de\/?s={search_term_string}\"},\"query-input\":{\"@type\":\"PropertyValueSpecification\",\"valueRequired\":true,\"valueName\":\"search_term_string\"}}],\"inLanguage\":\"de\"}]}<\/script>\n<!-- \/ Yoast SEO plugin. -->","yoast_head_json":{"title":"Altitudes and Temperatures - Welcome Ethiopia Tours","robots":{"index":"index","follow":"follow","max-snippet":"max-snippet:-1","max-image-preview":"max-image-preview:large","max-video-preview":"max-video-preview:-1"},"canonical":"https:\/\/welcomeethiopiatours.com\/de\/altitudes-and-temperatures\/","og_locale":"de_DE","og_type":"article","og_title":"Altitudes and Temperatures - Welcome Ethiopia Tours","og_description":"H\u00f6hen und Temperaturen Gebiet H\u00f6he in Meter Durchschnittl. Temperatur in Grad Generelle Beschreibung Simien &amp; Bale Berge 3'300 und h\u00f6her 10 oder weniger k\u00fchl Norden 2'300-3'300 10-15 k\u00fchl, moderat Addis &amp;Osten 1'500-2'300 15-25 moderat Rift Valley &amp;S\u00fcden 500-1'500 20-25 warm , moderat Afar unter 500 28 oder mehr heiss","og_url":"https:\/\/welcomeethiopiatours.com\/de\/altitudes-and-temperatures\/","og_site_name":"Welcome Ethiopia Tours","article_modified_time":"2022-10-12T18:53:16+00:00","twitter_card":"summary_large_image","twitter_misc":{"Gesch\u00e4tzte Lesezeit":"4\u00a0Minuten"},"schema":{"@context":"https:\/\/schema.org","@graph":[{"@type":"WebPage","@id":"https:\/\/welcomeethiopiatours.com\/de\/altitudes-and-temperatures\/","url":"https:\/\/welcomeethiopiatours.com\/de\/altitudes-and-temperatures\/","name":"Altitudes and Temperatures - Welcome Ethiopia Tours","isPartOf":{"@id":"https:\/\/welcomeethiopiatours.com\/de\/#website"},"datePublished":"2015-08-31T21:31:50+00:00","dateModified":"2022-10-12T18:53:16+00:00","breadcrumb":{"@id":"https:\/\/welcomeethiopiatours.com\/de\/altitudes-and-temperatures\/#breadcrumb"},"inLanguage":"de","potentialAction":[{"@type":"ReadAction","target":[["https:\/\/welcomeethiopiatours.com\/de\/altitudes-and-temperatures\/"]]}]},{"@type":"BreadcrumbList","@id":"https:\/\/welcomeethiopiatours.com\/de\/altitudes-and-temperatures\/#breadcrumb","itemListElement":[{"@type":"ListItem","position":1,"name":"Home","item":"https:\/\/welcomeethiopiatours.com\/de\/"},{"@type":"ListItem","position":2,"name":"Altitudes and Temperatures"}]},{"@type":"WebSite","@id":"https:\/\/welcomeethiopiatours.com\/de\/#website","url":"https:\/\/welcomeethiopiatours.com\/de\/","name":"Welcome Ethiopia Tours","description":"Best Tour Operator in Ethiopia","potentialAction":[{"@type":"SearchAction","target":{"@type":"EntryPoint","urlTemplate":"https:\/\/welcomeethiopiatours.com\/de\/?s={search_term_string}"},"query-input":{"@type":"PropertyValueSpecification","valueRequired":true,"valueName":"search_term_string"}}],"inLanguage":"de"}]}},"_links":{"self":[{"href":"https:\/\/welcomeethiopiatours.com\/de\/wp-json\/wp\/v2\/pages\/330","targetHints":{"allow":["GET"]}}],"collection":[{"href":"https:\/\/welcomeethiopiatours.com\/de\/wp-json\/wp\/v2\/pages"}],"about":[{"href":"https:\/\/welcomeethiopiatours.com\/de\/wp-json\/wp\/v2\/types\/page"}],"author":[{"embeddable":true,"href":"https:\/\/welcomeethiopiatours.com\/de\/wp-json\/wp\/v2\/users\/1"}],"replies":[{"embeddable":true,"href":"https:\/\/welcomeethiopiatours.com\/de\/wp-json\/wp\/v2\/comments?post=330"}],"version-history":[{"count":0,"href":"https:\/\/welcomeethiopiatours.com\/de\/wp-json\/wp\/v2\/pages\/330\/revisions"}],"wp:attachment":[{"href":"https:\/\/welcomeethiopiatours.com\/de\/wp-json\/wp\/v2\/media?parent=330"}],"curies":[{"name":"wp","href":"https:\/\/api.w.org\/{rel}","templated":true}]}}