{"id":331,"date":"2015-08-31T21:31:11","date_gmt":"2015-08-31T21:31:11","guid":{"rendered":"https:\/\/welcomeethiopiatours.com\/?page_id=331"},"modified":"2022-10-12T19:03:41","modified_gmt":"2022-10-12T19:03:41","slug":"other-information","status":"publish","type":"page","link":"https:\/\/welcomeethiopiatours.com\/de\/other-information\/","title":{"rendered":"Other Information"},"content":{"rendered":"<p>[et_pb_section transparent_background=&#8220;on&#8220; allow_player_pause=&#8220;off&#8220; inner_shadow=&#8220;off&#8220; parallax=&#8220;off&#8220; parallax_method=&#8220;off&#8220; padding_mobile=&#8220;off&#8220; make_fullwidth=&#8220;off&#8220; use_custom_width=&#8220;off&#8220; width_unit=&#8220;on&#8220; make_equal=&#8220;off&#8220; use_custom_gutter=&#8220;off&#8220; module_class=&#8220;nobac nopad nobor nospace2columns&#8220;][et_pb_row make_fullwidth=&#8220;on&#8220; use_custom_width=&#8220;off&#8220; width_unit=&#8220;on&#8220; use_custom_gutter=&#8220;off&#8220; padding_mobile=&#8220;on&#8220; allow_player_pause=&#8220;off&#8220; parallax=&#8220;on&#8220; parallax_method=&#8220;off&#8220; make_equal=&#8220;off&#8220; custom_padding=&#8220;0|0&#8243; module_class=&#8220;fullwidthpagetitle&#8220;][et_pb_column type=&#8220;4_4&#8243;][et_pb_text admin_label=&#8220;Weitere Infos&#8220; background_layout=&#8220;light&#8220; text_orientation=&#8220;left&#8220; background_image=&#8220;https:\/\/welcomeethiopiatours.com\/wp-content\/uploads\/Ethiopia-Photos-Header.jpg&#8220; use_border_color=&#8220;off&#8220; border_color=&#8220;#ffffff&#8220; border_style=&#8220;solid&#8220; custom_padding=&#8220;0||0|&#8220;]<\/p>\n<h1>Weitere Infos<\/h1>\n<p>[\/et_pb_text][\/et_pb_column][\/et_pb_row][et_pb_row make_fullwidth=&#8220;off&#8220; use_custom_width=&#8220;off&#8220; width_unit=&#8220;on&#8220; use_custom_gutter=&#8220;off&#8220; padding_mobile=&#8220;off&#8220; allow_player_pause=&#8220;off&#8220; parallax=&#8220;off&#8220; parallax_method=&#8220;off&#8220; make_equal=&#8220;off&#8220;][et_pb_column type=&#8220;1_2&#8243;][et_pb_text admin_label=&#8220;Feiertage&#8220; background_layout=&#8220;light&#8220; text_orientation=&#8220;left&#8220; use_border_color=&#8220;off&#8220; border_color=&#8220;#ffffff&#8220; border_style=&#8220;solid&#8220;]<\/p>\n<h4><strong>Feiertage<\/strong><\/h4>\n<p>Enkutatash (\u00c4thiopisches Neujahr) :\u00a011. September<br \/>\nMeskel (Auffindung des Wahren Kreuzes) :\u00a0\u00a027. September<br \/>\nGenna (\u00c4thiopische Weihnachten: die Geburt\u00a0 Christi) :\u00a0 7. Januar<br \/>\nTimkat (\u00c4thiopische Offenbarung: die Taufe Christi) \u00a0: 19.Januar<br \/>\nAdwa Tag (erinnert an den Sieg Menelik II \u00fcber die Italien 1896) :\u00a02.M\u00e4rz<br \/>\nTag der Patrioten (feiert das Ende der italienischen Besatzung) : 6. April<br \/>\nInternationaler Tag der Arbeit :\u00a01. Mai<br \/>\n\u00c4thiopische Ostern:\u00a0variabel<br \/>\nFasika (Ostersonntag) Maioder April\u00a0:\u00a0variabel<br \/>\nEid\u00a0al Fitr (das Ende des Fastenmonats Ramadan) :\u00a0 variabel<br \/>\nEid\u00a0al Adha (Pilgerfahrt nach Mekka)\u00a0:\u00a0 variabel<br \/>\n[\/et_pb_text][\/et_pb_column][et_pb_column type=&#8220;1_2&#8243;][et_pb_text admin_label=&#8220;Grenz\u00fcberg\u00e4nge&#8220; background_layout=&#8220;light&#8220; text_orientation=&#8220;left&#8220; use_border_color=&#8220;off&#8220; border_color=&#8220;#ffffff&#8220; border_style=&#8220;solid&#8220;]<\/p>\n<h4><strong>Grenz\u00fcberg\u00e4nge<\/strong><\/h4>\n<p>F\u00fcr Reisende mit der Bahn gibt es einen Grenzposten bei Djibouti. Auf der Strasse kann \u00c4thiopien via Moyale (Kenya), Humera und Metema (Sudan) sowie Galafi (Djibouti) erreicht werden. Die meisten Reisenden werden aber mit dem Flugzeug am Bole International Airport in Addis Abeba eintreffen.<br \/>\n[\/et_pb_text][et_pb_text admin_label=&#8220;Fahren in \u00c4thiopien&#8220; background_layout=&#8220;light&#8220; text_orientation=&#8220;left&#8220; use_border_color=&#8220;off&#8220; border_color=&#8220;#ffffff&#8220; border_style=&#8220;solid&#8220;]<\/p>\n<h4><strong>Fahren in \u00c4thiopien<\/strong><\/h4>\n<p>Fahrer brauchen einen g\u00fcltigen, internationalen Fahrausweis, der gegen Eintausch Ihres eigenen Fahrausweises bei der Transport und Strassebeh\u00f6rde in Addis Ababa bezogen werden kann. Am Tag vor der Abreise k\u00f6nnen Sie ihren Fahrausweis dann wieder zur\u00fccktauschen.<br \/>\n[\/et_pb_text][\/et_pb_column][\/et_pb_row][\/et_pb_section]<\/p>","protected":false},"excerpt":{"rendered":"<p>Weitere Infos Feiertage Enkutatash (\u00c4thiopisches Neujahr) :\u00a011. September Meskel (Auffindung des Wahren Kreuzes) :\u00a0\u00a027. September Genna (\u00c4thiopische Weihnachten: die Geburt\u00a0 Christi) :\u00a0 7. Januar Timkat (\u00c4thiopische Offenbarung: die Taufe Christi) \u00a0: 19.Januar Adwa Tag (erinnert an den Sieg Menelik II \u00fcber die Italien 1896) :\u00a02.M\u00e4rz Tag der Patrioten (feiert das Ende der italienischen Besatzung) : [&hellip;]<\/p>\n","protected":false},"author":1,"featured_media":0,"parent":0,"menu_order":0,"comment_status":"open","ping_status":"open","template":"","meta":{"_et_pb_use_builder":"on","_et_pb_old_content":"","_et_gb_content_width":"","footnotes":""},"class_list":["post-331","page","type-page","status-publish","hentry"],"yoast_head":"<!-- This site is optimized with the Yoast SEO plugin v24.6 - https:\/\/yoast.com\/wordpress\/plugins\/seo\/ -->\n<title>Other Information - Welcome Ethiopia Tours<\/title>\n<meta name=\"robots\" content=\"index, follow, max-snippet:-1, max-image-preview:large, max-video-preview:-1\" \/>\n<link rel=\"canonical\" href=\"https:\/\/welcomeethiopiatours.com\/de\/other-information\/\" \/>\n<meta property=\"og:locale\" content=\"de_DE\" \/>\n<meta property=\"og:type\" content=\"article\" \/>\n<meta property=\"og:title\" content=\"Other Information - Welcome Ethiopia Tours\" \/>\n<meta property=\"og:description\" content=\"Weitere Infos Feiertage Enkutatash (\u00c4thiopisches Neujahr) :\u00a011. September Meskel (Auffindung des Wahren Kreuzes) :\u00a0\u00a027. September Genna (\u00c4thiopische Weihnachten: die Geburt\u00a0 Christi) :\u00a0 7. Januar Timkat (\u00c4thiopische Offenbarung: die Taufe Christi) \u00a0: 19.Januar Adwa Tag (erinnert an den Sieg Menelik II \u00fcber die Italien 1896) :\u00a02.M\u00e4rz Tag der Patrioten (feiert das Ende der italienischen Besatzung) : [&hellip;]\" \/>\n<meta property=\"og:url\" content=\"https:\/\/welcomeethiopiatours.com\/de\/other-information\/\" \/>\n<meta property=\"og:site_name\" content=\"Welcome Ethiopia Tours\" \/>\n<meta property=\"article:modified_time\" content=\"2022-10-12T19:03:41+00:00\" \/>\n<meta name=\"twitter:card\" content=\"summary_large_image\" \/>\n<meta name=\"twitter:label1\" content=\"Gesch\u00e4tzte Lesezeit\" \/>\n\t<meta name=\"twitter:data1\" content=\"7\u00a0Minuten\" \/>\n<script type=\"application\/ld+json\" class=\"yoast-schema-graph\">{\"@context\":\"https:\/\/schema.org\",\"@graph\":[{\"@type\":\"WebPage\",\"@id\":\"https:\/\/welcomeethiopiatours.com\/de\/other-information\/\",\"url\":\"https:\/\/welcomeethiopiatours.com\/de\/other-information\/\",\"name\":\"Other Information - Welcome Ethiopia Tours\",\"isPartOf\":{\"@id\":\"https:\/\/welcomeethiopiatours.com\/de\/#website\"},\"datePublished\":\"2015-08-31T21:31:11+00:00\",\"dateModified\":\"2022-10-12T19:03:41+00:00\",\"breadcrumb\":{\"@id\":\"https:\/\/welcomeethiopiatours.com\/de\/other-information\/#breadcrumb\"},\"inLanguage\":\"de\",\"potentialAction\":[{\"@type\":\"ReadAction\",\"target\":[[\"https:\/\/welcomeethiopiatours.com\/de\/other-information\/\"]]}]},{\"@type\":\"BreadcrumbList\",\"@id\":\"https:\/\/welcomeethiopiatours.com\/de\/other-information\/#breadcrumb\",\"itemListElement\":[{\"@type\":\"ListItem\",\"position\":1,\"name\":\"Home\",\"item\":\"https:\/\/welcomeethiopiatours.com\/de\/\"},{\"@type\":\"ListItem\",\"position\":2,\"name\":\"Other Information\"}]},{\"@type\":\"WebSite\",\"@id\":\"https:\/\/welcomeethiopiatours.com\/de\/#website\",\"url\":\"https:\/\/welcomeethiopiatours.com\/de\/\",\"name\":\"Welcome Ethiopia Tours\",\"description\":\"Best Tour Operator in Ethiopia\",\"potentialAction\":[{\"@type\":\"SearchAction\",\"target\":{\"@type\":\"EntryPoint\",\"urlTemplate\":\"https:\/\/welcomeethiopiatours.com\/de\/?s={search_term_string}\"},\"query-input\":{\"@type\":\"PropertyValueSpecification\",\"valueRequired\":true,\"valueName\":\"search_term_string\"}}],\"inLanguage\":\"de\"}]}<\/script>\n<!-- \/ Yoast SEO plugin. -->","yoast_head_json":{"title":"Other Information - Welcome Ethiopia Tours","robots":{"index":"index","follow":"follow","max-snippet":"max-snippet:-1","max-image-preview":"max-image-preview:large","max-video-preview":"max-video-preview:-1"},"canonical":"https:\/\/welcomeethiopiatours.com\/de\/other-information\/","og_locale":"de_DE","og_type":"article","og_title":"Other Information - Welcome Ethiopia Tours","og_description":"Weitere Infos Feiertage Enkutatash (\u00c4thiopisches Neujahr) :\u00a011. September Meskel (Auffindung des Wahren Kreuzes) :\u00a0\u00a027. September Genna (\u00c4thiopische Weihnachten: die Geburt\u00a0 Christi) :\u00a0 7. Januar Timkat (\u00c4thiopische Offenbarung: die Taufe Christi) \u00a0: 19.Januar Adwa Tag (erinnert an den Sieg Menelik II \u00fcber die Italien 1896) :\u00a02.M\u00e4rz Tag der Patrioten (feiert das Ende der italienischen Besatzung) : [&hellip;]","og_url":"https:\/\/welcomeethiopiatours.com\/de\/other-information\/","og_site_name":"Welcome Ethiopia Tours","article_modified_time":"2022-10-12T19:03:41+00:00","twitter_card":"summary_large_image","twitter_misc":{"Gesch\u00e4tzte Lesezeit":"7\u00a0Minuten"},"schema":{"@context":"https:\/\/schema.org","@graph":[{"@type":"WebPage","@id":"https:\/\/welcomeethiopiatours.com\/de\/other-information\/","url":"https:\/\/welcomeethiopiatours.com\/de\/other-information\/","name":"Other Information - Welcome Ethiopia Tours","isPartOf":{"@id":"https:\/\/welcomeethiopiatours.com\/de\/#website"},"datePublished":"2015-08-31T21:31:11+00:00","dateModified":"2022-10-12T19:03:41+00:00","breadcrumb":{"@id":"https:\/\/welcomeethiopiatours.com\/de\/other-information\/#breadcrumb"},"inLanguage":"de","potentialAction":[{"@type":"ReadAction","target":[["https:\/\/welcomeethiopiatours.com\/de\/other-information\/"]]}]},{"@type":"BreadcrumbList","@id":"https:\/\/welcomeethiopiatours.com\/de\/other-information\/#breadcrumb","itemListElement":[{"@type":"ListItem","position":1,"name":"Home","item":"https:\/\/welcomeethiopiatours.com\/de\/"},{"@type":"ListItem","position":2,"name":"Other Information"}]},{"@type":"WebSite","@id":"https:\/\/welcomeethiopiatours.com\/de\/#website","url":"https:\/\/welcomeethiopiatours.com\/de\/","name":"Welcome Ethiopia Tours","description":"Best Tour Operator in Ethiopia","potentialAction":[{"@type":"SearchAction","target":{"@type":"EntryPoint","urlTemplate":"https:\/\/welcomeethiopiatours.com\/de\/?s={search_term_string}"},"query-input":{"@type":"PropertyValueSpecification","valueRequired":true,"valueName":"search_term_string"}}],"inLanguage":"de"}]}},"_links":{"self":[{"href":"https:\/\/welcomeethiopiatours.com\/de\/wp-json\/wp\/v2\/pages\/331","targetHints":{"allow":["GET"]}}],"collection":[{"href":"https:\/\/welcomeethiopiatours.com\/de\/wp-json\/wp\/v2\/pages"}],"about":[{"href":"https:\/\/welcomeethiopiatours.com\/de\/wp-json\/wp\/v2\/types\/page"}],"author":[{"embeddable":true,"href":"https:\/\/welcomeethiopiatours.com\/de\/wp-json\/wp\/v2\/users\/1"}],"replies":[{"embeddable":true,"href":"https:\/\/welcomeethiopiatours.com\/de\/wp-json\/wp\/v2\/comments?post=331"}],"version-history":[{"count":0,"href":"https:\/\/welcomeethiopiatours.com\/de\/wp-json\/wp\/v2\/pages\/331\/revisions"}],"wp:attachment":[{"href":"https:\/\/welcomeethiopiatours.com\/de\/wp-json\/wp\/v2\/media?parent=331"}],"curies":[{"name":"wp","href":"https:\/\/api.w.org\/{rel}","templated":true}]}}