{"id":410,"date":"2015-09-17T08:35:34","date_gmt":"2015-09-17T08:35:34","guid":{"rendered":"https:\/\/welcomeethiopiatours.com\/?page_id=410"},"modified":"2020-03-26T10:46:29","modified_gmt":"2020-03-26T10:46:29","slug":"facts-and-figures","status":"publish","type":"page","link":"https:\/\/welcomeethiopiatours.com\/de\/facts-and-figures\/","title":{"rendered":"Facts and Figures"},"content":{"rendered":"<p>[et_pb_section transparent_background=&#8220;on&#8220; allow_player_pause=&#8220;off&#8220; inner_shadow=&#8220;off&#8220; parallax=&#8220;off&#8220; parallax_method=&#8220;off&#8220; padding_mobile=&#8220;off&#8220; make_fullwidth=&#8220;off&#8220; use_custom_width=&#8220;off&#8220; width_unit=&#8220;on&#8220; make_equal=&#8220;off&#8220; use_custom_gutter=&#8220;off&#8220; module_class=&#8220;nobac nopad nobor nospace2columns&#8220;][et_pb_row make_fullwidth=&#8220;on&#8220; use_custom_width=&#8220;off&#8220; width_unit=&#8220;on&#8220; use_custom_gutter=&#8220;off&#8220; padding_mobile=&#8220;on&#8220; allow_player_pause=&#8220;off&#8220; parallax=&#8220;on&#8220; parallax_method=&#8220;off&#8220; make_equal=&#8220;off&#8220; custom_padding=&#8220;0|0&#8243; module_class=&#8220;fullwidthpagetitle&#8220;][et_pb_column type=&#8220;4_4&#8243;][et_pb_text admin_label=&#8220;Zahlen und Fakten&#8220; background_layout=&#8220;light&#8220; text_orientation=&#8220;left&#8220; background_image=&#8220;https:\/\/welcomeethiopiatours.com\/wp-content\/uploads\/Ethiopia-Photos-Header.jpg&#8220; use_border_color=&#8220;off&#8220; border_color=&#8220;#ffffff&#8220; border_style=&#8220;solid&#8220; custom_padding=&#8220;0||0|&#8220;]<\/p>\n<h1>Zahlen und Fakten<\/h1>\n<p>[\/et_pb_text][\/et_pb_column][\/et_pb_row][et_pb_row make_fullwidth=&#8220;off&#8220; use_custom_width=&#8220;off&#8220; width_unit=&#8220;on&#8220; use_custom_gutter=&#8220;off&#8220; padding_mobile=&#8220;off&#8220; allow_player_pause=&#8220;off&#8220; parallax=&#8220;off&#8220; parallax_method=&#8220;off&#8220; make_equal=&#8220;off&#8220;][et_pb_column type=&#8220;1_2&#8243;][et_pb_text admin_label=&#8220;General Information&#8220; background_layout=&#8220;light&#8220; text_orientation=&#8220;left&#8220; use_border_color=&#8220;off&#8220; border_color=&#8220;#ffffff&#8220; border_style=&#8220;solid&#8220;]<\/p>\n<h4>General Information<\/h4>\n<p><strong>Offizieller Name:<br \/>\n<\/strong>Demokratische Republik \u00c4thiopien<br \/>\n<strong>Staatsoberhaupt<\/strong>:<br \/>\nPr\u00e4sident Dr Mulatu Teshome<br \/>\n<strong>Regierungschef<\/strong>:<br \/>\nPremierminister Hailemariam Dessalegn<br \/>\n<strong>Administrative Aufteilung<\/strong>:<br \/>\n9 Regionale und 2 Stadtverwaltungen<br \/>\n<strong>Lage<\/strong>:<br \/>\n\u00c4thiopien liegt im nord\u00f6stlichen Teil Afrikas und erstreckt sich vom 3\u00b0 bis zum 15\u00b0 Breitengrad n\u00f6rdlich des \u00c4quators und vom 33\u00b0 bis zum 48\u00b0 L\u00e4ngengrad \u00f6stlich des Greenwich Meridians. \u00c4thiopien liegt in einer Verbindungslage zwischen Afrika, dem Mittleren Osten und Asien.<br \/>\n<strong>Hauptstadt<\/strong>:<br \/>\nAddis Abeba; das unter anderem auch Sitz der Afrikanischen Union (AU) und der United Nations Economic Commission for Africa (ECA) ist.<br \/>\n<strong>Die gr\u00f6ssten St\u00e4dte<\/strong>:<br \/>\nAddis Ababa, Adama, Bahir Dar, Dessie, Gondar, Harar, Hawassa, Jimma, Mekele und Dire Dawa<br \/>\n[\/et_pb_text][et_pb_text admin_label=&#8220;Fl\u00e4che&#8220; background_layout=&#8220;light&#8220; text_orientation=&#8220;left&#8220; use_border_color=&#8220;off&#8220; border_color=&#8220;#ffffff&#8220; border_style=&#8220;solid&#8220;]<\/p>\n<h4><strong>Fl\u00e4che<\/strong><\/h4>\n<p>1&#8217;4 Millionen km<sup>2<\/sup><br \/>\n<strong>Agrarfl\u00e4che<\/strong>:<br \/>\n513&#8217;000 km<sup>2<\/sup> (45%)<br \/>\n<strong>Bew\u00e4sserte Fl\u00e4che<\/strong>:<br \/>\n34&#8217;200 km<sup>2<\/sup> (3%)<br \/>\n[\/et_pb_text][et_pb_text admin_label=&#8220;Topographie&#8220; background_layout=&#8220;light&#8220; text_orientation=&#8220;left&#8220; use_border_color=&#8220;off&#8220; border_color=&#8220;#ffffff&#8220; border_style=&#8220;solid&#8220;]<\/p>\n<h4><strong>Topographie<\/strong><\/h4>\n<p>\u00c4thiopien hat ein erh\u00f6htes Zentralplateau mit H\u00f6hen zwischen 2&#8217;000 und 3&#8217;000 m \u00fcber Meer. Im Norden und im Zentrum gibt es \u00fcber 25 Berggipfel mit einer H\u00f6he von \u00fcber 4&#8217;000m. Der bekannteste Fluss ist der Blaue Nil oder Abay, der von seiner Quelle bis Karthum, wo er in den weissen Nil m\u00fcndet, eine Distanz von 1&#8217;450 km zur\u00fccklegt.<br \/>\n[\/et_pb_text][et_pb_text admin_label=&#8220;Wirtschaft:&#8220; background_layout=&#8220;light&#8220; text_orientation=&#8220;left&#8220; use_border_color=&#8220;off&#8220; border_color=&#8220;#ffffff&#8220; border_style=&#8220;solid&#8220;]<\/p>\n<h4><strong>Wirtschaft:<\/strong><\/h4>\n<p>Ca. 90 Prozent der Bev\u00f6lkerung lebt von der Landwirtschaft. \u00c4thiopiens Wirtschaft beruht fast ausschliesslich auf Exporten vom Kaffee, \u00d6lsamen, Schnittblumen, Gem\u00fcse, Zucker und Tierfutter. Auch die Fleischproduktion w\u00e4chst mit j\u00e4hrlich 10%.<br \/>\n<strong>BIP pro Kopf:\u00a0\u00a0\u00a0\u00a0\u00a0\u00a0\u00a0\u00a0\u00a0\u00a0\u00a0 <\/strong><br \/>\nUSD 550 (2012\/13)<br \/>\n[\/et_pb_text][\/et_pb_column][et_pb_column type=&#8220;1_2&#8243;][et_pb_text admin_label=&#8220;Klima&#8220; background_layout=&#8220;light&#8220; text_orientation=&#8220;left&#8220; use_border_color=&#8220;off&#8220; border_color=&#8220;#ffffff&#8220; border_style=&#8220;solid&#8220;]<\/p>\n<h4>Klima<\/h4>\n<p>Es gibt eine Regen- und eine Trockenzeit. Die Trockenzeit dauert von Oktober bis Mai. Die Regenzeit von Juni bis September. Aufgrund der H\u00f6henlage hat ein grosser Teil \u00c4thiopiens ein erstaunlich k\u00fchles Klima f\u00fcr afrikanische Verh\u00e4ltnisse.<br \/>\n[\/et_pb_text][et_pb_text admin_label=&#8220;Bev\u00f6lkerung&#8220; background_layout=&#8220;light&#8220; text_orientation=&#8220;left&#8220; use_border_color=&#8220;off&#8220; border_color=&#8220;#ffffff&#8220; border_style=&#8220;solid&#8220;]<\/p>\n<h4><strong>Bev\u00f6lkerung<\/strong><\/h4>\n<p>Die Bev\u00f6lkerung wird auf ca. 85 Millionen gesch\u00e4tzt. Damit ist \u00c4thiopien das zweit bev\u00f6lkerungsreichste Land in Afrika. Es Leben ca. 83 ethnische Gruppen in \u00c4thiopien. Aufgrund ihrer Sprachen werden sie in Semiten, Kuschiten, Omoten und Niloten unterteilt.<br \/>\n[\/et_pb_text][et_pb_text admin_label=&#8220;Religionen&#8220; background_layout=&#8220;light&#8220; text_orientation=&#8220;left&#8220; use_border_color=&#8220;off&#8220; border_color=&#8220;#ffffff&#8220; border_style=&#8220;solid&#8220;]<\/p>\n<h4><strong>Religionen<\/strong><\/h4>\n<p>Hauptreligionen des Landes sind Christentum und Islam. Aber es gibt auch eine Vielzahl traditioneller Naturreligionen. \u00c4thiopien zeichnet sich durch hohe Toleranz zwischen den verschiedenen religi\u00f6sen Gruppen aus.<br \/>\n[\/et_pb_text][et_pb_text admin_label=&#8220;Sprachen&#8220; background_layout=&#8220;light&#8220; text_orientation=&#8220;left&#8220; use_border_color=&#8220;off&#8220; border_color=&#8220;#ffffff&#8220; border_style=&#8220;solid&#8220;]<\/p>\n<h4><strong>Sprachen<\/strong><\/h4>\n<p>\u00c4thiopien ist ein multiethnischer Staat mit 83 gesprochenen Sprachen und \u00fcber 200 verschiedenen Dialekten. Amharisch ist die Amtssprache. Oromiffa ,Tigrinya und andere Sprachen sind im Land weit verbreitet. Englisch wird bereits in der Grundschule unterrichtet. Der meiste Unterricht bis auf Universit\u00e4tsstufe findet auf Englisch statt. Englisch dient meist auch als Gesch\u00e4ftssprache.<br \/>\n[\/et_pb_text][et_pb_text admin_label=&#8220;Kalender&#8220; background_layout=&#8220;light&#8220; text_orientation=&#8220;left&#8220; use_border_color=&#8220;off&#8220; border_color=&#8220;#ffffff&#8220; border_style=&#8220;solid&#8220;]<\/p>\n<h4><strong>Kalender<\/strong><\/h4>\n<p>\u00c4thiopien benutzt den Julianischen Kalender, der das Jahr in 12 gleiche Monate unterteilt. Bei jedem Schaltjahr bleiben 5 oder sechs Tage \u00fcbrig, die dann den 13. Monat, den sogenannten &#8222;Pagume&#8220;, bilden. Der Kalender ist sieben Jahre hinter dem westlichen gregorianischen Kalender, das \u00e4thiopische Neujahr f\u00e4llt auf den 11. September.<br \/>\n[\/et_pb_text][\/et_pb_column][\/et_pb_row][\/et_pb_section]<\/p>","protected":false},"excerpt":{"rendered":"<p>Zahlen und Fakten General Information Offizieller Name: Demokratische Republik \u00c4thiopien Staatsoberhaupt: Pr\u00e4sident Dr Mulatu Teshome Regierungschef: Premierminister Hailemariam Dessalegn Administrative Aufteilung: 9 Regionale und 2 Stadtverwaltungen Lage: \u00c4thiopien liegt im nord\u00f6stlichen Teil Afrikas und erstreckt sich vom 3\u00b0 bis zum 15\u00b0 Breitengrad n\u00f6rdlich des \u00c4quators und vom 33\u00b0 bis zum 48\u00b0 L\u00e4ngengrad \u00f6stlich des Greenwich [&hellip;]<\/p>\n","protected":false},"author":1,"featured_media":0,"parent":0,"menu_order":0,"comment_status":"open","ping_status":"open","template":"","meta":{"_et_pb_use_builder":"on","_et_pb_old_content":"","_et_gb_content_width":"","footnotes":""},"class_list":["post-410","page","type-page","status-publish","hentry"],"yoast_head":"<!-- This site is optimized with the Yoast SEO plugin v24.6 - https:\/\/yoast.com\/wordpress\/plugins\/seo\/ -->\n<title>Facts and Figures - Welcome Ethiopia Tours<\/title>\n<meta name=\"robots\" content=\"index, follow, max-snippet:-1, max-image-preview:large, max-video-preview:-1\" \/>\n<link rel=\"canonical\" href=\"https:\/\/welcomeethiopiatours.com\/de\/facts-and-figures\/\" \/>\n<meta property=\"og:locale\" content=\"de_DE\" \/>\n<meta property=\"og:type\" content=\"article\" \/>\n<meta property=\"og:title\" content=\"Facts and Figures - Welcome Ethiopia Tours\" \/>\n<meta property=\"og:description\" content=\"Zahlen und Fakten General Information Offizieller Name: Demokratische Republik \u00c4thiopien Staatsoberhaupt: Pr\u00e4sident Dr Mulatu Teshome Regierungschef: Premierminister Hailemariam Dessalegn Administrative Aufteilung: 9 Regionale und 2 Stadtverwaltungen Lage: \u00c4thiopien liegt im nord\u00f6stlichen Teil Afrikas und erstreckt sich vom 3\u00b0 bis zum 15\u00b0 Breitengrad n\u00f6rdlich des \u00c4quators und vom 33\u00b0 bis zum 48\u00b0 L\u00e4ngengrad \u00f6stlich des Greenwich [&hellip;]\" \/>\n<meta property=\"og:url\" content=\"https:\/\/welcomeethiopiatours.com\/de\/facts-and-figures\/\" \/>\n<meta property=\"og:site_name\" content=\"Welcome Ethiopia Tours\" \/>\n<meta property=\"article:modified_time\" content=\"2020-03-26T10:46:29+00:00\" \/>\n<meta name=\"twitter:card\" content=\"summary_large_image\" \/>\n<meta name=\"twitter:label1\" content=\"Gesch\u00e4tzte Lesezeit\" \/>\n\t<meta name=\"twitter:data1\" content=\"14\u00a0Minuten\" \/>\n<script type=\"application\/ld+json\" class=\"yoast-schema-graph\">{\"@context\":\"https:\/\/schema.org\",\"@graph\":[{\"@type\":\"WebPage\",\"@id\":\"https:\/\/welcomeethiopiatours.com\/de\/facts-and-figures\/\",\"url\":\"https:\/\/welcomeethiopiatours.com\/de\/facts-and-figures\/\",\"name\":\"Facts and Figures - Welcome Ethiopia Tours\",\"isPartOf\":{\"@id\":\"https:\/\/welcomeethiopiatours.com\/de\/#website\"},\"datePublished\":\"2015-09-17T08:35:34+00:00\",\"dateModified\":\"2020-03-26T10:46:29+00:00\",\"breadcrumb\":{\"@id\":\"https:\/\/welcomeethiopiatours.com\/de\/facts-and-figures\/#breadcrumb\"},\"inLanguage\":\"de\",\"potentialAction\":[{\"@type\":\"ReadAction\",\"target\":[[\"https:\/\/welcomeethiopiatours.com\/de\/facts-and-figures\/\"]]}]},{\"@type\":\"BreadcrumbList\",\"@id\":\"https:\/\/welcomeethiopiatours.com\/de\/facts-and-figures\/#breadcrumb\",\"itemListElement\":[{\"@type\":\"ListItem\",\"position\":1,\"name\":\"Home\",\"item\":\"https:\/\/welcomeethiopiatours.com\/de\/\"},{\"@type\":\"ListItem\",\"position\":2,\"name\":\"Facts and Figures\"}]},{\"@type\":\"WebSite\",\"@id\":\"https:\/\/welcomeethiopiatours.com\/de\/#website\",\"url\":\"https:\/\/welcomeethiopiatours.com\/de\/\",\"name\":\"Welcome Ethiopia Tours\",\"description\":\"Best Tour Operator in Ethiopia\",\"potentialAction\":[{\"@type\":\"SearchAction\",\"target\":{\"@type\":\"EntryPoint\",\"urlTemplate\":\"https:\/\/welcomeethiopiatours.com\/de\/?s={search_term_string}\"},\"query-input\":{\"@type\":\"PropertyValueSpecification\",\"valueRequired\":true,\"valueName\":\"search_term_string\"}}],\"inLanguage\":\"de\"}]}<\/script>\n<!-- \/ Yoast SEO plugin. -->","yoast_head_json":{"title":"Facts and Figures - Welcome Ethiopia Tours","robots":{"index":"index","follow":"follow","max-snippet":"max-snippet:-1","max-image-preview":"max-image-preview:large","max-video-preview":"max-video-preview:-1"},"canonical":"https:\/\/welcomeethiopiatours.com\/de\/facts-and-figures\/","og_locale":"de_DE","og_type":"article","og_title":"Facts and Figures - Welcome Ethiopia Tours","og_description":"Zahlen und Fakten General Information Offizieller Name: Demokratische Republik \u00c4thiopien Staatsoberhaupt: Pr\u00e4sident Dr Mulatu Teshome Regierungschef: Premierminister Hailemariam Dessalegn Administrative Aufteilung: 9 Regionale und 2 Stadtverwaltungen Lage: \u00c4thiopien liegt im nord\u00f6stlichen Teil Afrikas und erstreckt sich vom 3\u00b0 bis zum 15\u00b0 Breitengrad n\u00f6rdlich des \u00c4quators und vom 33\u00b0 bis zum 48\u00b0 L\u00e4ngengrad \u00f6stlich des Greenwich [&hellip;]","og_url":"https:\/\/welcomeethiopiatours.com\/de\/facts-and-figures\/","og_site_name":"Welcome Ethiopia Tours","article_modified_time":"2020-03-26T10:46:29+00:00","twitter_card":"summary_large_image","twitter_misc":{"Gesch\u00e4tzte Lesezeit":"14\u00a0Minuten"},"schema":{"@context":"https:\/\/schema.org","@graph":[{"@type":"WebPage","@id":"https:\/\/welcomeethiopiatours.com\/de\/facts-and-figures\/","url":"https:\/\/welcomeethiopiatours.com\/de\/facts-and-figures\/","name":"Facts and Figures - Welcome Ethiopia Tours","isPartOf":{"@id":"https:\/\/welcomeethiopiatours.com\/de\/#website"},"datePublished":"2015-09-17T08:35:34+00:00","dateModified":"2020-03-26T10:46:29+00:00","breadcrumb":{"@id":"https:\/\/welcomeethiopiatours.com\/de\/facts-and-figures\/#breadcrumb"},"inLanguage":"de","potentialAction":[{"@type":"ReadAction","target":[["https:\/\/welcomeethiopiatours.com\/de\/facts-and-figures\/"]]}]},{"@type":"BreadcrumbList","@id":"https:\/\/welcomeethiopiatours.com\/de\/facts-and-figures\/#breadcrumb","itemListElement":[{"@type":"ListItem","position":1,"name":"Home","item":"https:\/\/welcomeethiopiatours.com\/de\/"},{"@type":"ListItem","position":2,"name":"Facts and Figures"}]},{"@type":"WebSite","@id":"https:\/\/welcomeethiopiatours.com\/de\/#website","url":"https:\/\/welcomeethiopiatours.com\/de\/","name":"Welcome Ethiopia Tours","description":"Best Tour Operator in Ethiopia","potentialAction":[{"@type":"SearchAction","target":{"@type":"EntryPoint","urlTemplate":"https:\/\/welcomeethiopiatours.com\/de\/?s={search_term_string}"},"query-input":{"@type":"PropertyValueSpecification","valueRequired":true,"valueName":"search_term_string"}}],"inLanguage":"de"}]}},"_links":{"self":[{"href":"https:\/\/welcomeethiopiatours.com\/de\/wp-json\/wp\/v2\/pages\/410","targetHints":{"allow":["GET"]}}],"collection":[{"href":"https:\/\/welcomeethiopiatours.com\/de\/wp-json\/wp\/v2\/pages"}],"about":[{"href":"https:\/\/welcomeethiopiatours.com\/de\/wp-json\/wp\/v2\/types\/page"}],"author":[{"embeddable":true,"href":"https:\/\/welcomeethiopiatours.com\/de\/wp-json\/wp\/v2\/users\/1"}],"replies":[{"embeddable":true,"href":"https:\/\/welcomeethiopiatours.com\/de\/wp-json\/wp\/v2\/comments?post=410"}],"version-history":[{"count":0,"href":"https:\/\/welcomeethiopiatours.com\/de\/wp-json\/wp\/v2\/pages\/410\/revisions"}],"wp:attachment":[{"href":"https:\/\/welcomeethiopiatours.com\/de\/wp-json\/wp\/v2\/media?parent=410"}],"curies":[{"name":"wp","href":"https:\/\/api.w.org\/{rel}","templated":true}]}}