{"id":414,"date":"2015-09-17T08:39:46","date_gmt":"2015-09-17T08:39:46","guid":{"rendered":"https:\/\/welcomeethiopiatours.com\/?page_id=414"},"modified":"2022-10-13T04:40:44","modified_gmt":"2022-10-13T04:40:44","slug":"historical-and-geographical-info","status":"publish","type":"page","link":"https:\/\/welcomeethiopiatours.com\/de\/historical-and-geographical-info\/","title":{"rendered":"Historical and Geographical Info"},"content":{"rendered":"<p>[et_pb_section transparent_background=&#8220;on&#8220; allow_player_pause=&#8220;off&#8220; inner_shadow=&#8220;off&#8220; parallax=&#8220;off&#8220; parallax_method=&#8220;off&#8220; padding_mobile=&#8220;off&#8220; make_fullwidth=&#8220;off&#8220; use_custom_width=&#8220;off&#8220; width_unit=&#8220;on&#8220; make_equal=&#8220;off&#8220; use_custom_gutter=&#8220;off&#8220; module_class=&#8220;nobac nopad nobor nospace2columns&#8220;][et_pb_row make_fullwidth=&#8220;on&#8220; use_custom_width=&#8220;off&#8220; width_unit=&#8220;on&#8220; use_custom_gutter=&#8220;off&#8220; padding_mobile=&#8220;on&#8220; allow_player_pause=&#8220;off&#8220; parallax=&#8220;on&#8220; parallax_method=&#8220;off&#8220; make_equal=&#8220;off&#8220; custom_padding=&#8220;0|0&#8243; module_class=&#8220;fullwidthpagetitle&#8220;][et_pb_column type=&#8220;4_4&#8243;][et_pb_text admin_label=&#8220;Geschichte und Geographie &#8220; background_layout=&#8220;light&#8220; text_orientation=&#8220;left&#8220; background_image=&#8220;https:\/\/welcomeethiopiatours.com\/wp-content\/uploads\/Ethiopia-Photos-Header.jpg&#8220; use_border_color=&#8220;off&#8220; border_color=&#8220;#ffffff&#8220; border_style=&#8220;solid&#8220; custom_padding=&#8220;0||0|&#8220;]<\/p>\n<h1>Geschichte und Geographie<\/h1>\n<p>[\/et_pb_text][\/et_pb_column][\/et_pb_row][et_pb_row make_fullwidth=&#8220;off&#8220; use_custom_width=&#8220;off&#8220; width_unit=&#8220;on&#8220; use_custom_gutter=&#8220;off&#8220; padding_mobile=&#8220;off&#8220; allow_player_pause=&#8220;off&#8220; parallax=&#8220;off&#8220; parallax_method=&#8220;off&#8220; make_equal=&#8220;off&#8220;][et_pb_column type=&#8220;4_4&#8243;][et_pb_text admin_label=&#8220;Text&#8220; background_layout=&#8220;light&#8220; text_orientation=&#8220;left&#8220; use_border_color=&#8220;off&#8220; border_color=&#8220;#ffffff&#8220; border_style=&#8220;solid&#8220;]<br \/>\n\u00c4thiopien (fr\u00fcher Abessinien) liegt im Osten Afrikas, als Horn von Afrika bekannt. Das Land erstreckt sich \u00fcber eine Fl\u00e4che etwa zweimal so gross wie Frankreich. Die Bev\u00f6lkerung wird auf rund 85 Millionen mit 80 verschiedenen ethnischen Gruppen gesch\u00e4tzt. \u00c4thiopien grenzt im Nordosten an Eritrea und Djibouti, im Osten und S\u00fcdosten an Somalia, im S\u00fcden an Kenia und im Westen an Sudan. Die Topographie wird durch ein vulkanisches Plateau mit einer durchschnittlichen H\u00f6he von 2&#8217;200 Metern \u00fcber Meer gepr\u00e4gt, das auf drei Seiten zu den Nachbarl\u00e4ndern abf\u00e4llt. Das grosse Rift Valley beginnt beim Roten Meer in Jordanien und zieht sich durch die Danakil Senke und S\u00fcd\u00e4thiopien, Kenia und Tanzania bis nach Mozambik. \u00c4thiopien ist auch als Wiege der Menschheit bekannt und es ist mittlerweile wissenschaftlich anerkannt, dass das menschliche Leben und unsere hominiden Vorfahren ihren Ursprung in der Gegend des \u00f6stliche Rift Valleys hatten: Lucy, unsere \u00e4lteste Vorfahrin, der vor 3.5 Millionen Jahren lebte, wurde an einem Ort namens Hadar im \u00e4thiopischen Rift Valley gefunden. Das 1974 gefundene Skelett belegt, dass die Geschichte der Menschheit in \u00c4thiopien begann. Die neuere, mehr als zweitausendj\u00e4hrige Geschichte \u00c4thiopiens reicht bis in die Antike zur\u00fcck. So bildeten in der Antike und im Mittelalter das Reich von Axum sowie das Kaiserreich Abessinien m\u00e4chtige Dynastien. \u00c4thiopien ist der einzige afrikanische Staat, der nie einer europ\u00e4ischen Kolonialmacht angeh\u00f6rte. Nach dem Zweiten Weltkrieg modernisierte der legend\u00e4re Kaiser Haile Selassie das zuvor vom faschistischen Italien besetzte Land und f\u00fchrte es zur\u00fcck in die Unabh\u00e4ngigkeit. Der sozialistische Milit\u00e4rputsch von 1974 l\u00e4utete dann aber eine der repressivsten Diktaturen Afrikas ein, die 1991 aber durch einen B\u00fcrgerkrieg niedergeschlagen wurde. Seither f\u00fchrten kontinuierliche politische und wirtschaftliche Reformen \u00c4thiopien in eine Republik mit 14 Regionen. Aufgrund seiner Geschichte hat \u00c4thiopien eine starke kulturelle Identit\u00e4t, die sich bis zur heutigen Zeit erhalten hat.<br \/>\n[\/et_pb_text][\/et_pb_column][\/et_pb_row][\/et_pb_section]<\/p>","protected":false},"excerpt":{"rendered":"<p>Geschichte und Geographie \u00c4thiopien (fr\u00fcher Abessinien) liegt im Osten Afrikas, als Horn von Afrika bekannt. Das Land erstreckt sich \u00fcber eine Fl\u00e4che etwa zweimal so gross wie Frankreich. Die Bev\u00f6lkerung wird auf rund 85 Millionen mit 80 verschiedenen ethnischen Gruppen gesch\u00e4tzt. \u00c4thiopien grenzt im Nordosten an Eritrea und Djibouti, im Osten und S\u00fcdosten an Somalia, [&hellip;]<\/p>\n","protected":false},"author":1,"featured_media":0,"parent":0,"menu_order":0,"comment_status":"open","ping_status":"open","template":"","meta":{"_et_pb_use_builder":"on","_et_pb_old_content":"","_et_gb_content_width":"","footnotes":""},"class_list":["post-414","page","type-page","status-publish","hentry"],"yoast_head":"<!-- This site is optimized with the Yoast SEO plugin v24.6 - https:\/\/yoast.com\/wordpress\/plugins\/seo\/ -->\n<title>Historical and Geographical Info - Welcome Ethiopia Tours<\/title>\n<meta name=\"robots\" content=\"index, follow, max-snippet:-1, max-image-preview:large, max-video-preview:-1\" \/>\n<link rel=\"canonical\" href=\"https:\/\/welcomeethiopiatours.com\/de\/historical-and-geographical-info\/\" \/>\n<meta property=\"og:locale\" content=\"de_DE\" \/>\n<meta property=\"og:type\" content=\"article\" \/>\n<meta property=\"og:title\" content=\"Historical and Geographical Info - Welcome Ethiopia Tours\" \/>\n<meta property=\"og:description\" content=\"Geschichte und Geographie \u00c4thiopien (fr\u00fcher Abessinien) liegt im Osten Afrikas, als Horn von Afrika bekannt. Das Land erstreckt sich \u00fcber eine Fl\u00e4che etwa zweimal so gross wie Frankreich. Die Bev\u00f6lkerung wird auf rund 85 Millionen mit 80 verschiedenen ethnischen Gruppen gesch\u00e4tzt. \u00c4thiopien grenzt im Nordosten an Eritrea und Djibouti, im Osten und S\u00fcdosten an Somalia, [&hellip;]\" \/>\n<meta property=\"og:url\" content=\"https:\/\/welcomeethiopiatours.com\/de\/historical-and-geographical-info\/\" \/>\n<meta property=\"og:site_name\" content=\"Welcome Ethiopia Tours\" \/>\n<meta property=\"article:modified_time\" content=\"2022-10-13T04:40:44+00:00\" \/>\n<meta name=\"twitter:card\" content=\"summary_large_image\" \/>\n<meta name=\"twitter:label1\" content=\"Gesch\u00e4tzte Lesezeit\" \/>\n\t<meta name=\"twitter:data1\" content=\"7\u00a0Minuten\" \/>\n<script type=\"application\/ld+json\" class=\"yoast-schema-graph\">{\"@context\":\"https:\/\/schema.org\",\"@graph\":[{\"@type\":\"WebPage\",\"@id\":\"https:\/\/welcomeethiopiatours.com\/de\/historical-and-geographical-info\/\",\"url\":\"https:\/\/welcomeethiopiatours.com\/de\/historical-and-geographical-info\/\",\"name\":\"Historical and Geographical Info - Welcome Ethiopia Tours\",\"isPartOf\":{\"@id\":\"https:\/\/welcomeethiopiatours.com\/de\/#website\"},\"datePublished\":\"2015-09-17T08:39:46+00:00\",\"dateModified\":\"2022-10-13T04:40:44+00:00\",\"breadcrumb\":{\"@id\":\"https:\/\/welcomeethiopiatours.com\/de\/historical-and-geographical-info\/#breadcrumb\"},\"inLanguage\":\"de\",\"potentialAction\":[{\"@type\":\"ReadAction\",\"target\":[[\"https:\/\/welcomeethiopiatours.com\/de\/historical-and-geographical-info\/\"]]}]},{\"@type\":\"BreadcrumbList\",\"@id\":\"https:\/\/welcomeethiopiatours.com\/de\/historical-and-geographical-info\/#breadcrumb\",\"itemListElement\":[{\"@type\":\"ListItem\",\"position\":1,\"name\":\"Home\",\"item\":\"https:\/\/welcomeethiopiatours.com\/de\/\"},{\"@type\":\"ListItem\",\"position\":2,\"name\":\"Historical and Geographical Info\"}]},{\"@type\":\"WebSite\",\"@id\":\"https:\/\/welcomeethiopiatours.com\/de\/#website\",\"url\":\"https:\/\/welcomeethiopiatours.com\/de\/\",\"name\":\"Welcome Ethiopia Tours\",\"description\":\"Best Tour Operator in Ethiopia\",\"potentialAction\":[{\"@type\":\"SearchAction\",\"target\":{\"@type\":\"EntryPoint\",\"urlTemplate\":\"https:\/\/welcomeethiopiatours.com\/de\/?s={search_term_string}\"},\"query-input\":{\"@type\":\"PropertyValueSpecification\",\"valueRequired\":true,\"valueName\":\"search_term_string\"}}],\"inLanguage\":\"de\"}]}<\/script>\n<!-- \/ Yoast SEO plugin. -->","yoast_head_json":{"title":"Historical and Geographical Info - Welcome Ethiopia Tours","robots":{"index":"index","follow":"follow","max-snippet":"max-snippet:-1","max-image-preview":"max-image-preview:large","max-video-preview":"max-video-preview:-1"},"canonical":"https:\/\/welcomeethiopiatours.com\/de\/historical-and-geographical-info\/","og_locale":"de_DE","og_type":"article","og_title":"Historical and Geographical Info - Welcome Ethiopia Tours","og_description":"Geschichte und Geographie \u00c4thiopien (fr\u00fcher Abessinien) liegt im Osten Afrikas, als Horn von Afrika bekannt. Das Land erstreckt sich \u00fcber eine Fl\u00e4che etwa zweimal so gross wie Frankreich. Die Bev\u00f6lkerung wird auf rund 85 Millionen mit 80 verschiedenen ethnischen Gruppen gesch\u00e4tzt. \u00c4thiopien grenzt im Nordosten an Eritrea und Djibouti, im Osten und S\u00fcdosten an Somalia, [&hellip;]","og_url":"https:\/\/welcomeethiopiatours.com\/de\/historical-and-geographical-info\/","og_site_name":"Welcome Ethiopia Tours","article_modified_time":"2022-10-13T04:40:44+00:00","twitter_card":"summary_large_image","twitter_misc":{"Gesch\u00e4tzte Lesezeit":"7\u00a0Minuten"},"schema":{"@context":"https:\/\/schema.org","@graph":[{"@type":"WebPage","@id":"https:\/\/welcomeethiopiatours.com\/de\/historical-and-geographical-info\/","url":"https:\/\/welcomeethiopiatours.com\/de\/historical-and-geographical-info\/","name":"Historical and Geographical Info - Welcome Ethiopia Tours","isPartOf":{"@id":"https:\/\/welcomeethiopiatours.com\/de\/#website"},"datePublished":"2015-09-17T08:39:46+00:00","dateModified":"2022-10-13T04:40:44+00:00","breadcrumb":{"@id":"https:\/\/welcomeethiopiatours.com\/de\/historical-and-geographical-info\/#breadcrumb"},"inLanguage":"de","potentialAction":[{"@type":"ReadAction","target":[["https:\/\/welcomeethiopiatours.com\/de\/historical-and-geographical-info\/"]]}]},{"@type":"BreadcrumbList","@id":"https:\/\/welcomeethiopiatours.com\/de\/historical-and-geographical-info\/#breadcrumb","itemListElement":[{"@type":"ListItem","position":1,"name":"Home","item":"https:\/\/welcomeethiopiatours.com\/de\/"},{"@type":"ListItem","position":2,"name":"Historical and Geographical Info"}]},{"@type":"WebSite","@id":"https:\/\/welcomeethiopiatours.com\/de\/#website","url":"https:\/\/welcomeethiopiatours.com\/de\/","name":"Welcome Ethiopia Tours","description":"Best Tour Operator in Ethiopia","potentialAction":[{"@type":"SearchAction","target":{"@type":"EntryPoint","urlTemplate":"https:\/\/welcomeethiopiatours.com\/de\/?s={search_term_string}"},"query-input":{"@type":"PropertyValueSpecification","valueRequired":true,"valueName":"search_term_string"}}],"inLanguage":"de"}]}},"_links":{"self":[{"href":"https:\/\/welcomeethiopiatours.com\/de\/wp-json\/wp\/v2\/pages\/414","targetHints":{"allow":["GET"]}}],"collection":[{"href":"https:\/\/welcomeethiopiatours.com\/de\/wp-json\/wp\/v2\/pages"}],"about":[{"href":"https:\/\/welcomeethiopiatours.com\/de\/wp-json\/wp\/v2\/types\/page"}],"author":[{"embeddable":true,"href":"https:\/\/welcomeethiopiatours.com\/de\/wp-json\/wp\/v2\/users\/1"}],"replies":[{"embeddable":true,"href":"https:\/\/welcomeethiopiatours.com\/de\/wp-json\/wp\/v2\/comments?post=414"}],"version-history":[{"count":0,"href":"https:\/\/welcomeethiopiatours.com\/de\/wp-json\/wp\/v2\/pages\/414\/revisions"}],"wp:attachment":[{"href":"https:\/\/welcomeethiopiatours.com\/de\/wp-json\/wp\/v2\/media?parent=414"}],"curies":[{"name":"wp","href":"https:\/\/api.w.org\/{rel}","templated":true}]}}