{"id":436,"date":"2015-09-23T07:23:25","date_gmt":"2015-09-23T07:23:25","guid":{"rendered":"https:\/\/welcomeethiopiatours.com\/?page_id=436"},"modified":"2022-10-14T11:35:27","modified_gmt":"2022-10-14T11:35:27","slug":"historical-attractions","status":"publish","type":"page","link":"https:\/\/welcomeethiopiatours.com\/de\/historical-attractions\/","title":{"rendered":"Historische Attraktionen"},"content":{"rendered":"<p>[et_pb_section bb_built=&#8220;1&#8243; transparent_background=&#8220;on&#8220; allow_player_pause=&#8220;off&#8220; inner_shadow=&#8220;off&#8220; parallax=&#8220;off&#8220; parallax_method=&#8220;off&#8220; padding_mobile=&#8220;off&#8220; make_fullwidth=&#8220;off&#8220; use_custom_width=&#8220;off&#8220; width_unit=&#8220;on&#8220; make_equal=&#8220;off&#8220; use_custom_gutter=&#8220;off&#8220; module_class=&#8220;nobac nopad nobor nospace2columns&#8220; background_color=&#8220;rgba(255,255,255,0)&#8220; custom_padding_tablet=&#8220;50px|0|50px|0&#8243; custom_padding_last_edited=&#8220;on|desktop&#8220;][et_pb_row make_fullwidth=&#8220;on&#8220; use_custom_width=&#8220;off&#8220; width_unit=&#8220;on&#8220; use_custom_gutter=&#8220;off&#8220; padding_mobile=&#8220;on&#8220; allow_player_pause=&#8220;off&#8220; parallax=&#8220;on&#8220; parallax_method=&#8220;off&#8220; make_equal=&#8220;off&#8220; custom_padding=&#8220;0|0&#8243; module_class=&#8220;fullwidthpagetitle&#8220; background_position=&#8220;top_left&#8220; background_repeat=&#8220;repeat&#8220; background_size=&#8220;initial&#8220;][et_pb_column type=&#8220;4_4&#8243;][et_pb_text admin_label=&#8220;Historische Attraktionen&#8220; background_image=&#8220;https:\/\/welcomeethiopiatours.com\/wp-content\/uploads\/Ethiopia-Photos-Header.jpg&#8220; use_border_color=&#8220;off&#8220; custom_padding=&#8220;0||0|&#8220; background_position=&#8220;top_left&#8220; background_repeat=&#8220;repeat&#8220; background_size=&#8220;initial&#8220; _builder_version=&#8220;3.1.1&#8243;]<\/p>\n<h1>Historische Attraktionen<\/h1>\n<p>[\/et_pb_text][\/et_pb_column][\/et_pb_row][et_pb_row make_fullwidth=&#8220;off&#8220; use_custom_width=&#8220;off&#8220; width_unit=&#8220;on&#8220; use_custom_gutter=&#8220;off&#8220; padding_mobile=&#8220;off&#8220; allow_player_pause=&#8220;off&#8220; parallax=&#8220;off&#8220; parallax_method=&#8220;off&#8220; make_equal=&#8220;off&#8220; background_position=&#8220;top_left&#8220; background_repeat=&#8220;repeat&#8220; background_size=&#8220;initial&#8220;][et_pb_column type=&#8220;1_2&#8243;][et_pb_text admin_label=&#8220;Axum&#8220; use_border_color=&#8220;off&#8220; background_position=&#8220;top_left&#8220; background_repeat=&#8220;repeat&#8220; background_size=&#8220;initial&#8220; _builder_version=&#8220;3.1.1&#8243;]<\/p>\n<h4>Axum<\/h4>\n<p>Aksum (auch Axum geschrieben) steht im Zentrum der \u00e4thiopischen Geschichte. In der Antike war es das wirtschaftliche Zentrum des Aksumitischen Reiches, das vom zweiten bis zum zehnten Jahrhundert etwa neunhundert Jahre lang bestand, und die Hauptstadt einer Herrscherdynastie, die der Legende nach von K\u00f6nig Salomon und der K\u00f6nigin von Saba abstammt. Sie ist auch die Wiege und geistige Heimat der \u00c4thiopisch-Orthodoxen Kirche, die hier w\u00e4hrend der Herrschaft von K\u00f6nig Ezana im vierten Jahrhundert gegr\u00fcndet wurde. Die Behauptung der \u00c4thiopier, dass die biblische Bundeslade in Maryam Tsion, der ehrw\u00fcrdigsten Kirche Aksums, aufbewahrt wird, ist wohl eher zweifelhaft. Aksum ist mit einigen au\u00dfergew\u00f6hnlichen Altert\u00fcmern gespickt, darunter die h\u00f6chsten Stelen (Obelisken), die je errichtet wurden, und eingravierte dreisprachige Tafeln, die auf die Zeit Christi zur\u00fcckgehen &#8211; all das kann sehr lohnend sein, wenn man mit realistischen Erwartungen an die Reise geht.<\/p>\n<p>[\/et_pb_text][\/et_pb_column][et_pb_column type=&#8220;1_2&#8243;][et_pb_image admin_label=&#8220;Axum, Ethiopia&#8220; src=&#8220;https:\/\/welcomeethiopiatours.com\/wp-content\/uploads\/Axum_Ethiopia_Welcome-Africa-Tours.jpg&#8220; use_border_color=&#8220;off&#8220; alt=&#8220;Axum, Ethiopia&#8220; title_text=&#8220;Axum, Ethiopia&#8220; animation_style=&#8220;fade&#8220; animation_duration=&#8220;500ms&#8220; animation_intensity_slide=&#8220;10%&#8220; _builder_version=&#8220;3.1.1&#8243; \/][\/et_pb_column][\/et_pb_row][et_pb_row make_fullwidth=&#8220;off&#8220; use_custom_width=&#8220;off&#8220; width_unit=&#8220;on&#8220; use_custom_gutter=&#8220;off&#8220; padding_mobile=&#8220;off&#8220; allow_player_pause=&#8220;off&#8220; parallax=&#8220;off&#8220; parallax_method=&#8220;off&#8220; make_equal=&#8220;off&#8220; background_position=&#8220;top_left&#8220; background_repeat=&#8220;repeat&#8220; background_size=&#8220;initial&#8220;][et_pb_column type=&#8220;1_2&#8243;][et_pb_text admin_label=&#8220;Gonder&#8220; use_border_color=&#8220;off&#8220; background_position=&#8220;top_left&#8220; background_repeat=&#8220;repeat&#8220; background_size=&#8220;initial&#8220; _builder_version=&#8220;3.1.1&#8243;]<\/p>\n<h4>Gonder<\/h4>\n<p>Gondar war zwischen 1632 und 1855 die Hauptstadt \u00c4thiopiens und ist nach wie vor eine der reichsten Gegenden des Landes, was Geschichte, Kultur und Natursch\u00f6nheiten angeht. Gondar ist ein Land voller mittelalterlicher Geheimnisse und das Zentrum eines bedeutenden Handelsimperiums. Die Stadt beherbergt die \u00dcberreste mehrerer gut erhaltener k\u00f6niglicher Burgen, darunter auch die von Fasil Ghebbi, weswegen Gondar auch das &#8222;Camelot Afrikas&#8220; genannt wird. Diese von der UNESCO eingetragene St\u00e4tte ist ein ideales touristisches Ziel, das fast alle historischen Routen in \u00c4thiopien miteinander verbindet. Die B\u00e4der von Fasilades aus der gleichen Zeit sind ebenfalls einen Besuch wert, und die Kirche von Debre Birham Selassie enth\u00e4lt einige der sch\u00f6nsten religi\u00f6sen Kunstwerke in \u00c4thiopien mit unglaublich lebendigen und eindrucksvollen Bildern, die die Geschichten von Heiligen und M\u00e4rtyrern darstellen. Gondar ist auch das Tor zum Simien Mountains Nationalpark und einer der besten Orte f\u00fcr das Timkat Festival, das jedes Jahr im Januar stattfindet.<\/p>\n<p>[\/et_pb_text][\/et_pb_column][et_pb_column type=&#8220;1_2&#8243;][et_pb_image admin_label=&#8220;Gondar, Ethiopia&#8220; src=&#8220;https:\/\/welcomeethiopiatours.com\/wp-content\/uploads\/Godar_Welcome-Africa-Tours.jpg&#8220; use_border_color=&#8220;off&#8220; alt=&#8220;Gondar, Ethiopia&#8220; title_text=&#8220;Gondar, Ethiopia&#8220; animation_style=&#8220;fade&#8220; animation_duration=&#8220;500ms&#8220; animation_intensity_slide=&#8220;10%&#8220; _builder_version=&#8220;3.1.1&#8243; \/][\/et_pb_column][\/et_pb_row][et_pb_row make_fullwidth=&#8220;off&#8220; use_custom_width=&#8220;off&#8220; width_unit=&#8220;on&#8220; use_custom_gutter=&#8220;off&#8220; padding_mobile=&#8220;off&#8220; allow_player_pause=&#8220;off&#8220; parallax=&#8220;off&#8220; parallax_method=&#8220;off&#8220; make_equal=&#8220;off&#8220; background_position=&#8220;top_left&#8220; background_repeat=&#8220;repeat&#8220; background_size=&#8220;initial&#8220;][et_pb_column type=&#8220;1_2&#8243;][et_pb_text admin_label=&#8220;Harar&#8220; use_border_color=&#8220;off&#8220; background_position=&#8220;top_left&#8220; background_repeat=&#8220;repeat&#8220; background_size=&#8220;initial&#8220; _builder_version=&#8220;3.1.1&#8243;]<\/p>\n<h4>Harar<\/h4>\n<p>Harar wurde im Jahr 1520 von Sultan Abu Beker Mohammed gegr\u00fcndet. Harar, die Heilige Stadt der muslimischen Gemeinde \u00c4thiopiens, gilt als die viert heiligste Stadt der Muslime nach Mekka, Medina und Jerusalem. Die alte Stadtmauer von Harar ist die Hauptattraktion und das Symbol der islamischen Architektur. Harar hat etwa 90 Moscheen, die die gr\u00f6\u00dfte Moscheekonzentration der Welt bilden. Fr\u00fcher war es Nicht-Muslimen verboten, die Altstadt zu betreten, doch heute sind alle Besucher herzlich willkommen durch die Gassen mit ihren einzigartigen H\u00e4usern, bunten M\u00e4rkten und zahlreichen Moscheen zu schlendern. Jeden Abend versammeln sich ausserhalb der alten Stadtmauern Hy\u00e4nen, um von einem mutigen Harari gef\u00fcttert zu werden. W\u00e4hrend die Touristen das Schauspiel genie\u00dfen oder sogar daran teilnehmen, geht die Tradition auf den alten Glauben zur\u00fcck, dass die Versorgung der Hy\u00e4nen der Stadt Frieden und Wohlstand bringen w\u00fcrde.<\/p>\n<p>[\/et_pb_text][\/et_pb_column][et_pb_column type=&#8220;1_2&#8243;][et_pb_image admin_label=&#8220;Harar, Ethiopia&#8220; src=&#8220;https:\/\/welcomeethiopiatours.com\/wp-content\/uploads\/Harar_Ethiopia_Welcome-Africa-Tours.jpg&#8220; use_border_color=&#8220;off&#8220; alt=&#8220;Harar, Ethiopia&#8220; title_text=&#8220;Harar, Ethiopia&#8220; animation_style=&#8220;fade&#8220; animation_duration=&#8220;500ms&#8220; animation_intensity_slide=&#8220;10%&#8220; _builder_version=&#8220;3.1.1&#8243; \/][\/et_pb_column][\/et_pb_row][et_pb_row make_fullwidth=&#8220;off&#8220; use_custom_width=&#8220;off&#8220; width_unit=&#8220;on&#8220; use_custom_gutter=&#8220;off&#8220; padding_mobile=&#8220;off&#8220; allow_player_pause=&#8220;off&#8220; parallax=&#8220;off&#8220; parallax_method=&#8220;off&#8220; make_equal=&#8220;off&#8220; background_position=&#8220;top_left&#8220; background_repeat=&#8220;repeat&#8220; background_size=&#8220;initial&#8220;][et_pb_column type=&#8220;1_2&#8243;][et_pb_text admin_label=&#8220;Lalibela&#8220; use_border_color=&#8220;off&#8220; background_position=&#8220;top_left&#8220; background_repeat=&#8220;repeat&#8220; background_size=&#8220;initial&#8220; _builder_version=&#8220;3.1.1&#8243;]<\/p>\n<h4>Lalibela<\/h4>\n<p>Lalibela, ein wirklich erstaunlicher Ort im Norden \u00c4thiopiens, hat etwas Wunderbares und Spirituelles an sich. Dieses kleine Dorf geh\u00f6rt zum Weltkulturerbe und ist bekannt f\u00fcr seine in Felsen gehauenen Kirchen, die atemberaubende Landschaft und das gl\u00e4ubige Christentum. Wenn der Glaube ein Geheimnis ist, dann gibt es nur wenige Orte in der christlichen Welt, an denen das Geheimnis tiefer ist als in Lalibela. Es wird angenommen, dass K\u00f6nig Lalibela Ende des 11. und Anfang des 12. Jahrhunderts den Bau von 11 au\u00dfergew\u00f6hnlichen Kirchen angeordnet hat. Die elf Kirchen wurden jeweils aus einem einzigen, gigantischen Steinblock gehauen. Keine Ziegel, kein M\u00f6rtel, kein Beton, kein Holz, nur Felsen, die zur Architektur geformt wurden. Es ist nicht viel dar\u00fcber bekannt, wer sie gebaut hat oder warum. Aber die Gl\u00e4ubigen der \u00c4thiopisch-Orthodoxen Kirche sagen, dass es eigentlich kein Geheimnis gibt. Die Kirchen von Lalibela wurden von Engeln gebaut!<\/p>\n<p>[\/et_pb_text][\/et_pb_column][et_pb_column type=&#8220;1_2&#8243;][et_pb_image admin_label=&#8220;Lalibela, Ethiopia&#8220; src=&#8220;https:\/\/welcomeethiopiatours.com\/wp-content\/uploads\/Lalibela_Welcome-Africa-Tours.jpg&#8220; use_border_color=&#8220;off&#8220; alt=&#8220;Lalibela, Ethiopia&#8220; title_text=&#8220;Lalibela, Ethiopia&#8220; animation_style=&#8220;fade&#8220; animation_duration=&#8220;500ms&#8220; animation_intensity_slide=&#8220;10%&#8220; _builder_version=&#8220;3.1.1&#8243; \/][\/et_pb_column][\/et_pb_row][\/et_pb_section]<\/p>","protected":false},"excerpt":{"rendered":"<p>Historische Attraktionen Axum Aksum (auch Axum geschrieben) steht im Zentrum der \u00e4thiopischen Geschichte. In der Antike war es das wirtschaftliche Zentrum des Aksumitischen Reiches, das vom zweiten bis zum zehnten Jahrhundert etwa neunhundert Jahre lang bestand, und die Hauptstadt einer Herrscherdynastie, die der Legende nach von K\u00f6nig Salomon und der K\u00f6nigin von Saba abstammt. Sie [&hellip;]<\/p>\n","protected":false},"author":1,"featured_media":0,"parent":0,"menu_order":0,"comment_status":"open","ping_status":"open","template":"","meta":{"_et_pb_use_builder":"on","_et_pb_old_content":"","_et_gb_content_width":"","footnotes":""},"class_list":["post-436","page","type-page","status-publish","hentry"],"yoast_head":"<!-- This site is optimized with the Yoast SEO plugin v24.6 - https:\/\/yoast.com\/wordpress\/plugins\/seo\/ -->\n<title>Historische Attraktionen - Welcome Ethiopia Tours<\/title>\n<meta name=\"robots\" content=\"index, follow, max-snippet:-1, max-image-preview:large, max-video-preview:-1\" \/>\n<link rel=\"canonical\" href=\"https:\/\/welcomeethiopiatours.com\/de\/historical-attractions\/\" \/>\n<meta property=\"og:locale\" content=\"de_DE\" \/>\n<meta property=\"og:type\" content=\"article\" \/>\n<meta property=\"og:title\" content=\"Historische Attraktionen - Welcome Ethiopia Tours\" \/>\n<meta property=\"og:description\" content=\"Historische Attraktionen Axum Aksum (auch Axum geschrieben) steht im Zentrum der \u00e4thiopischen Geschichte. In der Antike war es das wirtschaftliche Zentrum des Aksumitischen Reiches, das vom zweiten bis zum zehnten Jahrhundert etwa neunhundert Jahre lang bestand, und die Hauptstadt einer Herrscherdynastie, die der Legende nach von K\u00f6nig Salomon und der K\u00f6nigin von Saba abstammt. Sie [&hellip;]\" \/>\n<meta property=\"og:url\" content=\"https:\/\/welcomeethiopiatours.com\/de\/historical-attractions\/\" \/>\n<meta property=\"og:site_name\" content=\"Welcome Ethiopia Tours\" \/>\n<meta property=\"article:modified_time\" content=\"2022-10-14T11:35:27+00:00\" \/>\n<meta name=\"twitter:card\" content=\"summary_large_image\" \/>\n<meta name=\"twitter:label1\" content=\"Gesch\u00e4tzte Lesezeit\" \/>\n\t<meta name=\"twitter:data1\" content=\"19\u00a0Minuten\" \/>\n<script type=\"application\/ld+json\" class=\"yoast-schema-graph\">{\"@context\":\"https:\/\/schema.org\",\"@graph\":[{\"@type\":\"WebPage\",\"@id\":\"https:\/\/welcomeethiopiatours.com\/de\/historical-attractions\/\",\"url\":\"https:\/\/welcomeethiopiatours.com\/de\/historical-attractions\/\",\"name\":\"Historische Attraktionen - Welcome Ethiopia Tours\",\"isPartOf\":{\"@id\":\"https:\/\/welcomeethiopiatours.com\/de\/#website\"},\"datePublished\":\"2015-09-23T07:23:25+00:00\",\"dateModified\":\"2022-10-14T11:35:27+00:00\",\"breadcrumb\":{\"@id\":\"https:\/\/welcomeethiopiatours.com\/de\/historical-attractions\/#breadcrumb\"},\"inLanguage\":\"de\",\"potentialAction\":[{\"@type\":\"ReadAction\",\"target\":[[\"https:\/\/welcomeethiopiatours.com\/de\/historical-attractions\/\"]]}]},{\"@type\":\"BreadcrumbList\",\"@id\":\"https:\/\/welcomeethiopiatours.com\/de\/historical-attractions\/#breadcrumb\",\"itemListElement\":[{\"@type\":\"ListItem\",\"position\":1,\"name\":\"Home\",\"item\":\"https:\/\/welcomeethiopiatours.com\/de\/\"},{\"@type\":\"ListItem\",\"position\":2,\"name\":\"Historische Attraktionen\"}]},{\"@type\":\"WebSite\",\"@id\":\"https:\/\/welcomeethiopiatours.com\/de\/#website\",\"url\":\"https:\/\/welcomeethiopiatours.com\/de\/\",\"name\":\"Welcome Ethiopia Tours\",\"description\":\"Best Tour Operator in Ethiopia\",\"potentialAction\":[{\"@type\":\"SearchAction\",\"target\":{\"@type\":\"EntryPoint\",\"urlTemplate\":\"https:\/\/welcomeethiopiatours.com\/de\/?s={search_term_string}\"},\"query-input\":{\"@type\":\"PropertyValueSpecification\",\"valueRequired\":true,\"valueName\":\"search_term_string\"}}],\"inLanguage\":\"de\"}]}<\/script>\n<!-- \/ Yoast SEO plugin. -->","yoast_head_json":{"title":"Historische Attraktionen - Welcome Ethiopia Tours","robots":{"index":"index","follow":"follow","max-snippet":"max-snippet:-1","max-image-preview":"max-image-preview:large","max-video-preview":"max-video-preview:-1"},"canonical":"https:\/\/welcomeethiopiatours.com\/de\/historical-attractions\/","og_locale":"de_DE","og_type":"article","og_title":"Historische Attraktionen - Welcome Ethiopia Tours","og_description":"Historische Attraktionen Axum Aksum (auch Axum geschrieben) steht im Zentrum der \u00e4thiopischen Geschichte. In der Antike war es das wirtschaftliche Zentrum des Aksumitischen Reiches, das vom zweiten bis zum zehnten Jahrhundert etwa neunhundert Jahre lang bestand, und die Hauptstadt einer Herrscherdynastie, die der Legende nach von K\u00f6nig Salomon und der K\u00f6nigin von Saba abstammt. Sie [&hellip;]","og_url":"https:\/\/welcomeethiopiatours.com\/de\/historical-attractions\/","og_site_name":"Welcome Ethiopia Tours","article_modified_time":"2022-10-14T11:35:27+00:00","twitter_card":"summary_large_image","twitter_misc":{"Gesch\u00e4tzte Lesezeit":"19\u00a0Minuten"},"schema":{"@context":"https:\/\/schema.org","@graph":[{"@type":"WebPage","@id":"https:\/\/welcomeethiopiatours.com\/de\/historical-attractions\/","url":"https:\/\/welcomeethiopiatours.com\/de\/historical-attractions\/","name":"Historische Attraktionen - Welcome Ethiopia Tours","isPartOf":{"@id":"https:\/\/welcomeethiopiatours.com\/de\/#website"},"datePublished":"2015-09-23T07:23:25+00:00","dateModified":"2022-10-14T11:35:27+00:00","breadcrumb":{"@id":"https:\/\/welcomeethiopiatours.com\/de\/historical-attractions\/#breadcrumb"},"inLanguage":"de","potentialAction":[{"@type":"ReadAction","target":[["https:\/\/welcomeethiopiatours.com\/de\/historical-attractions\/"]]}]},{"@type":"BreadcrumbList","@id":"https:\/\/welcomeethiopiatours.com\/de\/historical-attractions\/#breadcrumb","itemListElement":[{"@type":"ListItem","position":1,"name":"Home","item":"https:\/\/welcomeethiopiatours.com\/de\/"},{"@type":"ListItem","position":2,"name":"Historische Attraktionen"}]},{"@type":"WebSite","@id":"https:\/\/welcomeethiopiatours.com\/de\/#website","url":"https:\/\/welcomeethiopiatours.com\/de\/","name":"Welcome Ethiopia Tours","description":"Best Tour Operator in Ethiopia","potentialAction":[{"@type":"SearchAction","target":{"@type":"EntryPoint","urlTemplate":"https:\/\/welcomeethiopiatours.com\/de\/?s={search_term_string}"},"query-input":{"@type":"PropertyValueSpecification","valueRequired":true,"valueName":"search_term_string"}}],"inLanguage":"de"}]}},"_links":{"self":[{"href":"https:\/\/welcomeethiopiatours.com\/de\/wp-json\/wp\/v2\/pages\/436","targetHints":{"allow":["GET"]}}],"collection":[{"href":"https:\/\/welcomeethiopiatours.com\/de\/wp-json\/wp\/v2\/pages"}],"about":[{"href":"https:\/\/welcomeethiopiatours.com\/de\/wp-json\/wp\/v2\/types\/page"}],"author":[{"embeddable":true,"href":"https:\/\/welcomeethiopiatours.com\/de\/wp-json\/wp\/v2\/users\/1"}],"replies":[{"embeddable":true,"href":"https:\/\/welcomeethiopiatours.com\/de\/wp-json\/wp\/v2\/comments?post=436"}],"version-history":[{"count":0,"href":"https:\/\/welcomeethiopiatours.com\/de\/wp-json\/wp\/v2\/pages\/436\/revisions"}],"wp:attachment":[{"href":"https:\/\/welcomeethiopiatours.com\/de\/wp-json\/wp\/v2\/media?parent=436"}],"curies":[{"name":"wp","href":"https:\/\/api.w.org\/{rel}","templated":true}]}}