{"id":470,"date":"2015-09-23T08:10:36","date_gmt":"2015-09-23T08:10:36","guid":{"rendered":"https:\/\/welcomeethiopiatours.com\/?page_id=470"},"modified":"2015-09-23T08:10:36","modified_gmt":"2015-09-23T08:10:36","slug":"cuisine","status":"publish","type":"page","link":"https:\/\/welcomeethiopiatours.com\/de\/cuisine\/","title":{"rendered":"Cuisine"},"content":{"rendered":"<p>[et_pb_section transparent_background=&#8220;on&#8220; allow_player_pause=&#8220;off&#8220; inner_shadow=&#8220;off&#8220; parallax=&#8220;off&#8220; parallax_method=&#8220;off&#8220; padding_mobile=&#8220;off&#8220; make_fullwidth=&#8220;off&#8220; use_custom_width=&#8220;off&#8220; width_unit=&#8220;on&#8220; make_equal=&#8220;off&#8220; use_custom_gutter=&#8220;off&#8220; module_class=&#8220;nobac nopad nobor nospace2columns&#8220;][et_pb_row make_fullwidth=&#8220;on&#8220; use_custom_width=&#8220;off&#8220; width_unit=&#8220;on&#8220; use_custom_gutter=&#8220;off&#8220; padding_mobile=&#8220;on&#8220; allow_player_pause=&#8220;off&#8220; parallax=&#8220;on&#8220; parallax_method=&#8220;off&#8220; make_equal=&#8220;off&#8220; custom_padding=&#8220;0|0&#8243; module_class=&#8220;fullwidthpagetitle&#8220;][et_pb_column type=&#8220;4_4&#8243;][et_pb_text admin_label=&#8220;Die \u00c4thiopische K\u00fcche&#8220; background_layout=&#8220;light&#8220; text_orientation=&#8220;left&#8220; background_image=&#8220;https:\/\/welcomeethiopiatours.com\/wp-content\/uploads\/Ethiopia-Photos-Header.jpg&#8220; use_border_color=&#8220;off&#8220; border_color=&#8220;#ffffff&#8220; border_style=&#8220;solid&#8220; custom_padding=&#8220;0||0|&#8220;]<\/p>\n<h1>Die \u00c4thiopische K\u00fcche<\/h1>\n<p>[\/et_pb_text][\/et_pb_column][\/et_pb_row][et_pb_row make_fullwidth=&#8220;off&#8220; use_custom_width=&#8220;off&#8220; width_unit=&#8220;on&#8220; use_custom_gutter=&#8220;off&#8220; padding_mobile=&#8220;off&#8220; allow_player_pause=&#8220;off&#8220; parallax=&#8220;off&#8220; parallax_method=&#8220;off&#8220; make_equal=&#8220;off&#8220;][et_pb_column type=&#8220;4_4&#8243;][et_pb_text admin_label=&#8220;Text&#8220; background_layout=&#8220;light&#8220; text_orientation=&#8220;left&#8220; use_border_color=&#8220;off&#8220; border_color=&#8220;#ffffff&#8220; border_style=&#8220;solid&#8220;]<br \/>\nDie \u00e4thiopische K\u00fcche ist nicht nur sehr eigen und geschmackvoll, sondern die gesamte Esskultur \u00c4thiopiens d\u00fcrfte die Reisenden faszinieren. Verschiedene Male wird man Zeuge werden wie \u00c4thiopier sich gegenseitig mit H\u00e4ppchen f\u00fcttern, was als Zeichen grossen Respekts und als liebevolle Geste verstanden wird. Injera, das zu Schmorgerichten, Currys, Fleisch oder Gem\u00fcse serviert wird, ist das Hauptnahrungsmittel der meisten \u00c4thiopier. Injera wird aus Teff, einem endemischen Getreide, hergestellt. Zuerst wird es gemahlen und zu leicht fermentiertem Teig verarbeitet, anschliessend wird es in schweren Bratpfannen zu runden Pfannkuchen frittiert. Die Textur ist weich und leicht schwammartig, der Geschmack leicht sauer. Aber keine Sorge, wenn Sie sich (jetzt noch) nicht mit traditionellem, \u00e4thiopischem Essen anfreunden konnten, praktisch \u00fcberall werden auch italienische oder andere westliche Gerichte als Alternative angeboten.<br \/>\n[\/et_pb_text][\/et_pb_column][\/et_pb_row][\/et_pb_section]<\/p>","protected":false},"excerpt":{"rendered":"<p>Die \u00c4thiopische K\u00fcche Die \u00e4thiopische K\u00fcche ist nicht nur sehr eigen und geschmackvoll, sondern die gesamte Esskultur \u00c4thiopiens d\u00fcrfte die Reisenden faszinieren. Verschiedene Male wird man Zeuge werden wie \u00c4thiopier sich gegenseitig mit H\u00e4ppchen f\u00fcttern, was als Zeichen grossen Respekts und als liebevolle Geste verstanden wird. Injera, das zu Schmorgerichten, Currys, Fleisch oder Gem\u00fcse serviert [&hellip;]<\/p>\n","protected":false},"author":1,"featured_media":0,"parent":0,"menu_order":0,"comment_status":"open","ping_status":"open","template":"","meta":{"_et_pb_use_builder":"on","_et_pb_old_content":"","_et_gb_content_width":"","footnotes":""},"class_list":["post-470","page","type-page","status-publish","hentry"],"yoast_head":"<!-- This site is optimized with the Yoast SEO plugin v24.6 - https:\/\/yoast.com\/wordpress\/plugins\/seo\/ -->\n<title>Cuisine - Welcome Ethiopia Tours<\/title>\n<meta name=\"robots\" content=\"index, follow, max-snippet:-1, max-image-preview:large, max-video-preview:-1\" \/>\n<link rel=\"canonical\" href=\"https:\/\/welcomeethiopiatours.com\/de\/cuisine\/\" \/>\n<meta property=\"og:locale\" content=\"de_DE\" \/>\n<meta property=\"og:type\" content=\"article\" \/>\n<meta property=\"og:title\" content=\"Cuisine - Welcome Ethiopia Tours\" \/>\n<meta property=\"og:description\" content=\"Die \u00c4thiopische K\u00fcche Die \u00e4thiopische K\u00fcche ist nicht nur sehr eigen und geschmackvoll, sondern die gesamte Esskultur \u00c4thiopiens d\u00fcrfte die Reisenden faszinieren. Verschiedene Male wird man Zeuge werden wie \u00c4thiopier sich gegenseitig mit H\u00e4ppchen f\u00fcttern, was als Zeichen grossen Respekts und als liebevolle Geste verstanden wird. Injera, das zu Schmorgerichten, Currys, Fleisch oder Gem\u00fcse serviert [&hellip;]\" \/>\n<meta property=\"og:url\" content=\"https:\/\/welcomeethiopiatours.com\/de\/cuisine\/\" \/>\n<meta property=\"og:site_name\" content=\"Welcome Ethiopia Tours\" \/>\n<meta name=\"twitter:card\" content=\"summary_large_image\" \/>\n<meta name=\"twitter:label1\" content=\"Gesch\u00e4tzte Lesezeit\" \/>\n\t<meta name=\"twitter:data1\" content=\"5\u00a0Minuten\" \/>\n<script type=\"application\/ld+json\" class=\"yoast-schema-graph\">{\"@context\":\"https:\/\/schema.org\",\"@graph\":[{\"@type\":\"WebPage\",\"@id\":\"https:\/\/welcomeethiopiatours.com\/de\/cuisine\/\",\"url\":\"https:\/\/welcomeethiopiatours.com\/de\/cuisine\/\",\"name\":\"Cuisine - Welcome Ethiopia Tours\",\"isPartOf\":{\"@id\":\"https:\/\/welcomeethiopiatours.com\/de\/#website\"},\"datePublished\":\"2015-09-23T08:10:36+00:00\",\"breadcrumb\":{\"@id\":\"https:\/\/welcomeethiopiatours.com\/de\/cuisine\/#breadcrumb\"},\"inLanguage\":\"de\",\"potentialAction\":[{\"@type\":\"ReadAction\",\"target\":[[\"https:\/\/welcomeethiopiatours.com\/de\/cuisine\/\"]]}]},{\"@type\":\"BreadcrumbList\",\"@id\":\"https:\/\/welcomeethiopiatours.com\/de\/cuisine\/#breadcrumb\",\"itemListElement\":[{\"@type\":\"ListItem\",\"position\":1,\"name\":\"Home\",\"item\":\"https:\/\/welcomeethiopiatours.com\/de\/\"},{\"@type\":\"ListItem\",\"position\":2,\"name\":\"Cuisine\"}]},{\"@type\":\"WebSite\",\"@id\":\"https:\/\/welcomeethiopiatours.com\/de\/#website\",\"url\":\"https:\/\/welcomeethiopiatours.com\/de\/\",\"name\":\"Welcome Ethiopia Tours\",\"description\":\"Best Tour Operator in Ethiopia\",\"potentialAction\":[{\"@type\":\"SearchAction\",\"target\":{\"@type\":\"EntryPoint\",\"urlTemplate\":\"https:\/\/welcomeethiopiatours.com\/de\/?s={search_term_string}\"},\"query-input\":{\"@type\":\"PropertyValueSpecification\",\"valueRequired\":true,\"valueName\":\"search_term_string\"}}],\"inLanguage\":\"de\"}]}<\/script>\n<!-- \/ Yoast SEO plugin. -->","yoast_head_json":{"title":"Cuisine - Welcome Ethiopia Tours","robots":{"index":"index","follow":"follow","max-snippet":"max-snippet:-1","max-image-preview":"max-image-preview:large","max-video-preview":"max-video-preview:-1"},"canonical":"https:\/\/welcomeethiopiatours.com\/de\/cuisine\/","og_locale":"de_DE","og_type":"article","og_title":"Cuisine - Welcome Ethiopia Tours","og_description":"Die \u00c4thiopische K\u00fcche Die \u00e4thiopische K\u00fcche ist nicht nur sehr eigen und geschmackvoll, sondern die gesamte Esskultur \u00c4thiopiens d\u00fcrfte die Reisenden faszinieren. Verschiedene Male wird man Zeuge werden wie \u00c4thiopier sich gegenseitig mit H\u00e4ppchen f\u00fcttern, was als Zeichen grossen Respekts und als liebevolle Geste verstanden wird. Injera, das zu Schmorgerichten, Currys, Fleisch oder Gem\u00fcse serviert [&hellip;]","og_url":"https:\/\/welcomeethiopiatours.com\/de\/cuisine\/","og_site_name":"Welcome Ethiopia Tours","twitter_card":"summary_large_image","twitter_misc":{"Gesch\u00e4tzte Lesezeit":"5\u00a0Minuten"},"schema":{"@context":"https:\/\/schema.org","@graph":[{"@type":"WebPage","@id":"https:\/\/welcomeethiopiatours.com\/de\/cuisine\/","url":"https:\/\/welcomeethiopiatours.com\/de\/cuisine\/","name":"Cuisine - Welcome Ethiopia Tours","isPartOf":{"@id":"https:\/\/welcomeethiopiatours.com\/de\/#website"},"datePublished":"2015-09-23T08:10:36+00:00","breadcrumb":{"@id":"https:\/\/welcomeethiopiatours.com\/de\/cuisine\/#breadcrumb"},"inLanguage":"de","potentialAction":[{"@type":"ReadAction","target":[["https:\/\/welcomeethiopiatours.com\/de\/cuisine\/"]]}]},{"@type":"BreadcrumbList","@id":"https:\/\/welcomeethiopiatours.com\/de\/cuisine\/#breadcrumb","itemListElement":[{"@type":"ListItem","position":1,"name":"Home","item":"https:\/\/welcomeethiopiatours.com\/de\/"},{"@type":"ListItem","position":2,"name":"Cuisine"}]},{"@type":"WebSite","@id":"https:\/\/welcomeethiopiatours.com\/de\/#website","url":"https:\/\/welcomeethiopiatours.com\/de\/","name":"Welcome Ethiopia Tours","description":"Best Tour Operator in Ethiopia","potentialAction":[{"@type":"SearchAction","target":{"@type":"EntryPoint","urlTemplate":"https:\/\/welcomeethiopiatours.com\/de\/?s={search_term_string}"},"query-input":{"@type":"PropertyValueSpecification","valueRequired":true,"valueName":"search_term_string"}}],"inLanguage":"de"}]}},"_links":{"self":[{"href":"https:\/\/welcomeethiopiatours.com\/de\/wp-json\/wp\/v2\/pages\/470","targetHints":{"allow":["GET"]}}],"collection":[{"href":"https:\/\/welcomeethiopiatours.com\/de\/wp-json\/wp\/v2\/pages"}],"about":[{"href":"https:\/\/welcomeethiopiatours.com\/de\/wp-json\/wp\/v2\/types\/page"}],"author":[{"embeddable":true,"href":"https:\/\/welcomeethiopiatours.com\/de\/wp-json\/wp\/v2\/users\/1"}],"replies":[{"embeddable":true,"href":"https:\/\/welcomeethiopiatours.com\/de\/wp-json\/wp\/v2\/comments?post=470"}],"version-history":[{"count":0,"href":"https:\/\/welcomeethiopiatours.com\/de\/wp-json\/wp\/v2\/pages\/470\/revisions"}],"wp:attachment":[{"href":"https:\/\/welcomeethiopiatours.com\/de\/wp-json\/wp\/v2\/media?parent=470"}],"curies":[{"name":"wp","href":"https:\/\/api.w.org\/{rel}","templated":true}]}}