{"id":473,"date":"2015-09-23T08:14:07","date_gmt":"2015-09-23T08:14:07","guid":{"rendered":"https:\/\/welcomeethiopiatours.com\/?page_id=473"},"modified":"2022-10-14T11:57:40","modified_gmt":"2022-10-14T11:57:40","slug":"coffee","status":"publish","type":"page","link":"https:\/\/welcomeethiopiatours.com\/de\/coffee\/","title":{"rendered":"Kaffee"},"content":{"rendered":"<p>[et_pb_section bb_built=&#8220;1&#8243; transparent_background=&#8220;on&#8220; allow_player_pause=&#8220;off&#8220; inner_shadow=&#8220;off&#8220; parallax=&#8220;off&#8220; parallax_method=&#8220;off&#8220; padding_mobile=&#8220;off&#8220; make_fullwidth=&#8220;off&#8220; use_custom_width=&#8220;off&#8220; width_unit=&#8220;on&#8220; make_equal=&#8220;off&#8220; use_custom_gutter=&#8220;off&#8220; module_class=&#8220;nobac nopad nobor nospace2columns&#8220; background_color=&#8220;rgba(255,255,255,0)&#8220; custom_padding_tablet=&#8220;50px|0|50px|0&#8243; custom_padding_last_edited=&#8220;on|desktop&#8220;][et_pb_row make_fullwidth=&#8220;on&#8220; use_custom_width=&#8220;off&#8220; width_unit=&#8220;on&#8220; use_custom_gutter=&#8220;off&#8220; padding_mobile=&#8220;on&#8220; allow_player_pause=&#8220;off&#8220; parallax=&#8220;on&#8220; parallax_method=&#8220;off&#8220; make_equal=&#8220;off&#8220; custom_padding=&#8220;0|0&#8243; module_class=&#8220;fullwidthpagetitle&#8220; background_position=&#8220;top_left&#8220; background_repeat=&#8220;repeat&#8220; background_size=&#8220;initial&#8220;][et_pb_column type=&#8220;4_4&#8243;][et_pb_text admin_label=&#8220;Kaffee&#8220; background_image=&#8220;https:\/\/welcomeethiopiatours.com\/wp-content\/uploads\/Ethiopia-Photos-Header.jpg&#8220; use_border_color=&#8220;off&#8220; custom_padding=&#8220;0||0|&#8220; background_position=&#8220;top_left&#8220; background_repeat=&#8220;repeat&#8220; background_size=&#8220;initial&#8220; _builder_version=&#8220;3.1.1&#8243;]<\/p>\n<h1>Kaffee<\/h1>\n<p>[\/et_pb_text][\/et_pb_column][\/et_pb_row][et_pb_row make_fullwidth=&#8220;off&#8220; use_custom_width=&#8220;off&#8220; width_unit=&#8220;on&#8220; use_custom_gutter=&#8220;off&#8220; padding_mobile=&#8220;off&#8220; allow_player_pause=&#8220;off&#8220; parallax=&#8220;off&#8220; parallax_method=&#8220;off&#8220; make_equal=&#8220;off&#8220; background_position=&#8220;top_left&#8220; background_repeat=&#8220;repeat&#8220; background_size=&#8220;initial&#8220;][et_pb_column type=&#8220;1_2&#8243;][et_pb_text use_border_color=&#8220;off&#8220; background_position=&#8220;top_left&#8220; background_repeat=&#8220;repeat&#8220; background_size=&#8220;initial&#8220; _builder_version=&#8220;3.1.1&#8243;]<\/p>\n<p>\u00c4thiopien, das weithin als Geburtsland des Kaffees gilt, genie\u00dft in der Spezialit\u00e4tenkaffeeindustrie hohes Ansehen. Die Bohnen aus diesem Land sind ein fester Bestandteil der Speisekarten von Caf\u00e9s auf der ganzen Welt. Aber warum ist \u00e4thiopischer Kaffee so hoch angesehen? Und wie viel wissen Sie wirklich \u00fcber diese Herkunft? Die \u00e4thiopischen Kaffeeanbaugebiete sind \u00e4u\u00dferst vielf\u00e4ltig, und die Tassenprofile unterscheiden sich je nach Region, Mikroregion oder sogar Farm drastisch. Aber viele sind au\u00dfergew\u00f6hnliche Arabicas, die Sie nach mehr verlangen lassen. Das Land ist der sechstgr\u00f6\u00dfte Kaffeeproduzent und Berichten zufolge waren 2018 bis zu 20 % der 100 Millionen Einwohner \u00c4thiopiens direkt oder indirekt in der Branche besch\u00e4ftigt. Im Jahr 2017 produzierte das Land rund 470.000 Tonnen Rohkaffee, von denen es etwa 160.000 exportierte. Das bedeutet, dass \u00c4thiopien weniger als die H\u00e4lfte des von ihm produzierten Kaffees exportiert. Der Rest wird innerhalb des Landes konsumiert.<br \/>\nDas Kaffeeritual ist eine alte Tradition, die nicht \u00fcberst\u00fcrzt werden darf. Die gr\u00fcnen Bohnen werden in einer Pfanne \u00fcber hei\u00dfen Kohlen ger\u00f6stet, mit einem St\u00f6\u00dfel und M\u00f6rser zersto\u00dfen und dann in einer traditionellen Kanne mit schmalem Ausguss aufgebr\u00fcht.\u00a0Der Kaffee wird auf eine einzigartige und traditionelle Weise getrunken, die Kaffeezeremonie.\u00a0 Wenn er fertig ist, wird er in kleinen Tassen serviert, bis zu drei pro Zeremonie. Die erste Tasse wird Abool genannt, die zweite Tona und die dritte Bereka. Dies ist eine gesellschaftliche Zeremonie und dauert mindestens eine halbe Stunde.<br \/>\n\u00c4thiopischer Kaffee wird in der Regel auf nachhaltige Weise produziert, wobei der Gro\u00dfteil als Gartenkaffee angebaut wird. Das bedeutet, dass er von den Bauern in der N\u00e4he ihrer H\u00e4user angebaut wird und oft mit anderen Pflanzen vermischt wird. Es ist auch \u00fcblich, dass die Erzeuger Kaffee in einem Halbwaldsystem anbauen, bei dem der nat\u00fcrliche Wald durch das Abschlagen von Unkraut und Str\u00e4uchern zur Schattenregulierung ver\u00e4ndert wird und Kaffeesetzlinge eingebracht werden. Nur sch\u00e4tzungsweise 5 % der Kaffeeproduktion in \u00c4thiopien werden auf speziellen Plantagen angebaut. Sowohl die gewaschene als auch die nat\u00fcrliche Verarbeitung sind in \u00c4thiopien \u00fcblich. Die Bauern legen die Kaffeekirschen auf eine ebene Fl\u00e4che, wo sie dann in der Sonne getrocknet werden. Dieser Prozess dauert in der Regel zwei bis sechs Wochen, und die Bohnen werden geharkt und gedreht, damit sie gleichm\u00e4\u00dfig trocknen. Sobald die Samen getrocknet sind, werden sie aus der Kirsche entfernt. \u00a0Die besseren nat\u00fcrlich aufbereiteten Kaffees behalten die sauberen zitrischen und blumigen Noten mit einem Hauch von zus\u00e4tzlicher S\u00fc\u00dfe und K\u00f6rper im Vergleich zu ihren gewaschenen Gegenst\u00fccken. Wenn Sie einen dieser Kaffees finden, ist es mit der Magie nicht weit her.<\/p>\n<p>[\/et_pb_text][\/et_pb_column][et_pb_column type=&#8220;1_2&#8243;][et_pb_image _builder_version=&#8220;3.1.1&#8243; src=&#8220;https:\/\/welcomeethiopiatours.com\/wp-content\/uploads\/Ethiopia_Coffee_ceremony.jpg&#8220; \/][et_pb_image _builder_version=&#8220;3.1.1&#8243; src=&#8220;https:\/\/welcomeethiopiatours.com\/wp-content\/uploads\/5fe08ebe1a60c_coffeefarm.jpg&#8220; \/][\/et_pb_column][\/et_pb_row][\/et_pb_section]<\/p>","protected":false},"excerpt":{"rendered":"<p>Kaffee \u00c4thiopien, das weithin als Geburtsland des Kaffees gilt, genie\u00dft in der Spezialit\u00e4tenkaffeeindustrie hohes Ansehen. Die Bohnen aus diesem Land sind ein fester Bestandteil der Speisekarten von Caf\u00e9s auf der ganzen Welt. Aber warum ist \u00e4thiopischer Kaffee so hoch angesehen? Und wie viel wissen Sie wirklich \u00fcber diese Herkunft? Die \u00e4thiopischen Kaffeeanbaugebiete sind \u00e4u\u00dferst vielf\u00e4ltig, [&hellip;]<\/p>\n","protected":false},"author":1,"featured_media":0,"parent":0,"menu_order":0,"comment_status":"open","ping_status":"open","template":"","meta":{"_et_pb_use_builder":"on","_et_pb_old_content":"","_et_gb_content_width":"","footnotes":""},"class_list":["post-473","page","type-page","status-publish","hentry"],"yoast_head":"<!-- This site is optimized with the Yoast SEO plugin v24.6 - https:\/\/yoast.com\/wordpress\/plugins\/seo\/ -->\n<title>Kaffee - Welcome Ethiopia Tours<\/title>\n<meta name=\"robots\" content=\"index, follow, max-snippet:-1, max-image-preview:large, max-video-preview:-1\" \/>\n<link rel=\"canonical\" href=\"https:\/\/welcomeethiopiatours.com\/de\/coffee\/\" \/>\n<meta property=\"og:locale\" content=\"de_DE\" \/>\n<meta property=\"og:type\" content=\"article\" \/>\n<meta property=\"og:title\" content=\"Kaffee - Welcome Ethiopia Tours\" \/>\n<meta property=\"og:description\" content=\"Kaffee \u00c4thiopien, das weithin als Geburtsland des Kaffees gilt, genie\u00dft in der Spezialit\u00e4tenkaffeeindustrie hohes Ansehen. Die Bohnen aus diesem Land sind ein fester Bestandteil der Speisekarten von Caf\u00e9s auf der ganzen Welt. Aber warum ist \u00e4thiopischer Kaffee so hoch angesehen? Und wie viel wissen Sie wirklich \u00fcber diese Herkunft? Die \u00e4thiopischen Kaffeeanbaugebiete sind \u00e4u\u00dferst vielf\u00e4ltig, [&hellip;]\" \/>\n<meta property=\"og:url\" content=\"https:\/\/welcomeethiopiatours.com\/de\/coffee\/\" \/>\n<meta property=\"og:site_name\" content=\"Welcome Ethiopia Tours\" \/>\n<meta property=\"article:modified_time\" content=\"2022-10-14T11:57:40+00:00\" \/>\n<meta name=\"twitter:card\" content=\"summary_large_image\" \/>\n<meta name=\"twitter:label1\" content=\"Gesch\u00e4tzte Lesezeit\" \/>\n\t<meta name=\"twitter:data1\" content=\"11\u00a0Minuten\" \/>\n<script type=\"application\/ld+json\" class=\"yoast-schema-graph\">{\"@context\":\"https:\/\/schema.org\",\"@graph\":[{\"@type\":\"WebPage\",\"@id\":\"https:\/\/welcomeethiopiatours.com\/de\/coffee\/\",\"url\":\"https:\/\/welcomeethiopiatours.com\/de\/coffee\/\",\"name\":\"Kaffee - Welcome Ethiopia Tours\",\"isPartOf\":{\"@id\":\"https:\/\/welcomeethiopiatours.com\/de\/#website\"},\"datePublished\":\"2015-09-23T08:14:07+00:00\",\"dateModified\":\"2022-10-14T11:57:40+00:00\",\"breadcrumb\":{\"@id\":\"https:\/\/welcomeethiopiatours.com\/de\/coffee\/#breadcrumb\"},\"inLanguage\":\"de\",\"potentialAction\":[{\"@type\":\"ReadAction\",\"target\":[[\"https:\/\/welcomeethiopiatours.com\/de\/coffee\/\"]]}]},{\"@type\":\"BreadcrumbList\",\"@id\":\"https:\/\/welcomeethiopiatours.com\/de\/coffee\/#breadcrumb\",\"itemListElement\":[{\"@type\":\"ListItem\",\"position\":1,\"name\":\"Home\",\"item\":\"https:\/\/welcomeethiopiatours.com\/de\/\"},{\"@type\":\"ListItem\",\"position\":2,\"name\":\"Coffee\"}]},{\"@type\":\"WebSite\",\"@id\":\"https:\/\/welcomeethiopiatours.com\/de\/#website\",\"url\":\"https:\/\/welcomeethiopiatours.com\/de\/\",\"name\":\"Welcome Ethiopia Tours\",\"description\":\"Best Tour Operator in Ethiopia\",\"potentialAction\":[{\"@type\":\"SearchAction\",\"target\":{\"@type\":\"EntryPoint\",\"urlTemplate\":\"https:\/\/welcomeethiopiatours.com\/de\/?s={search_term_string}\"},\"query-input\":{\"@type\":\"PropertyValueSpecification\",\"valueRequired\":true,\"valueName\":\"search_term_string\"}}],\"inLanguage\":\"de\"}]}<\/script>\n<!-- \/ Yoast SEO plugin. -->","yoast_head_json":{"title":"Kaffee - Welcome Ethiopia Tours","robots":{"index":"index","follow":"follow","max-snippet":"max-snippet:-1","max-image-preview":"max-image-preview:large","max-video-preview":"max-video-preview:-1"},"canonical":"https:\/\/welcomeethiopiatours.com\/de\/coffee\/","og_locale":"de_DE","og_type":"article","og_title":"Kaffee - Welcome Ethiopia Tours","og_description":"Kaffee \u00c4thiopien, das weithin als Geburtsland des Kaffees gilt, genie\u00dft in der Spezialit\u00e4tenkaffeeindustrie hohes Ansehen. Die Bohnen aus diesem Land sind ein fester Bestandteil der Speisekarten von Caf\u00e9s auf der ganzen Welt. Aber warum ist \u00e4thiopischer Kaffee so hoch angesehen? Und wie viel wissen Sie wirklich \u00fcber diese Herkunft? Die \u00e4thiopischen Kaffeeanbaugebiete sind \u00e4u\u00dferst vielf\u00e4ltig, [&hellip;]","og_url":"https:\/\/welcomeethiopiatours.com\/de\/coffee\/","og_site_name":"Welcome Ethiopia Tours","article_modified_time":"2022-10-14T11:57:40+00:00","twitter_card":"summary_large_image","twitter_misc":{"Gesch\u00e4tzte Lesezeit":"11\u00a0Minuten"},"schema":{"@context":"https:\/\/schema.org","@graph":[{"@type":"WebPage","@id":"https:\/\/welcomeethiopiatours.com\/de\/coffee\/","url":"https:\/\/welcomeethiopiatours.com\/de\/coffee\/","name":"Kaffee - Welcome Ethiopia Tours","isPartOf":{"@id":"https:\/\/welcomeethiopiatours.com\/de\/#website"},"datePublished":"2015-09-23T08:14:07+00:00","dateModified":"2022-10-14T11:57:40+00:00","breadcrumb":{"@id":"https:\/\/welcomeethiopiatours.com\/de\/coffee\/#breadcrumb"},"inLanguage":"de","potentialAction":[{"@type":"ReadAction","target":[["https:\/\/welcomeethiopiatours.com\/de\/coffee\/"]]}]},{"@type":"BreadcrumbList","@id":"https:\/\/welcomeethiopiatours.com\/de\/coffee\/#breadcrumb","itemListElement":[{"@type":"ListItem","position":1,"name":"Home","item":"https:\/\/welcomeethiopiatours.com\/de\/"},{"@type":"ListItem","position":2,"name":"Coffee"}]},{"@type":"WebSite","@id":"https:\/\/welcomeethiopiatours.com\/de\/#website","url":"https:\/\/welcomeethiopiatours.com\/de\/","name":"Welcome Ethiopia Tours","description":"Best Tour Operator in Ethiopia","potentialAction":[{"@type":"SearchAction","target":{"@type":"EntryPoint","urlTemplate":"https:\/\/welcomeethiopiatours.com\/de\/?s={search_term_string}"},"query-input":{"@type":"PropertyValueSpecification","valueRequired":true,"valueName":"search_term_string"}}],"inLanguage":"de"}]}},"_links":{"self":[{"href":"https:\/\/welcomeethiopiatours.com\/de\/wp-json\/wp\/v2\/pages\/473","targetHints":{"allow":["GET"]}}],"collection":[{"href":"https:\/\/welcomeethiopiatours.com\/de\/wp-json\/wp\/v2\/pages"}],"about":[{"href":"https:\/\/welcomeethiopiatours.com\/de\/wp-json\/wp\/v2\/types\/page"}],"author":[{"embeddable":true,"href":"https:\/\/welcomeethiopiatours.com\/de\/wp-json\/wp\/v2\/users\/1"}],"replies":[{"embeddable":true,"href":"https:\/\/welcomeethiopiatours.com\/de\/wp-json\/wp\/v2\/comments?post=473"}],"version-history":[{"count":0,"href":"https:\/\/welcomeethiopiatours.com\/de\/wp-json\/wp\/v2\/pages\/473\/revisions"}],"wp:attachment":[{"href":"https:\/\/welcomeethiopiatours.com\/de\/wp-json\/wp\/v2\/media?parent=473"}],"curies":[{"name":"wp","href":"https:\/\/api.w.org\/{rel}","templated":true}]}}