{"id":70,"date":"2015-07-22T17:50:57","date_gmt":"2015-07-22T17:50:57","guid":{"rendered":"https:\/\/welcomeethiopiatours.com\/?page_id=70"},"modified":"2015-07-22T17:50:57","modified_gmt":"2015-07-22T17:50:57","slug":"faqs","status":"publish","type":"page","link":"https:\/\/welcomeethiopiatours.com\/de\/faqs\/","title":{"rendered":"FAQs"},"content":{"rendered":"<p>[et_pb_section transparent_background=&#8220;on&#8220; allow_player_pause=&#8220;off&#8220; inner_shadow=&#8220;off&#8220; parallax=&#8220;off&#8220; parallax_method=&#8220;off&#8220; padding_mobile=&#8220;off&#8220; make_fullwidth=&#8220;off&#8220; use_custom_width=&#8220;off&#8220; width_unit=&#8220;on&#8220; make_equal=&#8220;off&#8220; use_custom_gutter=&#8220;off&#8220;][et_pb_row make_fullwidth=&#8220;on&#8220; use_custom_width=&#8220;off&#8220; width_unit=&#8220;on&#8220; use_custom_gutter=&#8220;off&#8220; padding_mobile=&#8220;on&#8220; allow_player_pause=&#8220;off&#8220; parallax=&#8220;on&#8220; parallax_method=&#8220;off&#8220; make_equal=&#8220;off&#8220; custom_padding=&#8220;0|0&#8243; module_class=&#8220;fullwidthpagetitle&#8220;][et_pb_column type=&#8220;4_4&#8243;][et_pb_text admin_label=&#8220;FAQs&#8220; background_layout=&#8220;light&#8220; text_orientation=&#8220;left&#8220; background_image=&#8220;https:\/\/welcomeethiopiatours.com\/wp-content\/uploads\/Ethiopia-Photos-Header.jpg&#8220; use_border_color=&#8220;off&#8220; border_color=&#8220;#ffffff&#8220; border_style=&#8220;solid&#8220; custom_padding=&#8220;0||0|&#8220;]<\/p>\n<h1>FAQs<\/h1>\n<p>[\/et_pb_text][\/et_pb_column][\/et_pb_row][et_pb_row make_fullwidth=&#8220;off&#8220; use_custom_width=&#8220;off&#8220; width_unit=&#8220;on&#8220; use_custom_gutter=&#8220;off&#8220; padding_mobile=&#8220;off&#8220; module_class=&#8220;nobac nopad nobor&#8220; allow_player_pause=&#8220;off&#8220; parallax=&#8220;off&#8220; parallax_method=&#8220;off&#8220; make_equal=&#8220;on&#8220;][et_pb_column type=&#8220;1_2&#8243;][et_pb_text admin_label=&#8220;Wie gross sind die Reisegruppen?&#8220; background_layout=&#8220;light&#8220; text_orientation=&#8220;left&#8220; use_border_color=&#8220;off&#8220; border_color=&#8220;#ffffff&#8220; border_style=&#8220;solid&#8220;]<\/p>\n<h4><span lang=\"DE-CH\">Wie gross sind die Reisegruppen?<\/span><\/h4>\n<p><span lang=\"DE-CH\">Wir reisen in Gruppen von maximal acht Personen, ausser explizit anders von einer Gruppe gew\u00fcnscht. Bei uns sind aber auch individuelle Rundreisen ab einer Person m\u00f6glich. <\/span><br \/>\n[\/et_pb_text][et_pb_text admin_label=&#8220;Wie ist der Hotelstandard?&#8220; background_layout=&#8220;light&#8220; text_orientation=&#8220;left&#8220; use_border_color=&#8220;off&#8220; border_color=&#8220;#ffffff&#8220; border_style=&#8220;solid&#8220;]<\/p>\n<h4><span lang=\"DE-CH\">Wie ist der Hotelstandard?<\/span><\/h4>\n<p>Wir benutzen die folgenden Hotels in- und ausserhalb von Addis Abeba. 4- und 5- Stern Hotels in Addis Abeba. 3-Stern Hotels, Lodges und lokale Gasth\u00e4user ausserhalb von Addis Abeba. Wir bem\u00fchen uns immer nur die besten Hotels f\u00fcr Sie zu buchen.<br \/>\n[\/et_pb_text][et_pb_text admin_label=&#8220;Wie ist das Wetter?&#8220; background_layout=&#8220;light&#8220; text_orientation=&#8220;left&#8220; use_border_color=&#8220;off&#8220; border_color=&#8220;#ffffff&#8220; border_style=&#8220;solid&#8220;]<\/p>\n<h4><strong>Wie ist das Wetter?<\/strong><\/h4>\n<p>Das h\u00e4ngt davon ab, wohin Sie reisen. In den meisten Landesteilen ist die Hauptregenzeit von Juni bis September, mit kurzen Regenf\u00e4llen im M\u00e4rz. In S\u00fcd\u00e4thiopien regnet es oft von M\u00e4rz bis Juni, mit k\u00fcrzeren Regenf\u00e4llen im November.<br \/>\n[\/et_pb_text][et_pb_text admin_label=&#8220;Brauche ich eine Versicherung?&#8220; background_layout=&#8220;light&#8220; text_orientation=&#8220;left&#8220; use_border_color=&#8220;off&#8220; border_color=&#8220;#ffffff&#8220; border_style=&#8220;solid&#8220;]<\/p>\n<h4>Brauche ich eine Versicherung?<\/h4>\n<p>Ja, Sie brauchen eine Versicherung, die sie f\u00fcr medizinische Betreuung und eine allf\u00e4llige R\u00fcckf\u00fchrung nach Hause deckt.<br \/>\n[\/et_pb_text][et_pb_text admin_label=&#8220;Brauche ich ein Visum f\u00fcr die Einreise?&#8220; background_layout=&#8220;light&#8220; text_orientation=&#8220;left&#8220; use_border_color=&#8220;off&#8220; border_color=&#8220;#ffffff&#8220; border_style=&#8220;solid&#8220;]<\/p>\n<h4><strong>Brauche ich ein Visum f\u00fcr die Einreise?<\/strong><\/h4>\n<p>B\u00fcrger aus Kenia, Djibouti und dem Sudan ben\u00f6tigen kein Visum. B\u00fcrger folgender L\u00e4nder k\u00f6nnen ein Visum bei Ankunft am Flughafen l\u00f6sen; Argentinien, Australien, \u00d6sterreich, Belgien, Brasilien, Kanada, China. D\u00e4nemark, Finnland, Frankreich, Deutschland, Griechenland, Irland, Israel, Italien, Japan, Korea, Kuwait, Luxemburg, Mexico, Niederlande, Neuseeland, Norwegen, Polen, Russland, S\u00fcdafrika, Spanien, Schweden, Schweiz, Taiwan, Vereinigtes K\u00f6nigreich, Vereinigte Staaten von Amerika<br \/>\nB\u00fcrger aus L\u00e4ndern, die nicht auf der obigen Liste erscheinen, m\u00fcssen das Visum bei einer \u00e4thiopischen Vertretung im Ausland beantragen.<br \/>\n[\/et_pb_text][et_pb_text admin_label=&#8220;Ist es sicher in \u00c4thiopien zu reisen? &#8220; background_layout=&#8220;light&#8220; text_orientation=&#8220;left&#8220; use_border_color=&#8220;off&#8220; border_color=&#8220;#ffffff&#8220; border_style=&#8220;solid&#8220;]<\/p>\n<h4><strong>Ist es sicher in \u00c4thiopien zu reisen?\u00a0 <\/strong><\/h4>\n<p>\u00c4thiopien ist generell ein sicheres Land, und Addis Abeba eine sichere Stadt. Trotzdem sollten Sie die \u00fcblichen Vorsichtsmassnahmen treffen. Gehen Sie nachts nicht zu Fuss in unbeleuchtete Gegenden, die Sie nicht kennen und tragen sie keine grossen Bargeldbetr\u00e4ge an Orten, wo Sie nicht vor Taschendiebstahl sicher sind. Taschendiebstahl ist in Addis Abeba verbreitet. Gewaltsame \u00dcberf\u00e4lle hingegen \u00e4usserst selten.<br \/>\n[\/et_pb_text][et_pb_text admin_label=&#8220;Wo kann ich noch mehr Informationen erhalten?&#8220; background_layout=&#8220;light&#8220; text_orientation=&#8220;left&#8220; use_border_color=&#8220;off&#8220; border_color=&#8220;#ffffff&#8220; border_style=&#8220;solid&#8220;]<\/p>\n<h4><span lang=\"DE-CH\">Wo kann ich noch mehr Informationen erhalten?<\/span><\/h4>\n<p><span lang=\"DE-CH\">Wenn sie Fragen zu Ihrer \u00c4thiopienreise haben, wenden Sie sich bitte jederzeit an uns. Wir bem\u00fchen uns, Ihnen sp\u00e4testens innerhalb von zwei Arbeitstagen eine Antwort zu geben.<\/span><br \/>\n[\/et_pb_text][\/et_pb_column][et_pb_column type=&#8220;1_2&#8243;][et_pb_text admin_label=&#8220;Wie reisen wir in \u00c4thiopien?&#8220; background_layout=&#8220;light&#8220; text_orientation=&#8220;left&#8220; use_border_color=&#8220;off&#8220; border_color=&#8220;#ffffff&#8220; border_style=&#8220;solid&#8220;]<\/p>\n<h4><span lang=\"DE-CH\">Wie reisen wir in \u00c4thiopien?<\/span><\/h4>\n<p><span lang=\"DE-CH\">F\u00fcr unsere Kleingruppenreisen mit maximal acht\u00a0Teilnehmern setzen wir unseren komfortablen Toyota Hiace Highroof\u00a0Minibus (Baujahr\u00a02015) ein. Das Fahrzeug ist eigentlich f\u00fcr 16 Personen konzipiert. Auf Gew\u00e4ssern bewegen wir uns in sicheren Booten. Inlandfl\u00fcge werden von Ethiopian Airlines durchgef\u00fchrt.<\/span><br \/>\n[\/et_pb_text][et_pb_text admin_label=&#8220;Welche Fluggesellschaften fliegen nac..&#8220; background_layout=&#8220;light&#8220; text_orientation=&#8220;left&#8220; use_border_color=&#8220;off&#8220; border_color=&#8220;#ffffff&#8220; border_style=&#8220;solid&#8220;]<\/p>\n<h4><strong>Welche Fluggesellschaften fliegen nach Addis Abeba (ADD)?<\/strong><\/h4>\n<p>Viele Fluggesellschaften fliegen mittlerweile nach Addis Ababa (ADD). Ethiopian Airlines bietet t\u00e4gliche Verbindungen in mehrere St\u00e4dte Europas, der U.S.A und Asiens. Ethiopian Airlines ist ein volles Star Alliance Mitglied und die Preise sind bei entsprechender Vorausbuchung g\u00fcnstig. Folgende Fluggesellschaften fliegen ebenfalls nach Addis Abeba; die meisten ebenfalls mit t\u00e4glichen Verbindungen in mehrere St\u00e4dte Europas, der U.S.A und Asiens: Lufthansa, KLM, Emirates Airlines, Gulf Air, Turkish Airlines, BMI und Egypt Air.<br \/>\n[\/et_pb_text][et_pb_text admin_label=&#8220;Wie sind die Temperaturen?&#8220; background_layout=&#8220;light&#8220; text_orientation=&#8220;left&#8220; use_border_color=&#8220;off&#8220; border_color=&#8220;#ffffff&#8220; border_style=&#8220;solid&#8220;]<\/p>\n<h4>Wie sind die Temperaturen?<\/h4>\n<p>Die Temperaturen wiederspiegeln sich in der Topographie des Landes. Im Hochland herrscht ein moderates Klima mit durchschnittlichen Tagestemperaturen um die 16\u00b0C. In den s\u00fcdlichen und \u00f6stlichen Niederungen ist es trocken und heiss. Im Westen ist es heiss und feucht. In den Simien und den Bale Bergen wird es nachts kalt mit Temperaturen unter dem Gefrierpunkt.<br \/>\n[\/et_pb_text][et_pb_text admin_label=&#8220;K\u00f6nnen Sie unsere Fl\u00fcge arrangieren?&#8220; background_layout=&#8220;light&#8220; text_orientation=&#8220;left&#8220; use_border_color=&#8220;off&#8220; border_color=&#8220;#ffffff&#8220; border_style=&#8220;solid&#8220;]<\/p>\n<h4><span lang=\"DE-CH\">K\u00f6nnen Sie unsere Fl\u00fcge arrangieren?<\/span><\/h4>\n<p><span lang=\"DE-CH\">Gerne k\u00fcmmern wir uns um Ihre Fl\u00fcge. Wir stellen f\u00fcr Sie gerne eine individuelle Rundreise mit Innlandfl\u00fcgen zusammen. Vielleicht m\u00f6chten Sie schon ein paar Tage fr\u00fcher anreisen oder l\u00e4nger bleiben? Schicken Sie uns einfach eine Email und wir werden die besten Optionen mit Ihnen besprechen.<\/span><br \/>\n[\/et_pb_text][et_pb_text admin_label=&#8220;Wann ist die beste Reisezeit?&#8220; background_layout=&#8220;light&#8220; text_orientation=&#8220;left&#8220; use_border_color=&#8220;off&#8220; border_color=&#8220;#ffffff&#8220; border_style=&#8220;solid&#8220;]<\/p>\n<h4><strong>Wann ist die beste Reisezeit?<\/strong><\/h4>\n<p>\u00c4thiopien kann mit den verbesserten Strassen und modernen Flugh\u00e4fen jetzt das ganze Jahr \u00fcber bereist werden. Die Historische Route im Norden (Axum, Lalibela, Gondar und Bahir Dar) kann auch w\u00e4hrend der Regenzeit problemlos besucht werden. Es wird zwar oft von Reisen in der Regenzeit abgeraten, doch f\u00fcr Reisende, die eine sporadische Regenschauer (meist scheint danach sofort wieder die Sonne) nicht scheuen, hat diese Zeit auch ihre ganz besonderen Vorz\u00fcge. Die Preise sind in der Regel tiefer und sie haben die meisten Attraktionen fast f\u00fcr sich alleine. Zudem ist das Land \u00fcppig gr\u00fcn und viele Pflanzen bl\u00fchen.\u00a0F\u00fcr gewisse Routen und Destinationen, wie beispielsweise die Danakil Senke, sollten Sie sich aber besser mit uns in Verbindung setzen.<br \/>\n[\/et_pb_text][\/et_pb_column][\/et_pb_row][\/et_pb_section]<\/p>","protected":false},"excerpt":{"rendered":"<p>FAQs Wie gross sind die Reisegruppen? Wir reisen in Gruppen von maximal acht Personen, ausser explizit anders von einer Gruppe gew\u00fcnscht. Bei uns sind aber auch individuelle Rundreisen ab einer Person m\u00f6glich. Wie ist der Hotelstandard? Wir benutzen die folgenden Hotels in- und ausserhalb von Addis Abeba. 4- und 5- Stern Hotels in Addis Abeba. [&hellip;]<\/p>\n","protected":false},"author":1,"featured_media":0,"parent":0,"menu_order":0,"comment_status":"open","ping_status":"open","template":"","meta":{"_et_pb_use_builder":"on","_et_pb_old_content":"","_et_gb_content_width":"","footnotes":""},"class_list":["post-70","page","type-page","status-publish","hentry"],"yoast_head":"<!-- This site is optimized with the Yoast SEO plugin v24.6 - https:\/\/yoast.com\/wordpress\/plugins\/seo\/ -->\n<title>FAQs - Welcome Ethiopia Tours<\/title>\n<meta name=\"robots\" content=\"index, follow, max-snippet:-1, max-image-preview:large, max-video-preview:-1\" \/>\n<link rel=\"canonical\" href=\"https:\/\/welcomeethiopiatours.com\/de\/faqs\/\" \/>\n<meta property=\"og:locale\" content=\"de_DE\" \/>\n<meta property=\"og:type\" content=\"article\" \/>\n<meta property=\"og:title\" content=\"FAQs - Welcome Ethiopia Tours\" \/>\n<meta property=\"og:description\" content=\"FAQs Wie gross sind die Reisegruppen? Wir reisen in Gruppen von maximal acht Personen, ausser explizit anders von einer Gruppe gew\u00fcnscht. Bei uns sind aber auch individuelle Rundreisen ab einer Person m\u00f6glich. Wie ist der Hotelstandard? Wir benutzen die folgenden Hotels in- und ausserhalb von Addis Abeba. 4- und 5- Stern Hotels in Addis Abeba. [&hellip;]\" \/>\n<meta property=\"og:url\" content=\"https:\/\/welcomeethiopiatours.com\/de\/faqs\/\" \/>\n<meta property=\"og:site_name\" content=\"Welcome Ethiopia Tours\" \/>\n<meta name=\"twitter:card\" content=\"summary_large_image\" \/>\n<meta name=\"twitter:label1\" content=\"Gesch\u00e4tzte Lesezeit\" \/>\n\t<meta name=\"twitter:data1\" content=\"20\u00a0Minuten\" \/>\n<script type=\"application\/ld+json\" class=\"yoast-schema-graph\">{\"@context\":\"https:\/\/schema.org\",\"@graph\":[{\"@type\":\"WebPage\",\"@id\":\"https:\/\/welcomeethiopiatours.com\/de\/faqs\/\",\"url\":\"https:\/\/welcomeethiopiatours.com\/de\/faqs\/\",\"name\":\"FAQs - Welcome Ethiopia Tours\",\"isPartOf\":{\"@id\":\"https:\/\/welcomeethiopiatours.com\/de\/#website\"},\"datePublished\":\"2015-07-22T17:50:57+00:00\",\"breadcrumb\":{\"@id\":\"https:\/\/welcomeethiopiatours.com\/de\/faqs\/#breadcrumb\"},\"inLanguage\":\"de\",\"potentialAction\":[{\"@type\":\"ReadAction\",\"target\":[[\"https:\/\/welcomeethiopiatours.com\/de\/faqs\/\"]]}]},{\"@type\":\"BreadcrumbList\",\"@id\":\"https:\/\/welcomeethiopiatours.com\/de\/faqs\/#breadcrumb\",\"itemListElement\":[{\"@type\":\"ListItem\",\"position\":1,\"name\":\"Home\",\"item\":\"https:\/\/welcomeethiopiatours.com\/de\/\"},{\"@type\":\"ListItem\",\"position\":2,\"name\":\"FAQs\"}]},{\"@type\":\"WebSite\",\"@id\":\"https:\/\/welcomeethiopiatours.com\/de\/#website\",\"url\":\"https:\/\/welcomeethiopiatours.com\/de\/\",\"name\":\"Welcome Ethiopia Tours\",\"description\":\"Best Tour Operator in Ethiopia\",\"potentialAction\":[{\"@type\":\"SearchAction\",\"target\":{\"@type\":\"EntryPoint\",\"urlTemplate\":\"https:\/\/welcomeethiopiatours.com\/de\/?s={search_term_string}\"},\"query-input\":{\"@type\":\"PropertyValueSpecification\",\"valueRequired\":true,\"valueName\":\"search_term_string\"}}],\"inLanguage\":\"de\"}]}<\/script>\n<!-- \/ Yoast SEO plugin. -->","yoast_head_json":{"title":"FAQs - Welcome Ethiopia Tours","robots":{"index":"index","follow":"follow","max-snippet":"max-snippet:-1","max-image-preview":"max-image-preview:large","max-video-preview":"max-video-preview:-1"},"canonical":"https:\/\/welcomeethiopiatours.com\/de\/faqs\/","og_locale":"de_DE","og_type":"article","og_title":"FAQs - Welcome Ethiopia Tours","og_description":"FAQs Wie gross sind die Reisegruppen? Wir reisen in Gruppen von maximal acht Personen, ausser explizit anders von einer Gruppe gew\u00fcnscht. Bei uns sind aber auch individuelle Rundreisen ab einer Person m\u00f6glich. Wie ist der Hotelstandard? Wir benutzen die folgenden Hotels in- und ausserhalb von Addis Abeba. 4- und 5- Stern Hotels in Addis Abeba. [&hellip;]","og_url":"https:\/\/welcomeethiopiatours.com\/de\/faqs\/","og_site_name":"Welcome Ethiopia Tours","twitter_card":"summary_large_image","twitter_misc":{"Gesch\u00e4tzte Lesezeit":"20\u00a0Minuten"},"schema":{"@context":"https:\/\/schema.org","@graph":[{"@type":"WebPage","@id":"https:\/\/welcomeethiopiatours.com\/de\/faqs\/","url":"https:\/\/welcomeethiopiatours.com\/de\/faqs\/","name":"FAQs - Welcome Ethiopia Tours","isPartOf":{"@id":"https:\/\/welcomeethiopiatours.com\/de\/#website"},"datePublished":"2015-07-22T17:50:57+00:00","breadcrumb":{"@id":"https:\/\/welcomeethiopiatours.com\/de\/faqs\/#breadcrumb"},"inLanguage":"de","potentialAction":[{"@type":"ReadAction","target":[["https:\/\/welcomeethiopiatours.com\/de\/faqs\/"]]}]},{"@type":"BreadcrumbList","@id":"https:\/\/welcomeethiopiatours.com\/de\/faqs\/#breadcrumb","itemListElement":[{"@type":"ListItem","position":1,"name":"Home","item":"https:\/\/welcomeethiopiatours.com\/de\/"},{"@type":"ListItem","position":2,"name":"FAQs"}]},{"@type":"WebSite","@id":"https:\/\/welcomeethiopiatours.com\/de\/#website","url":"https:\/\/welcomeethiopiatours.com\/de\/","name":"Welcome Ethiopia Tours","description":"Best Tour Operator in Ethiopia","potentialAction":[{"@type":"SearchAction","target":{"@type":"EntryPoint","urlTemplate":"https:\/\/welcomeethiopiatours.com\/de\/?s={search_term_string}"},"query-input":{"@type":"PropertyValueSpecification","valueRequired":true,"valueName":"search_term_string"}}],"inLanguage":"de"}]}},"_links":{"self":[{"href":"https:\/\/welcomeethiopiatours.com\/de\/wp-json\/wp\/v2\/pages\/70","targetHints":{"allow":["GET"]}}],"collection":[{"href":"https:\/\/welcomeethiopiatours.com\/de\/wp-json\/wp\/v2\/pages"}],"about":[{"href":"https:\/\/welcomeethiopiatours.com\/de\/wp-json\/wp\/v2\/types\/page"}],"author":[{"embeddable":true,"href":"https:\/\/welcomeethiopiatours.com\/de\/wp-json\/wp\/v2\/users\/1"}],"replies":[{"embeddable":true,"href":"https:\/\/welcomeethiopiatours.com\/de\/wp-json\/wp\/v2\/comments?post=70"}],"version-history":[{"count":0,"href":"https:\/\/welcomeethiopiatours.com\/de\/wp-json\/wp\/v2\/pages\/70\/revisions"}],"wp:attachment":[{"href":"https:\/\/welcomeethiopiatours.com\/de\/wp-json\/wp\/v2\/media?parent=70"}],"curies":[{"name":"wp","href":"https:\/\/api.w.org\/{rel}","templated":true}]}}