{"id":99,"date":"2015-07-28T11:36:34","date_gmt":"2015-07-28T11:36:34","guid":{"rendered":"https:\/\/welcomeethiopiatours.com\/?page_id=99"},"modified":"2015-07-28T11:36:34","modified_gmt":"2015-07-28T11:36:34","slug":"what-to-expect","status":"publish","type":"page","link":"https:\/\/welcomeethiopiatours.com\/de\/what-to-expect\/","title":{"rendered":"What to expect"},"content":{"rendered":"<p>[et_pb_section transparent_background=&#8220;on&#8220; allow_player_pause=&#8220;off&#8220; inner_shadow=&#8220;off&#8220; parallax=&#8220;off&#8220; parallax_method=&#8220;off&#8220; padding_mobile=&#8220;off&#8220; make_fullwidth=&#8220;off&#8220; use_custom_width=&#8220;off&#8220; width_unit=&#8220;on&#8220; make_equal=&#8220;off&#8220; use_custom_gutter=&#8220;off&#8220; module_class=&#8220;nobac nopad nobor&#8220;][et_pb_row make_fullwidth=&#8220;on&#8220; use_custom_width=&#8220;off&#8220; width_unit=&#8220;on&#8220; use_custom_gutter=&#8220;off&#8220; padding_mobile=&#8220;on&#8220; allow_player_pause=&#8220;off&#8220; parallax=&#8220;on&#8220; parallax_method=&#8220;off&#8220; make_equal=&#8220;off&#8220; custom_padding=&#8220;0|0&#8243; module_class=&#8220;fullwidthpagetitle&#8220;][et_pb_column type=&#8220;4_4&#8243;][et_pb_text admin_label=&#8220;Unser Versprechen&#8220; background_layout=&#8220;light&#8220; text_orientation=&#8220;left&#8220; background_image=&#8220;https:\/\/welcomeethiopiatours.com\/wp-content\/uploads\/Ethiopia-Photos-Header.jpg&#8220; use_border_color=&#8220;off&#8220; border_color=&#8220;#ffffff&#8220; border_style=&#8220;solid&#8220; custom_padding=&#8220;0||0|&#8220;]<\/p>\n<h1>Unser Versprechen<\/h1>\n<p>[\/et_pb_text][\/et_pb_column][\/et_pb_row][et_pb_row][et_pb_column type=&#8220;1_2&#8243;][et_pb_text admin_label=&#8220;Hoher Standard&#8220; background_layout=&#8220;light&#8220; text_orientation=&#8220;left&#8220; use_border_color=&#8220;off&#8220; border_color=&#8220;#ffffff&#8220; border_style=&#8220;solid&#8220;]<\/p>\n<h4>Hoher\u00a0Standard<\/h4>\n<p>Welcome Ethiopia Tours ist ein\u00a0Premium Tour Operator f\u00fcr \u00c4thiopienreisen. Unsere Touren bieten\u00a0eine ausgewogene Mischung aus Kultur, Geschichte und Natur. Wir garantieren\u00a0einen exzellenten Service auf unseren Reisen. Wir w\u00e4hlen nur die besten Hotels und Restaurants f\u00fcr Sie aus und Sie reisen ausschliesslich\u00a0in neuen, sich in einwandfreiem Zustand befinden Fahrzeugen.<br \/>\n[\/et_pb_text][et_pb_text admin_label=&#8220;Hoher Gegenwert&#8220; background_layout=&#8220;light&#8220; text_orientation=&#8220;left&#8220; use_border_color=&#8220;off&#8220; border_color=&#8220;#ffffff&#8220; border_style=&#8220;solid&#8220;]<\/p>\n<h4>Hoher Gegenwert<\/h4>\n<p>Wir erachten es als unsere Pflicht, dass Sie jeder Zeit\u00a0eine maximale Gegenleistung f\u00fcr Ihr Geld erhalten.<br \/>\n[\/et_pb_text][\/et_pb_column][et_pb_column type=&#8220;1_2&#8243;][et_pb_text admin_label=&#8220;Kundenfreundlicher Service&#8220; background_layout=&#8220;light&#8220; text_orientation=&#8220;left&#8220; use_border_color=&#8220;off&#8220; border_color=&#8220;#ffffff&#8220; border_style=&#8220;solid&#8220;]<\/p>\n<h4>Kundenfreundlicher\u00a0Service<\/h4>\n<p>Wir verf\u00fcgen \u00fcber moderne B\u00fcros in Addis Abeba und Sie k\u00f6nnen auf Fragen jederzeit eine Antwort innerhalb von maximal 2 Arbeitstagen erwarten. Unsere Mitarbeiter sind stets bem\u00fcht Ihnen einen vorz\u00fcglichen\u00a0Service zu bieten. Wir geben immer\u00a0unserer Bestes, damit Sie gl\u00fccklich von ihrer Reise zur\u00fcckkehren.<br \/>\n[\/et_pb_text][et_pb_text admin_label=&#8220;Keine versteckten Kosten&#8220; background_layout=&#8220;light&#8220; text_orientation=&#8220;left&#8220; use_border_color=&#8220;off&#8220; border_color=&#8220;#ffffff&#8220; border_style=&#8220;solid&#8220;]<\/p>\n<h4>Keine versteckten Kosten<\/h4>\n<p>Es gibt keine versteckten Kosten. Alle Kosten sind\u00a0im von Ihnen bezahlten Tour Preis enthalten. Ausnahmen sind alkoholische Getr\u00e4nke, Trinkgelder und Ihre pers\u00f6nlichen Ausgaben, z.B. f\u00fcr Souvenirs.<br \/>\n[\/et_pb_text][\/et_pb_column][\/et_pb_row][\/et_pb_section]<\/p>","protected":false},"excerpt":{"rendered":"<p>Unser Versprechen <div class=\"et_pb_row et_pb_row_0 et_pb_row_empty\">\n\t\t\t\t\n\t\t\t\t\n\t\t\t\t\n\t\t\t\t\n\t\t\t\t\n\t\t\t<\/div> Hoher\u00a0Standard Welcome Ethiopia Tours ist ein\u00a0Premium Tour Operator f\u00fcr \u00c4thiopienreisen. Unsere Touren bieten\u00a0eine ausgewogene Mischung aus Kultur, Geschichte und Natur. Wir garantieren\u00a0einen exzellenten Service auf unseren Reisen. Wir w\u00e4hlen nur die besten Hotels und Restaurants f\u00fcr Sie aus und Sie reisen ausschliesslich\u00a0in neuen, sich in einwandfreiem Zustand befinden Fahrzeugen. Hoher Gegenwert Wir [&hellip;]<\/p>\n","protected":false},"author":1,"featured_media":0,"parent":0,"menu_order":0,"comment_status":"open","ping_status":"open","template":"","meta":{"_et_pb_use_builder":"on","_et_pb_old_content":"","_et_gb_content_width":"","footnotes":""},"class_list":["post-99","page","type-page","status-publish","hentry"],"yoast_head":"<!-- This site is optimized with the Yoast SEO plugin v24.6 - https:\/\/yoast.com\/wordpress\/plugins\/seo\/ -->\n<title>What to expect - Welcome Ethiopia Tours<\/title>\n<meta name=\"robots\" content=\"index, follow, max-snippet:-1, max-image-preview:large, max-video-preview:-1\" \/>\n<link rel=\"canonical\" href=\"https:\/\/welcomeethiopiatours.com\/de\/what-to-expect\/\" \/>\n<meta property=\"og:locale\" content=\"de_DE\" \/>\n<meta property=\"og:type\" content=\"article\" \/>\n<meta property=\"og:title\" content=\"What to expect - Welcome Ethiopia Tours\" \/>\n<meta property=\"og:description\" content=\"Unser Versprechen Hoher\u00a0Standard Welcome Ethiopia Tours ist ein\u00a0Premium Tour Operator f\u00fcr \u00c4thiopienreisen. Unsere Touren bieten\u00a0eine ausgewogene Mischung aus Kultur, Geschichte und Natur. Wir garantieren\u00a0einen exzellenten Service auf unseren Reisen. Wir w\u00e4hlen nur die besten Hotels und Restaurants f\u00fcr Sie aus und Sie reisen ausschliesslich\u00a0in neuen, sich in einwandfreiem Zustand befinden Fahrzeugen. Hoher Gegenwert Wir [&hellip;]\" \/>\n<meta property=\"og:url\" content=\"https:\/\/welcomeethiopiatours.com\/de\/what-to-expect\/\" \/>\n<meta property=\"og:site_name\" content=\"Welcome Ethiopia Tours\" \/>\n<meta name=\"twitter:card\" content=\"summary_large_image\" \/>\n<meta name=\"twitter:label1\" content=\"Gesch\u00e4tzte Lesezeit\" \/>\n\t<meta name=\"twitter:data1\" content=\"7\u00a0Minuten\" \/>\n<script type=\"application\/ld+json\" class=\"yoast-schema-graph\">{\"@context\":\"https:\/\/schema.org\",\"@graph\":[{\"@type\":\"WebPage\",\"@id\":\"https:\/\/welcomeethiopiatours.com\/de\/what-to-expect\/\",\"url\":\"https:\/\/welcomeethiopiatours.com\/de\/what-to-expect\/\",\"name\":\"What to expect - Welcome Ethiopia Tours\",\"isPartOf\":{\"@id\":\"https:\/\/welcomeethiopiatours.com\/de\/#website\"},\"datePublished\":\"2015-07-28T11:36:34+00:00\",\"breadcrumb\":{\"@id\":\"https:\/\/welcomeethiopiatours.com\/de\/what-to-expect\/#breadcrumb\"},\"inLanguage\":\"de\",\"potentialAction\":[{\"@type\":\"ReadAction\",\"target\":[[\"https:\/\/welcomeethiopiatours.com\/de\/what-to-expect\/\"]]}]},{\"@type\":\"BreadcrumbList\",\"@id\":\"https:\/\/welcomeethiopiatours.com\/de\/what-to-expect\/#breadcrumb\",\"itemListElement\":[{\"@type\":\"ListItem\",\"position\":1,\"name\":\"Home\",\"item\":\"https:\/\/welcomeethiopiatours.com\/de\/\"},{\"@type\":\"ListItem\",\"position\":2,\"name\":\"What to expect\"}]},{\"@type\":\"WebSite\",\"@id\":\"https:\/\/welcomeethiopiatours.com\/de\/#website\",\"url\":\"https:\/\/welcomeethiopiatours.com\/de\/\",\"name\":\"Welcome Ethiopia Tours\",\"description\":\"Best Tour Operator in Ethiopia\",\"potentialAction\":[{\"@type\":\"SearchAction\",\"target\":{\"@type\":\"EntryPoint\",\"urlTemplate\":\"https:\/\/welcomeethiopiatours.com\/de\/?s={search_term_string}\"},\"query-input\":{\"@type\":\"PropertyValueSpecification\",\"valueRequired\":true,\"valueName\":\"search_term_string\"}}],\"inLanguage\":\"de\"}]}<\/script>\n<!-- \/ Yoast SEO plugin. -->","yoast_head_json":{"title":"What to expect - Welcome Ethiopia Tours","robots":{"index":"index","follow":"follow","max-snippet":"max-snippet:-1","max-image-preview":"max-image-preview:large","max-video-preview":"max-video-preview:-1"},"canonical":"https:\/\/welcomeethiopiatours.com\/de\/what-to-expect\/","og_locale":"de_DE","og_type":"article","og_title":"What to expect - Welcome Ethiopia Tours","og_description":"Unser Versprechen Hoher\u00a0Standard Welcome Ethiopia Tours ist ein\u00a0Premium Tour Operator f\u00fcr \u00c4thiopienreisen. Unsere Touren bieten\u00a0eine ausgewogene Mischung aus Kultur, Geschichte und Natur. Wir garantieren\u00a0einen exzellenten Service auf unseren Reisen. Wir w\u00e4hlen nur die besten Hotels und Restaurants f\u00fcr Sie aus und Sie reisen ausschliesslich\u00a0in neuen, sich in einwandfreiem Zustand befinden Fahrzeugen. Hoher Gegenwert Wir [&hellip;]","og_url":"https:\/\/welcomeethiopiatours.com\/de\/what-to-expect\/","og_site_name":"Welcome Ethiopia Tours","twitter_card":"summary_large_image","twitter_misc":{"Gesch\u00e4tzte Lesezeit":"7\u00a0Minuten"},"schema":{"@context":"https:\/\/schema.org","@graph":[{"@type":"WebPage","@id":"https:\/\/welcomeethiopiatours.com\/de\/what-to-expect\/","url":"https:\/\/welcomeethiopiatours.com\/de\/what-to-expect\/","name":"What to expect - Welcome Ethiopia Tours","isPartOf":{"@id":"https:\/\/welcomeethiopiatours.com\/de\/#website"},"datePublished":"2015-07-28T11:36:34+00:00","breadcrumb":{"@id":"https:\/\/welcomeethiopiatours.com\/de\/what-to-expect\/#breadcrumb"},"inLanguage":"de","potentialAction":[{"@type":"ReadAction","target":[["https:\/\/welcomeethiopiatours.com\/de\/what-to-expect\/"]]}]},{"@type":"BreadcrumbList","@id":"https:\/\/welcomeethiopiatours.com\/de\/what-to-expect\/#breadcrumb","itemListElement":[{"@type":"ListItem","position":1,"name":"Home","item":"https:\/\/welcomeethiopiatours.com\/de\/"},{"@type":"ListItem","position":2,"name":"What to expect"}]},{"@type":"WebSite","@id":"https:\/\/welcomeethiopiatours.com\/de\/#website","url":"https:\/\/welcomeethiopiatours.com\/de\/","name":"Welcome Ethiopia Tours","description":"Best Tour Operator in Ethiopia","potentialAction":[{"@type":"SearchAction","target":{"@type":"EntryPoint","urlTemplate":"https:\/\/welcomeethiopiatours.com\/de\/?s={search_term_string}"},"query-input":{"@type":"PropertyValueSpecification","valueRequired":true,"valueName":"search_term_string"}}],"inLanguage":"de"}]}},"_links":{"self":[{"href":"https:\/\/welcomeethiopiatours.com\/de\/wp-json\/wp\/v2\/pages\/99","targetHints":{"allow":["GET"]}}],"collection":[{"href":"https:\/\/welcomeethiopiatours.com\/de\/wp-json\/wp\/v2\/pages"}],"about":[{"href":"https:\/\/welcomeethiopiatours.com\/de\/wp-json\/wp\/v2\/types\/page"}],"author":[{"embeddable":true,"href":"https:\/\/welcomeethiopiatours.com\/de\/wp-json\/wp\/v2\/users\/1"}],"replies":[{"embeddable":true,"href":"https:\/\/welcomeethiopiatours.com\/de\/wp-json\/wp\/v2\/comments?post=99"}],"version-history":[{"count":0,"href":"https:\/\/welcomeethiopiatours.com\/de\/wp-json\/wp\/v2\/pages\/99\/revisions"}],"wp:attachment":[{"href":"https:\/\/welcomeethiopiatours.com\/de\/wp-json\/wp\/v2\/media?parent=99"}],"curies":[{"name":"wp","href":"https:\/\/api.w.org\/{rel}","templated":true}]}}