{"id":1257,"date":"2016-05-24T12:43:16","date_gmt":"2016-05-24T12:43:16","guid":{"rendered":"https:\/\/welcomeethiopiatours.com\/?page_id=1257"},"modified":"2022-10-14T12:33:33","modified_gmt":"2022-10-14T12:33:33","slug":"outreach-partners","status":"publish","type":"page","link":"https:\/\/welcomeethiopiatours.com\/fr\/outreach-partners\/","title":{"rendered":"Partenaires d&rsquo;action sociale"},"content":{"rendered":"<p>[et_pb_section bb_built=\u00a0\u00bb1&Prime; transparent_background=\u00a0\u00bbon\u00a0\u00bb allow_player_pause=\u00a0\u00bboff\u00a0\u00bb inner_shadow=\u00a0\u00bboff\u00a0\u00bb parallax=\u00a0\u00bboff\u00a0\u00bb parallax_method=\u00a0\u00bboff\u00a0\u00bb padding_mobile=\u00a0\u00bboff\u00a0\u00bb make_fullwidth=\u00a0\u00bboff\u00a0\u00bb use_custom_width=\u00a0\u00bboff\u00a0\u00bb width_unit=\u00a0\u00bbon\u00a0\u00bb make_equal=\u00a0\u00bboff\u00a0\u00bb use_custom_gutter=\u00a0\u00bboff\u00a0\u00bb module_class=\u00a0\u00bbnobac nopad nobor nospace2columns\u00a0\u00bb background_color=\u00a0\u00bbrgba(255,255,255,0)\u00a0\u00bb custom_padding_tablet=\u00a0\u00bb50px|0|50px|0&Prime; custom_padding_last_edited=\u00a0\u00bbon|desktop\u00a0\u00bb][et_pb_row make_fullwidth=\u00a0\u00bbon\u00a0\u00bb use_custom_width=\u00a0\u00bboff\u00a0\u00bb width_unit=\u00a0\u00bbon\u00a0\u00bb use_custom_gutter=\u00a0\u00bboff\u00a0\u00bb padding_mobile=\u00a0\u00bbon\u00a0\u00bb allow_player_pause=\u00a0\u00bboff\u00a0\u00bb parallax=\u00a0\u00bbon\u00a0\u00bb parallax_method=\u00a0\u00bboff\u00a0\u00bb make_equal=\u00a0\u00bboff\u00a0\u00bb custom_padding=\u00a0\u00bb0|0&Prime; module_class=\u00a0\u00bbfullwidthpagetitle\u00a0\u00bb background_position=\u00a0\u00bbtop_left\u00a0\u00bb background_repeat=\u00a0\u00bbrepeat\u00a0\u00bb background_size=\u00a0\u00bbinitial\u00a0\u00bb][et_pb_column type=\u00a0\u00bb4_4&Prime;][et_pb_text admin_label=\u00a0\u00bbPartenaires d&rsquo;action sociale\u00a0\u00bb background_image=\u00a0\u00bbhttps:\/\/welcomeethiopiatours.com\/wp-content\/uploads\/Ethiopia-Photos-Header.jpg\u00a0\u00bb use_border_color=\u00a0\u00bboff\u00a0\u00bb custom_padding=\u00a0\u00bb0||0|\u00a0\u00bb background_position=\u00a0\u00bbtop_left\u00a0\u00bb background_repeat=\u00a0\u00bbrepeat\u00a0\u00bb background_size=\u00a0\u00bbinitial\u00a0\u00bb _builder_version=\u00a0\u00bb3.1.1&Prime;]<\/p>\n<h1>Partenaires d&rsquo;action sociale<\/h1>\n<p>[\/et_pb_text][\/et_pb_column][\/et_pb_row][et_pb_row make_fullwidth=\u00a0\u00bboff\u00a0\u00bb use_custom_width=\u00a0\u00bboff\u00a0\u00bb width_unit=\u00a0\u00bbon\u00a0\u00bb use_custom_gutter=\u00a0\u00bboff\u00a0\u00bb padding_mobile=\u00a0\u00bboff\u00a0\u00bb allow_player_pause=\u00a0\u00bboff\u00a0\u00bb parallax=\u00a0\u00bboff\u00a0\u00bb parallax_method=\u00a0\u00bboff\u00a0\u00bb make_equal=\u00a0\u00bboff\u00a0\u00bb background_position=\u00a0\u00bbtop_left\u00a0\u00bb background_repeat=\u00a0\u00bbrepeat\u00a0\u00bb background_size=\u00a0\u00bbinitial\u00a0\u00bb][et_pb_column type=\u00a0\u00bb4_4&Prime;][et_pb_text use_border_color=\u00a0\u00bboff\u00a0\u00bb background_position=\u00a0\u00bbtop_left\u00a0\u00bb background_repeat=\u00a0\u00bbrepeat\u00a0\u00bb background_size=\u00a0\u00bbinitial\u00a0\u00bb _builder_version=\u00a0\u00bb3.1.1&Prime;]<\/p>\n<p>L&rsquo;histoire r\u00e9cente de l&rsquo;\u00c9thiopie, marqu\u00e9e par des guerres civiles, des famines et des d\u00e9placements de population, ainsi que par la pauvret\u00e9 et le sous-d\u00e9veloppement en g\u00e9n\u00e9ral, a cr\u00e9\u00e9 un grand nombre de d\u00e9munis, particuli\u00e8rement visibles \u00e0 Addis-Abeba. Donner \u00e0 un mendiant provoque souvent un flot d&rsquo;autres mendiants et ne r\u00e9sout pas vraiment le probl\u00e8me. L&rsquo;un des effets n\u00e9gatifs du tourisme a \u00e9t\u00e9 d&rsquo;encourager une culture de la mendicit\u00e9, m\u00eame parmi ceux qui ne sont pas particuli\u00e8rement dans le besoin. D&rsquo;une mani\u00e8re g\u00e9n\u00e9rale, les visiteurs doivent \u00e9viter de donner des stylos, des v\u00eatements et des bonbons aux enfants. Il est pr\u00e9f\u00e9rable d&rsquo;apporter un soutien \u00e0 des projets sociaux g\u00e9r\u00e9s par des professionnels, tels que des \u00e9coles, des centres de r\u00e9habilitation pour personnes handicap\u00e9es, des orphelinats, etc.<br \/>\nWelcome Ethiopia Tours est heureux de faciliter les dons aux organisations indig\u00e8nes travaillant avec les n\u00e9cessiteux. Si vous envisagez de contribuer \u00e0 un projet social, par exemple en parrainant un enfant orphelin ou en achetant des objets d&rsquo;artisanat ou des bijoux dans un centre de r\u00e9habilitation, et si vous avez un peu de temps libre \u00e0 Addis, nous serons heureux d&rsquo;organiser des visites de nos projets sociaux partenaires qui ont \u00e9t\u00e9 inspect\u00e9s individuellement par nous et consid\u00e9r\u00e9s comme m\u00e9ritant d&rsquo;\u00eatre soutenus.<br \/>\nVous trouverez ci-dessous la liste de nos projets de proximit\u00e9 partenaires :<br \/>\nCentres de r\u00e9adaptation<\/p>\n<p>Lila Products (www.lilaproducts.com)<br \/>\nEntoto Beth Artisan (www.entotobethartisan.com)<\/p>\n<p>Orphelinats<\/p>\n<p>Kidane Mehret Children&rsquo;s home (www.fcj-kmch.org)<br \/>\nHanna Orphans Home (www.hannaorphanshome.org)<br \/>\nA Hope for Children (www.ahopeforchildren.org)<\/p>\n<p>[\/et_pb_text][\/et_pb_column][\/et_pb_row][\/et_pb_section]<\/p>","protected":false},"excerpt":{"rendered":"<p>Partenaires d&rsquo;action sociale L&rsquo;histoire r\u00e9cente de l&rsquo;\u00c9thiopie, marqu\u00e9e par des guerres civiles, des famines et des d\u00e9placements de population, ainsi que par la pauvret\u00e9 et le sous-d\u00e9veloppement en g\u00e9n\u00e9ral, a cr\u00e9\u00e9 un grand nombre de d\u00e9munis, particuli\u00e8rement visibles \u00e0 Addis-Abeba. Donner \u00e0 un mendiant provoque souvent un flot d&rsquo;autres mendiants et ne r\u00e9sout pas vraiment [&hellip;]<\/p>\n","protected":false},"author":1,"featured_media":0,"parent":0,"menu_order":0,"comment_status":"closed","ping_status":"closed","template":"","meta":{"_et_pb_use_builder":"on","_et_pb_old_content":"","_et_gb_content_width":"","footnotes":""},"class_list":["post-1257","page","type-page","status-publish","hentry"],"yoast_head":"<!-- This site is optimized with the Yoast SEO plugin v24.6 - https:\/\/yoast.com\/wordpress\/plugins\/seo\/ -->\n<title>Partenaires d&#039;action sociale - Welcome Ethiopia Tours<\/title>\n<meta name=\"robots\" content=\"index, follow, max-snippet:-1, max-image-preview:large, max-video-preview:-1\" \/>\n<link rel=\"canonical\" href=\"https:\/\/welcomeethiopiatours.com\/fr\/outreach-partners\/\" \/>\n<meta property=\"og:locale\" content=\"fr_FR\" \/>\n<meta property=\"og:type\" content=\"article\" \/>\n<meta property=\"og:title\" content=\"Partenaires d&#039;action sociale - Welcome Ethiopia Tours\" \/>\n<meta property=\"og:description\" content=\"Partenaires d&#039;action sociale L&#039;histoire r\u00e9cente de l&#039;\u00c9thiopie, marqu\u00e9e par des guerres civiles, des famines et des d\u00e9placements de population, ainsi que par la pauvret\u00e9 et le sous-d\u00e9veloppement en g\u00e9n\u00e9ral, a cr\u00e9\u00e9 un grand nombre de d\u00e9munis, particuli\u00e8rement visibles \u00e0 Addis-Abeba. Donner \u00e0 un mendiant provoque souvent un flot d&#039;autres mendiants et ne r\u00e9sout pas vraiment [&hellip;]\" \/>\n<meta property=\"og:url\" content=\"https:\/\/welcomeethiopiatours.com\/fr\/outreach-partners\/\" \/>\n<meta property=\"og:site_name\" content=\"Welcome Ethiopia Tours\" \/>\n<meta property=\"article:modified_time\" content=\"2022-10-14T12:33:33+00:00\" \/>\n<meta name=\"twitter:card\" content=\"summary_large_image\" \/>\n<meta name=\"twitter:label1\" content=\"Dur\u00e9e de lecture estim\u00e9e\" \/>\n\t<meta name=\"twitter:data1\" content=\"7 minutes\" \/>\n<script type=\"application\/ld+json\" class=\"yoast-schema-graph\">{\"@context\":\"https:\/\/schema.org\",\"@graph\":[{\"@type\":\"WebPage\",\"@id\":\"https:\/\/welcomeethiopiatours.com\/fr\/outreach-partners\/\",\"url\":\"https:\/\/welcomeethiopiatours.com\/fr\/outreach-partners\/\",\"name\":\"Partenaires d'action sociale - Welcome Ethiopia Tours\",\"isPartOf\":{\"@id\":\"https:\/\/welcomeethiopiatours.com\/fr\/#website\"},\"datePublished\":\"2016-05-24T12:43:16+00:00\",\"dateModified\":\"2022-10-14T12:33:33+00:00\",\"breadcrumb\":{\"@id\":\"https:\/\/welcomeethiopiatours.com\/fr\/outreach-partners\/#breadcrumb\"},\"inLanguage\":\"fr-FR\",\"potentialAction\":[{\"@type\":\"ReadAction\",\"target\":[[\"https:\/\/welcomeethiopiatours.com\/fr\/outreach-partners\/\"]]}]},{\"@type\":\"BreadcrumbList\",\"@id\":\"https:\/\/welcomeethiopiatours.com\/fr\/outreach-partners\/#breadcrumb\",\"itemListElement\":[{\"@type\":\"ListItem\",\"position\":1,\"name\":\"Home\",\"item\":\"https:\/\/welcomeethiopiatours.com\/fr\/\"},{\"@type\":\"ListItem\",\"position\":2,\"name\":\"Outreach Partners\"}]},{\"@type\":\"WebSite\",\"@id\":\"https:\/\/welcomeethiopiatours.com\/fr\/#website\",\"url\":\"https:\/\/welcomeethiopiatours.com\/fr\/\",\"name\":\"Welcome Ethiopia Tours\",\"description\":\"(Deutsch) Best Tour Operator in Ethiopia\",\"potentialAction\":[{\"@type\":\"SearchAction\",\"target\":{\"@type\":\"EntryPoint\",\"urlTemplate\":\"https:\/\/welcomeethiopiatours.com\/fr\/?s={search_term_string}\"},\"query-input\":{\"@type\":\"PropertyValueSpecification\",\"valueRequired\":true,\"valueName\":\"search_term_string\"}}],\"inLanguage\":\"fr-FR\"}]}<\/script>\n<!-- \/ Yoast SEO plugin. -->","yoast_head_json":{"title":"Partenaires d'action sociale - Welcome Ethiopia Tours","robots":{"index":"index","follow":"follow","max-snippet":"max-snippet:-1","max-image-preview":"max-image-preview:large","max-video-preview":"max-video-preview:-1"},"canonical":"https:\/\/welcomeethiopiatours.com\/fr\/outreach-partners\/","og_locale":"fr_FR","og_type":"article","og_title":"Partenaires d'action sociale - Welcome Ethiopia Tours","og_description":"Partenaires d'action sociale L'histoire r\u00e9cente de l'\u00c9thiopie, marqu\u00e9e par des guerres civiles, des famines et des d\u00e9placements de population, ainsi que par la pauvret\u00e9 et le sous-d\u00e9veloppement en g\u00e9n\u00e9ral, a cr\u00e9\u00e9 un grand nombre de d\u00e9munis, particuli\u00e8rement visibles \u00e0 Addis-Abeba. Donner \u00e0 un mendiant provoque souvent un flot d'autres mendiants et ne r\u00e9sout pas vraiment [&hellip;]","og_url":"https:\/\/welcomeethiopiatours.com\/fr\/outreach-partners\/","og_site_name":"Welcome Ethiopia Tours","article_modified_time":"2022-10-14T12:33:33+00:00","twitter_card":"summary_large_image","twitter_misc":{"Dur\u00e9e de lecture estim\u00e9e":"7 minutes"},"schema":{"@context":"https:\/\/schema.org","@graph":[{"@type":"WebPage","@id":"https:\/\/welcomeethiopiatours.com\/fr\/outreach-partners\/","url":"https:\/\/welcomeethiopiatours.com\/fr\/outreach-partners\/","name":"Partenaires d'action sociale - Welcome Ethiopia Tours","isPartOf":{"@id":"https:\/\/welcomeethiopiatours.com\/fr\/#website"},"datePublished":"2016-05-24T12:43:16+00:00","dateModified":"2022-10-14T12:33:33+00:00","breadcrumb":{"@id":"https:\/\/welcomeethiopiatours.com\/fr\/outreach-partners\/#breadcrumb"},"inLanguage":"fr-FR","potentialAction":[{"@type":"ReadAction","target":[["https:\/\/welcomeethiopiatours.com\/fr\/outreach-partners\/"]]}]},{"@type":"BreadcrumbList","@id":"https:\/\/welcomeethiopiatours.com\/fr\/outreach-partners\/#breadcrumb","itemListElement":[{"@type":"ListItem","position":1,"name":"Home","item":"https:\/\/welcomeethiopiatours.com\/fr\/"},{"@type":"ListItem","position":2,"name":"Outreach Partners"}]},{"@type":"WebSite","@id":"https:\/\/welcomeethiopiatours.com\/fr\/#website","url":"https:\/\/welcomeethiopiatours.com\/fr\/","name":"Welcome Ethiopia Tours","description":"(Deutsch) Best Tour Operator in Ethiopia","potentialAction":[{"@type":"SearchAction","target":{"@type":"EntryPoint","urlTemplate":"https:\/\/welcomeethiopiatours.com\/fr\/?s={search_term_string}"},"query-input":{"@type":"PropertyValueSpecification","valueRequired":true,"valueName":"search_term_string"}}],"inLanguage":"fr-FR"}]}},"_links":{"self":[{"href":"https:\/\/welcomeethiopiatours.com\/fr\/wp-json\/wp\/v2\/pages\/1257","targetHints":{"allow":["GET"]}}],"collection":[{"href":"https:\/\/welcomeethiopiatours.com\/fr\/wp-json\/wp\/v2\/pages"}],"about":[{"href":"https:\/\/welcomeethiopiatours.com\/fr\/wp-json\/wp\/v2\/types\/page"}],"author":[{"embeddable":true,"href":"https:\/\/welcomeethiopiatours.com\/fr\/wp-json\/wp\/v2\/users\/1"}],"replies":[{"embeddable":true,"href":"https:\/\/welcomeethiopiatours.com\/fr\/wp-json\/wp\/v2\/comments?post=1257"}],"version-history":[{"count":0,"href":"https:\/\/welcomeethiopiatours.com\/fr\/wp-json\/wp\/v2\/pages\/1257\/revisions"}],"wp:attachment":[{"href":"https:\/\/welcomeethiopiatours.com\/fr\/wp-json\/wp\/v2\/media?parent=1257"}],"curies":[{"name":"wp","href":"https:\/\/api.w.org\/{rel}","templated":true}]}}