{"id":18573,"date":"2022-10-13T14:38:52","date_gmt":"2022-10-13T14:38:52","guid":{"rendered":"https:\/\/welcomeethiopiatours.com\/?page_id=18573"},"modified":"2022-10-14T11:31:06","modified_gmt":"2022-10-14T11:31:06","slug":"cultural-attractions","status":"publish","type":"page","link":"https:\/\/welcomeethiopiatours.com\/fr\/cultural-attractions\/","title":{"rendered":"Attractions culturelles"},"content":{"rendered":"<p>[et_pb_section bb_built=\u00a0\u00bb1&Prime; transparent_background=\u00a0\u00bbon\u00a0\u00bb allow_player_pause=\u00a0\u00bboff\u00a0\u00bb inner_shadow=\u00a0\u00bboff\u00a0\u00bb parallax=\u00a0\u00bboff\u00a0\u00bb parallax_method=\u00a0\u00bboff\u00a0\u00bb padding_mobile=\u00a0\u00bboff\u00a0\u00bb make_fullwidth=\u00a0\u00bboff\u00a0\u00bb use_custom_width=\u00a0\u00bboff\u00a0\u00bb width_unit=\u00a0\u00bbon\u00a0\u00bb make_equal=\u00a0\u00bboff\u00a0\u00bb use_custom_gutter=\u00a0\u00bboff\u00a0\u00bb module_class=\u00a0\u00bbnobac nopad nobor nospace2columns\u00a0\u00bb background_color=\u00a0\u00bbrgba(255,255,255,0)\u00a0\u00bb custom_padding_tablet=\u00a0\u00bb50px|0|50px|0&Prime; custom_padding_last_edited=\u00a0\u00bbon|desktop\u00a0\u00bb][et_pb_row make_fullwidth=\u00a0\u00bbon\u00a0\u00bb use_custom_width=\u00a0\u00bboff\u00a0\u00bb width_unit=\u00a0\u00bbon\u00a0\u00bb use_custom_gutter=\u00a0\u00bboff\u00a0\u00bb padding_mobile=\u00a0\u00bbon\u00a0\u00bb allow_player_pause=\u00a0\u00bboff\u00a0\u00bb parallax=\u00a0\u00bbon\u00a0\u00bb parallax_method=\u00a0\u00bboff\u00a0\u00bb make_equal=\u00a0\u00bboff\u00a0\u00bb custom_padding=\u00a0\u00bb0|0&Prime; module_class=\u00a0\u00bbfullwidthpagetitle\u00a0\u00bb background_position=\u00a0\u00bbtop_left\u00a0\u00bb background_repeat=\u00a0\u00bbrepeat\u00a0\u00bb background_size=\u00a0\u00bbinitial\u00a0\u00bb][et_pb_column type=\u00a0\u00bb4_4&Prime;][et_pb_text admin_label=\u00a0\u00bbAttractions culturelles\u00a0\u00bb background_image=\u00a0\u00bbhttps:\/\/welcomeethiopiatours.com\/wp-content\/uploads\/Ethiopia-Photos-Header.jpg\u00a0\u00bb use_border_color=\u00a0\u00bboff\u00a0\u00bb custom_padding=\u00a0\u00bb0||0|\u00a0\u00bb background_position=\u00a0\u00bbtop_left\u00a0\u00bb background_repeat=\u00a0\u00bbrepeat\u00a0\u00bb background_size=\u00a0\u00bbinitial\u00a0\u00bb _builder_version=\u00a0\u00bb3.1.1&Prime;]<\/p>\n<h2>Attractions culturelles<\/h2>\n<h2><\/h2>\n<p>[\/et_pb_text][\/et_pb_column][\/et_pb_row][et_pb_row make_fullwidth=\u00a0\u00bboff\u00a0\u00bb use_custom_width=\u00a0\u00bboff\u00a0\u00bb width_unit=\u00a0\u00bbon\u00a0\u00bb use_custom_gutter=\u00a0\u00bboff\u00a0\u00bb padding_mobile=\u00a0\u00bboff\u00a0\u00bb allow_player_pause=\u00a0\u00bboff\u00a0\u00bb parallax=\u00a0\u00bboff\u00a0\u00bb parallax_method=\u00a0\u00bboff\u00a0\u00bb make_equal=\u00a0\u00bboff\u00a0\u00bb background_position=\u00a0\u00bbtop_left\u00a0\u00bb background_repeat=\u00a0\u00bbrepeat\u00a0\u00bb background_size=\u00a0\u00bbinitial\u00a0\u00bb][et_pb_column type=\u00a0\u00bb1_2&Prime;][et_pb_text admin_label=\u00a0\u00bbAddis Ababa\u00a0\u00bb _builder_version=\u00a0\u00bb3.1.1&Prime;]<\/p>\n<h4>Addis Ababa<\/h4>\n<p>Abritant le si\u00e8ge de l&rsquo;Union africaine, la troisi\u00e8me plus grande population des Nations unies et la repr\u00e9sentation de presque toutes les ambassades \u00e9trang\u00e8res du monde, Addis-Abeba est souvent consid\u00e9r\u00e9e comme la capitale politique de l&rsquo;Afrique. Addis-Abeba est la troisi\u00e8me plus haute capitale du monde, \u00e0 2 665 m\u00e8tres au-dessus du niveau de la mer, et compte environ 3,5 millions d&rsquo;habitants. Situ\u00e9e sur les hauts plateaux \u00e0 c\u00f4t\u00e9 de la vall\u00e9e du Grand Rift, la ville s&rsquo;\u00e9tend sur plus de 200 miles carr\u00e9s, abritant une vari\u00e9t\u00e9 \u00e9tonnante d&rsquo;attractions historiques et culturelles. Et si vous voulez sortir, vous pouvez explorer les imposantes montagnes d&rsquo;Entoto juste au-dessus d&rsquo;Addis-Abeba. Dans le centre ville, Addis Abeba poss\u00e8de une architecture monumentale et toute la grandeur que l&rsquo;on peut attendre d&rsquo;une capitale nationale. De grandes \u00e9glises, des mosqu\u00e9es et des mus\u00e9es offrent du r\u00e9pit, du r\u00e9confort, de l&rsquo;\u00e9ducation et de l&rsquo;inspiration aux voyageurs du monde entier.<\/p>\n<p>[\/et_pb_text][\/et_pb_column][et_pb_column type=\u00a0\u00bb1_2&Prime;][et_pb_image src=\u00a0\u00bbhttps:\/\/welcomeethiopiatours.com\/wp-content\/uploads\/Addis_Ababa_Ethiopia_Welcome-Africa-Tours.jpg\u00a0\u00bb use_border_color=\u00a0\u00bboff\u00a0\u00bb animation_style=\u00a0\u00bbfade\u00a0\u00bb animation_duration=\u00a0\u00bb500ms\u00a0\u00bb animation_intensity_slide=\u00a0\u00bb10%\u00a0\u00bb _builder_version=\u00a0\u00bb3.1.1&Prime; \/][\/et_pb_column][\/et_pb_row][et_pb_row make_fullwidth=\u00a0\u00bboff\u00a0\u00bb use_custom_width=\u00a0\u00bboff\u00a0\u00bb width_unit=\u00a0\u00bbon\u00a0\u00bb use_custom_gutter=\u00a0\u00bboff\u00a0\u00bb padding_mobile=\u00a0\u00bboff\u00a0\u00bb allow_player_pause=\u00a0\u00bboff\u00a0\u00bb parallax=\u00a0\u00bboff\u00a0\u00bb parallax_method=\u00a0\u00bboff\u00a0\u00bb make_equal=\u00a0\u00bboff\u00a0\u00bb background_position=\u00a0\u00bbtop_left\u00a0\u00bb background_repeat=\u00a0\u00bbrepeat\u00a0\u00bb background_size=\u00a0\u00bbinitial\u00a0\u00bb][et_pb_column type=\u00a0\u00bb1_2&Prime;][et_pb_text admin_label=\u00a0\u00bbVall\u00e9e de l&rsquo;Omo\u00a0\u00bb _builder_version=\u00a0\u00bb3.1.1&Prime;]<\/p>\n<h4>Vall\u00e9e de l&rsquo;Omo<\/h4>\n<p>Une visite de la vall\u00e9e de l&rsquo;Omo est id\u00e9ale pour ceux qui cherchent \u00e0 explorer et \u00e0 comprendre la diversit\u00e9 culturelle de l&rsquo;\u00c9thiopie. Certaines des traditions ethniques les plus anciennes et les plus color\u00e9es du pays peuvent \u00eatre observ\u00e9es ici. Il y a les peintures corporelles \u00e9labor\u00e9es de nombreuses tribus, les plaques d&rsquo;argile dans les oreilles et les l\u00e8vres des femmes Mursi, les chants et les danses rituels de la tribu Arbore, et le spectacle \u00e9poustouflant de saut de taureau du peuple Hamar. La vall\u00e9e de l&rsquo;Omo est situ\u00e9e dans l&rsquo;immense vall\u00e9e du Grand Rift, riche en terres fertiles et en faune sauvage. Bien que l&rsquo;h\u00e9bergement dans cette r\u00e9gion soit plut\u00f4t rustique, il est parfaitement situ\u00e9 pour vous donner l&rsquo;occasion d&rsquo;avoir un aper\u00e7u de la vie des populations locales. Le tourisme dans cette r\u00e9gion a \u00e9t\u00e9 critiqu\u00e9 par le pass\u00e9 pour sa contribution \u00e0 une sorte de \u00ab\u00a0zoo humain\u00a0\u00bb. Nos visites guid\u00e9es mettent clairement l&rsquo;accent sur l&rsquo;authenticit\u00e9 et la sensibilit\u00e9 culturelle.<\/p>\n<p>[\/et_pb_text][\/et_pb_column][et_pb_column type=\u00a0\u00bb1_2&Prime;][et_pb_image src=\u00a0\u00bbhttps:\/\/welcomeethiopiatours.com\/wp-content\/uploads\/OmoValley_Ethiopia_Welcome-Africa-Tours.jpg\u00a0\u00bb use_border_color=\u00a0\u00bboff\u00a0\u00bb animation_style=\u00a0\u00bbfade\u00a0\u00bb animation_duration=\u00a0\u00bb500ms\u00a0\u00bb animation_intensity_slide=\u00a0\u00bb10%\u00a0\u00bb _builder_version=\u00a0\u00bb3.1.1&Prime; \/][\/et_pb_column][\/et_pb_row][et_pb_row make_fullwidth=\u00a0\u00bboff\u00a0\u00bb use_custom_width=\u00a0\u00bboff\u00a0\u00bb width_unit=\u00a0\u00bbon\u00a0\u00bb use_custom_gutter=\u00a0\u00bboff\u00a0\u00bb padding_mobile=\u00a0\u00bboff\u00a0\u00bb allow_player_pause=\u00a0\u00bboff\u00a0\u00bb parallax=\u00a0\u00bboff\u00a0\u00bb parallax_method=\u00a0\u00bboff\u00a0\u00bb make_equal=\u00a0\u00bboff\u00a0\u00bb background_position=\u00a0\u00bbtop_left\u00a0\u00bb background_repeat=\u00a0\u00bbrepeat\u00a0\u00bb background_size=\u00a0\u00bbinitial\u00a0\u00bb][et_pb_column type=\u00a0\u00bb1_2&Prime;][et_pb_text admin_label=\u00a0\u00bbSouthern Rift Valley\u00a0\u00bb _builder_version=\u00a0\u00bb3.1.1&Prime;]<\/p>\n<h4>Southern Rift Valley<\/h4>\n<p>The Konso and Dorze people in the Southern Rift Valley may not have the striking appearance of the Omo Valley tribes, but their ways of life is no less fascinating. The Konso villages are closed off, almost fortified, as there used to be numerous local conflicts. Around the villages, the fields are cultivated with a system of terraces built over the centuries to be able to exploit the hilly terrain and to prevent the erosion of the land itself due to seasonal rains; the Konso terraces were declared a World Heritage Site by UNESCO in 2011. Another incredible encounter awaits you with the Dorze people living in the Gamo Highlands close to Arba Minch. The Dorze are famous for their neat compunds and shape of their huts that recall the structure of a beehive and the face of an elephant. The Dorze are also well known for their weaving skills. Traditional Dorze textiles are very colorful and considered some of the best in Ethiopia.<\/p>\n<p>[\/et_pb_text][\/et_pb_column][et_pb_column type=\u00a0\u00bb1_2&Prime;][et_pb_image src=\u00a0\u00bbhttps:\/\/welcomeethiopiatours.com\/wp-content\/uploads\/Konso_Ethiopia_Welcome-Africa-Tours.jpg\u00a0\u00bb use_border_color=\u00a0\u00bboff\u00a0\u00bb animation_style=\u00a0\u00bbfade\u00a0\u00bb animation_duration=\u00a0\u00bb500ms\u00a0\u00bb animation_intensity_slide=\u00a0\u00bb10%\u00a0\u00bb _builder_version=\u00a0\u00bb3.1.1&Prime; \/][\/et_pb_column][\/et_pb_row][\/et_pb_section]<\/p>","protected":false},"excerpt":{"rendered":"<p>Attractions culturelles Addis Ababa Abritant le si\u00e8ge de l&rsquo;Union africaine, la troisi\u00e8me plus grande population des Nations unies et la repr\u00e9sentation de presque toutes les ambassades \u00e9trang\u00e8res du monde, Addis-Abeba est souvent consid\u00e9r\u00e9e comme la capitale politique de l&rsquo;Afrique. Addis-Abeba est la troisi\u00e8me plus haute capitale du monde, \u00e0 2 665 m\u00e8tres au-dessus du niveau [&hellip;]<\/p>\n","protected":false},"author":1,"featured_media":0,"parent":0,"menu_order":0,"comment_status":"closed","ping_status":"closed","template":"","meta":{"_et_pb_use_builder":"on","_et_pb_old_content":"","_et_gb_content_width":"","footnotes":""},"class_list":["post-18573","page","type-page","status-publish","hentry"],"yoast_head":"<!-- This site is optimized with the Yoast SEO plugin v24.6 - https:\/\/yoast.com\/wordpress\/plugins\/seo\/ -->\n<title>Attractions culturelles - Welcome Ethiopia Tours<\/title>\n<meta name=\"robots\" content=\"index, follow, max-snippet:-1, max-image-preview:large, max-video-preview:-1\" \/>\n<link rel=\"canonical\" href=\"https:\/\/welcomeethiopiatours.com\/fr\/cultural-attractions\/\" \/>\n<meta property=\"og:locale\" content=\"fr_FR\" \/>\n<meta property=\"og:type\" content=\"article\" \/>\n<meta property=\"og:title\" content=\"Attractions culturelles - Welcome Ethiopia Tours\" \/>\n<meta property=\"og:description\" content=\"Attractions culturelles Addis Ababa Abritant le si\u00e8ge de l&#039;Union africaine, la troisi\u00e8me plus grande population des Nations unies et la repr\u00e9sentation de presque toutes les ambassades \u00e9trang\u00e8res du monde, Addis-Abeba est souvent consid\u00e9r\u00e9e comme la capitale politique de l&#039;Afrique. Addis-Abeba est la troisi\u00e8me plus haute capitale du monde, \u00e0 2 665 m\u00e8tres au-dessus du niveau [&hellip;]\" \/>\n<meta property=\"og:url\" content=\"https:\/\/welcomeethiopiatours.com\/fr\/cultural-attractions\/\" \/>\n<meta property=\"og:site_name\" content=\"Welcome Ethiopia Tours\" \/>\n<meta property=\"article:modified_time\" content=\"2022-10-14T11:31:06+00:00\" \/>\n<meta name=\"twitter:card\" content=\"summary_large_image\" \/>\n<meta name=\"twitter:label1\" content=\"Dur\u00e9e de lecture estim\u00e9e\" \/>\n\t<meta name=\"twitter:data1\" content=\"14 minutes\" \/>\n<script type=\"application\/ld+json\" class=\"yoast-schema-graph\">{\"@context\":\"https:\/\/schema.org\",\"@graph\":[{\"@type\":\"WebPage\",\"@id\":\"https:\/\/welcomeethiopiatours.com\/fr\/cultural-attractions\/\",\"url\":\"https:\/\/welcomeethiopiatours.com\/fr\/cultural-attractions\/\",\"name\":\"Attractions culturelles - Welcome Ethiopia Tours\",\"isPartOf\":{\"@id\":\"https:\/\/welcomeethiopiatours.com\/fr\/#website\"},\"datePublished\":\"2022-10-13T14:38:52+00:00\",\"dateModified\":\"2022-10-14T11:31:06+00:00\",\"breadcrumb\":{\"@id\":\"https:\/\/welcomeethiopiatours.com\/fr\/cultural-attractions\/#breadcrumb\"},\"inLanguage\":\"fr-FR\",\"potentialAction\":[{\"@type\":\"ReadAction\",\"target\":[[\"https:\/\/welcomeethiopiatours.com\/fr\/cultural-attractions\/\"]]}]},{\"@type\":\"BreadcrumbList\",\"@id\":\"https:\/\/welcomeethiopiatours.com\/fr\/cultural-attractions\/#breadcrumb\",\"itemListElement\":[{\"@type\":\"ListItem\",\"position\":1,\"name\":\"Home\",\"item\":\"https:\/\/welcomeethiopiatours.com\/fr\/\"},{\"@type\":\"ListItem\",\"position\":2,\"name\":\"Cultural Attractions\"}]},{\"@type\":\"WebSite\",\"@id\":\"https:\/\/welcomeethiopiatours.com\/fr\/#website\",\"url\":\"https:\/\/welcomeethiopiatours.com\/fr\/\",\"name\":\"Welcome Ethiopia Tours\",\"description\":\"(Deutsch) Best Tour Operator in Ethiopia\",\"potentialAction\":[{\"@type\":\"SearchAction\",\"target\":{\"@type\":\"EntryPoint\",\"urlTemplate\":\"https:\/\/welcomeethiopiatours.com\/fr\/?s={search_term_string}\"},\"query-input\":{\"@type\":\"PropertyValueSpecification\",\"valueRequired\":true,\"valueName\":\"search_term_string\"}}],\"inLanguage\":\"fr-FR\"}]}<\/script>\n<!-- \/ Yoast SEO plugin. -->","yoast_head_json":{"title":"Attractions culturelles - Welcome Ethiopia Tours","robots":{"index":"index","follow":"follow","max-snippet":"max-snippet:-1","max-image-preview":"max-image-preview:large","max-video-preview":"max-video-preview:-1"},"canonical":"https:\/\/welcomeethiopiatours.com\/fr\/cultural-attractions\/","og_locale":"fr_FR","og_type":"article","og_title":"Attractions culturelles - Welcome Ethiopia Tours","og_description":"Attractions culturelles Addis Ababa Abritant le si\u00e8ge de l'Union africaine, la troisi\u00e8me plus grande population des Nations unies et la repr\u00e9sentation de presque toutes les ambassades \u00e9trang\u00e8res du monde, Addis-Abeba est souvent consid\u00e9r\u00e9e comme la capitale politique de l'Afrique. Addis-Abeba est la troisi\u00e8me plus haute capitale du monde, \u00e0 2 665 m\u00e8tres au-dessus du niveau [&hellip;]","og_url":"https:\/\/welcomeethiopiatours.com\/fr\/cultural-attractions\/","og_site_name":"Welcome Ethiopia Tours","article_modified_time":"2022-10-14T11:31:06+00:00","twitter_card":"summary_large_image","twitter_misc":{"Dur\u00e9e de lecture estim\u00e9e":"14 minutes"},"schema":{"@context":"https:\/\/schema.org","@graph":[{"@type":"WebPage","@id":"https:\/\/welcomeethiopiatours.com\/fr\/cultural-attractions\/","url":"https:\/\/welcomeethiopiatours.com\/fr\/cultural-attractions\/","name":"Attractions culturelles - Welcome Ethiopia Tours","isPartOf":{"@id":"https:\/\/welcomeethiopiatours.com\/fr\/#website"},"datePublished":"2022-10-13T14:38:52+00:00","dateModified":"2022-10-14T11:31:06+00:00","breadcrumb":{"@id":"https:\/\/welcomeethiopiatours.com\/fr\/cultural-attractions\/#breadcrumb"},"inLanguage":"fr-FR","potentialAction":[{"@type":"ReadAction","target":[["https:\/\/welcomeethiopiatours.com\/fr\/cultural-attractions\/"]]}]},{"@type":"BreadcrumbList","@id":"https:\/\/welcomeethiopiatours.com\/fr\/cultural-attractions\/#breadcrumb","itemListElement":[{"@type":"ListItem","position":1,"name":"Home","item":"https:\/\/welcomeethiopiatours.com\/fr\/"},{"@type":"ListItem","position":2,"name":"Cultural Attractions"}]},{"@type":"WebSite","@id":"https:\/\/welcomeethiopiatours.com\/fr\/#website","url":"https:\/\/welcomeethiopiatours.com\/fr\/","name":"Welcome Ethiopia Tours","description":"(Deutsch) Best Tour Operator in Ethiopia","potentialAction":[{"@type":"SearchAction","target":{"@type":"EntryPoint","urlTemplate":"https:\/\/welcomeethiopiatours.com\/fr\/?s={search_term_string}"},"query-input":{"@type":"PropertyValueSpecification","valueRequired":true,"valueName":"search_term_string"}}],"inLanguage":"fr-FR"}]}},"_links":{"self":[{"href":"https:\/\/welcomeethiopiatours.com\/fr\/wp-json\/wp\/v2\/pages\/18573","targetHints":{"allow":["GET"]}}],"collection":[{"href":"https:\/\/welcomeethiopiatours.com\/fr\/wp-json\/wp\/v2\/pages"}],"about":[{"href":"https:\/\/welcomeethiopiatours.com\/fr\/wp-json\/wp\/v2\/types\/page"}],"author":[{"embeddable":true,"href":"https:\/\/welcomeethiopiatours.com\/fr\/wp-json\/wp\/v2\/users\/1"}],"replies":[{"embeddable":true,"href":"https:\/\/welcomeethiopiatours.com\/fr\/wp-json\/wp\/v2\/comments?post=18573"}],"version-history":[{"count":0,"href":"https:\/\/welcomeethiopiatours.com\/fr\/wp-json\/wp\/v2\/pages\/18573\/revisions"}],"wp:attachment":[{"href":"https:\/\/welcomeethiopiatours.com\/fr\/wp-json\/wp\/v2\/media?parent=18573"}],"curies":[{"name":"wp","href":"https:\/\/api.w.org\/{rel}","templated":true}]}}