{"id":18588,"date":"2022-10-13T15:57:42","date_gmt":"2022-10-13T15:57:42","guid":{"rendered":"https:\/\/welcomeethiopiatours.com\/?page_id=18588"},"modified":"2022-10-14T11:53:59","modified_gmt":"2022-10-14T11:53:59","slug":"religious-festivals","status":"publish","type":"page","link":"https:\/\/welcomeethiopiatours.com\/fr\/religious-festivals\/","title":{"rendered":"Festivals religieux"},"content":{"rendered":"<p>[et_pb_section bb_built=\u00a0\u00bb1&Prime; transparent_background=\u00a0\u00bbon\u00a0\u00bb allow_player_pause=\u00a0\u00bboff\u00a0\u00bb inner_shadow=\u00a0\u00bboff\u00a0\u00bb parallax=\u00a0\u00bboff\u00a0\u00bb parallax_method=\u00a0\u00bboff\u00a0\u00bb padding_mobile=\u00a0\u00bboff\u00a0\u00bb make_fullwidth=\u00a0\u00bboff\u00a0\u00bb use_custom_width=\u00a0\u00bboff\u00a0\u00bb width_unit=\u00a0\u00bbon\u00a0\u00bb make_equal=\u00a0\u00bboff\u00a0\u00bb use_custom_gutter=\u00a0\u00bboff\u00a0\u00bb module_class=\u00a0\u00bbnobac nopad nobor nospace2columns\u00a0\u00bb background_color=\u00a0\u00bbrgba(255,255,255,0)\u00a0\u00bb custom_padding_tablet=\u00a0\u00bb50px|0|50px|0&Prime; custom_padding_last_edited=\u00a0\u00bbon|desktop\u00a0\u00bb][et_pb_row make_fullwidth=\u00a0\u00bbon\u00a0\u00bb use_custom_width=\u00a0\u00bboff\u00a0\u00bb width_unit=\u00a0\u00bbon\u00a0\u00bb use_custom_gutter=\u00a0\u00bboff\u00a0\u00bb padding_mobile=\u00a0\u00bbon\u00a0\u00bb allow_player_pause=\u00a0\u00bboff\u00a0\u00bb parallax=\u00a0\u00bbon\u00a0\u00bb parallax_method=\u00a0\u00bboff\u00a0\u00bb make_equal=\u00a0\u00bboff\u00a0\u00bb custom_padding=\u00a0\u00bb0|0&Prime; module_class=\u00a0\u00bbfullwidthpagetitle\u00a0\u00bb background_position=\u00a0\u00bbtop_left\u00a0\u00bb background_repeat=\u00a0\u00bbrepeat\u00a0\u00bb background_size=\u00a0\u00bbinitial\u00a0\u00bb][et_pb_column type=\u00a0\u00bb4_4&Prime;][et_pb_text admin_label=\u00a0\u00bbFestivals religieux\u00a0\u00bb background_image=\u00a0\u00bbhttps:\/\/welcomeethiopiatours.com\/wp-content\/uploads\/Ethiopia-Photos-Header.jpg\u00a0\u00bb use_border_color=\u00a0\u00bboff\u00a0\u00bb custom_padding=\u00a0\u00bb0||0|\u00a0\u00bb background_position=\u00a0\u00bbtop_left\u00a0\u00bb background_repeat=\u00a0\u00bbrepeat\u00a0\u00bb background_size=\u00a0\u00bbinitial\u00a0\u00bb _builder_version=\u00a0\u00bb3.1.1&Prime;]<\/p>\n<h2>Festivals religieux<\/h2>\n<h2><\/h2>\n<p>[\/et_pb_text][\/et_pb_column][\/et_pb_row][et_pb_row make_fullwidth=\u00a0\u00bboff\u00a0\u00bb use_custom_width=\u00a0\u00bboff\u00a0\u00bb width_unit=\u00a0\u00bbon\u00a0\u00bb use_custom_gutter=\u00a0\u00bboff\u00a0\u00bb padding_mobile=\u00a0\u00bboff\u00a0\u00bb allow_player_pause=\u00a0\u00bboff\u00a0\u00bb parallax=\u00a0\u00bboff\u00a0\u00bb parallax_method=\u00a0\u00bboff\u00a0\u00bb make_equal=\u00a0\u00bboff\u00a0\u00bb background_position=\u00a0\u00bbtop_left\u00a0\u00bb background_repeat=\u00a0\u00bbrepeat\u00a0\u00bb background_size=\u00a0\u00bbinitial\u00a0\u00bb][et_pb_column type=\u00a0\u00bb1_2&Prime;][et_pb_text admin_label=\u00a0\u00bbFestival d&rsquo;Ashenda\u00a0\u00bb _builder_version=\u00a0\u00bb3.1.1&Prime;]<\/p>\n<h4>Festival d&rsquo;Ashenda<\/h4>\n<p>Le festival Ashenda est une c\u00e9l\u00e9bration culturelle annuelle associ\u00e9e au nord de l&rsquo;\u00c9thiopie, notamment dans les \u00c9tats r\u00e9gionaux du Tigr\u00e9 et de l&rsquo;Amhara. Les filles et les jeunes femmes auxquelles s&rsquo;adresse le festival se parent de robes appel\u00e9es \u00ab\u00a0tilfi\u00a0\u00bb, des robes en coton orn\u00e9es sur le devant d&rsquo;\u00e9tonnantes broderies du cou aux pieds. Elles portent \u00e9galement leurs cheveux dans les styles tress\u00e9s qui ont \u00e9t\u00e9 d\u00e9velopp\u00e9s depuis des si\u00e8cles et s&rsquo;ornent de bijoux et d&rsquo;herbe Ashenda. La dur\u00e9e du festival, qui se d\u00e9roule g\u00e9n\u00e9ralement entre ao\u00fbt et septembre, varie de trois jours \u00e0 un mois selon la r\u00e9gion o\u00f9 il se d\u00e9roule ; plus courte dans les zones urbaines, plus longue dans les zones rurales. La coutume veut que les gens leur offrent des cadeaux sous forme d&rsquo;argent, de nourriture et de boissons. Cette pratique se poursuit toute la journ\u00e9e et pendant toute la dur\u00e9e du festival. Pour cl\u00f4turer les c\u00e9l\u00e9brations, les femmes et les jeunes filles se r\u00e9unissent dans une zone centrale pour jouer du tambour, danser, chanter et socialiser.<\/p>\n<p>[\/et_pb_text][\/et_pb_column][et_pb_column type=\u00a0\u00bb1_2&Prime;][et_pb_image src=\u00a0\u00bbhttps:\/\/welcomeethiopiatours.com\/wp-content\/uploads\/Ashenda.jpg\u00a0\u00bb use_border_color=\u00a0\u00bboff\u00a0\u00bb animation_style=\u00a0\u00bbfade\u00a0\u00bb animation_duration=\u00a0\u00bb500ms\u00a0\u00bb animation_intensity_slide=\u00a0\u00bb10%\u00a0\u00bb _builder_version=\u00a0\u00bb3.1.1&Prime; \/][\/et_pb_column][\/et_pb_row][et_pb_row make_fullwidth=\u00a0\u00bboff\u00a0\u00bb use_custom_width=\u00a0\u00bboff\u00a0\u00bb width_unit=\u00a0\u00bbon\u00a0\u00bb use_custom_gutter=\u00a0\u00bboff\u00a0\u00bb padding_mobile=\u00a0\u00bboff\u00a0\u00bb allow_player_pause=\u00a0\u00bboff\u00a0\u00bb parallax=\u00a0\u00bboff\u00a0\u00bb parallax_method=\u00a0\u00bboff\u00a0\u00bb make_equal=\u00a0\u00bboff\u00a0\u00bb background_position=\u00a0\u00bbtop_left\u00a0\u00bb background_repeat=\u00a0\u00bbrepeat\u00a0\u00bb background_size=\u00a0\u00bbinitial\u00a0\u00bb][et_pb_column type=\u00a0\u00bb1_2&Prime;][et_pb_text admin_label=\u00a0\u00bbFestival de Mesekel\u00a0\u00bb _builder_version=\u00a0\u00bb3.1.1&Prime;]<\/p>\n<h4>Festival de Mesekel<\/h4>\n<p>Selon la tradition chr\u00e9tienne orthodoxe \u00e9thiopienne, le festival de Meskel marque la d\u00e9couverte de la croix sur laquelle J\u00e9sus a \u00e9t\u00e9 crucifi\u00e9. Des milliers de personnes c\u00e9l\u00e8brent la veille du festival, connu sous le nom de Demera, en se rassemblant sur la place Meskel, au c\u0153ur de la capitale, Addis-Abeba. Demera, qui tombe le 26 septembre, est un \u00e9v\u00e9nement haut en couleurs, qui attire des dizaines de croyants v\u00eatus de robes. Ils sont rejoints par des centaines de pr\u00eatres et de diacres des \u00e9glises de la ville, qui apportent des tambours et des croix d\u00e9cor\u00e9es utilis\u00e9es dans les c\u00e9r\u00e9monies religieuses. Avant le coucher du soleil, un immense b\u00fbcher est allum\u00e9 au centre de la place. Ce b\u00fbcher rappelle les efforts d\u00e9ploy\u00e9s par Sainte H\u00e9l\u00e8ne, la m\u00e8re de l&#8217;empereur Constantin, pour trouver la croix alors qu&rsquo;elle se trouvait \u00e0 J\u00e9rusalem au IVe si\u00e8cle. La fum\u00e9e de ce feu indiquait l&rsquo;endroit o\u00f9 la croix \u00e9tait enterr\u00e9e. Sainte H\u00e9l\u00e8ne aurait ensuite donn\u00e9 des morceaux de la croix \u00e0 toutes les \u00e9glises, et l&rsquo;\u00e9glise \u00e9thiopienne pr\u00e9tend toujours avoir son propre morceau.<\/p>\n<p>[\/et_pb_text][\/et_pb_column][et_pb_column type=\u00a0\u00bb1_2&Prime;][et_pb_image src=\u00a0\u00bbhttps:\/\/welcomeethiopiatours.com\/wp-content\/uploads\/Meskel.jpg\u00a0\u00bb use_border_color=\u00a0\u00bboff\u00a0\u00bb animation_style=\u00a0\u00bbfade\u00a0\u00bb animation_duration=\u00a0\u00bb500ms\u00a0\u00bb animation_intensity_slide=\u00a0\u00bb10%\u00a0\u00bb _builder_version=\u00a0\u00bb3.1.1&Prime; \/][\/et_pb_column][\/et_pb_row][et_pb_row make_fullwidth=\u00a0\u00bboff\u00a0\u00bb use_custom_width=\u00a0\u00bboff\u00a0\u00bb width_unit=\u00a0\u00bbon\u00a0\u00bb use_custom_gutter=\u00a0\u00bboff\u00a0\u00bb padding_mobile=\u00a0\u00bboff\u00a0\u00bb allow_player_pause=\u00a0\u00bboff\u00a0\u00bb parallax=\u00a0\u00bboff\u00a0\u00bb parallax_method=\u00a0\u00bboff\u00a0\u00bb make_equal=\u00a0\u00bboff\u00a0\u00bb background_position=\u00a0\u00bbtop_left\u00a0\u00bb background_repeat=\u00a0\u00bbrepeat\u00a0\u00bb background_size=\u00a0\u00bbinitial\u00a0\u00bb][et_pb_column type=\u00a0\u00bb1_2&Prime;][et_pb_text admin_label=\u00a0\u00bbFestival de Timkat\u00a0\u00bb _builder_version=\u00a0\u00bb3.1.1&Prime;]<\/p>\n<h4>Festival de Timkat<\/h4>\n<p>Le festival de Timket &#8211; c\u00e9l\u00e9brant l&rsquo;\u00e9piphanie &#8211; est l&rsquo;une des plus grandes occasions parmi les chr\u00e9tiens orthodoxes d&rsquo;\u00c9thiopie. Cette f\u00eate a lieu le 19 janvier et comm\u00e9more le bapt\u00eame du Christ. L&rsquo;\u00e9v\u00e9nement a lieu 12 jours apr\u00e8s le No\u00ebl \u00e9thiopien (\u00e9galement appel\u00e9 Gehenna) et pr\u00e9sente de nombreux aspects int\u00e9ressants.\u00a0Cette f\u00eate tr\u00e8s v\u00e9n\u00e9r\u00e9e est consid\u00e9r\u00e9e comme une p\u00e9riode de sanctification religieuse et de renouveau spirituel par les chr\u00e9tiens orthodoxes, qui en profitent pour remercier Dieu de les avoir nourris spirituellement. L&rsquo;un des \u00e9l\u00e9ments les plus importants du festival de Timket est le \u00ab\u00a0Tabot\u00a0\u00bb. Le \u00ab\u00a0Tabot\u00a0\u00bb est un terme amharique utilis\u00e9 pour d\u00e9signer l&rsquo;Arche d&rsquo;Alliance. Pendant le festival, des r\u00e9pliques de l&rsquo;Arche d&rsquo;Alliance sont sorties des \u00e9glises locales et transport\u00e9es dans les rues, ce qui en fait une procession tr\u00e8s color\u00e9e, accompagn\u00e9e d&rsquo;enfants de l&rsquo;\u00e9cole du dimanche qui chantent des hymnes et de pr\u00eatres qui font des mouvements chor\u00e9graphiques sp\u00e9ciaux avec leurs b\u00e2tons de pri\u00e8re.<\/p>\n<p>[\/et_pb_text][\/et_pb_column][et_pb_column type=\u00a0\u00bb1_2&Prime;][et_pb_image src=\u00a0\u00bbhttps:\/\/welcomeethiopiatours.com\/wp-content\/uploads\/Timkat-Festival.jpg\u00a0\u00bb use_border_color=\u00a0\u00bboff\u00a0\u00bb animation_style=\u00a0\u00bbfade\u00a0\u00bb animation_duration=\u00a0\u00bb500ms\u00a0\u00bb animation_intensity_slide=\u00a0\u00bb10%\u00a0\u00bb _builder_version=\u00a0\u00bb3.1.1&Prime; \/][\/et_pb_column][\/et_pb_row][\/et_pb_section]<\/p>","protected":false},"excerpt":{"rendered":"<p>Festivals religieux Festival d&rsquo;Ashenda Le festival Ashenda est une c\u00e9l\u00e9bration culturelle annuelle associ\u00e9e au nord de l&rsquo;\u00c9thiopie, notamment dans les \u00c9tats r\u00e9gionaux du Tigr\u00e9 et de l&rsquo;Amhara. Les filles et les jeunes femmes auxquelles s&rsquo;adresse le festival se parent de robes appel\u00e9es \u00ab\u00a0tilfi\u00a0\u00bb, des robes en coton orn\u00e9es sur le devant d&rsquo;\u00e9tonnantes broderies du cou [&hellip;]<\/p>\n","protected":false},"author":1,"featured_media":0,"parent":0,"menu_order":0,"comment_status":"closed","ping_status":"closed","template":"","meta":{"_et_pb_use_builder":"on","_et_pb_old_content":"","_et_gb_content_width":"","footnotes":""},"class_list":["post-18588","page","type-page","status-publish","hentry"],"yoast_head":"<!-- This site is optimized with the Yoast SEO plugin v24.6 - https:\/\/yoast.com\/wordpress\/plugins\/seo\/ -->\n<title>Festivals religieux - Welcome Ethiopia Tours<\/title>\n<meta name=\"robots\" content=\"index, follow, max-snippet:-1, max-image-preview:large, max-video-preview:-1\" \/>\n<link rel=\"canonical\" href=\"https:\/\/welcomeethiopiatours.com\/fr\/religious-festivals\/\" \/>\n<meta property=\"og:locale\" content=\"fr_FR\" \/>\n<meta property=\"og:type\" content=\"article\" \/>\n<meta property=\"og:title\" content=\"Festivals religieux - Welcome Ethiopia Tours\" \/>\n<meta property=\"og:description\" content=\"Festivals religieux Festival d&#039;Ashenda Le festival Ashenda est une c\u00e9l\u00e9bration culturelle annuelle associ\u00e9e au nord de l&#039;\u00c9thiopie, notamment dans les \u00c9tats r\u00e9gionaux du Tigr\u00e9 et de l&#039;Amhara. Les filles et les jeunes femmes auxquelles s&#039;adresse le festival se parent de robes appel\u00e9es &quot;tilfi&quot;, des robes en coton orn\u00e9es sur le devant d&#039;\u00e9tonnantes broderies du cou [&hellip;]\" \/>\n<meta property=\"og:url\" content=\"https:\/\/welcomeethiopiatours.com\/fr\/religious-festivals\/\" \/>\n<meta property=\"og:site_name\" content=\"Welcome Ethiopia Tours\" \/>\n<meta property=\"article:modified_time\" content=\"2022-10-14T11:53:59+00:00\" \/>\n<meta name=\"twitter:card\" content=\"summary_large_image\" \/>\n<meta name=\"twitter:label1\" content=\"Dur\u00e9e de lecture estim\u00e9e\" \/>\n\t<meta name=\"twitter:data1\" content=\"15 minutes\" \/>\n<script type=\"application\/ld+json\" class=\"yoast-schema-graph\">{\"@context\":\"https:\/\/schema.org\",\"@graph\":[{\"@type\":\"WebPage\",\"@id\":\"https:\/\/welcomeethiopiatours.com\/fr\/religious-festivals\/\",\"url\":\"https:\/\/welcomeethiopiatours.com\/fr\/religious-festivals\/\",\"name\":\"Festivals religieux - Welcome Ethiopia Tours\",\"isPartOf\":{\"@id\":\"https:\/\/welcomeethiopiatours.com\/fr\/#website\"},\"datePublished\":\"2022-10-13T15:57:42+00:00\",\"dateModified\":\"2022-10-14T11:53:59+00:00\",\"breadcrumb\":{\"@id\":\"https:\/\/welcomeethiopiatours.com\/fr\/religious-festivals\/#breadcrumb\"},\"inLanguage\":\"fr-FR\",\"potentialAction\":[{\"@type\":\"ReadAction\",\"target\":[[\"https:\/\/welcomeethiopiatours.com\/fr\/religious-festivals\/\"]]}]},{\"@type\":\"BreadcrumbList\",\"@id\":\"https:\/\/welcomeethiopiatours.com\/fr\/religious-festivals\/#breadcrumb\",\"itemListElement\":[{\"@type\":\"ListItem\",\"position\":1,\"name\":\"Home\",\"item\":\"https:\/\/welcomeethiopiatours.com\/fr\/\"},{\"@type\":\"ListItem\",\"position\":2,\"name\":\"Festivals religieux\"}]},{\"@type\":\"WebSite\",\"@id\":\"https:\/\/welcomeethiopiatours.com\/fr\/#website\",\"url\":\"https:\/\/welcomeethiopiatours.com\/fr\/\",\"name\":\"Welcome Ethiopia Tours\",\"description\":\"(Deutsch) Best Tour Operator in Ethiopia\",\"potentialAction\":[{\"@type\":\"SearchAction\",\"target\":{\"@type\":\"EntryPoint\",\"urlTemplate\":\"https:\/\/welcomeethiopiatours.com\/fr\/?s={search_term_string}\"},\"query-input\":{\"@type\":\"PropertyValueSpecification\",\"valueRequired\":true,\"valueName\":\"search_term_string\"}}],\"inLanguage\":\"fr-FR\"}]}<\/script>\n<!-- \/ Yoast SEO plugin. -->","yoast_head_json":{"title":"Festivals religieux - Welcome Ethiopia Tours","robots":{"index":"index","follow":"follow","max-snippet":"max-snippet:-1","max-image-preview":"max-image-preview:large","max-video-preview":"max-video-preview:-1"},"canonical":"https:\/\/welcomeethiopiatours.com\/fr\/religious-festivals\/","og_locale":"fr_FR","og_type":"article","og_title":"Festivals religieux - Welcome Ethiopia Tours","og_description":"Festivals religieux Festival d'Ashenda Le festival Ashenda est une c\u00e9l\u00e9bration culturelle annuelle associ\u00e9e au nord de l'\u00c9thiopie, notamment dans les \u00c9tats r\u00e9gionaux du Tigr\u00e9 et de l'Amhara. Les filles et les jeunes femmes auxquelles s'adresse le festival se parent de robes appel\u00e9es \"tilfi\", des robes en coton orn\u00e9es sur le devant d'\u00e9tonnantes broderies du cou [&hellip;]","og_url":"https:\/\/welcomeethiopiatours.com\/fr\/religious-festivals\/","og_site_name":"Welcome Ethiopia Tours","article_modified_time":"2022-10-14T11:53:59+00:00","twitter_card":"summary_large_image","twitter_misc":{"Dur\u00e9e de lecture estim\u00e9e":"15 minutes"},"schema":{"@context":"https:\/\/schema.org","@graph":[{"@type":"WebPage","@id":"https:\/\/welcomeethiopiatours.com\/fr\/religious-festivals\/","url":"https:\/\/welcomeethiopiatours.com\/fr\/religious-festivals\/","name":"Festivals religieux - Welcome Ethiopia Tours","isPartOf":{"@id":"https:\/\/welcomeethiopiatours.com\/fr\/#website"},"datePublished":"2022-10-13T15:57:42+00:00","dateModified":"2022-10-14T11:53:59+00:00","breadcrumb":{"@id":"https:\/\/welcomeethiopiatours.com\/fr\/religious-festivals\/#breadcrumb"},"inLanguage":"fr-FR","potentialAction":[{"@type":"ReadAction","target":[["https:\/\/welcomeethiopiatours.com\/fr\/religious-festivals\/"]]}]},{"@type":"BreadcrumbList","@id":"https:\/\/welcomeethiopiatours.com\/fr\/religious-festivals\/#breadcrumb","itemListElement":[{"@type":"ListItem","position":1,"name":"Home","item":"https:\/\/welcomeethiopiatours.com\/fr\/"},{"@type":"ListItem","position":2,"name":"Festivals religieux"}]},{"@type":"WebSite","@id":"https:\/\/welcomeethiopiatours.com\/fr\/#website","url":"https:\/\/welcomeethiopiatours.com\/fr\/","name":"Welcome Ethiopia Tours","description":"(Deutsch) Best Tour Operator in Ethiopia","potentialAction":[{"@type":"SearchAction","target":{"@type":"EntryPoint","urlTemplate":"https:\/\/welcomeethiopiatours.com\/fr\/?s={search_term_string}"},"query-input":{"@type":"PropertyValueSpecification","valueRequired":true,"valueName":"search_term_string"}}],"inLanguage":"fr-FR"}]}},"_links":{"self":[{"href":"https:\/\/welcomeethiopiatours.com\/fr\/wp-json\/wp\/v2\/pages\/18588","targetHints":{"allow":["GET"]}}],"collection":[{"href":"https:\/\/welcomeethiopiatours.com\/fr\/wp-json\/wp\/v2\/pages"}],"about":[{"href":"https:\/\/welcomeethiopiatours.com\/fr\/wp-json\/wp\/v2\/types\/page"}],"author":[{"embeddable":true,"href":"https:\/\/welcomeethiopiatours.com\/fr\/wp-json\/wp\/v2\/users\/1"}],"replies":[{"embeddable":true,"href":"https:\/\/welcomeethiopiatours.com\/fr\/wp-json\/wp\/v2\/comments?post=18588"}],"version-history":[{"count":0,"href":"https:\/\/welcomeethiopiatours.com\/fr\/wp-json\/wp\/v2\/pages\/18588\/revisions"}],"wp:attachment":[{"href":"https:\/\/welcomeethiopiatours.com\/fr\/wp-json\/wp\/v2\/media?parent=18588"}],"curies":[{"name":"wp","href":"https:\/\/api.w.org\/{rel}","templated":true}]}}