{"id":186,"date":"2015-08-25T12:06:26","date_gmt":"2015-08-25T12:06:26","guid":{"rendered":"https:\/\/welcomeethiopiatours.com\/?page_id=186"},"modified":"2015-08-25T12:06:26","modified_gmt":"2015-08-25T12:06:26","slug":"our-company","status":"publish","type":"page","link":"https:\/\/welcomeethiopiatours.com\/fr\/our-company\/","title":{"rendered":"Our Company"},"content":{"rendered":"<p>[et_pb_section admin_label=\u00a0\u00bbsection\u00a0\u00bb transparent_background=\u00a0\u00bbon\u00a0\u00bb allow_player_pause=\u00a0\u00bboff\u00a0\u00bb inner_shadow=\u00a0\u00bboff\u00a0\u00bb parallax=\u00a0\u00bboff\u00a0\u00bb parallax_method=\u00a0\u00bboff\u00a0\u00bb padding_mobile=\u00a0\u00bboff\u00a0\u00bb make_fullwidth=\u00a0\u00bboff\u00a0\u00bb use_custom_width=\u00a0\u00bboff\u00a0\u00bb width_unit=\u00a0\u00bbon\u00a0\u00bb make_equal=\u00a0\u00bboff\u00a0\u00bb use_custom_gutter=\u00a0\u00bboff\u00a0\u00bb][et_pb_row admin_label=\u00a0\u00bbrow\u00a0\u00bb make_fullwidth=\u00a0\u00bbon\u00a0\u00bb use_custom_width=\u00a0\u00bboff\u00a0\u00bb width_unit=\u00a0\u00bbon\u00a0\u00bb use_custom_gutter=\u00a0\u00bboff\u00a0\u00bb padding_mobile=\u00a0\u00bbon\u00a0\u00bb allow_player_pause=\u00a0\u00bboff\u00a0\u00bb parallax=\u00a0\u00bbon\u00a0\u00bb parallax_method=\u00a0\u00bboff\u00a0\u00bb make_equal=\u00a0\u00bboff\u00a0\u00bb custom_padding=\u00a0\u00bb0|0&Prime; module_class=\u00a0\u00bbfullwidthpagetitle\u00a0\u00bb][et_pb_column type=\u00a0\u00bb4_4&Prime;][et_pb_text admin_label=\u00a0\u00bbOur Company\u00a0\u00bb background_layout=\u00a0\u00bblight\u00a0\u00bb text_orientation=\u00a0\u00bbleft\u00a0\u00bb background_image=\u00a0\u00bbhttps:\/\/welcomeethiopiatours.com\/wp-content\/uploads\/Ethiopia-Photos-Header.jpg\u00a0\u00bb use_border_color=\u00a0\u00bboff\u00a0\u00bb border_color=\u00a0\u00bb#ffffff\u00a0\u00bb border_style=\u00a0\u00bbsolid\u00a0\u00bb custom_padding=\u00a0\u00bb0||0|\u00a0\u00bb]<\/p>\n<h1>Qui sommes-nous<\/h1>\n<p>[\/et_pb_text][\/et_pb_column][\/et_pb_row][et_pb_row admin_label=\u00a0\u00bbrow\u00a0\u00bb][et_pb_column type=\u00a0\u00bb4_4&Prime;][et_pb_text admin_label=\u00a0\u00bbText\u00a0\u00bb background_layout=\u00a0\u00bblight\u00a0\u00bb text_orientation=\u00a0\u00bbleft\u00a0\u00bb use_border_color=\u00a0\u00bboff\u00a0\u00bb border_color=\u00a0\u00bb#ffffff\u00a0\u00bb border_style=\u00a0\u00bbsolid\u00a0\u00bb]<br \/>\nWelcome Ethiopia Tours\u00a0 est un tour op\u00e9rateur agr\u00e9\u00e9 dont la direction est suisse et dont le si\u00e8ge\u00a0 est situ\u00e9 \u00e0 Addis-Abeba. Nous proposons des voyages organis\u00e9s avec des h\u00e9bergements haut de gamme en Ethiopie.\u00a0 Nous b\u00e9n\u00e9ficions d\u2019excellentes\u00a0 relations, b\u00e2ties sur la dur\u00e9e, avec des guides et chauffeurs parmi les meilleurs du pays. Ceux-ci ont \u00e9t\u00e9 s\u00e9lectionn\u00e9s\u00a0 selon des exigences strictes, notamment\u00a0 en fonction de leurs comp\u00e9tences linguistiques, de leur connaissance de l\u2019Histoire, de\u00a0 leur sens du service et de leur exp\u00e9rience professionnelle. Nous employons uniquement des guides certifi\u00e9s et sympathiques, motiv\u00e9s par leur passion de faire connaitre leur pays. Des crit\u00e8res de s\u00e9lection similaires s\u2019appliquent \u00e0 nos chauffeurs qui sont tenus de pr\u00e9senter un historique de conduite prudente \u00e0 travers le pays. La s\u00e9curit\u00e9 est toujours notre premi\u00e8re priorit\u00e9. Enfin, nous tenons \u00e0 adh\u00e9rer aux valeurs de notre direction suisse\u00a0: organisation rigoureuse, efficace et\u00a0 pr\u00e9cise, fiabilit\u00e9 et haute qualit\u00e9 des services.<br \/>\n[\/et_pb_text][\/et_pb_column][\/et_pb_row][\/et_pb_section]<\/p>","protected":false},"excerpt":{"rendered":"<p>Qui sommes-nous Welcome Ethiopia Tours\u00a0 est un tour op\u00e9rateur agr\u00e9\u00e9 dont la direction est suisse et dont le si\u00e8ge\u00a0 est situ\u00e9 \u00e0 Addis-Abeba. Nous proposons des voyages organis\u00e9s avec des h\u00e9bergements haut de gamme en Ethiopie.\u00a0 Nous b\u00e9n\u00e9ficions d\u2019excellentes\u00a0 relations, b\u00e2ties sur la dur\u00e9e, avec des guides et chauffeurs parmi les meilleurs du pays. Ceux-ci [&hellip;]<\/p>\n","protected":false},"author":1,"featured_media":0,"parent":0,"menu_order":0,"comment_status":"open","ping_status":"open","template":"","meta":{"_et_pb_use_builder":"on","_et_pb_old_content":"<p>Welcome Ethiopia Tours was established in September 2015 as a premium tour operator for Ethiopia. We have a modern office in Addis Ababa and are fully licensed as Grade 1 Tour Operator by the Ethiopian Ministry of Tourism and Culture under license number....<br \/>Our Chief Tour Operator, XXXX may without exaggeration be called one of the most experienced tourist experts of Ethiopia. xxx has xxxx years of experience and knows his country and the local hospitality industry like the back of his hand. Therefore, Welcome Ethiopia Tours profits from long-standing relationships with some of the best free-lance tour guides and drivers. For each tour we select our guides and drivers according to strict requirements, specifically taking into consideration language skills, historic knowledge, service-mindedness and experience. We only use certified, friendly guides driven by their passion to show you their country. Similar criteria apply to our drivers who must be fluent in English and show a long record of safely driving tourists around Ethiopia. While we want to provide you with genuine adventures, your safety remains key to us and is a core pillar of our continuity. Finally, we want to adhere to the values of our Swiss Management and to what Switzerland has built a reputation for; exact planning, efficient timing, reliability and a generally high product quality. <\/p>","_et_gb_content_width":"","footnotes":""},"class_list":["post-186","page","type-page","status-publish","hentry"],"yoast_head":"<!-- This site is optimized with the Yoast SEO plugin v24.6 - https:\/\/yoast.com\/wordpress\/plugins\/seo\/ -->\n<title>Our Company - Welcome Ethiopia Tours<\/title>\n<meta name=\"robots\" content=\"index, follow, max-snippet:-1, max-image-preview:large, max-video-preview:-1\" \/>\n<link rel=\"canonical\" href=\"https:\/\/welcomeethiopiatours.com\/fr\/our-company\/\" \/>\n<meta property=\"og:locale\" content=\"fr_FR\" \/>\n<meta property=\"og:type\" content=\"article\" \/>\n<meta property=\"og:title\" content=\"Our Company - Welcome Ethiopia Tours\" \/>\n<meta property=\"og:description\" content=\"Qui sommes-nous Welcome Ethiopia Tours\u00a0 est un tour op\u00e9rateur agr\u00e9\u00e9 dont la direction est suisse et dont le si\u00e8ge\u00a0 est situ\u00e9 \u00e0 Addis-Abeba. Nous proposons des voyages organis\u00e9s avec des h\u00e9bergements haut de gamme en Ethiopie.\u00a0 Nous b\u00e9n\u00e9ficions d\u2019excellentes\u00a0 relations, b\u00e2ties sur la dur\u00e9e, avec des guides et chauffeurs parmi les meilleurs du pays. Ceux-ci [&hellip;]\" \/>\n<meta property=\"og:url\" content=\"https:\/\/welcomeethiopiatours.com\/fr\/our-company\/\" \/>\n<meta property=\"og:site_name\" content=\"Welcome Ethiopia Tours\" \/>\n<meta name=\"twitter:card\" content=\"summary_large_image\" \/>\n<meta name=\"twitter:label1\" content=\"Dur\u00e9e de lecture estim\u00e9e\" \/>\n\t<meta name=\"twitter:data1\" content=\"5 minutes\" \/>\n<script type=\"application\/ld+json\" class=\"yoast-schema-graph\">{\"@context\":\"https:\/\/schema.org\",\"@graph\":[{\"@type\":\"WebPage\",\"@id\":\"https:\/\/welcomeethiopiatours.com\/fr\/our-company\/\",\"url\":\"https:\/\/welcomeethiopiatours.com\/fr\/our-company\/\",\"name\":\"Our Company - Welcome Ethiopia Tours\",\"isPartOf\":{\"@id\":\"https:\/\/welcomeethiopiatours.com\/fr\/#website\"},\"datePublished\":\"2015-08-25T12:06:26+00:00\",\"breadcrumb\":{\"@id\":\"https:\/\/welcomeethiopiatours.com\/fr\/our-company\/#breadcrumb\"},\"inLanguage\":\"fr-FR\",\"potentialAction\":[{\"@type\":\"ReadAction\",\"target\":[[\"https:\/\/welcomeethiopiatours.com\/fr\/our-company\/\"]]}]},{\"@type\":\"BreadcrumbList\",\"@id\":\"https:\/\/welcomeethiopiatours.com\/fr\/our-company\/#breadcrumb\",\"itemListElement\":[{\"@type\":\"ListItem\",\"position\":1,\"name\":\"Home\",\"item\":\"https:\/\/welcomeethiopiatours.com\/fr\/\"},{\"@type\":\"ListItem\",\"position\":2,\"name\":\"Our Company\"}]},{\"@type\":\"WebSite\",\"@id\":\"https:\/\/welcomeethiopiatours.com\/fr\/#website\",\"url\":\"https:\/\/welcomeethiopiatours.com\/fr\/\",\"name\":\"Welcome Ethiopia Tours\",\"description\":\"(Deutsch) Best Tour Operator in Ethiopia\",\"potentialAction\":[{\"@type\":\"SearchAction\",\"target\":{\"@type\":\"EntryPoint\",\"urlTemplate\":\"https:\/\/welcomeethiopiatours.com\/fr\/?s={search_term_string}\"},\"query-input\":{\"@type\":\"PropertyValueSpecification\",\"valueRequired\":true,\"valueName\":\"search_term_string\"}}],\"inLanguage\":\"fr-FR\"}]}<\/script>\n<!-- \/ Yoast SEO plugin. -->","yoast_head_json":{"title":"Our Company - Welcome Ethiopia Tours","robots":{"index":"index","follow":"follow","max-snippet":"max-snippet:-1","max-image-preview":"max-image-preview:large","max-video-preview":"max-video-preview:-1"},"canonical":"https:\/\/welcomeethiopiatours.com\/fr\/our-company\/","og_locale":"fr_FR","og_type":"article","og_title":"Our Company - Welcome Ethiopia Tours","og_description":"Qui sommes-nous Welcome Ethiopia Tours\u00a0 est un tour op\u00e9rateur agr\u00e9\u00e9 dont la direction est suisse et dont le si\u00e8ge\u00a0 est situ\u00e9 \u00e0 Addis-Abeba. Nous proposons des voyages organis\u00e9s avec des h\u00e9bergements haut de gamme en Ethiopie.\u00a0 Nous b\u00e9n\u00e9ficions d\u2019excellentes\u00a0 relations, b\u00e2ties sur la dur\u00e9e, avec des guides et chauffeurs parmi les meilleurs du pays. Ceux-ci [&hellip;]","og_url":"https:\/\/welcomeethiopiatours.com\/fr\/our-company\/","og_site_name":"Welcome Ethiopia Tours","twitter_card":"summary_large_image","twitter_misc":{"Dur\u00e9e de lecture estim\u00e9e":"5 minutes"},"schema":{"@context":"https:\/\/schema.org","@graph":[{"@type":"WebPage","@id":"https:\/\/welcomeethiopiatours.com\/fr\/our-company\/","url":"https:\/\/welcomeethiopiatours.com\/fr\/our-company\/","name":"Our Company - Welcome Ethiopia Tours","isPartOf":{"@id":"https:\/\/welcomeethiopiatours.com\/fr\/#website"},"datePublished":"2015-08-25T12:06:26+00:00","breadcrumb":{"@id":"https:\/\/welcomeethiopiatours.com\/fr\/our-company\/#breadcrumb"},"inLanguage":"fr-FR","potentialAction":[{"@type":"ReadAction","target":[["https:\/\/welcomeethiopiatours.com\/fr\/our-company\/"]]}]},{"@type":"BreadcrumbList","@id":"https:\/\/welcomeethiopiatours.com\/fr\/our-company\/#breadcrumb","itemListElement":[{"@type":"ListItem","position":1,"name":"Home","item":"https:\/\/welcomeethiopiatours.com\/fr\/"},{"@type":"ListItem","position":2,"name":"Our Company"}]},{"@type":"WebSite","@id":"https:\/\/welcomeethiopiatours.com\/fr\/#website","url":"https:\/\/welcomeethiopiatours.com\/fr\/","name":"Welcome Ethiopia Tours","description":"(Deutsch) Best Tour Operator in Ethiopia","potentialAction":[{"@type":"SearchAction","target":{"@type":"EntryPoint","urlTemplate":"https:\/\/welcomeethiopiatours.com\/fr\/?s={search_term_string}"},"query-input":{"@type":"PropertyValueSpecification","valueRequired":true,"valueName":"search_term_string"}}],"inLanguage":"fr-FR"}]}},"_links":{"self":[{"href":"https:\/\/welcomeethiopiatours.com\/fr\/wp-json\/wp\/v2\/pages\/186","targetHints":{"allow":["GET"]}}],"collection":[{"href":"https:\/\/welcomeethiopiatours.com\/fr\/wp-json\/wp\/v2\/pages"}],"about":[{"href":"https:\/\/welcomeethiopiatours.com\/fr\/wp-json\/wp\/v2\/types\/page"}],"author":[{"embeddable":true,"href":"https:\/\/welcomeethiopiatours.com\/fr\/wp-json\/wp\/v2\/users\/1"}],"replies":[{"embeddable":true,"href":"https:\/\/welcomeethiopiatours.com\/fr\/wp-json\/wp\/v2\/comments?post=186"}],"version-history":[{"count":0,"href":"https:\/\/welcomeethiopiatours.com\/fr\/wp-json\/wp\/v2\/pages\/186\/revisions"}],"wp:attachment":[{"href":"https:\/\/welcomeethiopiatours.com\/fr\/wp-json\/wp\/v2\/media?parent=186"}],"curies":[{"name":"wp","href":"https:\/\/api.w.org\/{rel}","templated":true}]}}