{"id":19082,"date":"2022-10-20T13:19:38","date_gmt":"2022-10-20T13:19:38","guid":{"rendered":"https:\/\/welcomeethiopiatours.com\/?page_id=19082"},"modified":"2023-02-01T14:07:54","modified_gmt":"2023-02-01T14:07:54","slug":"addis-ababa-city-tour-2-days","status":"publish","type":"page","link":"https:\/\/welcomeethiopiatours.com\/fr\/addis-ababa-city-tour-2-days\/","title":{"rendered":"Addis Abeba visite de la ville (2 jours)"},"content":{"rendered":"<p>[et_pb_section bb_built=\u00a0\u00bb1&Prime; admin_label=\u00a0\u00bbsection\u00a0\u00bb transparent_background=\u00a0\u00bbon\u00a0\u00bb allow_player_pause=\u00a0\u00bboff\u00a0\u00bb inner_shadow=\u00a0\u00bboff\u00a0\u00bb parallax=\u00a0\u00bboff\u00a0\u00bb parallax_method=\u00a0\u00bboff\u00a0\u00bb padding_mobile=\u00a0\u00bboff\u00a0\u00bb make_fullwidth=\u00a0\u00bboff\u00a0\u00bb use_custom_width=\u00a0\u00bboff\u00a0\u00bb width_unit=\u00a0\u00bbon\u00a0\u00bb make_equal=\u00a0\u00bboff\u00a0\u00bb use_custom_gutter=\u00a0\u00bboff\u00a0\u00bb module_class=\u00a0\u00bbnobac nopad nobor nospace2columns\u00a0\u00bb background_color=\u00a0\u00bbrgba(255,255,255,0)\u00a0\u00bb custom_padding_tablet=\u00a0\u00bb50px|0|50px|0&Prime; custom_padding_last_edited=\u00a0\u00bbon|desktop\u00a0\u00bb][et_pb_row admin_label=\u00a0\u00bbrow\u00a0\u00bb make_fullwidth=\u00a0\u00bbon\u00a0\u00bb use_custom_width=\u00a0\u00bboff\u00a0\u00bb width_unit=\u00a0\u00bbon\u00a0\u00bb use_custom_gutter=\u00a0\u00bboff\u00a0\u00bb padding_mobile=\u00a0\u00bbon\u00a0\u00bb allow_player_pause=\u00a0\u00bboff\u00a0\u00bb parallax=\u00a0\u00bbon\u00a0\u00bb parallax_method=\u00a0\u00bboff\u00a0\u00bb make_equal=\u00a0\u00bboff\u00a0\u00bb custom_padding=\u00a0\u00bb0|0&Prime; module_class=\u00a0\u00bbfullwidthpagetitle\u00a0\u00bb background_position=\u00a0\u00bbtop_left\u00a0\u00bb background_repeat=\u00a0\u00bbrepeat\u00a0\u00bb background_size=\u00a0\u00bbinitial\u00a0\u00bb][et_pb_column type=\u00a0\u00bb4_4&Prime;][et_pb_text admin_label=\u00a0\u00bbAddis Abeba visite de la ville (2 jours)\u00a0\u00bb background_image=\u00a0\u00bbhttps:\/\/welcomeethiopiatours.com\/wp-content\/uploads\/Ethiopia-Photos-Header.jpg\u00a0\u00bb use_border_color=\u00a0\u00bboff\u00a0\u00bb custom_padding=\u00a0\u00bb0||0|\u00a0\u00bb background_position=\u00a0\u00bbtop_left\u00a0\u00bb background_repeat=\u00a0\u00bbrepeat\u00a0\u00bb background_size=\u00a0\u00bbinitial\u00a0\u00bb _builder_version=\u00a0\u00bb3.1.1&Prime;]<\/p>\n<h1>Addis Abeba visite de la ville (2 jours)<\/h1>\n<p>[\/et_pb_text][et_pb_text admin_label=\u00a0\u00bbbuttons\u00a0\u00bb background_layout=\u00a0\u00bblight\u00a0\u00bb text_orientation=\u00a0\u00bbleft\u00a0\u00bb module_class=\u00a0\u00bbbuttons\u00a0\u00bb use_border_color=\u00a0\u00bboff\u00a0\u00bb border_color=\u00a0\u00bb#ffffff\u00a0\u00bb border_style=\u00a0\u00bbsolid\u00a0\u00bb background_position=\u00a0\u00bbtop_left\u00a0\u00bb background_repeat=\u00a0\u00bbrepeat\u00a0\u00bb background_size=\u00a0\u00bbinitial\u00a0\u00bb]<\/p>\n<p><a href='#map' class='small-button smallorange'>View Map<\/a> <a href='#booking' class='small-button smallgreen'>Request Price<\/a><\/p>\n<p>[\/et_pb_text][\/et_pb_column][\/et_pb_row][et_pb_row admin_label=\u00a0\u00bbrow\u00a0\u00bb make_fullwidth=\u00a0\u00bbon\u00a0\u00bb use_custom_width=\u00a0\u00bboff\u00a0\u00bb width_unit=\u00a0\u00bbon\u00a0\u00bb use_custom_gutter=\u00a0\u00bboff\u00a0\u00bb padding_mobile=\u00a0\u00bboff\u00a0\u00bb allow_player_pause=\u00a0\u00bboff\u00a0\u00bb parallax=\u00a0\u00bboff\u00a0\u00bb parallax_method=\u00a0\u00bboff\u00a0\u00bb make_equal=\u00a0\u00bboff\u00a0\u00bb background_position=\u00a0\u00bbtop_left\u00a0\u00bb background_repeat=\u00a0\u00bbrepeat\u00a0\u00bb background_size=\u00a0\u00bbinitial\u00a0\u00bb][et_pb_column type=\u00a0\u00bb4_4&Prime;][et_pb_text admin_label=\u00a0\u00bb\u00c0 propos de cette visite : \u00a0\u00bb use_border_color=\u00a0\u00bboff\u00a0\u00bb background_position=\u00a0\u00bbtop_left\u00a0\u00bb background_repeat=\u00a0\u00bbrepeat\u00a0\u00bb background_size=\u00a0\u00bbinitial\u00a0\u00bb _builder_version=\u00a0\u00bb3.1.1&Prime;]<\/p>\n<h4>&#8211;<span style=\"color: #666666; font-size: 14px;\">Ce tour de ville explore les points forts d&rsquo;Addis Abeba. Id\u00e9al pour les voyageurs de passage qui sont curieux d&rsquo;avoir un aper\u00e7u de la capitale de l&rsquo;\u00c9thiopie.<\/span><\/h4>\n<p>[\/et_pb_text][\/et_pb_column][\/et_pb_row][et_pb_row admin_label=\u00a0\u00bbrow\u00a0\u00bb make_fullwidth=\u00a0\u00bbon\u00a0\u00bb use_custom_width=\u00a0\u00bboff\u00a0\u00bb width_unit=\u00a0\u00bbon\u00a0\u00bb use_custom_gutter=\u00a0\u00bboff\u00a0\u00bb padding_mobile=\u00a0\u00bboff\u00a0\u00bb allow_player_pause=\u00a0\u00bboff\u00a0\u00bb parallax=\u00a0\u00bboff\u00a0\u00bb parallax_method=\u00a0\u00bboff\u00a0\u00bb make_equal=\u00a0\u00bboff\u00a0\u00bb background_position=\u00a0\u00bbtop_left\u00a0\u00bb background_repeat=\u00a0\u00bbrepeat\u00a0\u00bb background_size=\u00a0\u00bbinitial\u00a0\u00bb][et_pb_column type=\u00a0\u00bb4_4&Prime;][et_pb_text admin_label=\u00a0\u00bbPoints forts :\u00a0\u00bb use_border_color=\u00a0\u00bboff\u00a0\u00bb background_position=\u00a0\u00bbtop_left\u00a0\u00bb background_repeat=\u00a0\u00bbrepeat\u00a0\u00bb background_size=\u00a0\u00bbinitial\u00a0\u00bb _builder_version=\u00a0\u00bb3.1.1&Prime;]<\/p>\n<h4>Points forts :<\/h4>\n<ul>\n<li>Exploration de la capitale, Addis Abeba<\/li>\n<\/ul>\n<p>[\/et_pb_text][\/et_pb_column][\/et_pb_row][et_pb_row admin_label=\u00a0\u00bbrow\u00a0\u00bb make_fullwidth=\u00a0\u00bbon\u00a0\u00bb use_custom_width=\u00a0\u00bboff\u00a0\u00bb width_unit=\u00a0\u00bbon\u00a0\u00bb use_custom_gutter=\u00a0\u00bboff\u00a0\u00bb padding_mobile=\u00a0\u00bboff\u00a0\u00bb allow_player_pause=\u00a0\u00bboff\u00a0\u00bb parallax=\u00a0\u00bboff\u00a0\u00bb parallax_method=\u00a0\u00bboff\u00a0\u00bb make_equal=\u00a0\u00bboff\u00a0\u00bb background_position=\u00a0\u00bbtop_left\u00a0\u00bb background_repeat=\u00a0\u00bbrepeat\u00a0\u00bb background_size=\u00a0\u00bbinitial\u00a0\u00bb][et_pb_column type=\u00a0\u00bb1_2&Prime;][et_pb_text admin_label=\u00a0\u00bbInclus dans le prix du voyage\u00a0\u00bb use_border_color=\u00a0\u00bboff\u00a0\u00bb background_position=\u00a0\u00bbtop_left\u00a0\u00bb background_repeat=\u00a0\u00bbrepeat\u00a0\u00bb background_size=\u00a0\u00bbinitial\u00a0\u00bb _builder_version=\u00a0\u00bb3.1.1&Prime;]<\/p>\n<h4>Inclus dans le prix du voyage<\/h4>\n<ul>\n<li>1 nuit avec petit-d\u00e9jeuner dans l&rsquo;h\u00f4tel de votre choix<\/li>\n<li>Transfert routier en minibus Toyota<\/li>\n<li>Guide touristique professionnel (parlant anglais, allemand, fran\u00e7ais, italien ou espagnol)<\/li>\n<li>Tous les droits d&rsquo;entr\u00e9e<\/li>\n<li>D\u00eener traditionnel le soir avant le d\u00e9part<\/li>\n<li>1 litre d&rsquo;eau min\u00e9rale par jour<\/li>\n<\/ul>\n<p>[\/et_pb_text][\/et_pb_column][et_pb_column type=\u00a0\u00bb1_2&Prime;][et_pb_text admin_label=\u00a0\u00bbInfo courte :\u00a0\u00bb use_border_color=\u00a0\u00bboff\u00a0\u00bb background_position=\u00a0\u00bbtop_left\u00a0\u00bb background_repeat=\u00a0\u00bbrepeat\u00a0\u00bb background_size=\u00a0\u00bbinitial\u00a0\u00bb _builder_version=\u00a0\u00bb3.1.1&Prime;]<\/p>\n<h4>Info courte :<\/h4>\n<ul>\n<li>Code de visite : WET-AA-2<\/li>\n<li>H\u00e9bergement : h\u00f4tel de classe moyenne \u00e0 sup\u00e9rieure<\/li>\n<li>Nombre de vols int\u00e9rieurs : 0<\/li>\n<li>Niveau de forme physique requis : aucune exigence particuli\u00e8re<\/li>\n<\/ul>\n<p>[\/et_pb_text][\/et_pb_column][\/et_pb_row][et_pb_row admin_label=\u00a0\u00bbrow\u00a0\u00bb make_fullwidth=\u00a0\u00bbon\u00a0\u00bb use_custom_width=\u00a0\u00bboff\u00a0\u00bb width_unit=\u00a0\u00bbon\u00a0\u00bb use_custom_gutter=\u00a0\u00bboff\u00a0\u00bb padding_mobile=\u00a0\u00bboff\u00a0\u00bb allow_player_pause=\u00a0\u00bboff\u00a0\u00bb parallax=\u00a0\u00bboff\u00a0\u00bb parallax_method=\u00a0\u00bboff\u00a0\u00bb make_equal=\u00a0\u00bboff\u00a0\u00bb background_position=\u00a0\u00bbtop_left\u00a0\u00bb background_repeat=\u00a0\u00bbrepeat\u00a0\u00bb background_size=\u00a0\u00bbinitial\u00a0\u00bb][et_pb_column type=\u00a0\u00bb1_2&Prime;][et_pb_text admin_label=\u00a0\u00bbJour 1 : Arriv\u00e9e et visite de la ville d&rsquo;Addis-Abeba\u00a0\u00bb use_border_color=\u00a0\u00bboff\u00a0\u00bb background_position=\u00a0\u00bbtop_left\u00a0\u00bb background_repeat=\u00a0\u00bbrepeat\u00a0\u00bb background_size=\u00a0\u00bbinitial\u00a0\u00bb _builder_version=\u00a0\u00bb3.1.1&Prime;]<\/p>\n<h4>Jour 1 : Arriv\u00e9e et visite de la ville d&rsquo;Addis-Abeba<\/h4>\n<p>\u00c0 votre arriv\u00e9e \u00e0 l&rsquo;a\u00e9roport international de Bole, vous serez accueilli par un repr\u00e9sentant de Welcome Ethiopia Tours et serez conduit \u00e0 votre h\u00f4tel r\u00e9serv\u00e9. En fonction de votre heure d&rsquo;arriv\u00e9e, nous vous proposons diff\u00e9rentes options de visite :<\/p>\n<ul>\n<li>Le mont Entoto, avec les meilleures vues sur la capitale.<\/li>\n<li>Institut d&rsquo;\u00e9tudes \u00e9thiopiennes, o\u00f9 vous pourrez voir une vari\u00e9t\u00e9 d&rsquo;objets provenant de toutes les diff\u00e9rentes r\u00e9gions et refl\u00e9tant l&rsquo;histoire et la culture du pays.<\/li>\n<li>Mus\u00e9e national qui expose, entre autres, les ossements de Lucy, vieux de 3,5 millions d&rsquo;ann\u00e9es.<\/li>\n<li>La cath\u00e9drale de la Trinit\u00e9 : c&rsquo;est le lieu de s\u00e9pulture des membres de la famille imp\u00e9riale et des patriotes c\u00e9l\u00e8bres ; la cath\u00e9drale est la plus magnifique du pays, orn\u00e9e de sculptures, de mosa\u00efques et d&rsquo;autres \u0153uvres artistiques.<\/li>\n<li>Le Mercato, le plus grand march\u00e9 en plein air d&rsquo;Afrique,<\/li>\n<\/ul>\n<p><strong>H\u00e9bergement<\/strong> : H\u00f4tel, Addis Abeba<\/p>\n<p>[\/et_pb_text][\/et_pb_column][et_pb_column type=\u00a0\u00bb1_2&Prime;][et_pb_image admin_label=\u00a0\u00bbAddis Ababa\u00a0\u00bb src=\u00a0\u00bbhttps:\/\/welcomeethiopiatours.com\/wp-content\/uploads\/Addis-Ababa-2.jpg\u00a0\u00bb show_in_lightbox=\u00a0\u00bbon\u00a0\u00bb align=\u00a0\u00bbright\u00a0\u00bb use_border_color=\u00a0\u00bboff\u00a0\u00bb alt=\u00a0\u00bbAddis Ababa\u00a0\u00bb title_text=\u00a0\u00bbAddis Ababa\u00a0\u00bb animation_style=\u00a0\u00bbfade\u00a0\u00bb animation_duration=\u00a0\u00bb500ms\u00a0\u00bb animation_intensity_slide=\u00a0\u00bb10%\u00a0\u00bb _builder_version=\u00a0\u00bb3.1.1&Prime; \/][\/et_pb_column][\/et_pb_row][et_pb_row admin_label=\u00a0\u00bbrow\u00a0\u00bb make_fullwidth=\u00a0\u00bbon\u00a0\u00bb use_custom_width=\u00a0\u00bboff\u00a0\u00bb width_unit=\u00a0\u00bbon\u00a0\u00bb use_custom_gutter=\u00a0\u00bboff\u00a0\u00bb padding_mobile=\u00a0\u00bboff\u00a0\u00bb allow_player_pause=\u00a0\u00bboff\u00a0\u00bb parallax=\u00a0\u00bboff\u00a0\u00bb parallax_method=\u00a0\u00bboff\u00a0\u00bb make_equal=\u00a0\u00bboff\u00a0\u00bb background_position=\u00a0\u00bbtop_left\u00a0\u00bb background_repeat=\u00a0\u00bbrepeat\u00a0\u00bb background_size=\u00a0\u00bbinitial\u00a0\u00bb][et_pb_column type=\u00a0\u00bb1_2&Prime;][et_pb_text admin_label=\u00a0\u00bbJour 2 : D\u00e9part\u00a0\u00bb use_border_color=\u00a0\u00bboff\u00a0\u00bb background_position=\u00a0\u00bbtop_left\u00a0\u00bb background_repeat=\u00a0\u00bbrepeat\u00a0\u00bb background_size=\u00a0\u00bbinitial\u00a0\u00bb _builder_version=\u00a0\u00bb3.1.1&Prime;]<\/p>\n<h4>Jour 2 : D\u00e9part<\/h4>\n<p>Transfert \u00e0 l&rsquo;a\u00e9roport international de Bole pour votre d\u00e9part ou pour une extension individuelle.<\/p>\n<p>[\/et_pb_text][\/et_pb_column][et_pb_column type=\u00a0\u00bb1_2&Prime;][et_pb_image admin_label=\u00a0\u00bbAddis Ababa, Ethiopia\u00a0\u00bb src=\u00a0\u00bbhttps:\/\/welcomeethiopiatours.com\/wp-content\/uploads\/Addis_Ababa_Ethiopia_Welcome-Africa-Tours.jpg\u00a0\u00bb show_in_lightbox=\u00a0\u00bbon\u00a0\u00bb use_border_color=\u00a0\u00bboff\u00a0\u00bb alt=\u00a0\u00bbTyia, Ethiopia\u00a0\u00bb title_text=\u00a0\u00bbTyia, Ethiopia\u00a0\u00bb animation_style=\u00a0\u00bbslide\u00a0\u00bb animation_duration=\u00a0\u00bb500ms\u00a0\u00bb animation_intensity_slide=\u00a0\u00bb10%\u00a0\u00bb animation_direction=\u00a0\u00bbleft\u00a0\u00bb _builder_version=\u00a0\u00bb3.1.1&Prime; \/][\/et_pb_column][\/et_pb_row][et_pb_row admin_label=\u00a0\u00bbrow\u00a0\u00bb make_fullwidth=\u00a0\u00bbon\u00a0\u00bb use_custom_width=\u00a0\u00bboff\u00a0\u00bb width_unit=\u00a0\u00bbon\u00a0\u00bb use_custom_gutter=\u00a0\u00bboff\u00a0\u00bb padding_mobile=\u00a0\u00bbon\u00a0\u00bb allow_player_pause=\u00a0\u00bboff\u00a0\u00bb parallax=\u00a0\u00bboff\u00a0\u00bb parallax_method=\u00a0\u00bboff\u00a0\u00bb make_equal=\u00a0\u00bboff\u00a0\u00bb parallax_1=\u00a0\u00bboff\u00a0\u00bb parallax_method_1=\u00a0\u00bboff\u00a0\u00bb column_padding_mobile=\u00a0\u00bbon\u00a0\u00bb module_id=\u00a0\u00bbmap\u00a0\u00bb background_position=\u00a0\u00bbtop_left\u00a0\u00bb background_repeat=\u00a0\u00bbrepeat\u00a0\u00bb background_size=\u00a0\u00bbinitial\u00a0\u00bb][et_pb_column type=\u00a0\u00bb4_4&Prime;][et_pb_code module_class=\u00a0\u00bbbooking\u00a0\u00bb _builder_version=\u00a0\u00bb3.1.1&Prime;]&lt;div class=\u00a0\u00bboverlay\u00a0\u00bb&gt;&lt;\/div&gt;&lt;iframe src=\u00a0\u00bbhttps:\/\/www.google.com\/maps\/d\/embed?mid=11JmSkNX9QyWSaFepkzR56MfecVmBHtM\u00a0\u00bb width=\u00a0\u00bb100%\u00a0\u00bb height=\u00a0\u00bb400&Prime;&gt;&lt;\/iframe&gt;[\/et_pb_code][\/et_pb_column][\/et_pb_row][et_pb_row admin_label=\u00a0\u00bbrow\u00a0\u00bb make_fullwidth=\u00a0\u00bbon\u00a0\u00bb use_custom_width=\u00a0\u00bboff\u00a0\u00bb width_unit=\u00a0\u00bbon\u00a0\u00bb use_custom_gutter=\u00a0\u00bboff\u00a0\u00bb padding_mobile=\u00a0\u00bbon\u00a0\u00bb module_class=\u00a0\u00bbbookingsection\u00a0\u00bb allow_player_pause=\u00a0\u00bboff\u00a0\u00bb parallax=\u00a0\u00bboff\u00a0\u00bb parallax_method=\u00a0\u00bboff\u00a0\u00bb make_equal=\u00a0\u00bboff\u00a0\u00bb background_position=\u00a0\u00bbtop_left\u00a0\u00bb background_repeat=\u00a0\u00bbrepeat\u00a0\u00bb background_size=\u00a0\u00bbinitial\u00a0\u00bb][et_pb_column type=\u00a0\u00bb4_4&Prime;][et_pb_text admin_label=\u00a0\u00bbbooking\u00a0\u00bb background_layout=\u00a0\u00bblight\u00a0\u00bb text_orientation=\u00a0\u00bbleft\u00a0\u00bb module_id=\u00a0\u00bbbooking\u00a0\u00bb use_border_color=\u00a0\u00bboff\u00a0\u00bb border_color=\u00a0\u00bb#ffffff\u00a0\u00bb border_style=\u00a0\u00bbsolid\u00a0\u00bb background_position=\u00a0\u00bbtop_left\u00a0\u00bb background_repeat=\u00a0\u00bbrepeat\u00a0\u00bb background_size=\u00a0\u00bbinitial\u00a0\u00bb]<\/p>\n\n<div class=\"wpcf7 no-js\" id=\"wpcf7-f742-o3\" lang=\"en-US\" dir=\"ltr\" data-wpcf7-id=\"742\">\n<div class=\"screen-reader-response\"><p role=\"status\" aria-live=\"polite\" aria-atomic=\"true\"><\/p> <ul><\/ul><\/div>\n<form action=\"\/fr\/wp-json\/wp\/v2\/pages\/19082#wpcf7-f742-o3\" method=\"post\" class=\"wpcf7-form init\" aria-label=\"Contact form\" novalidate=\"novalidate\" data-status=\"init\">\n<div style=\"display: none;\">\n<input type=\"hidden\" name=\"_wpcf7\" value=\"742\" \/>\n<input type=\"hidden\" name=\"_wpcf7_version\" value=\"6.0.4\" \/>\n<input type=\"hidden\" name=\"_wpcf7_locale\" value=\"en_US\" \/>\n<input type=\"hidden\" name=\"_wpcf7_unit_tag\" value=\"wpcf7-f742-o3\" \/>\n<input type=\"hidden\" name=\"_wpcf7_container_post\" value=\"0\" \/>\n<input type=\"hidden\" name=\"_wpcf7_posted_data_hash\" value=\"\" \/>\n<input type=\"hidden\" name=\"_wpcf7_recaptcha_response\" value=\"\" \/>\n<\/div>\n<h2>Request Price\n<\/h2>\n<div class=\"et_pb_row bookingform\">\n\t<div class=\"et_pb_column et_pb_column_1_3\">\n\t\t<p class=\"required\">Full Name (required)\n\t\t<\/p>\n\t\t<p><span class=\"wpcf7-form-control-wrap\" data-name=\"your-name\"><input size=\"40\" maxlength=\"400\" class=\"wpcf7-form-control wpcf7-text wpcf7-validates-as-required\" aria-required=\"true\" aria-invalid=\"false\" value=\"\" type=\"text\" name=\"your-name\" \/><\/span>\n\t\t<\/p>\n\t\t<p class=\"required\">Your Email (required)\n\t\t<\/p>\n\t\t<p><span class=\"wpcf7-form-control-wrap\" data-name=\"your-email\"><input size=\"40\" maxlength=\"400\" class=\"wpcf7-form-control wpcf7-email wpcf7-validates-as-required wpcf7-text wpcf7-validates-as-email\" aria-required=\"true\" aria-invalid=\"false\" value=\"\" type=\"email\" name=\"your-email\" \/><\/span>\n\t\t<\/p>\n\t\t<p>Telephone\n\t\t<\/p>\n\t\t<p><span class=\"wpcf7-form-control-wrap\" data-name=\"your-telephone\"><input size=\"40\" maxlength=\"400\" class=\"wpcf7-form-control wpcf7-text\" aria-invalid=\"false\" value=\"\" type=\"text\" name=\"your-telephone\" \/><\/span>\n\t\t<\/p>\n\t<\/div>\n\t<div class=\"et_pb_column et_pb_column_1_3\">\n\t\t<p class=\"required\">Number Of People\n\t\t<\/p>\n\t\t<p><span class=\"wpcf7-form-control-wrap\" data-name=\"numberofpeople\"><input size=\"40\" maxlength=\"400\" class=\"wpcf7-form-control wpcf7-text\" aria-invalid=\"false\" value=\"\" type=\"text\" name=\"numberofpeople\" \/><\/span>\n\t\t<\/p>\n\t\t<p class=\"required\">Arrival Date\n\t\t<\/p>\n\t\t<p><span class=\"wpcf7-form-control-wrap\" data-name=\"arrivaldate\"><input class=\"wpcf7-form-control wpcf7-date wpcf7-validates-as-date\" aria-invalid=\"false\" value=\"\" type=\"date\" name=\"arrivaldate\" \/><\/span>\n\t\t<\/p>\n\t\t<p class=\"required\">Departure Date\n\t\t<\/p>\n\t\t<p><span class=\"wpcf7-form-control-wrap\" data-name=\"departuredate\"><input class=\"wpcf7-form-control wpcf7-date wpcf7-validates-as-date\" aria-invalid=\"false\" value=\"\" type=\"date\" name=\"departuredate\" \/><\/span>\n\t\t<\/p>\n\t<\/div>\n\t<div class=\"et_pb_column et_pb_column_1_3\">\n\t\t<p>Additional Message\n\t\t<\/p>\n\t\t<p><span class=\"wpcf7-form-control-wrap\" data-name=\"message\"><textarea cols=\"40\" rows=\"10\" maxlength=\"2000\" class=\"wpcf7-form-control wpcf7-textarea\" aria-invalid=\"false\" name=\"message\"><\/textarea><\/span>\n\t\t<\/p>\n\t\t<p>\n\t\t\n\t\t<\/p>\n\t<\/div>\n<\/div>\n<div class=\"et_pb_row bookingform\">\n\t<p><input class=\"wpcf7-form-control wpcf7-submit has-spinner btnbook\" type=\"submit\" value=\"Book\" \/>\n\t<\/p>\n<\/div><div class=\"wpcf7-response-output\" aria-hidden=\"true\"><\/div>\n<\/form>\n<\/div>\n\n<p>[\/et_pb_text][\/et_pb_column][\/et_pb_row][\/et_pb_section]<\/p>","protected":false},"excerpt":{"rendered":"<p>Addis Abeba visite de la ville (2 jours) <a href='#map' class='small-button smallorange'>View Map<\/a> <a href='#booking' class='small-button smallgreen'>Request Price<\/a> -Ce tour de ville explore les points forts d&rsquo;Addis Abeba. Id\u00e9al pour les voyageurs de passage qui sont curieux d&rsquo;avoir un aper\u00e7u de la capitale de l&rsquo;\u00c9thiopie. Points forts : Exploration de la capitale, Addis Abeba Inclus [&hellip;]<\/p>\n","protected":false},"author":1,"featured_media":0,"parent":0,"menu_order":0,"comment_status":"closed","ping_status":"closed","template":"","meta":{"_et_pb_use_builder":"on","_et_pb_old_content":"","_et_gb_content_width":"","footnotes":""},"class_list":["post-19082","page","type-page","status-publish","hentry"],"yoast_head":"<!-- This site is optimized with the Yoast SEO plugin v24.6 - https:\/\/yoast.com\/wordpress\/plugins\/seo\/ -->\n<title>Addis Abeba visite de la ville (2 jours) - Welcome Ethiopia Tours<\/title>\n<meta name=\"robots\" content=\"index, follow, max-snippet:-1, max-image-preview:large, max-video-preview:-1\" \/>\n<link rel=\"canonical\" href=\"https:\/\/welcomeethiopiatours.com\/fr\/addis-ababa-city-tour-2-days\/\" \/>\n<meta property=\"og:locale\" content=\"fr_FR\" \/>\n<meta property=\"og:type\" content=\"article\" \/>\n<meta property=\"og:title\" content=\"Addis Abeba visite de la ville (2 jours) - Welcome Ethiopia Tours\" \/>\n<meta property=\"og:description\" content=\"Addis Abeba visite de la ville (2 jours)  -Ce tour de ville explore les points forts d&#039;Addis Abeba. Id\u00e9al pour les voyageurs de passage qui sont curieux d&#039;avoir un aper\u00e7u de la capitale de l&#039;\u00c9thiopie. Points forts : Exploration de la capitale, Addis Abeba Inclus [&hellip;]\" \/>\n<meta property=\"og:url\" content=\"https:\/\/welcomeethiopiatours.com\/fr\/addis-ababa-city-tour-2-days\/\" \/>\n<meta property=\"og:site_name\" content=\"Welcome Ethiopia Tours\" \/>\n<meta property=\"article:modified_time\" content=\"2023-02-01T14:07:54+00:00\" \/>\n<meta name=\"twitter:card\" content=\"summary_large_image\" \/>\n<meta name=\"twitter:label1\" content=\"Dur\u00e9e de lecture estim\u00e9e\" \/>\n\t<meta name=\"twitter:data1\" content=\"19 minutes\" \/>\n<script type=\"application\/ld+json\" class=\"yoast-schema-graph\">{\"@context\":\"https:\/\/schema.org\",\"@graph\":[{\"@type\":\"WebPage\",\"@id\":\"https:\/\/welcomeethiopiatours.com\/fr\/addis-ababa-city-tour-2-days\/\",\"url\":\"https:\/\/welcomeethiopiatours.com\/fr\/addis-ababa-city-tour-2-days\/\",\"name\":\"Addis Abeba visite de la ville (2 jours) - Welcome Ethiopia Tours\",\"isPartOf\":{\"@id\":\"https:\/\/welcomeethiopiatours.com\/fr\/#website\"},\"datePublished\":\"2022-10-20T13:19:38+00:00\",\"dateModified\":\"2023-02-01T14:07:54+00:00\",\"breadcrumb\":{\"@id\":\"https:\/\/welcomeethiopiatours.com\/fr\/addis-ababa-city-tour-2-days\/#breadcrumb\"},\"inLanguage\":\"fr-FR\",\"potentialAction\":[{\"@type\":\"ReadAction\",\"target\":[[\"https:\/\/welcomeethiopiatours.com\/fr\/addis-ababa-city-tour-2-days\/\"]]}]},{\"@type\":\"BreadcrumbList\",\"@id\":\"https:\/\/welcomeethiopiatours.com\/fr\/addis-ababa-city-tour-2-days\/#breadcrumb\",\"itemListElement\":[{\"@type\":\"ListItem\",\"position\":1,\"name\":\"Home\",\"item\":\"https:\/\/welcomeethiopiatours.com\/fr\/\"},{\"@type\":\"ListItem\",\"position\":2,\"name\":\"Addis Ababa City Tour (2 days)\"}]},{\"@type\":\"WebSite\",\"@id\":\"https:\/\/welcomeethiopiatours.com\/fr\/#website\",\"url\":\"https:\/\/welcomeethiopiatours.com\/fr\/\",\"name\":\"Welcome Ethiopia Tours\",\"description\":\"(Deutsch) Best Tour Operator in Ethiopia\",\"potentialAction\":[{\"@type\":\"SearchAction\",\"target\":{\"@type\":\"EntryPoint\",\"urlTemplate\":\"https:\/\/welcomeethiopiatours.com\/fr\/?s={search_term_string}\"},\"query-input\":{\"@type\":\"PropertyValueSpecification\",\"valueRequired\":true,\"valueName\":\"search_term_string\"}}],\"inLanguage\":\"fr-FR\"}]}<\/script>\n<!-- \/ Yoast SEO plugin. -->","yoast_head_json":{"title":"Addis Abeba visite de la ville (2 jours) - Welcome Ethiopia Tours","robots":{"index":"index","follow":"follow","max-snippet":"max-snippet:-1","max-image-preview":"max-image-preview:large","max-video-preview":"max-video-preview:-1"},"canonical":"https:\/\/welcomeethiopiatours.com\/fr\/addis-ababa-city-tour-2-days\/","og_locale":"fr_FR","og_type":"article","og_title":"Addis Abeba visite de la ville (2 jours) - Welcome Ethiopia Tours","og_description":"Addis Abeba visite de la ville (2 jours)  -Ce tour de ville explore les points forts d'Addis Abeba. Id\u00e9al pour les voyageurs de passage qui sont curieux d'avoir un aper\u00e7u de la capitale de l'\u00c9thiopie. Points forts : Exploration de la capitale, Addis Abeba Inclus [&hellip;]","og_url":"https:\/\/welcomeethiopiatours.com\/fr\/addis-ababa-city-tour-2-days\/","og_site_name":"Welcome Ethiopia Tours","article_modified_time":"2023-02-01T14:07:54+00:00","twitter_card":"summary_large_image","twitter_misc":{"Dur\u00e9e de lecture estim\u00e9e":"19 minutes"},"schema":{"@context":"https:\/\/schema.org","@graph":[{"@type":"WebPage","@id":"https:\/\/welcomeethiopiatours.com\/fr\/addis-ababa-city-tour-2-days\/","url":"https:\/\/welcomeethiopiatours.com\/fr\/addis-ababa-city-tour-2-days\/","name":"Addis Abeba visite de la ville (2 jours) - Welcome Ethiopia Tours","isPartOf":{"@id":"https:\/\/welcomeethiopiatours.com\/fr\/#website"},"datePublished":"2022-10-20T13:19:38+00:00","dateModified":"2023-02-01T14:07:54+00:00","breadcrumb":{"@id":"https:\/\/welcomeethiopiatours.com\/fr\/addis-ababa-city-tour-2-days\/#breadcrumb"},"inLanguage":"fr-FR","potentialAction":[{"@type":"ReadAction","target":[["https:\/\/welcomeethiopiatours.com\/fr\/addis-ababa-city-tour-2-days\/"]]}]},{"@type":"BreadcrumbList","@id":"https:\/\/welcomeethiopiatours.com\/fr\/addis-ababa-city-tour-2-days\/#breadcrumb","itemListElement":[{"@type":"ListItem","position":1,"name":"Home","item":"https:\/\/welcomeethiopiatours.com\/fr\/"},{"@type":"ListItem","position":2,"name":"Addis Ababa City Tour (2 days)"}]},{"@type":"WebSite","@id":"https:\/\/welcomeethiopiatours.com\/fr\/#website","url":"https:\/\/welcomeethiopiatours.com\/fr\/","name":"Welcome Ethiopia Tours","description":"(Deutsch) Best Tour Operator in Ethiopia","potentialAction":[{"@type":"SearchAction","target":{"@type":"EntryPoint","urlTemplate":"https:\/\/welcomeethiopiatours.com\/fr\/?s={search_term_string}"},"query-input":{"@type":"PropertyValueSpecification","valueRequired":true,"valueName":"search_term_string"}}],"inLanguage":"fr-FR"}]}},"_links":{"self":[{"href":"https:\/\/welcomeethiopiatours.com\/fr\/wp-json\/wp\/v2\/pages\/19082","targetHints":{"allow":["GET"]}}],"collection":[{"href":"https:\/\/welcomeethiopiatours.com\/fr\/wp-json\/wp\/v2\/pages"}],"about":[{"href":"https:\/\/welcomeethiopiatours.com\/fr\/wp-json\/wp\/v2\/types\/page"}],"author":[{"embeddable":true,"href":"https:\/\/welcomeethiopiatours.com\/fr\/wp-json\/wp\/v2\/users\/1"}],"replies":[{"embeddable":true,"href":"https:\/\/welcomeethiopiatours.com\/fr\/wp-json\/wp\/v2\/comments?post=19082"}],"version-history":[{"count":0,"href":"https:\/\/welcomeethiopiatours.com\/fr\/wp-json\/wp\/v2\/pages\/19082\/revisions"}],"wp:attachment":[{"href":"https:\/\/welcomeethiopiatours.com\/fr\/wp-json\/wp\/v2\/media?parent=19082"}],"curies":[{"name":"wp","href":"https:\/\/api.w.org\/{rel}","templated":true}]}}