{"id":192,"date":"2015-08-25T12:09:51","date_gmt":"2015-08-25T12:09:51","guid":{"rendered":"https:\/\/welcomeethiopiatours.com\/?page_id=192"},"modified":"2022-10-10T14:19:58","modified_gmt":"2022-10-10T14:19:58","slug":"our-tours","status":"publish","type":"page","link":"https:\/\/welcomeethiopiatours.com\/fr\/our-tours\/","title":{"rendered":"Our Tours"},"content":{"rendered":"<p>[et_pb_section admin_label=\u00a0\u00bbsection\u00a0\u00bb transparent_background=\u00a0\u00bbon\u00a0\u00bb allow_player_pause=\u00a0\u00bboff\u00a0\u00bb inner_shadow=\u00a0\u00bboff\u00a0\u00bb parallax=\u00a0\u00bboff\u00a0\u00bb parallax_method=\u00a0\u00bboff\u00a0\u00bb padding_mobile=\u00a0\u00bboff\u00a0\u00bb make_fullwidth=\u00a0\u00bboff\u00a0\u00bb use_custom_width=\u00a0\u00bboff\u00a0\u00bb width_unit=\u00a0\u00bbon\u00a0\u00bb make_equal=\u00a0\u00bboff\u00a0\u00bb use_custom_gutter=\u00a0\u00bboff\u00a0\u00bb][et_pb_row admin_label=\u00a0\u00bbrow\u00a0\u00bb make_fullwidth=\u00a0\u00bbon\u00a0\u00bb use_custom_width=\u00a0\u00bboff\u00a0\u00bb width_unit=\u00a0\u00bbon\u00a0\u00bb use_custom_gutter=\u00a0\u00bboff\u00a0\u00bb padding_mobile=\u00a0\u00bbon\u00a0\u00bb allow_player_pause=\u00a0\u00bboff\u00a0\u00bb parallax=\u00a0\u00bbon\u00a0\u00bb parallax_method=\u00a0\u00bboff\u00a0\u00bb make_equal=\u00a0\u00bboff\u00a0\u00bb custom_padding=\u00a0\u00bb0|0&Prime; module_class=\u00a0\u00bbfullwidthpagetitle\u00a0\u00bb][et_pb_column type=\u00a0\u00bb4_4&Prime;][et_pb_text admin_label=\u00a0\u00bbOur Tours \u00a0\u00bb background_layout=\u00a0\u00bblight\u00a0\u00bb text_orientation=\u00a0\u00bbleft\u00a0\u00bb background_image=\u00a0\u00bbhttps:\/\/welcomeethiopiatours.com\/wp-content\/uploads\/Ethiopia-Photos-Header.jpg\u00a0\u00bb use_border_color=\u00a0\u00bboff\u00a0\u00bb border_color=\u00a0\u00bb#ffffff\u00a0\u00bb border_style=\u00a0\u00bbsolid\u00a0\u00bb custom_padding=\u00a0\u00bb0||0|\u00a0\u00bb]<\/p>\n<h1>Nos voyages organis\u00e9s<\/h1>\n<p>[\/et_pb_text][\/et_pb_column][\/et_pb_row][et_pb_row admin_label=\u00a0\u00bbrow\u00a0\u00bb][et_pb_column type=\u00a0\u00bb4_4&Prime;][et_pb_text admin_label=\u00a0\u00bb Text\u00a0\u00bb background_layout=\u00a0\u00bblight\u00a0\u00bb text_orientation=\u00a0\u00bbleft\u00a0\u00bb use_border_color=\u00a0\u00bboff\u00a0\u00bb border_color=\u00a0\u00bb#ffffff\u00a0\u00bb border_style=\u00a0\u00bbsolid\u00a0\u00bb]<br \/>\nWelcome Ethiopia Tours propose\u00a0 des voyages organis\u00e9s\u00a0 pour des voyageurs seuls ou en\u00a0 petits groupes (jusqu\u2019\u00e0 8 personnes), une\u00a0 s\u00e9lection d\u2019itin\u00e9raires vari\u00e9s pour vivre des exp\u00e9riences\u00a0 inoubliables\u00a0 \u00e0 la rencontre d\u2019un\u00a0 patrimoine\u00a0 naturel et culturel unique.<br \/>\nGr\u00e2ce \u00e0\u00a0 l\u2019expertise de nos guides touristiques, nos voyageurs sont amen\u00e9s \u00e0 lever le voile sur les merveilles et myst\u00e8res de l\u2019Ethiopie dans une rencontre\u00a0 directe avec\u00a0 l\u2019Histoire et \u00e0 faire l\u2019exp\u00e9rience d\u2019un face \u00e0 face\u00a0 privil\u00e9gi\u00e9\u00a0 avec\u00a0 l\u2019impressionnante diversit\u00e9 de la\u00a0 faune et de la flore tout en d\u00e9couvrant\u00a0 la vie quotidienne des populations locales.<br \/>\nVous pouvez faire confiance \u00e0 notre expertise pour la qualit\u00e9 de l\u2019organisation\u00a0 de nos circuits touristiques ainsi que pour le confort des h\u00e9bergements dans des h\u00f4tels que nous avons personnellement test\u00e9s et s\u00e9lectionn\u00e9s.<br \/>\n<strong>Nos voyages \u00e0 la carte (<\/strong><strong>Our Customized\u00a0Tours)<br \/>\n<\/strong>Nous organisons et g\u00e9rons des voyages organis\u00e9s avec des h\u00e9bergements haut de gamme sur les routes historiques de l\u2019Ethiopie, des treks en montagne et des circuits aventure dans des r\u00e9gions recul\u00e9es, des s\u00e9jours ornithologiques et animaliers ainsi que des circuits \u00e9cotouristiques ou encore des voyages sp\u00e9cialement con\u00e7us pour des familles avec enfants (notamment le s\u00e9jour dans les Montagnes du Bal\u00e9). En consultant le menu principal sous l\u2019onglet \u00ab\u00a0nos circuits\u00a0\u00bb vous trouverez une s\u00e9lection de recommandations pour certains de nos itin\u00e9raires les plus attrayants, de diff\u00e9rentes dur\u00e9es.<br \/>\n<strong>Nos Circuits <\/strong><strong>pr\u00e9\u00e9tablis (<\/strong><strong>Our \u201cSeat in\u201d Group Tour<\/strong><strong>s)<br \/>\n<\/strong>Nous nous sp\u00e9cialisons \u00e9galement dans l\u2019organisation des circuits pr\u00e9\u00e9tablis pour de petits groupes allant jusqu\u2019\u00e0 8 personnes. Ces circuits ont des dates de d\u00e9part pr\u00e9d\u00e9termin\u00e9es et proposent un \u00e9quilibre id\u00e9al entre culture, histoire, nature et aventure. Sous l\u2019onglet \u00ab\u00a0nos circuits\u00a0\u00bb du menu principal, vous trouverez une description d\u00e9taill\u00e9e de ces itin\u00e9raires. Tous nos circuits ont \u00e9t\u00e9 \u00e9labor\u00e9s avec le plus grand soin afin de vous offrir des aper\u00e7us inoubliables et vous d\u00e9voiler l\u2019incroyable diversit\u00e9 humaine et naturelle de ce magnifique pays. Vous pouvez \u00eatre certains que voyager avec nous sera une exp\u00e9rience hors du commun. L\u2019objectif que nous nous fixons\u00a0 est de d\u00e9passer vos attentes chaque jour. Nous serions ravis de vous accueillir bient\u00f4t pour l\u2019un de nos voyages\u00a0 pour d\u00e9couvrir ensemble la vraie Ethiopie, superbe et myst\u00e9rieuse.<br \/>\n[\/et_pb_text][\/et_pb_column][\/et_pb_row][\/et_pb_section]<\/p>","protected":false},"excerpt":{"rendered":"<p>Nos voyages organis\u00e9s Welcome Ethiopia Tours propose\u00a0 des voyages organis\u00e9s\u00a0 pour des voyageurs seuls ou en\u00a0 petits groupes (jusqu\u2019\u00e0 8 personnes), une\u00a0 s\u00e9lection d\u2019itin\u00e9raires vari\u00e9s pour vivre des exp\u00e9riences\u00a0 inoubliables\u00a0 \u00e0 la rencontre d\u2019un\u00a0 patrimoine\u00a0 naturel et culturel unique. Gr\u00e2ce \u00e0\u00a0 l\u2019expertise de nos guides touristiques, nos voyageurs sont amen\u00e9s \u00e0 lever le voile sur [&hellip;]<\/p>\n","protected":false},"author":1,"featured_media":0,"parent":0,"menu_order":0,"comment_status":"open","ping_status":"open","template":"","meta":{"_et_pb_use_builder":"on","_et_pb_old_content":"","_et_gb_content_width":"","footnotes":""},"class_list":["post-192","page","type-page","status-publish","hentry"],"yoast_head":"<!-- This site is optimized with the Yoast SEO plugin v24.6 - https:\/\/yoast.com\/wordpress\/plugins\/seo\/ -->\n<title>(English) Ethiopian Tours - Welcome Ethiopia Tours<\/title>\n<meta name=\"description\" content=\"(English) We offer guided tours for individual travelers and small groups up to 8 persons. Thanks to our professional tour guides, your can experience Ethiopian history first hand.\" \/>\n<meta name=\"robots\" content=\"index, follow, max-snippet:-1, max-image-preview:large, max-video-preview:-1\" \/>\n<link rel=\"canonical\" href=\"https:\/\/welcomeethiopiatours.com\/fr\/our-tours\/\" \/>\n<meta property=\"og:locale\" content=\"fr_FR\" \/>\n<meta property=\"og:type\" content=\"article\" \/>\n<meta property=\"og:title\" content=\"(English) Ethiopian Tours - Welcome Ethiopia Tours\" \/>\n<meta property=\"og:description\" content=\"(English) We offer guided tours for individual travelers and small groups up to 8 persons. Thanks to our professional tour guides, your can experience Ethiopian history first hand.\" \/>\n<meta property=\"og:url\" content=\"https:\/\/welcomeethiopiatours.com\/fr\/our-tours\/\" \/>\n<meta property=\"og:site_name\" content=\"Welcome Ethiopia Tours\" \/>\n<meta property=\"article:modified_time\" content=\"2022-10-10T14:19:58+00:00\" \/>\n<meta name=\"twitter:card\" content=\"summary_large_image\" \/>\n<meta name=\"twitter:label1\" content=\"Dur\u00e9e de lecture estim\u00e9e\" \/>\n\t<meta name=\"twitter:data1\" content=\"8 minutes\" \/>\n<script type=\"application\/ld+json\" class=\"yoast-schema-graph\">{\"@context\":\"https:\/\/schema.org\",\"@graph\":[{\"@type\":\"WebPage\",\"@id\":\"https:\/\/welcomeethiopiatours.com\/fr\/our-tours\/\",\"url\":\"https:\/\/welcomeethiopiatours.com\/fr\/our-tours\/\",\"name\":\"(English) Ethiopian Tours - Welcome Ethiopia Tours\",\"isPartOf\":{\"@id\":\"https:\/\/welcomeethiopiatours.com\/fr\/#website\"},\"datePublished\":\"2015-08-25T12:09:51+00:00\",\"dateModified\":\"2022-10-10T14:19:58+00:00\",\"description\":\"(English) We offer guided tours for individual travelers and small groups up to 8 persons. Thanks to our professional tour guides, your can experience Ethiopian history first hand.\",\"breadcrumb\":{\"@id\":\"https:\/\/welcomeethiopiatours.com\/fr\/our-tours\/#breadcrumb\"},\"inLanguage\":\"fr-FR\",\"potentialAction\":[{\"@type\":\"ReadAction\",\"target\":[[\"https:\/\/welcomeethiopiatours.com\/fr\/our-tours\/\"]]}]},{\"@type\":\"BreadcrumbList\",\"@id\":\"https:\/\/welcomeethiopiatours.com\/fr\/our-tours\/#breadcrumb\",\"itemListElement\":[{\"@type\":\"ListItem\",\"position\":1,\"name\":\"Home\",\"item\":\"https:\/\/welcomeethiopiatours.com\/fr\/\"},{\"@type\":\"ListItem\",\"position\":2,\"name\":\"Our Tours\"}]},{\"@type\":\"WebSite\",\"@id\":\"https:\/\/welcomeethiopiatours.com\/fr\/#website\",\"url\":\"https:\/\/welcomeethiopiatours.com\/fr\/\",\"name\":\"Welcome Ethiopia Tours\",\"description\":\"(Deutsch) Best Tour Operator in Ethiopia\",\"potentialAction\":[{\"@type\":\"SearchAction\",\"target\":{\"@type\":\"EntryPoint\",\"urlTemplate\":\"https:\/\/welcomeethiopiatours.com\/fr\/?s={search_term_string}\"},\"query-input\":{\"@type\":\"PropertyValueSpecification\",\"valueRequired\":true,\"valueName\":\"search_term_string\"}}],\"inLanguage\":\"fr-FR\"}]}<\/script>\n<!-- \/ Yoast SEO plugin. -->","yoast_head_json":{"title":"(English) Ethiopian Tours - Welcome Ethiopia Tours","description":"(English) We offer guided tours for individual travelers and small groups up to 8 persons. Thanks to our professional tour guides, your can experience Ethiopian history first hand.","robots":{"index":"index","follow":"follow","max-snippet":"max-snippet:-1","max-image-preview":"max-image-preview:large","max-video-preview":"max-video-preview:-1"},"canonical":"https:\/\/welcomeethiopiatours.com\/fr\/our-tours\/","og_locale":"fr_FR","og_type":"article","og_title":"(English) Ethiopian Tours - Welcome Ethiopia Tours","og_description":"(English) We offer guided tours for individual travelers and small groups up to 8 persons. Thanks to our professional tour guides, your can experience Ethiopian history first hand.","og_url":"https:\/\/welcomeethiopiatours.com\/fr\/our-tours\/","og_site_name":"Welcome Ethiopia Tours","article_modified_time":"2022-10-10T14:19:58+00:00","twitter_card":"summary_large_image","twitter_misc":{"Dur\u00e9e de lecture estim\u00e9e":"8 minutes"},"schema":{"@context":"https:\/\/schema.org","@graph":[{"@type":"WebPage","@id":"https:\/\/welcomeethiopiatours.com\/fr\/our-tours\/","url":"https:\/\/welcomeethiopiatours.com\/fr\/our-tours\/","name":"(English) Ethiopian Tours - Welcome Ethiopia Tours","isPartOf":{"@id":"https:\/\/welcomeethiopiatours.com\/fr\/#website"},"datePublished":"2015-08-25T12:09:51+00:00","dateModified":"2022-10-10T14:19:58+00:00","description":"(English) We offer guided tours for individual travelers and small groups up to 8 persons. Thanks to our professional tour guides, your can experience Ethiopian history first hand.","breadcrumb":{"@id":"https:\/\/welcomeethiopiatours.com\/fr\/our-tours\/#breadcrumb"},"inLanguage":"fr-FR","potentialAction":[{"@type":"ReadAction","target":[["https:\/\/welcomeethiopiatours.com\/fr\/our-tours\/"]]}]},{"@type":"BreadcrumbList","@id":"https:\/\/welcomeethiopiatours.com\/fr\/our-tours\/#breadcrumb","itemListElement":[{"@type":"ListItem","position":1,"name":"Home","item":"https:\/\/welcomeethiopiatours.com\/fr\/"},{"@type":"ListItem","position":2,"name":"Our Tours"}]},{"@type":"WebSite","@id":"https:\/\/welcomeethiopiatours.com\/fr\/#website","url":"https:\/\/welcomeethiopiatours.com\/fr\/","name":"Welcome Ethiopia Tours","description":"(Deutsch) Best Tour Operator in Ethiopia","potentialAction":[{"@type":"SearchAction","target":{"@type":"EntryPoint","urlTemplate":"https:\/\/welcomeethiopiatours.com\/fr\/?s={search_term_string}"},"query-input":{"@type":"PropertyValueSpecification","valueRequired":true,"valueName":"search_term_string"}}],"inLanguage":"fr-FR"}]}},"_links":{"self":[{"href":"https:\/\/welcomeethiopiatours.com\/fr\/wp-json\/wp\/v2\/pages\/192","targetHints":{"allow":["GET"]}}],"collection":[{"href":"https:\/\/welcomeethiopiatours.com\/fr\/wp-json\/wp\/v2\/pages"}],"about":[{"href":"https:\/\/welcomeethiopiatours.com\/fr\/wp-json\/wp\/v2\/types\/page"}],"author":[{"embeddable":true,"href":"https:\/\/welcomeethiopiatours.com\/fr\/wp-json\/wp\/v2\/users\/1"}],"replies":[{"embeddable":true,"href":"https:\/\/welcomeethiopiatours.com\/fr\/wp-json\/wp\/v2\/comments?post=192"}],"version-history":[{"count":0,"href":"https:\/\/welcomeethiopiatours.com\/fr\/wp-json\/wp\/v2\/pages\/192\/revisions"}],"wp:attachment":[{"href":"https:\/\/welcomeethiopiatours.com\/fr\/wp-json\/wp\/v2\/media?parent=192"}],"curies":[{"name":"wp","href":"https:\/\/api.w.org\/{rel}","templated":true}]}}