{"id":216,"date":"2015-08-28T19:51:28","date_gmt":"2015-08-28T19:51:28","guid":{"rendered":"https:\/\/welcomeethiopiatours.com\/?page_id=216"},"modified":"2022-10-14T06:25:03","modified_gmt":"2022-10-14T06:25:03","slug":"about-the-founder","status":"publish","type":"page","link":"https:\/\/welcomeethiopiatours.com\/fr\/about-the-founder\/","title":{"rendered":"About the Founder"},"content":{"rendered":"<p>[et_pb_section bb_built=\u00a0\u00bb1&Prime; admin_label=\u00a0\u00bbsection\u00a0\u00bb transparent_background=\u00a0\u00bbon\u00a0\u00bb allow_player_pause=\u00a0\u00bboff\u00a0\u00bb inner_shadow=\u00a0\u00bboff\u00a0\u00bb parallax=\u00a0\u00bboff\u00a0\u00bb parallax_method=\u00a0\u00bboff\u00a0\u00bb padding_mobile=\u00a0\u00bboff\u00a0\u00bb make_fullwidth=\u00a0\u00bboff\u00a0\u00bb use_custom_width=\u00a0\u00bboff\u00a0\u00bb width_unit=\u00a0\u00bbon\u00a0\u00bb make_equal=\u00a0\u00bboff\u00a0\u00bb use_custom_gutter=\u00a0\u00bboff\u00a0\u00bb background_color=\u00a0\u00bbrgba(255,255,255,0)\u00a0\u00bb custom_padding_tablet=\u00a0\u00bb50px|0|50px|0&Prime; custom_padding_last_edited=\u00a0\u00bbon|desktop\u00a0\u00bb][et_pb_row admin_label=\u00a0\u00bbrow\u00a0\u00bb make_fullwidth=\u00a0\u00bbon\u00a0\u00bb use_custom_width=\u00a0\u00bboff\u00a0\u00bb width_unit=\u00a0\u00bbon\u00a0\u00bb use_custom_gutter=\u00a0\u00bboff\u00a0\u00bb padding_mobile=\u00a0\u00bbon\u00a0\u00bb allow_player_pause=\u00a0\u00bboff\u00a0\u00bb parallax=\u00a0\u00bbon\u00a0\u00bb parallax_method=\u00a0\u00bboff\u00a0\u00bb make_equal=\u00a0\u00bboff\u00a0\u00bb custom_padding=\u00a0\u00bb0|0&Prime; module_class=\u00a0\u00bbfullwidthpagetitle\u00a0\u00bb][et_pb_column type=\u00a0\u00bb4_4&Prime;][et_pb_text admin_label=\u00a0\u00bbAbout the Founder\u00a0\u00bb background_layout=\u00a0\u00bblight\u00a0\u00bb text_orientation=\u00a0\u00bbleft\u00a0\u00bb background_image=\u00a0\u00bbhttps:\/\/welcomeethiopiatours.com\/wp-content\/uploads\/Ethiopia-Photos-Header.jpg\u00a0\u00bb use_border_color=\u00a0\u00bboff\u00a0\u00bb border_color=\u00a0\u00bb#ffffff\u00a0\u00bb border_style=\u00a0\u00bbsolid\u00a0\u00bb custom_padding=\u00a0\u00bb0||0|\u00a0\u00bb]<\/p>\n<h1>Un mot du fondateur<\/h1>\n<p>[\/et_pb_text][\/et_pb_column][\/et_pb_row][et_pb_row admin_label=\u00a0\u00bbrow\u00a0\u00bb make_fullwidth=\u00a0\u00bboff\u00a0\u00bb use_custom_width=\u00a0\u00bboff\u00a0\u00bb width_unit=\u00a0\u00bbon\u00a0\u00bb use_custom_gutter=\u00a0\u00bboff\u00a0\u00bb padding_mobile=\u00a0\u00bboff\u00a0\u00bb allow_player_pause=\u00a0\u00bboff\u00a0\u00bb parallax=\u00a0\u00bboff\u00a0\u00bb parallax_method=\u00a0\u00bboff\u00a0\u00bb make_equal=\u00a0\u00bbon\u00a0\u00bb][et_pb_column type=\u00a0\u00bb1_4&Prime;][et_pb_team_member name=\u00a0\u00bbNik Puppato\u00a0\u00bb animation=\u00a0\u00bbleft\u00a0\u00bb background_layout=\u00a0\u00bblight\u00a0\u00bb use_border_color=\u00a0\u00bboff\u00a0\u00bb border_color=\u00a0\u00bb#ffffff\u00a0\u00bb border_style=\u00a0\u00bbsolid\u00a0\u00bb image_url=\u00a0\u00bbhttps:\/\/welcomeethiopiatours.com\/wp-content\/uploads\/Nik-Papputo.jpg\u00a0\u00bb facebook_url=\u00a0\u00bb#\u00a0\u00bb twitter_url=\u00a0\u00bb#\u00a0\u00bb google_url=\u00a0\u00bb#\u00a0\u00bb linkedin_url=\u00a0\u00bb#\u00a0\u00bb icon_color=\u00a0\u00bb#ff9f23&Prime; icon_hover_color=\u00a0\u00bb#f93100&Prime; position=\u00a0\u00bbDirecteur g\u00e9n\u00e9ral\u00a0\u00bb]<br \/>\n[\/et_pb_team_member][\/et_pb_column][et_pb_column type=\u00a0\u00bb3_4&Prime;][et_pb_text use_border_color=\u00a0\u00bboff\u00a0\u00bb _builder_version=\u00a0\u00bb3.1.1&Prime;]<\/p>\n<p>Un accueil chaleureux ! Je m&rsquo;appelle Nik Puppato et je suis originaire de B\u00e2le, en Suisse. Avant de fonder mon premier tour-op\u00e9rateur en \u00c9thiopie en 2015, j&rsquo;ai travaill\u00e9 pendant pr\u00e8s de 20 ans dans diff\u00e9rentes entreprises pharmaceutiques de la r\u00e9gion b\u00e2loise. J&rsquo;ai notamment occup\u00e9 pendant plusieurs ann\u00e9es le poste de directeur r\u00e9gional pour l&rsquo;Afrique dans un groupe international, ce qui m&rsquo;a permis de visiter de nombreux pays africains dans le cadre de mon travail. J&rsquo;ai toujours eu une passion pour les voyages et bien s\u00fbr pour l&rsquo;Afrique ! En tant qu&rsquo;ancien responsable de l&rsquo;homologation des m\u00e9dicaments aupr\u00e8s des autorit\u00e9s sanitaires, j&rsquo;ai l&rsquo;habitude de faire attention aux d\u00e9tails et d&rsquo;\u00e9valuer soigneusement les co\u00fbts et la s\u00e9curit\u00e9 des produits. En ce sens, mes t\u00e2ches principales n&rsquo;ont pas tellement chang\u00e9 dans ma nouvelle activit\u00e9 de directeur d&rsquo;un tour-op\u00e9rateur. Ma t\u00e2che principale reste de veiller \u00e0 ce que nos clients profitent au maximum de leur voyage \u00e0 un prix raisonnable, tout en b\u00e9n\u00e9ficiant des normes de s\u00e9curit\u00e9 les plus \u00e9lev\u00e9es. Cela peut para\u00eetre un peu technique, mais l&rsquo;essentiel est que votre voyage se d\u00e9roule sans probl\u00e8me et que vous puissiez rentrer chez vous heureux et satisfaits et profiter le plus longtemps possible de vos exp\u00e9riences inoubliables.<br \/>\nJe suis venu en \u00c9thiopie pour la premi\u00e8re fois en 2009 dans le cadre d&rsquo;un projet professionnel de longue dur\u00e9e et, depuis, je n&rsquo;ai cess\u00e9 d&rsquo;\u00eatre fascin\u00e9 par ce pays incroyablement diversifi\u00e9 et ses habitants accueillants. L&rsquo;\u00c9thiopie me semblait \u00eatre l&rsquo;endroit id\u00e9al pour r\u00e9aliser un grand r\u00eave, \u00e0 savoir cr\u00e9er mon propre tour-op\u00e9rateur. Beaucoup de gens ont pens\u00e9 que j&rsquo;\u00e9tais fou lorsqu&rsquo;en 2015, j&rsquo;ai quitt\u00e9 la paisible ville de B\u00e2le pour m&rsquo;installer dans la ville plut\u00f4t chaotique d&rsquo;Addis-Abeba et y fonder Welcome Ethiopia Tours. Tout ce que je peux dire, c&rsquo;est que cela n&rsquo;a pas toujours \u00e9t\u00e9 facile et qu&rsquo;il y a eu beaucoup de hauts et de bas depuis, mais que je n&rsquo;ai jamais regrett\u00e9 cette d\u00e9cision jusqu&rsquo;\u00e0 aujourd&rsquo;hui !<br \/>\nBien s\u00fbr, chaque pays a ses propres avantages, mais l&rsquo;\u00c9thiopie m&rsquo;a particuli\u00e8rement s\u00e9duit d\u00e8s le premier instant. Le pays fonctionne tout simplement tr\u00e8s diff\u00e9remment du reste du monde. On le remarque d\u00e9j\u00e0 au fait que son calendrier a six heures d&rsquo;avance et sept ans de retard par rapport \u00e0 celui des pays voisins ! Mais ce qui me fascine le plus ici, ce sont les gens. Rien ne perturbe les \u00c9thiopiens et ils rayonnent tous d&rsquo;une immense joie de vivre, bien que les conditions de vie soient souvent loin d&rsquo;\u00eatre simples pour beaucoup. Les disputes, les agressions ou m\u00eame la criminalit\u00e9 violente sont extr\u00eamement rares ici. En fait, la s\u00e9curit\u00e9 \u00e9lev\u00e9e a \u00e9t\u00e9 l&rsquo;un des principaux arguments qui m&rsquo;ont convaincu de quitter d\u00e9finitivement B\u00e2le pour Addis-Abeba. La soci\u00e9t\u00e9 \u00e9thiopienne repose sur une spiritualit\u00e9, une solidarit\u00e9 et une tol\u00e9rance tr\u00e8s d\u00e9velopp\u00e9es. Cela me fascine chaque jour \u00e0 nouveau et me donne aussi \u00e9norm\u00e9ment de raisons de vivre. Un autre grand avantage d&rsquo;Addis-Abeba est qu&rsquo;Ethiopian Airlines, de loin la plus grande compagnie a\u00e9rienne d&rsquo;Afrique, dessert plus de 50 destinations africaines depuis la capitale \u00e9thiopienne et entretient de nombreuses liaisons directes avec l&rsquo;Europe et les \u00c9tats-Unis<\/p>\n<p>[\/et_pb_text][\/et_pb_column][\/et_pb_row][\/et_pb_section]<\/p>","protected":false},"excerpt":{"rendered":"<p>Un mot du fondateur Un accueil chaleureux ! Je m&rsquo;appelle Nik Puppato et je suis originaire de B\u00e2le, en Suisse. Avant de fonder mon premier tour-op\u00e9rateur en \u00c9thiopie en 2015, j&rsquo;ai travaill\u00e9 pendant pr\u00e8s de 20 ans dans diff\u00e9rentes entreprises pharmaceutiques de la r\u00e9gion b\u00e2loise. J&rsquo;ai notamment occup\u00e9 pendant plusieurs ann\u00e9es le poste de directeur [&hellip;]<\/p>\n","protected":false},"author":1,"featured_media":0,"parent":0,"menu_order":0,"comment_status":"open","ping_status":"open","template":"","meta":{"_et_pb_use_builder":"on","_et_pb_old_content":"","_et_gb_content_width":"","footnotes":""},"class_list":["post-216","page","type-page","status-publish","hentry"],"yoast_head":"<!-- This site is optimized with the Yoast SEO plugin v24.6 - https:\/\/yoast.com\/wordpress\/plugins\/seo\/ -->\n<title>About the Founder - Welcome Ethiopia Tours<\/title>\n<meta name=\"robots\" content=\"index, follow, max-snippet:-1, max-image-preview:large, max-video-preview:-1\" \/>\n<link rel=\"canonical\" href=\"https:\/\/welcomeethiopiatours.com\/fr\/about-the-founder\/\" \/>\n<meta property=\"og:locale\" content=\"fr_FR\" \/>\n<meta property=\"og:type\" content=\"article\" \/>\n<meta property=\"og:title\" content=\"About the Founder - Welcome Ethiopia Tours\" \/>\n<meta property=\"og:description\" content=\"Un mot du fondateur Un accueil chaleureux ! Je m&#039;appelle Nik Puppato et je suis originaire de B\u00e2le, en Suisse. Avant de fonder mon premier tour-op\u00e9rateur en \u00c9thiopie en 2015, j&#039;ai travaill\u00e9 pendant pr\u00e8s de 20 ans dans diff\u00e9rentes entreprises pharmaceutiques de la r\u00e9gion b\u00e2loise. J&#039;ai notamment occup\u00e9 pendant plusieurs ann\u00e9es le poste de directeur [&hellip;]\" \/>\n<meta property=\"og:url\" content=\"https:\/\/welcomeethiopiatours.com\/fr\/about-the-founder\/\" \/>\n<meta property=\"og:site_name\" content=\"Welcome Ethiopia Tours\" \/>\n<meta property=\"article:modified_time\" content=\"2022-10-14T06:25:03+00:00\" \/>\n<meta name=\"twitter:card\" content=\"summary_large_image\" \/>\n<meta name=\"twitter:label1\" content=\"Dur\u00e9e de lecture estim\u00e9e\" \/>\n\t<meta name=\"twitter:data1\" content=\"12 minutes\" \/>\n<script type=\"application\/ld+json\" class=\"yoast-schema-graph\">{\"@context\":\"https:\/\/schema.org\",\"@graph\":[{\"@type\":\"WebPage\",\"@id\":\"https:\/\/welcomeethiopiatours.com\/fr\/about-the-founder\/\",\"url\":\"https:\/\/welcomeethiopiatours.com\/fr\/about-the-founder\/\",\"name\":\"About the Founder - Welcome Ethiopia Tours\",\"isPartOf\":{\"@id\":\"https:\/\/welcomeethiopiatours.com\/fr\/#website\"},\"datePublished\":\"2015-08-28T19:51:28+00:00\",\"dateModified\":\"2022-10-14T06:25:03+00:00\",\"breadcrumb\":{\"@id\":\"https:\/\/welcomeethiopiatours.com\/fr\/about-the-founder\/#breadcrumb\"},\"inLanguage\":\"fr-FR\",\"potentialAction\":[{\"@type\":\"ReadAction\",\"target\":[[\"https:\/\/welcomeethiopiatours.com\/fr\/about-the-founder\/\"]]}]},{\"@type\":\"BreadcrumbList\",\"@id\":\"https:\/\/welcomeethiopiatours.com\/fr\/about-the-founder\/#breadcrumb\",\"itemListElement\":[{\"@type\":\"ListItem\",\"position\":1,\"name\":\"Home\",\"item\":\"https:\/\/welcomeethiopiatours.com\/fr\/\"},{\"@type\":\"ListItem\",\"position\":2,\"name\":\"About the Founder\"}]},{\"@type\":\"WebSite\",\"@id\":\"https:\/\/welcomeethiopiatours.com\/fr\/#website\",\"url\":\"https:\/\/welcomeethiopiatours.com\/fr\/\",\"name\":\"Welcome Ethiopia Tours\",\"description\":\"(Deutsch) Best Tour Operator in Ethiopia\",\"potentialAction\":[{\"@type\":\"SearchAction\",\"target\":{\"@type\":\"EntryPoint\",\"urlTemplate\":\"https:\/\/welcomeethiopiatours.com\/fr\/?s={search_term_string}\"},\"query-input\":{\"@type\":\"PropertyValueSpecification\",\"valueRequired\":true,\"valueName\":\"search_term_string\"}}],\"inLanguage\":\"fr-FR\"}]}<\/script>\n<!-- \/ Yoast SEO plugin. -->","yoast_head_json":{"title":"About the Founder - Welcome Ethiopia Tours","robots":{"index":"index","follow":"follow","max-snippet":"max-snippet:-1","max-image-preview":"max-image-preview:large","max-video-preview":"max-video-preview:-1"},"canonical":"https:\/\/welcomeethiopiatours.com\/fr\/about-the-founder\/","og_locale":"fr_FR","og_type":"article","og_title":"About the Founder - Welcome Ethiopia Tours","og_description":"Un mot du fondateur Un accueil chaleureux ! Je m'appelle Nik Puppato et je suis originaire de B\u00e2le, en Suisse. Avant de fonder mon premier tour-op\u00e9rateur en \u00c9thiopie en 2015, j'ai travaill\u00e9 pendant pr\u00e8s de 20 ans dans diff\u00e9rentes entreprises pharmaceutiques de la r\u00e9gion b\u00e2loise. J'ai notamment occup\u00e9 pendant plusieurs ann\u00e9es le poste de directeur [&hellip;]","og_url":"https:\/\/welcomeethiopiatours.com\/fr\/about-the-founder\/","og_site_name":"Welcome Ethiopia Tours","article_modified_time":"2022-10-14T06:25:03+00:00","twitter_card":"summary_large_image","twitter_misc":{"Dur\u00e9e de lecture estim\u00e9e":"12 minutes"},"schema":{"@context":"https:\/\/schema.org","@graph":[{"@type":"WebPage","@id":"https:\/\/welcomeethiopiatours.com\/fr\/about-the-founder\/","url":"https:\/\/welcomeethiopiatours.com\/fr\/about-the-founder\/","name":"About the Founder - Welcome Ethiopia Tours","isPartOf":{"@id":"https:\/\/welcomeethiopiatours.com\/fr\/#website"},"datePublished":"2015-08-28T19:51:28+00:00","dateModified":"2022-10-14T06:25:03+00:00","breadcrumb":{"@id":"https:\/\/welcomeethiopiatours.com\/fr\/about-the-founder\/#breadcrumb"},"inLanguage":"fr-FR","potentialAction":[{"@type":"ReadAction","target":[["https:\/\/welcomeethiopiatours.com\/fr\/about-the-founder\/"]]}]},{"@type":"BreadcrumbList","@id":"https:\/\/welcomeethiopiatours.com\/fr\/about-the-founder\/#breadcrumb","itemListElement":[{"@type":"ListItem","position":1,"name":"Home","item":"https:\/\/welcomeethiopiatours.com\/fr\/"},{"@type":"ListItem","position":2,"name":"About the Founder"}]},{"@type":"WebSite","@id":"https:\/\/welcomeethiopiatours.com\/fr\/#website","url":"https:\/\/welcomeethiopiatours.com\/fr\/","name":"Welcome Ethiopia Tours","description":"(Deutsch) Best Tour Operator in Ethiopia","potentialAction":[{"@type":"SearchAction","target":{"@type":"EntryPoint","urlTemplate":"https:\/\/welcomeethiopiatours.com\/fr\/?s={search_term_string}"},"query-input":{"@type":"PropertyValueSpecification","valueRequired":true,"valueName":"search_term_string"}}],"inLanguage":"fr-FR"}]}},"_links":{"self":[{"href":"https:\/\/welcomeethiopiatours.com\/fr\/wp-json\/wp\/v2\/pages\/216","targetHints":{"allow":["GET"]}}],"collection":[{"href":"https:\/\/welcomeethiopiatours.com\/fr\/wp-json\/wp\/v2\/pages"}],"about":[{"href":"https:\/\/welcomeethiopiatours.com\/fr\/wp-json\/wp\/v2\/types\/page"}],"author":[{"embeddable":true,"href":"https:\/\/welcomeethiopiatours.com\/fr\/wp-json\/wp\/v2\/users\/1"}],"replies":[{"embeddable":true,"href":"https:\/\/welcomeethiopiatours.com\/fr\/wp-json\/wp\/v2\/comments?post=216"}],"version-history":[{"count":0,"href":"https:\/\/welcomeethiopiatours.com\/fr\/wp-json\/wp\/v2\/pages\/216\/revisions"}],"wp:attachment":[{"href":"https:\/\/welcomeethiopiatours.com\/fr\/wp-json\/wp\/v2\/media?parent=216"}],"curies":[{"name":"wp","href":"https:\/\/api.w.org\/{rel}","templated":true}]}}