{"id":226,"date":"2015-08-28T20:05:57","date_gmt":"2015-08-28T20:05:57","guid":{"rendered":"https:\/\/welcomeethiopiatours.com\/?page_id=226"},"modified":"2022-10-12T18:14:06","modified_gmt":"2022-10-12T18:14:06","slug":"terms-and-conditions","status":"publish","type":"page","link":"https:\/\/welcomeethiopiatours.com\/fr\/terms-and-conditions\/","title":{"rendered":"Terms and Conditions"},"content":{"rendered":"<p>[et_pb_section bb_built=\u00a0\u00bb1&Prime; admin_label=\u00a0\u00bbsection\u00a0\u00bb transparent_background=\u00a0\u00bbon\u00a0\u00bb allow_player_pause=\u00a0\u00bboff\u00a0\u00bb inner_shadow=\u00a0\u00bboff\u00a0\u00bb parallax=\u00a0\u00bboff\u00a0\u00bb parallax_method=\u00a0\u00bboff\u00a0\u00bb padding_mobile=\u00a0\u00bboff\u00a0\u00bb make_fullwidth=\u00a0\u00bboff\u00a0\u00bb use_custom_width=\u00a0\u00bboff\u00a0\u00bb width_unit=\u00a0\u00bbon\u00a0\u00bb make_equal=\u00a0\u00bboff\u00a0\u00bb use_custom_gutter=\u00a0\u00bboff\u00a0\u00bb background_color=\u00a0\u00bbrgba(255,255,255,0)\u00a0\u00bb custom_padding_tablet=\u00a0\u00bb50px|0|50px|0&Prime; custom_padding_last_edited=\u00a0\u00bbon|desktop\u00a0\u00bb next_background_color=\u00a0\u00bb#000000&Prime;][et_pb_row admin_label=\u00a0\u00bbrow\u00a0\u00bb make_fullwidth=\u00a0\u00bbon\u00a0\u00bb use_custom_width=\u00a0\u00bboff\u00a0\u00bb width_unit=\u00a0\u00bbon\u00a0\u00bb use_custom_gutter=\u00a0\u00bboff\u00a0\u00bb padding_mobile=\u00a0\u00bbon\u00a0\u00bb allow_player_pause=\u00a0\u00bboff\u00a0\u00bb parallax=\u00a0\u00bbon\u00a0\u00bb parallax_method=\u00a0\u00bboff\u00a0\u00bb make_equal=\u00a0\u00bboff\u00a0\u00bb custom_padding=\u00a0\u00bb0|0&Prime; module_class=\u00a0\u00bbfullwidthpagetitle\u00a0\u00bb][et_pb_column type=\u00a0\u00bb4_4&Prime;][et_pb_text admin_label=\u00a0\u00bbTerms and Conditions\u00a0\u00bb background_layout=\u00a0\u00bblight\u00a0\u00bb text_orientation=\u00a0\u00bbleft\u00a0\u00bb background_image=\u00a0\u00bbhttps:\/\/welcomeethiopiatours.com\/wp-content\/uploads\/Ethiopia-Photos-Header.jpg\u00a0\u00bb use_border_color=\u00a0\u00bboff\u00a0\u00bb border_color=\u00a0\u00bb#ffffff\u00a0\u00bb border_style=\u00a0\u00bbsolid\u00a0\u00bb custom_padding=\u00a0\u00bb0||0|\u00a0\u00bb]<\/p>\n<h1>Modalit\u00e9s et Conditions<\/h1>\n<p>[\/et_pb_text][\/et_pb_column][\/et_pb_row][et_pb_row admin_label=\u00a0\u00bbrow\u00a0\u00bb][et_pb_column type=\u00a0\u00bb4_4&Prime;][et_pb_text admin_label=\u00a0\u00bbWelcome Ethiopia Tours s\u2019engage \u00e0 prendre \u00a0\u00bb background_layout=\u00a0\u00bblight\u00a0\u00bb text_orientation=\u00a0\u00bbleft\u00a0\u00bb use_border_color=\u00a0\u00bboff\u00a0\u00bb border_color=\u00a0\u00bb#ffffff\u00a0\u00bb border_style=\u00a0\u00bbsolid\u00a0\u00bb]<\/p>\n<p>Welcome Ethiopia Tours s\u2019engage \u00e0 prendre toutes les dispositions n\u00e9cessaires pour garantir le bon d\u00e9roulement de votre voyage, tel que sp\u00e9cifi\u00e9 dans votre itin\u00e9raire.<br \/>\nLes conditions et modalit\u00e9s d\u00e9taill\u00e9es ci-apr\u00e8s font partie int\u00e9grante du contrat de voyage conclu entre nous et vous, d\u00e8s lors que vous effectuez une r\u00e9servation et que nous acceptons cette r\u00e9servation. Elles visent \u00e0 expliquer le plus clairement possible les responsabilit\u00e9s\u00a0 engag\u00e9es de la part de chacun des deux partis, nous, Welcome Ethiopia Tours et vous, client de Welcome Ethiopia Tours, d\u00e8s lors que vous effectuez une r\u00e9servation et que nous acceptons cette r\u00e9servation.<\/p>\n<p>[\/et_pb_text][\/et_pb_column][\/et_pb_row][\/et_pb_section][et_pb_section bb_built=\u00a0\u00bb1&Prime; admin_label=\u00a0\u00bbsection\u00a0\u00bb fullwidth=\u00a0\u00bboff\u00a0\u00bb specialty=\u00a0\u00bboff\u00a0\u00bb transparent_background=\u00a0\u00bbon\u00a0\u00bb allow_player_pause=\u00a0\u00bboff\u00a0\u00bb inner_shadow=\u00a0\u00bboff\u00a0\u00bb parallax=\u00a0\u00bboff\u00a0\u00bb parallax_method=\u00a0\u00bboff\u00a0\u00bb padding_mobile=\u00a0\u00bboff\u00a0\u00bb module_class=\u00a0\u00bbnobac nopad nobor\u00a0\u00bb make_fullwidth=\u00a0\u00bboff\u00a0\u00bb use_custom_width=\u00a0\u00bboff\u00a0\u00bb width_unit=\u00a0\u00bbon\u00a0\u00bb make_equal=\u00a0\u00bboff\u00a0\u00bb use_custom_gutter=\u00a0\u00bboff\u00a0\u00bb background_color=\u00a0\u00bbrgba(255,255,255,0)\u00a0\u00bb custom_padding_tablet=\u00a0\u00bb50px|0|50px|0&Prime; custom_padding_last_edited=\u00a0\u00bbon|desktop\u00a0\u00bb prev_background_color=\u00a0\u00bb#000000&Prime;][et_pb_row admin_label=\u00a0\u00bbrow\u00a0\u00bb][et_pb_column type=\u00a0\u00bb1_2&Prime;][et_pb_text admin_label=\u00a0\u00bbConfirmation de vos r\u00e9servations \u00a0\u00bb background_layout=\u00a0\u00bblight\u00a0\u00bb text_orientation=\u00a0\u00bbleft\u00a0\u00bb use_border_color=\u00a0\u00bboff\u00a0\u00bb border_color=\u00a0\u00bb#ffffff\u00a0\u00bb border_style=\u00a0\u00bbsolid\u00a0\u00bb]<\/p>\n<h4>Confirmation de vos r\u00e9servations<\/h4>\n<p>La personne dont le nom figure sur formulaire de r\u00e9servation agit au nom d\u2019elle-m\u00eame et chaque personne dont le nom figure sur le formulaire de r\u00e9servationen tant que client suppl\u00e9mentaire s\u2019engage \u00e0 prendre la responsabilit\u00e9\u00a0 de s\u2019assurer que chaque client additionnel a pris pleinement connaissance des conditions de r\u00e9servation. Le client principal garantit qu\u2019il\/elle a \u00e9t\u00e9 habilit\u00e9 par les clients additionnels, y compris\u00a0 lorsque un des clients est un mineur de moins de 18 ans, par un parent ou tuteur l\u00e9gal.<br \/>\nSur r\u00e9ception et apr\u00e8s la signature du contrat de voyage, un acompte\u00a0 de 40 % du prix total du voyage figurant sur la facture est d\u00fb. Cet acompte doit \u00eatre r\u00e9gl\u00e9 par virement bancaire ou par un autre moyen de payement indiqu\u00e9 par Welcome Ethiopia Tours. Une fois l\u2019acompte vers\u00e9, nous vous\u00a0 d\u00e9livrerons la confirmation de r\u00e9servation incluant l\u2019itin\u00e9raire d\u00e9finitif ainsi que la liste confirm\u00e9e des h\u00f4tels. Aucune r\u00e9servation n\u2019est d\u00e9finitive\u00a0 tant que le contrat de voyage n\u2019a pas \u00e9t\u00e9 sign\u00e9, scann\u00e9, et vous a \u00e9t\u00e9 renvoy\u00e9. Le r\u00e8glement du solde du prix du voyage devra nous parvenir imm\u00e9diatement apr\u00e8s le d\u00e9but du s\u00e9jour, selon le moyen de payement pr\u00e9cis\u00e9 dans le contrat de voyage. En cas de non payement du solde votre r\u00e9servation sera annul\u00e9e et votre acompte sera retenu. Il est de la responsabilit\u00e9 personnelle de chacun des\u00a0 clients d\u2019\u00eatre d\u00e9tenteur d\u2019un passeport en cours de validit\u00e9 et d\u2019un visa, si n\u00e9cessaire, et de tout certificat de vaccination, m\u00e9dical ou d\u2019immunisation qui pourrait \u00eatre requis.<\/p>\n<p>[\/et_pb_text][et_pb_text admin_label=\u00a0\u00bbAnnulations\u00a0\u00bb use_border_color=\u00a0\u00bboff\u00a0\u00bb _builder_version=\u00a0\u00bb3.1.1&Prime;]<\/p>\n<h4>Annulations<\/h4>\n<p>En cas d\u2019annulation d\u2019une r\u00e9servation ferme du fait du client pour motif personnel, apr\u00e8s la signature du contrat de voyage et jusqu\u2019\u00e0 30 jours avant la date pr\u00e9vue de d\u00e9part, des frais d\u2019annulation correspondant \u00e0 30% du prix total du voyage seront dus.<br \/>\nEn cas d\u2019annulation effectu\u00e9e entre 20 et 15 jours avant la date de d\u00e9part pr\u00e9vue, des frais d\u2019annulation correspondant \u00e0 40% du prix total du voyage seront dus.<br \/>\nEn cas d\u2019annulation entre 10 et 5 jours avant la date de d\u00e9part pr\u00e9vue du d\u00e9but du voyage, des frais d\u2019annulation correspondant \u00e0 50% du prix total du voyage seront dus, en plus des frais d\u00e9j\u00e0\u00a0 avanc\u00e9s par Welcome Ethiopia Tours (par exemple les payements des vols internes, des r\u00e9servations d\u2019h\u00f4tels et de voitures qui ne sont pas rembours\u00e9s par un tiers).<br \/>\nEn cas d\u2019annulation \u00e0 moins de 5 jours de la date pr\u00e9vue du d\u00e9but du voyage, 100 % du prix du voyage sera du. Dans le cas o\u00f9 le s\u00e9jour doit \u00eatre interrompu \u00e0 un stade pr\u00e9coce du fait du client \u00e0 cause de raisons personnelles, Welcome Ethiopia Tour n\u2019est pas en mesure de garantir un remboursement partiel du prix du voyage mais s\u2019engage \u00e0 faire de son mieux pour rembourser les prestations non utilis\u00e9es ou non pay\u00e9es d\u2019avance.<br \/>\nDans l\u2019\u00e9ventualit\u00e9 o\u00f9 un ou plusieurs clients ont annul\u00e9 leur voyage mais le restant des clients du groupe souhaitent maintenir le voyage, le prix total sera ajust\u00e9 en fonction des clients restant et ceux qui ont annul\u00e9 leur r\u00e9servation payeront les frais d\u2019annulation mentionn\u00e9s ci-dessus. Dans le cas o\u00f9 les clients restant n\u2019acceptent pas le nouveau prix du s\u00e9jour, Welcome Ethiopia Tours n\u2019est pas dans l\u2019obligation de mener \u00e0 bien le voyage.<br \/>\nDans le cas d\u2019une annulation du fait du client ou de Welcome Ethiopie Tour pour cause de catastrophe naturelle, de troubles politiques ou de guerre, les conditions d\u2019annulation mentionn\u00e9es ci-dessus s\u2019appliquent. Ce pourquoi nous recommandons vivement \u00e0 nos clients de souscrire \u00e0 une assurance annulation voyage.<\/p>\n<p>[\/et_pb_text][\/et_pb_column][et_pb_column type=\u00a0\u00bb1_2&Prime;][et_pb_text admin_label=\u00a0\u00bbAssurance\u00a0\u00bb background_layout=\u00a0\u00bblight\u00a0\u00bb text_orientation=\u00a0\u00bbleft\u00a0\u00bb use_border_color=\u00a0\u00bboff\u00a0\u00bb border_color=\u00a0\u00bb#ffffff\u00a0\u00bb border_style=\u00a0\u00bbsolid\u00a0\u00bb]<\/p>\n<h4>Assurance<\/h4>\n<p>Le client est dans l\u2019obligation d\u2019avoir souscrit \u00e0 une assurance de voyage couvrant les frais m\u00e9dicaux et de rapatriement.\u00a0 Welcome Ethiopia Tours n\u2019est pas responsable pour votre assurance de voyage mais est couvert par une assurance pour tous les moyens de transports utilis\u00e9s pendant la dur\u00e9e du s\u00e9jour. La police d\u2019assurance fonctionne en accord avec la loi \u00e9thiopienne.<\/p>\n<p>[\/et_pb_text][et_pb_text admin_label=\u00a0\u00bbResponsabilit\u00e9\u00a0\u00bb background_layout=\u00a0\u00bblight\u00a0\u00bb text_orientation=\u00a0\u00bbleft\u00a0\u00bb use_border_color=\u00a0\u00bboff\u00a0\u00bb border_color=\u00a0\u00bb#ffffff\u00a0\u00bb border_style=\u00a0\u00bbsolid\u00a0\u00bb]<\/p>\n<h4>Responsabilit\u00e9<\/h4>\n<p>Le personnel de Welcome Ethiopia Tours\u00a0 s\u2019engage \u00e0 mener \u00e0 bien chaque voyage comme convenu avec chaque client individuel du mieux qu\u2019il peut. N\u00e9anmoins, si vous avez la moindre r\u00e9clamation pendant le s\u00e9jour, veuillez contacter notre bureau \u00e0 Addis-Abeba le plus rapidement possible pour que nous puissions faire le n\u00e9cessaire pour r\u00e9soudre le\/les probl\u00e8me(s). Par contre, nous ne pouvons \u00eatre tenus pour responsables notamment des \u00e9v\u00e8nements suivants\u00a0: n\u00e9cessit\u00e9 d\u2019annulation pour cause de troubles sociaux, de guerre ou catastrophes naturelles ou encore de surbooking d\u2019h\u00f4tels ou\u00a0 de vols effectu\u00e9s par un tiers\u00a0: h\u00f4tels,\u00a0 compagnies a\u00e9riennes,\u00a0 compagnies de transport ou d\u2019autres agences de voyage. Bien que nous n\u2019utilisons que des voitures et du mat\u00e9riel fiables et correctement assur\u00e9s et que toutes les pr\u00e9cautions possibles soient prises pour prot\u00e9ger les clients et leurs effets personnels, Welcome Ethiopia Tours\u00a0 ne peut \u00eatre tenu\u00a0 responsable en cas de perte ou d\u00e9t\u00e9rioration d\u2019effets personnels, s\u00e9quelles de maladies, accidents ou catastrophes\u00a0 naturelles. Toutes d\u00e9penses suppl\u00e9mentaires engendr\u00e9es par les situations mentionn\u00e9es ci-dessus seront \u00e0 la charge du client. Welcome Ethiopia Tours fera tout son possible pour porter assistance aux clients, en tant qu\u2019interm\u00e9diaire dans leurs rapports avec un tiers et, en cas de besoin, dans l\u2019\u00e9ventualit\u00e9 d\u2019un vol, d\u2019une maladie, blessure ou autre probl\u00e8me.<br \/>\nToute r\u00e9clamation est soumise \u00e0 la juridiction de la cour \u00e9thiopienne. Nos clients sont dans l\u2019obligation de voyager avec une assurance de voyage et de sant\u00e9 ad\u00e9quate.<\/p>\n<p>[\/et_pb_text][et_pb_text admin_label=\u00a0\u00bbFlexibilit\u00e9\u00a0\u00bb background_layout=\u00a0\u00bblight\u00a0\u00bb text_orientation=\u00a0\u00bbleft\u00a0\u00bb use_border_color=\u00a0\u00bboff\u00a0\u00bb border_color=\u00a0\u00bb#ffffff\u00a0\u00bb border_style=\u00a0\u00bbsolid\u00a0\u00bb]<\/p>\n<h4>Flexibilit\u00e9<\/h4>\n<p>Le client comprend et accepte que ce type de s\u00e9jour\u00a0 n\u00e9cessite de bien vouloir \u00eatre\u00a0 flexible, ce qui peut vouloir dire laisser la porte ouverte \u00e0 des alternatives. Les grandes lignes de l\u2019itin\u00e9raire telles qu\u2019elles ont \u00e9t\u00e9 d\u00e9crites pour chaque voyage doivent ainsi \u00eatre consid\u00e9r\u00e9es uniquement en tant qu\u2019indications de ce que chaque groupe peut accomplir et non comme une obligation contractuelle de la part de Welcome Ethiopia Tours. Il est entendu que la route, les horaires, les itin\u00e9raires, les \u00e9quipements et les modes de transport sont susceptibles de changer sans avertissement pr\u00e9alable pour cause de circonstances ou d\u2019\u00e9v\u00e8nements locaux, par exemple\u00a0: des maladies\u00a0 ou des pannes, des annulations de vols, des gr\u00e8ves, des \u00e9v\u00e9nements provoqu\u00e9s par des conflits politiques, des d\u00e9r\u00e8glements climatiques ou toute autre circonstance impr\u00e9visible. De notre c\u00f4t\u00e9, nous\u00a0 nous engageons \u00e0 rester souples en \u00e9tant pr\u00eats \u00e0 accueillir toute r\u00e9clamation qui pourrait surgir de la part de nos clients, et ce durant toute la dur\u00e9e de leur s\u00e9jour.<\/p>\n<p>[\/et_pb_text][et_pb_text admin_label=\u00a0\u00bbPrices\u00a0\u00bb use_border_color=\u00a0\u00bboff\u00a0\u00bb _builder_version=\u00a0\u00bb3.1.1&Prime;]<\/p>\n<h4>Prix<\/h4>\n<p>Les prix des circuits seront indiqu\u00e9s sur demande. Les prix ne sont pas fixes mais d\u00e9pendent des prix des infrastructures (en fonction de la saison), des prix des h\u00f4tels, des salaires, du carburant et des taux de change. Welcome Ethiopia Tours a le droit d&rsquo;adapter un prix donn\u00e9 ant\u00e9rieurement jusqu&rsquo;\u00e0 35 jours avant le d\u00e9but du voyage. Apr\u00e8s le paiement du prix total du voyage par le(s) client(s), aucune adaptation ne sera faite<\/p>\n<p>[\/et_pb_text][\/et_pb_column][\/et_pb_row][\/et_pb_section]<\/p>","protected":false},"excerpt":{"rendered":"<p>Modalit\u00e9s et Conditions Welcome Ethiopia Tours s\u2019engage \u00e0 prendre toutes les dispositions n\u00e9cessaires pour garantir le bon d\u00e9roulement de votre voyage, tel que sp\u00e9cifi\u00e9 dans votre itin\u00e9raire. Les conditions et modalit\u00e9s d\u00e9taill\u00e9es ci-apr\u00e8s font partie int\u00e9grante du contrat de voyage conclu entre nous et vous, d\u00e8s lors que vous effectuez une r\u00e9servation et que nous [&hellip;]<\/p>\n","protected":false},"author":1,"featured_media":0,"parent":0,"menu_order":0,"comment_status":"open","ping_status":"open","template":"","meta":{"_et_pb_use_builder":"on","_et_pb_old_content":"","_et_gb_content_width":"","footnotes":""},"class_list":["post-226","page","type-page","status-publish","hentry"],"yoast_head":"<!-- This site is optimized with the Yoast SEO plugin v24.6 - https:\/\/yoast.com\/wordpress\/plugins\/seo\/ -->\n<title>Terms and Conditions - Welcome Ethiopia Tours<\/title>\n<meta name=\"robots\" content=\"index, follow, max-snippet:-1, max-image-preview:large, max-video-preview:-1\" \/>\n<link rel=\"canonical\" href=\"https:\/\/welcomeethiopiatours.com\/fr\/terms-and-conditions\/\" \/>\n<meta property=\"og:locale\" content=\"fr_FR\" \/>\n<meta property=\"og:type\" content=\"article\" \/>\n<meta property=\"og:title\" content=\"Terms and Conditions - Welcome Ethiopia Tours\" \/>\n<meta property=\"og:description\" content=\"Modalit\u00e9s et Conditions Welcome Ethiopia Tours s\u2019engage \u00e0 prendre toutes les dispositions n\u00e9cessaires pour garantir le bon d\u00e9roulement de votre voyage, tel que sp\u00e9cifi\u00e9 dans votre itin\u00e9raire. Les conditions et modalit\u00e9s d\u00e9taill\u00e9es ci-apr\u00e8s font partie int\u00e9grante du contrat de voyage conclu entre nous et vous, d\u00e8s lors que vous effectuez une r\u00e9servation et que nous [&hellip;]\" \/>\n<meta property=\"og:url\" content=\"https:\/\/welcomeethiopiatours.com\/fr\/terms-and-conditions\/\" \/>\n<meta property=\"og:site_name\" content=\"Welcome Ethiopia Tours\" \/>\n<meta property=\"article:modified_time\" content=\"2022-10-12T18:14:06+00:00\" \/>\n<meta name=\"twitter:card\" content=\"summary_large_image\" \/>\n<meta name=\"twitter:label1\" content=\"Dur\u00e9e de lecture estim\u00e9e\" \/>\n\t<meta name=\"twitter:data1\" content=\"23 minutes\" \/>\n<script type=\"application\/ld+json\" class=\"yoast-schema-graph\">{\"@context\":\"https:\/\/schema.org\",\"@graph\":[{\"@type\":\"WebPage\",\"@id\":\"https:\/\/welcomeethiopiatours.com\/fr\/terms-and-conditions\/\",\"url\":\"https:\/\/welcomeethiopiatours.com\/fr\/terms-and-conditions\/\",\"name\":\"Terms and Conditions - Welcome Ethiopia Tours\",\"isPartOf\":{\"@id\":\"https:\/\/welcomeethiopiatours.com\/fr\/#website\"},\"datePublished\":\"2015-08-28T20:05:57+00:00\",\"dateModified\":\"2022-10-12T18:14:06+00:00\",\"breadcrumb\":{\"@id\":\"https:\/\/welcomeethiopiatours.com\/fr\/terms-and-conditions\/#breadcrumb\"},\"inLanguage\":\"fr-FR\",\"potentialAction\":[{\"@type\":\"ReadAction\",\"target\":[[\"https:\/\/welcomeethiopiatours.com\/fr\/terms-and-conditions\/\"]]}]},{\"@type\":\"BreadcrumbList\",\"@id\":\"https:\/\/welcomeethiopiatours.com\/fr\/terms-and-conditions\/#breadcrumb\",\"itemListElement\":[{\"@type\":\"ListItem\",\"position\":1,\"name\":\"Home\",\"item\":\"https:\/\/welcomeethiopiatours.com\/fr\/\"},{\"@type\":\"ListItem\",\"position\":2,\"name\":\"Terms and Conditions\"}]},{\"@type\":\"WebSite\",\"@id\":\"https:\/\/welcomeethiopiatours.com\/fr\/#website\",\"url\":\"https:\/\/welcomeethiopiatours.com\/fr\/\",\"name\":\"Welcome Ethiopia Tours\",\"description\":\"(Deutsch) Best Tour Operator in Ethiopia\",\"potentialAction\":[{\"@type\":\"SearchAction\",\"target\":{\"@type\":\"EntryPoint\",\"urlTemplate\":\"https:\/\/welcomeethiopiatours.com\/fr\/?s={search_term_string}\"},\"query-input\":{\"@type\":\"PropertyValueSpecification\",\"valueRequired\":true,\"valueName\":\"search_term_string\"}}],\"inLanguage\":\"fr-FR\"}]}<\/script>\n<!-- \/ Yoast SEO plugin. -->","yoast_head_json":{"title":"Terms and Conditions - Welcome Ethiopia Tours","robots":{"index":"index","follow":"follow","max-snippet":"max-snippet:-1","max-image-preview":"max-image-preview:large","max-video-preview":"max-video-preview:-1"},"canonical":"https:\/\/welcomeethiopiatours.com\/fr\/terms-and-conditions\/","og_locale":"fr_FR","og_type":"article","og_title":"Terms and Conditions - Welcome Ethiopia Tours","og_description":"Modalit\u00e9s et Conditions Welcome Ethiopia Tours s\u2019engage \u00e0 prendre toutes les dispositions n\u00e9cessaires pour garantir le bon d\u00e9roulement de votre voyage, tel que sp\u00e9cifi\u00e9 dans votre itin\u00e9raire. Les conditions et modalit\u00e9s d\u00e9taill\u00e9es ci-apr\u00e8s font partie int\u00e9grante du contrat de voyage conclu entre nous et vous, d\u00e8s lors que vous effectuez une r\u00e9servation et que nous [&hellip;]","og_url":"https:\/\/welcomeethiopiatours.com\/fr\/terms-and-conditions\/","og_site_name":"Welcome Ethiopia Tours","article_modified_time":"2022-10-12T18:14:06+00:00","twitter_card":"summary_large_image","twitter_misc":{"Dur\u00e9e de lecture estim\u00e9e":"23 minutes"},"schema":{"@context":"https:\/\/schema.org","@graph":[{"@type":"WebPage","@id":"https:\/\/welcomeethiopiatours.com\/fr\/terms-and-conditions\/","url":"https:\/\/welcomeethiopiatours.com\/fr\/terms-and-conditions\/","name":"Terms and Conditions - Welcome Ethiopia Tours","isPartOf":{"@id":"https:\/\/welcomeethiopiatours.com\/fr\/#website"},"datePublished":"2015-08-28T20:05:57+00:00","dateModified":"2022-10-12T18:14:06+00:00","breadcrumb":{"@id":"https:\/\/welcomeethiopiatours.com\/fr\/terms-and-conditions\/#breadcrumb"},"inLanguage":"fr-FR","potentialAction":[{"@type":"ReadAction","target":[["https:\/\/welcomeethiopiatours.com\/fr\/terms-and-conditions\/"]]}]},{"@type":"BreadcrumbList","@id":"https:\/\/welcomeethiopiatours.com\/fr\/terms-and-conditions\/#breadcrumb","itemListElement":[{"@type":"ListItem","position":1,"name":"Home","item":"https:\/\/welcomeethiopiatours.com\/fr\/"},{"@type":"ListItem","position":2,"name":"Terms and Conditions"}]},{"@type":"WebSite","@id":"https:\/\/welcomeethiopiatours.com\/fr\/#website","url":"https:\/\/welcomeethiopiatours.com\/fr\/","name":"Welcome Ethiopia Tours","description":"(Deutsch) Best Tour Operator in Ethiopia","potentialAction":[{"@type":"SearchAction","target":{"@type":"EntryPoint","urlTemplate":"https:\/\/welcomeethiopiatours.com\/fr\/?s={search_term_string}"},"query-input":{"@type":"PropertyValueSpecification","valueRequired":true,"valueName":"search_term_string"}}],"inLanguage":"fr-FR"}]}},"_links":{"self":[{"href":"https:\/\/welcomeethiopiatours.com\/fr\/wp-json\/wp\/v2\/pages\/226","targetHints":{"allow":["GET"]}}],"collection":[{"href":"https:\/\/welcomeethiopiatours.com\/fr\/wp-json\/wp\/v2\/pages"}],"about":[{"href":"https:\/\/welcomeethiopiatours.com\/fr\/wp-json\/wp\/v2\/types\/page"}],"author":[{"embeddable":true,"href":"https:\/\/welcomeethiopiatours.com\/fr\/wp-json\/wp\/v2\/users\/1"}],"replies":[{"embeddable":true,"href":"https:\/\/welcomeethiopiatours.com\/fr\/wp-json\/wp\/v2\/comments?post=226"}],"version-history":[{"count":0,"href":"https:\/\/welcomeethiopiatours.com\/fr\/wp-json\/wp\/v2\/pages\/226\/revisions"}],"wp:attachment":[{"href":"https:\/\/welcomeethiopiatours.com\/fr\/wp-json\/wp\/v2\/media?parent=226"}],"curies":[{"name":"wp","href":"https:\/\/api.w.org\/{rel}","templated":true}]}}