{"id":2726,"date":"2017-04-24T16:40:28","date_gmt":"2017-04-24T16:40:28","guid":{"rendered":"https:\/\/welcomeethiopiatours.com\/?page_id=2726"},"modified":"2022-10-13T13:31:00","modified_gmt":"2022-10-13T13:31:00","slug":"sansibar","status":"publish","type":"page","link":"https:\/\/welcomeethiopiatours.com\/fr\/sansibar\/","title":{"rendered":"\u00cele de Zanzibar"},"content":{"rendered":"<p>[et_pb_section bb_built=\u00a0\u00bb1&Prime; admin_label=\u00a0\u00bbsection\u00a0\u00bb transparent_background=\u00a0\u00bbon\u00a0\u00bb allow_player_pause=\u00a0\u00bboff\u00a0\u00bb inner_shadow=\u00a0\u00bboff\u00a0\u00bb parallax=\u00a0\u00bboff\u00a0\u00bb parallax_method=\u00a0\u00bboff\u00a0\u00bb padding_mobile=\u00a0\u00bboff\u00a0\u00bb make_fullwidth=\u00a0\u00bboff\u00a0\u00bb use_custom_width=\u00a0\u00bboff\u00a0\u00bb width_unit=\u00a0\u00bbon\u00a0\u00bb make_equal=\u00a0\u00bboff\u00a0\u00bb use_custom_gutter=\u00a0\u00bboff\u00a0\u00bb module_class=\u00a0\u00bbnobac nopad nobor nospace2columns\u00a0\u00bb background_color=\u00a0\u00bbrgba(255,255,255,0)\u00a0\u00bb custom_padding_tablet=\u00a0\u00bb50px|0|50px|0&Prime; custom_padding_last_edited=\u00a0\u00bbon|desktop\u00a0\u00bb][et_pb_row admin_label=\u00a0\u00bbrow\u00a0\u00bb make_fullwidth=\u00a0\u00bbon\u00a0\u00bb use_custom_width=\u00a0\u00bboff\u00a0\u00bb width_unit=\u00a0\u00bbon\u00a0\u00bb use_custom_gutter=\u00a0\u00bboff\u00a0\u00bb padding_mobile=\u00a0\u00bbon\u00a0\u00bb allow_player_pause=\u00a0\u00bboff\u00a0\u00bb parallax=\u00a0\u00bbon\u00a0\u00bb parallax_method=\u00a0\u00bboff\u00a0\u00bb make_equal=\u00a0\u00bboff\u00a0\u00bb custom_padding=\u00a0\u00bb0|0&Prime; module_class=\u00a0\u00bbfullwidthpagetitle\u00a0\u00bb background_position=\u00a0\u00bbtop_left\u00a0\u00bb background_repeat=\u00a0\u00bbrepeat\u00a0\u00bb background_size=\u00a0\u00bbinitial\u00a0\u00bb][et_pb_column type=\u00a0\u00bb4_4&Prime;][et_pb_text admin_label=\u00a0\u00bb\u00cele de Zanzibar\u00a0\u00bb background_image=\u00a0\u00bbhttps:\/\/welcomeethiopiatours.com\/wp-content\/uploads\/Ethiopia-Photos-Header.jpg\u00a0\u00bb use_border_color=\u00a0\u00bboff\u00a0\u00bb custom_padding=\u00a0\u00bb0||0|\u00a0\u00bb background_position=\u00a0\u00bbtop_left\u00a0\u00bb background_repeat=\u00a0\u00bbrepeat\u00a0\u00bb background_size=\u00a0\u00bbinitial\u00a0\u00bb _builder_version=\u00a0\u00bb3.1.1&Prime;]<\/p>\n<h1>\u00cele de Zanzibar<\/h1>\n<p>[\/et_pb_text][et_pb_text admin_label=\u00a0\u00bbbuttons\u00a0\u00bb background_layout=\u00a0\u00bblight\u00a0\u00bb text_orientation=\u00a0\u00bbleft\u00a0\u00bb module_class=\u00a0\u00bbbuttons\u00a0\u00bb use_border_color=\u00a0\u00bboff\u00a0\u00bb border_color=\u00a0\u00bb#ffffff\u00a0\u00bb border_style=\u00a0\u00bbsolid\u00a0\u00bb background_position=\u00a0\u00bbtop_left\u00a0\u00bb background_repeat=\u00a0\u00bbrepeat\u00a0\u00bb background_size=\u00a0\u00bbinitial\u00a0\u00bb]<\/p>\n<p><a href='#map' class='small-button smallorange'>View Map<\/a> <a href='#booking' class='small-button smallgreen'>Request Price<\/a><\/p>\n<p>[\/et_pb_text][\/et_pb_column][\/et_pb_row][et_pb_row admin_label=\u00a0\u00bbrow\u00a0\u00bb make_fullwidth=\u00a0\u00bboff\u00a0\u00bb use_custom_width=\u00a0\u00bboff\u00a0\u00bb width_unit=\u00a0\u00bbon\u00a0\u00bb use_custom_gutter=\u00a0\u00bboff\u00a0\u00bb padding_mobile=\u00a0\u00bboff\u00a0\u00bb allow_player_pause=\u00a0\u00bboff\u00a0\u00bb parallax=\u00a0\u00bboff\u00a0\u00bb parallax_method=\u00a0\u00bboff\u00a0\u00bb make_equal=\u00a0\u00bboff\u00a0\u00bb parallax_1=\u00a0\u00bboff\u00a0\u00bb parallax_method_1=\u00a0\u00bboff\u00a0\u00bb column_padding_mobile=\u00a0\u00bbon\u00a0\u00bb background_position=\u00a0\u00bbtop_left\u00a0\u00bb background_repeat=\u00a0\u00bbrepeat\u00a0\u00bb background_size=\u00a0\u00bbinitial\u00a0\u00bb][et_pb_column type=\u00a0\u00bb4_4&Prime;][et_pb_text use_border_color=\u00a0\u00bboff\u00a0\u00bb background_position=\u00a0\u00bbtop_left\u00a0\u00bb background_repeat=\u00a0\u00bbrepeat\u00a0\u00bb background_size=\u00a0\u00bbinitial\u00a0\u00bb _builder_version=\u00a0\u00bb3.1.1&Prime;]<\/p>\n<p>Profitez des vols quotidiens entre Addis-Abeba et l&rsquo;\u00eele de Zanzibar.\u00a0La dur\u00e9e du vol n&rsquo;est que de 4 heures et 25 minutes, avec une courte escale \u00e0 l&rsquo;a\u00e9roport international du Kilimandjaro, qui est \u00e9galement la porte d&rsquo;entr\u00e9e de la Tanzanie pour certains des meilleurs safaris d&rsquo;Afrique.<br \/>\nDescendez de l&rsquo;avion sur l&rsquo;archipel de Zanzibar et vous serez transport\u00e9 dans le temps et l&rsquo;espace. C&rsquo;est l&rsquo;un des grands carrefours culturels du monde, o\u00f9 l&rsquo;Afrique rencontre l&rsquo;Arabie dans l&rsquo;oc\u00e9an Indien.\u00a0\u00c0 Zanzibar Town, les ruelles \u00e9troites de la ville historique de Stone Town serpentent entre des b\u00e2timents anciens orn\u00e9s de balcons et de gigantesques portes sculpt\u00e9es. Pendant ce temps, sur la c\u00f4te, les bateaux de p\u00eache prennent la mer, et dans la campagne, les agriculteurs cultivent des champs de riz ou des plantations de clous de girofle qui donnent \u00e0 Zanzibar son surnom d'\u00a0\u00bb\u00eeles aux \u00e9pices\u00a0\u00bb.\u00a0Les plages idylliques sont parsem\u00e9es d&rsquo;h\u00f4tels, et l&rsquo;oc\u00e9an devient un terrain de jeu pour la plong\u00e9e, le snorkeling et le kite-surf.<br \/>\nN&rsquo;h\u00e9sitez pas \u00e0 nous contacter pour de plus amples informations. En collaboration avec nos partenaires locaux en Tanzanie, nous serons heureux de vous aider \u00e0 combiner ce s\u00e9jour baln\u00e9aire de r\u00eave avec votre voyage en \u00c9thiopie.<\/p>\n<p>[\/et_pb_text][\/et_pb_column][\/et_pb_row][et_pb_row admin_label=\u00a0\u00bbrow\u00a0\u00bb make_fullwidth=\u00a0\u00bboff\u00a0\u00bb use_custom_width=\u00a0\u00bboff\u00a0\u00bb width_unit=\u00a0\u00bbon\u00a0\u00bb use_custom_gutter=\u00a0\u00bboff\u00a0\u00bb padding_mobile=\u00a0\u00bboff\u00a0\u00bb allow_player_pause=\u00a0\u00bboff\u00a0\u00bb parallax=\u00a0\u00bboff\u00a0\u00bb parallax_method=\u00a0\u00bboff\u00a0\u00bb make_equal=\u00a0\u00bboff\u00a0\u00bb parallax_1=\u00a0\u00bboff\u00a0\u00bb parallax_method_1=\u00a0\u00bboff\u00a0\u00bb parallax_2=\u00a0\u00bboff\u00a0\u00bb parallax_method_2=\u00a0\u00bboff\u00a0\u00bb column_padding_mobile=\u00a0\u00bbon\u00a0\u00bb background_position=\u00a0\u00bbtop_left\u00a0\u00bb background_repeat=\u00a0\u00bbrepeat\u00a0\u00bb background_size=\u00a0\u00bbinitial\u00a0\u00bb][et_pb_column type=\u00a0\u00bb1_2&Prime;][et_pb_image admin_label=\u00a0\u00bbZanzibar Beach\u00a0\u00bb src=\u00a0\u00bbhttps:\/\/welcomeethiopiatours.com\/wp-content\/uploads\/Sansibar1.jpg\u00a0\u00bb use_border_color=\u00a0\u00bboff\u00a0\u00bb alt=\u00a0\u00bbZanzibar Beach\u00a0\u00bb url=\u00a0\u00bbZanzibar Beach\u00a0\u00bb animation_style=\u00a0\u00bbfade\u00a0\u00bb animation_duration=\u00a0\u00bb500ms\u00a0\u00bb animation_intensity_slide=\u00a0\u00bb10%\u00a0\u00bb _builder_version=\u00a0\u00bb3.1.1&Prime;]<br \/>\n[\/et_pb_image][et_pb_image admin_label=\u00a0\u00bbZanzibar sunset\u00a0\u00bb src=\u00a0\u00bbhttps:\/\/welcomeethiopiatours.com\/wp-content\/uploads\/Sansibar3.jpg\u00a0\u00bb use_border_color=\u00a0\u00bboff\u00a0\u00bb alt=\u00a0\u00bbZanzibar sunset\u00a0\u00bb title_text=\u00a0\u00bbZanzibar sunset\u00a0\u00bb animation_style=\u00a0\u00bbfade\u00a0\u00bb animation_duration=\u00a0\u00bb500ms\u00a0\u00bb animation_intensity_slide=\u00a0\u00bb10%\u00a0\u00bb _builder_version=\u00a0\u00bb3.1.1&Prime;]<br \/>\n[\/et_pb_image][\/et_pb_column][et_pb_column type=\u00a0\u00bb1_2&Prime;][et_pb_image admin_label=\u00a0\u00bbZanzibar Island\u00a0\u00bb src=\u00a0\u00bbhttps:\/\/welcomeethiopiatours.com\/wp-content\/uploads\/Sansibar5.jpg\u00a0\u00bb align=\u00a0\u00bbright\u00a0\u00bb use_border_color=\u00a0\u00bboff\u00a0\u00bb alt=\u00a0\u00bbZanzibar Island\u00a0\u00bb title_text=\u00a0\u00bbZanzibar Island\u00a0\u00bb animation_style=\u00a0\u00bbfade\u00a0\u00bb animation_duration=\u00a0\u00bb500ms\u00a0\u00bb animation_intensity_slide=\u00a0\u00bb10%\u00a0\u00bb _builder_version=\u00a0\u00bb3.1.1&Prime;]<br \/>\n[\/et_pb_image][et_pb_image admin_label=\u00a0\u00bbZanzibar, Tanzania\u00a0\u00bb src=\u00a0\u00bbhttps:\/\/welcomeethiopiatours.com\/wp-content\/uploads\/Zanzibar1.jpg\u00a0\u00bb align=\u00a0\u00bbright\u00a0\u00bb use_border_color=\u00a0\u00bboff\u00a0\u00bb alt=\u00a0\u00bbZanzibar, Tanzania\u00a0\u00bb title_text=\u00a0\u00bbZanzibar, Tanzania\u00a0\u00bb animation_style=\u00a0\u00bbfade\u00a0\u00bb animation_duration=\u00a0\u00bb500ms\u00a0\u00bb animation_intensity_slide=\u00a0\u00bb10%\u00a0\u00bb _builder_version=\u00a0\u00bb3.1.1&Prime;]<br \/>\n[\/et_pb_image][\/et_pb_column][\/et_pb_row][et_pb_row admin_label=\u00a0\u00bbrow\u00a0\u00bb make_fullwidth=\u00a0\u00bbon\u00a0\u00bb use_custom_width=\u00a0\u00bboff\u00a0\u00bb width_unit=\u00a0\u00bbon\u00a0\u00bb use_custom_gutter=\u00a0\u00bboff\u00a0\u00bb padding_mobile=\u00a0\u00bbon\u00a0\u00bb allow_player_pause=\u00a0\u00bboff\u00a0\u00bb parallax=\u00a0\u00bboff\u00a0\u00bb parallax_method=\u00a0\u00bboff\u00a0\u00bb make_equal=\u00a0\u00bboff\u00a0\u00bb parallax_1=\u00a0\u00bboff\u00a0\u00bb parallax_method_1=\u00a0\u00bboff\u00a0\u00bb column_padding_mobile=\u00a0\u00bbon\u00a0\u00bb module_id=\u00a0\u00bbmap\u00a0\u00bb background_position=\u00a0\u00bbtop_left\u00a0\u00bb background_repeat=\u00a0\u00bbrepeat\u00a0\u00bb background_size=\u00a0\u00bbinitial\u00a0\u00bb][et_pb_column type=\u00a0\u00bb4_4&Prime;][et_pb_code module_class=\u00a0\u00bbbooking\u00a0\u00bb]&lt;div class=\u00a0\u00bboverlay\u00a0\u00bb&gt;&lt;\/div&gt;&lt;iframe src=\u00a0\u00bbhttps:\/\/www.google.com\/maps\/d\/embed?mid=1YA5R2tMX_-RtmM2TMUv0YSyJkS4&Prime; width=\u00a0\u00bb100%\u00a0\u00bb height=\u00a0\u00bb400&Prime;&gt;&lt;\/iframe&gt;[\/et_pb_code][\/et_pb_column][\/et_pb_row][et_pb_row admin_label=\u00a0\u00bbrow\u00a0\u00bb make_fullwidth=\u00a0\u00bbon\u00a0\u00bb use_custom_width=\u00a0\u00bboff\u00a0\u00bb width_unit=\u00a0\u00bbon\u00a0\u00bb use_custom_gutter=\u00a0\u00bboff\u00a0\u00bb padding_mobile=\u00a0\u00bbon\u00a0\u00bb module_class=\u00a0\u00bbbookingsection\u00a0\u00bb allow_player_pause=\u00a0\u00bboff\u00a0\u00bb parallax=\u00a0\u00bboff\u00a0\u00bb parallax_method=\u00a0\u00bboff\u00a0\u00bb make_equal=\u00a0\u00bboff\u00a0\u00bb background_position=\u00a0\u00bbtop_left\u00a0\u00bb background_repeat=\u00a0\u00bbrepeat\u00a0\u00bb background_size=\u00a0\u00bbinitial\u00a0\u00bb][et_pb_column type=\u00a0\u00bb4_4&Prime;][et_pb_text admin_label=\u00a0\u00bbbooking\u00a0\u00bb background_layout=\u00a0\u00bblight\u00a0\u00bb text_orientation=\u00a0\u00bbleft\u00a0\u00bb module_id=\u00a0\u00bbbooking\u00a0\u00bb use_border_color=\u00a0\u00bboff\u00a0\u00bb border_color=\u00a0\u00bb#ffffff\u00a0\u00bb border_style=\u00a0\u00bbsolid\u00a0\u00bb background_position=\u00a0\u00bbtop_left\u00a0\u00bb background_repeat=\u00a0\u00bbrepeat\u00a0\u00bb background_size=\u00a0\u00bbinitial\u00a0\u00bb]<\/p>\n\n<div class=\"wpcf7 no-js\" id=\"wpcf7-f742-o3\" lang=\"en-US\" dir=\"ltr\" data-wpcf7-id=\"742\">\n<div class=\"screen-reader-response\"><p role=\"status\" aria-live=\"polite\" aria-atomic=\"true\"><\/p> <ul><\/ul><\/div>\n<form action=\"\/fr\/wp-json\/wp\/v2\/pages\/2726#wpcf7-f742-o3\" method=\"post\" class=\"wpcf7-form init\" aria-label=\"Contact form\" novalidate=\"novalidate\" data-status=\"init\">\n<div style=\"display: none;\">\n<input type=\"hidden\" name=\"_wpcf7\" value=\"742\" \/>\n<input type=\"hidden\" name=\"_wpcf7_version\" value=\"6.0.4\" \/>\n<input type=\"hidden\" name=\"_wpcf7_locale\" value=\"en_US\" \/>\n<input type=\"hidden\" name=\"_wpcf7_unit_tag\" value=\"wpcf7-f742-o3\" \/>\n<input type=\"hidden\" name=\"_wpcf7_container_post\" value=\"0\" \/>\n<input type=\"hidden\" name=\"_wpcf7_posted_data_hash\" value=\"\" \/>\n<input type=\"hidden\" name=\"_wpcf7_recaptcha_response\" value=\"\" \/>\n<\/div>\n<h2>Request Price\n<\/h2>\n<div class=\"et_pb_row bookingform\">\n\t<div class=\"et_pb_column et_pb_column_1_3\">\n\t\t<p class=\"required\">Full Name (required)\n\t\t<\/p>\n\t\t<p><span class=\"wpcf7-form-control-wrap\" data-name=\"your-name\"><input size=\"40\" maxlength=\"400\" class=\"wpcf7-form-control wpcf7-text wpcf7-validates-as-required\" aria-required=\"true\" aria-invalid=\"false\" value=\"\" type=\"text\" name=\"your-name\" \/><\/span>\n\t\t<\/p>\n\t\t<p class=\"required\">Your Email (required)\n\t\t<\/p>\n\t\t<p><span class=\"wpcf7-form-control-wrap\" data-name=\"your-email\"><input size=\"40\" maxlength=\"400\" class=\"wpcf7-form-control wpcf7-email wpcf7-validates-as-required wpcf7-text wpcf7-validates-as-email\" aria-required=\"true\" aria-invalid=\"false\" value=\"\" type=\"email\" name=\"your-email\" \/><\/span>\n\t\t<\/p>\n\t\t<p>Telephone\n\t\t<\/p>\n\t\t<p><span class=\"wpcf7-form-control-wrap\" data-name=\"your-telephone\"><input size=\"40\" maxlength=\"400\" class=\"wpcf7-form-control wpcf7-text\" aria-invalid=\"false\" value=\"\" type=\"text\" name=\"your-telephone\" \/><\/span>\n\t\t<\/p>\n\t<\/div>\n\t<div class=\"et_pb_column et_pb_column_1_3\">\n\t\t<p class=\"required\">Number Of People\n\t\t<\/p>\n\t\t<p><span class=\"wpcf7-form-control-wrap\" data-name=\"numberofpeople\"><input size=\"40\" maxlength=\"400\" class=\"wpcf7-form-control wpcf7-text\" aria-invalid=\"false\" value=\"\" type=\"text\" name=\"numberofpeople\" \/><\/span>\n\t\t<\/p>\n\t\t<p class=\"required\">Arrival Date\n\t\t<\/p>\n\t\t<p><span class=\"wpcf7-form-control-wrap\" data-name=\"arrivaldate\"><input class=\"wpcf7-form-control wpcf7-date wpcf7-validates-as-date\" aria-invalid=\"false\" value=\"\" type=\"date\" name=\"arrivaldate\" \/><\/span>\n\t\t<\/p>\n\t\t<p class=\"required\">Departure Date\n\t\t<\/p>\n\t\t<p><span class=\"wpcf7-form-control-wrap\" data-name=\"departuredate\"><input class=\"wpcf7-form-control wpcf7-date wpcf7-validates-as-date\" aria-invalid=\"false\" value=\"\" type=\"date\" name=\"departuredate\" \/><\/span>\n\t\t<\/p>\n\t<\/div>\n\t<div class=\"et_pb_column et_pb_column_1_3\">\n\t\t<p>Additional Message\n\t\t<\/p>\n\t\t<p><span class=\"wpcf7-form-control-wrap\" data-name=\"message\"><textarea cols=\"40\" rows=\"10\" maxlength=\"2000\" class=\"wpcf7-form-control wpcf7-textarea\" aria-invalid=\"false\" name=\"message\"><\/textarea><\/span>\n\t\t<\/p>\n\t\t<p>\n\t\t\n\t\t<\/p>\n\t<\/div>\n<\/div>\n<div class=\"et_pb_row bookingform\">\n\t<p><input class=\"wpcf7-form-control wpcf7-submit has-spinner btnbook\" type=\"submit\" value=\"Book\" \/>\n\t<\/p>\n<\/div><div class=\"wpcf7-response-output\" aria-hidden=\"true\"><\/div>\n<\/form>\n<\/div>\n\n<p>[\/et_pb_text][\/et_pb_column][\/et_pb_row][\/et_pb_section]<\/p>","protected":false},"excerpt":{"rendered":"<p>\u00cele de Zanzibar <a href='#map' class='small-button smallorange'>View Map<\/a> <a href='#booking' class='small-button smallgreen'>Request Price<\/a> Profitez des vols quotidiens entre Addis-Abeba et l&rsquo;\u00eele de Zanzibar.\u00a0La dur\u00e9e du vol n&rsquo;est que de 4 heures et 25 minutes, avec une courte escale \u00e0 l&rsquo;a\u00e9roport international du Kilimandjaro, qui est \u00e9galement la porte d&rsquo;entr\u00e9e de la Tanzanie pour certains des [&hellip;]<\/p>\n","protected":false},"author":1,"featured_media":0,"parent":0,"menu_order":0,"comment_status":"closed","ping_status":"closed","template":"","meta":{"_et_pb_use_builder":"on","_et_pb_old_content":"","_et_gb_content_width":"","footnotes":""},"class_list":["post-2726","page","type-page","status-publish","hentry"],"yoast_head":"<!-- This site is optimized with the Yoast SEO plugin v24.6 - https:\/\/yoast.com\/wordpress\/plugins\/seo\/ -->\n<title>\u00cele de Zanzibar - Welcome Ethiopia Tours<\/title>\n<meta name=\"robots\" content=\"index, follow, max-snippet:-1, max-image-preview:large, max-video-preview:-1\" \/>\n<link rel=\"canonical\" href=\"https:\/\/welcomeethiopiatours.com\/fr\/sansibar\/\" \/>\n<meta property=\"og:locale\" content=\"fr_FR\" \/>\n<meta property=\"og:type\" content=\"article\" \/>\n<meta property=\"og:title\" content=\"\u00cele de Zanzibar - Welcome Ethiopia Tours\" \/>\n<meta property=\"og:description\" content=\"\u00cele de Zanzibar  Profitez des vols quotidiens entre Addis-Abeba et l&#039;\u00eele de Zanzibar.\u00a0La dur\u00e9e du vol n&#039;est que de 4 heures et 25 minutes, avec une courte escale \u00e0 l&#039;a\u00e9roport international du Kilimandjaro, qui est \u00e9galement la porte d&#039;entr\u00e9e de la Tanzanie pour certains des [&hellip;]\" \/>\n<meta property=\"og:url\" content=\"https:\/\/welcomeethiopiatours.com\/fr\/sansibar\/\" \/>\n<meta property=\"og:site_name\" content=\"Welcome Ethiopia Tours\" \/>\n<meta property=\"article:modified_time\" content=\"2022-10-13T13:31:00+00:00\" \/>\n<meta name=\"twitter:card\" content=\"summary_large_image\" \/>\n<meta name=\"twitter:label1\" content=\"Dur\u00e9e de lecture estim\u00e9e\" \/>\n\t<meta name=\"twitter:data1\" content=\"14 minutes\" \/>\n<script type=\"application\/ld+json\" class=\"yoast-schema-graph\">{\"@context\":\"https:\/\/schema.org\",\"@graph\":[{\"@type\":\"WebPage\",\"@id\":\"https:\/\/welcomeethiopiatours.com\/fr\/sansibar\/\",\"url\":\"https:\/\/welcomeethiopiatours.com\/fr\/sansibar\/\",\"name\":\"\u00cele de Zanzibar - Welcome Ethiopia Tours\",\"isPartOf\":{\"@id\":\"https:\/\/welcomeethiopiatours.com\/fr\/#website\"},\"datePublished\":\"2017-04-24T16:40:28+00:00\",\"dateModified\":\"2022-10-13T13:31:00+00:00\",\"breadcrumb\":{\"@id\":\"https:\/\/welcomeethiopiatours.com\/fr\/sansibar\/#breadcrumb\"},\"inLanguage\":\"fr-FR\",\"potentialAction\":[{\"@type\":\"ReadAction\",\"target\":[[\"https:\/\/welcomeethiopiatours.com\/fr\/sansibar\/\"]]}]},{\"@type\":\"BreadcrumbList\",\"@id\":\"https:\/\/welcomeethiopiatours.com\/fr\/sansibar\/#breadcrumb\",\"itemListElement\":[{\"@type\":\"ListItem\",\"position\":1,\"name\":\"Home\",\"item\":\"https:\/\/welcomeethiopiatours.com\/fr\/\"},{\"@type\":\"ListItem\",\"position\":2,\"name\":\"\u00cele de Zanzibar\"}]},{\"@type\":\"WebSite\",\"@id\":\"https:\/\/welcomeethiopiatours.com\/fr\/#website\",\"url\":\"https:\/\/welcomeethiopiatours.com\/fr\/\",\"name\":\"Welcome Ethiopia Tours\",\"description\":\"(Deutsch) Best Tour Operator in Ethiopia\",\"potentialAction\":[{\"@type\":\"SearchAction\",\"target\":{\"@type\":\"EntryPoint\",\"urlTemplate\":\"https:\/\/welcomeethiopiatours.com\/fr\/?s={search_term_string}\"},\"query-input\":{\"@type\":\"PropertyValueSpecification\",\"valueRequired\":true,\"valueName\":\"search_term_string\"}}],\"inLanguage\":\"fr-FR\"}]}<\/script>\n<!-- \/ Yoast SEO plugin. -->","yoast_head_json":{"title":"\u00cele de Zanzibar - Welcome Ethiopia Tours","robots":{"index":"index","follow":"follow","max-snippet":"max-snippet:-1","max-image-preview":"max-image-preview:large","max-video-preview":"max-video-preview:-1"},"canonical":"https:\/\/welcomeethiopiatours.com\/fr\/sansibar\/","og_locale":"fr_FR","og_type":"article","og_title":"\u00cele de Zanzibar - Welcome Ethiopia Tours","og_description":"\u00cele de Zanzibar  Profitez des vols quotidiens entre Addis-Abeba et l'\u00eele de Zanzibar.\u00a0La dur\u00e9e du vol n'est que de 4 heures et 25 minutes, avec une courte escale \u00e0 l'a\u00e9roport international du Kilimandjaro, qui est \u00e9galement la porte d'entr\u00e9e de la Tanzanie pour certains des [&hellip;]","og_url":"https:\/\/welcomeethiopiatours.com\/fr\/sansibar\/","og_site_name":"Welcome Ethiopia Tours","article_modified_time":"2022-10-13T13:31:00+00:00","twitter_card":"summary_large_image","twitter_misc":{"Dur\u00e9e de lecture estim\u00e9e":"14 minutes"},"schema":{"@context":"https:\/\/schema.org","@graph":[{"@type":"WebPage","@id":"https:\/\/welcomeethiopiatours.com\/fr\/sansibar\/","url":"https:\/\/welcomeethiopiatours.com\/fr\/sansibar\/","name":"\u00cele de Zanzibar - Welcome Ethiopia Tours","isPartOf":{"@id":"https:\/\/welcomeethiopiatours.com\/fr\/#website"},"datePublished":"2017-04-24T16:40:28+00:00","dateModified":"2022-10-13T13:31:00+00:00","breadcrumb":{"@id":"https:\/\/welcomeethiopiatours.com\/fr\/sansibar\/#breadcrumb"},"inLanguage":"fr-FR","potentialAction":[{"@type":"ReadAction","target":[["https:\/\/welcomeethiopiatours.com\/fr\/sansibar\/"]]}]},{"@type":"BreadcrumbList","@id":"https:\/\/welcomeethiopiatours.com\/fr\/sansibar\/#breadcrumb","itemListElement":[{"@type":"ListItem","position":1,"name":"Home","item":"https:\/\/welcomeethiopiatours.com\/fr\/"},{"@type":"ListItem","position":2,"name":"\u00cele de Zanzibar"}]},{"@type":"WebSite","@id":"https:\/\/welcomeethiopiatours.com\/fr\/#website","url":"https:\/\/welcomeethiopiatours.com\/fr\/","name":"Welcome Ethiopia Tours","description":"(Deutsch) Best Tour Operator in Ethiopia","potentialAction":[{"@type":"SearchAction","target":{"@type":"EntryPoint","urlTemplate":"https:\/\/welcomeethiopiatours.com\/fr\/?s={search_term_string}"},"query-input":{"@type":"PropertyValueSpecification","valueRequired":true,"valueName":"search_term_string"}}],"inLanguage":"fr-FR"}]}},"_links":{"self":[{"href":"https:\/\/welcomeethiopiatours.com\/fr\/wp-json\/wp\/v2\/pages\/2726","targetHints":{"allow":["GET"]}}],"collection":[{"href":"https:\/\/welcomeethiopiatours.com\/fr\/wp-json\/wp\/v2\/pages"}],"about":[{"href":"https:\/\/welcomeethiopiatours.com\/fr\/wp-json\/wp\/v2\/types\/page"}],"author":[{"embeddable":true,"href":"https:\/\/welcomeethiopiatours.com\/fr\/wp-json\/wp\/v2\/users\/1"}],"replies":[{"embeddable":true,"href":"https:\/\/welcomeethiopiatours.com\/fr\/wp-json\/wp\/v2\/comments?post=2726"}],"version-history":[{"count":0,"href":"https:\/\/welcomeethiopiatours.com\/fr\/wp-json\/wp\/v2\/pages\/2726\/revisions"}],"wp:attachment":[{"href":"https:\/\/welcomeethiopiatours.com\/fr\/wp-json\/wp\/v2\/media?parent=2726"}],"curies":[{"name":"wp","href":"https:\/\/api.w.org\/{rel}","templated":true}]}}