{"id":305,"date":"2015-08-31T12:12:31","date_gmt":"2015-08-31T12:12:31","guid":{"rendered":"https:\/\/welcomeethiopiatours.com\/?page_id=305"},"modified":"2022-10-12T18:30:34","modified_gmt":"2022-10-12T18:30:34","slug":"money-matters","status":"publish","type":"page","link":"https:\/\/welcomeethiopiatours.com\/fr\/money-matters\/","title":{"rendered":"Les questions d&rsquo;argent"},"content":{"rendered":"<p>[et_pb_section bb_built=\u00a0\u00bb1&Prime; transparent_background=\u00a0\u00bbon\u00a0\u00bb allow_player_pause=\u00a0\u00bboff\u00a0\u00bb inner_shadow=\u00a0\u00bboff\u00a0\u00bb parallax=\u00a0\u00bboff\u00a0\u00bb parallax_method=\u00a0\u00bboff\u00a0\u00bb padding_mobile=\u00a0\u00bboff\u00a0\u00bb make_fullwidth=\u00a0\u00bboff\u00a0\u00bb use_custom_width=\u00a0\u00bboff\u00a0\u00bb width_unit=\u00a0\u00bbon\u00a0\u00bb make_equal=\u00a0\u00bboff\u00a0\u00bb use_custom_gutter=\u00a0\u00bboff\u00a0\u00bb module_class=\u00a0\u00bbnobac nopad nobor nospace2columns\u00a0\u00bb background_color=\u00a0\u00bbrgba(255,255,255,0)\u00a0\u00bb custom_padding_tablet=\u00a0\u00bb50px|0|50px|0&Prime; custom_padding_last_edited=\u00a0\u00bbon|desktop\u00a0\u00bb][et_pb_row make_fullwidth=\u00a0\u00bbon\u00a0\u00bb use_custom_width=\u00a0\u00bboff\u00a0\u00bb width_unit=\u00a0\u00bbon\u00a0\u00bb use_custom_gutter=\u00a0\u00bboff\u00a0\u00bb padding_mobile=\u00a0\u00bbon\u00a0\u00bb allow_player_pause=\u00a0\u00bboff\u00a0\u00bb parallax=\u00a0\u00bbon\u00a0\u00bb parallax_method=\u00a0\u00bboff\u00a0\u00bb make_equal=\u00a0\u00bboff\u00a0\u00bb custom_padding=\u00a0\u00bb0|0&Prime; module_class=\u00a0\u00bbfullwidthpagetitle\u00a0\u00bb background_position=\u00a0\u00bbtop_left\u00a0\u00bb background_repeat=\u00a0\u00bbrepeat\u00a0\u00bb background_size=\u00a0\u00bbinitial\u00a0\u00bb][et_pb_column type=\u00a0\u00bb4_4&Prime;][et_pb_text admin_label=\u00a0\u00bbMoney Matters\u00a0\u00bb background_image=\u00a0\u00bbhttps:\/\/welcomeethiopiatours.com\/wp-content\/uploads\/Ethiopia-Photos-Header.jpg\u00a0\u00bb use_border_color=\u00a0\u00bboff\u00a0\u00bb custom_padding=\u00a0\u00bb0||0|\u00a0\u00bb background_position=\u00a0\u00bbtop_left\u00a0\u00bb background_repeat=\u00a0\u00bbrepeat\u00a0\u00bb background_size=\u00a0\u00bbinitial\u00a0\u00bb _builder_version=\u00a0\u00bb3.1.1&Prime;]<\/p>\n<h1>Les questions d&rsquo;argent<\/h1>\n<p>[\/et_pb_text][\/et_pb_column][\/et_pb_row][et_pb_row make_fullwidth=\u00a0\u00bboff\u00a0\u00bb use_custom_width=\u00a0\u00bboff\u00a0\u00bb width_unit=\u00a0\u00bbon\u00a0\u00bb use_custom_gutter=\u00a0\u00bboff\u00a0\u00bb padding_mobile=\u00a0\u00bboff\u00a0\u00bb allow_player_pause=\u00a0\u00bboff\u00a0\u00bb parallax=\u00a0\u00bboff\u00a0\u00bb parallax_method=\u00a0\u00bboff\u00a0\u00bb make_equal=\u00a0\u00bboff\u00a0\u00bb background_position=\u00a0\u00bbtop_left\u00a0\u00bb background_repeat=\u00a0\u00bbrepeat\u00a0\u00bb background_size=\u00a0\u00bbinitial\u00a0\u00bb][et_pb_column type=\u00a0\u00bb1_2&Prime;][et_pb_text admin_label=\u00a0\u00bbCurrency and Exchange\u00a0\u00bb use_border_color=\u00a0\u00bboff\u00a0\u00bb background_position=\u00a0\u00bbtop_left\u00a0\u00bb background_repeat=\u00a0\u00bbrepeat\u00a0\u00bb background_size=\u00a0\u00bbinitial\u00a0\u00bb _builder_version=\u00a0\u00bb3.1.1&Prime;]<\/p>\n<h4>Monnaie et change<\/h4>\n<p>La monnaie nationale de l&rsquo;\u00c9thiopie est le birr \u00e9thiopien (ETB), avec un taux de change de 21 pour le dollar am\u00e9ricain (avril 2016). Le Birr ne peut \u00eatre ni import\u00e9 ni export\u00e9. Nous vous conseillons d&rsquo;apporter la plupart de vos fonds en esp\u00e8ces. Les dollars am\u00e9ricains, la livre sterling ou les euros sont tous accept\u00e9s. Les visiteurs peuvent importer un montant illimit\u00e9 de devises \u00e9trang\u00e8res, mais ils doivent d\u00e9clarer les montants sup\u00e9rieurs \u00e0 10 000 USD \u00e0 la douane \u00e0 leur arriv\u00e9e. \u00c0 l&rsquo;a\u00e9roport, il peut \u00eatre tr\u00e8s lent de changer de l&rsquo;argent, mais les diff\u00e9rentes banques d&rsquo;Addis-Abeba sont de bonnes options.\u00a0 Les dollars am\u00e9ricains, les livres sterling ou les euros doivent \u00eatre propres et exempts de d\u00e9chirures ou de marques. Les ch\u00e8ques de voyage \u00e9mis par Thomas Cook ou American Express peuvent \u00e9galement \u00eatre chang\u00e9s \u00e0 l&rsquo;a\u00e9roport, mais ils peuvent \u00eatre difficiles \u00e0 encaisser ailleurs. En dehors d&rsquo;Addis-Abeba, les cartes de cr\u00e9dit ne sont pas accept\u00e9es dans la plupart des \u00e9tablissements, il est donc pr\u00e9f\u00e9rable d&#8217;emporter suffisamment d&rsquo;argent liquide pour tenir quelques jours.<\/p>\n<p>[\/et_pb_text][et_pb_text admin_label=\u00a0\u00bbCourier and Money Transfer Services\u00a0\u00bb use_border_color=\u00a0\u00bboff\u00a0\u00bb background_position=\u00a0\u00bbtop_left\u00a0\u00bb background_repeat=\u00a0\u00bbrepeat\u00a0\u00bb background_size=\u00a0\u00bbinitial\u00a0\u00bb _builder_version=\u00a0\u00bb3.1.1&Prime;]<\/p>\n<h4>Services de courrier et de transfert d&rsquo;argent<\/h4>\n<p>Les transferts d&rsquo;argent peuvent \u00eatre effectu\u00e9s par Western Union et Money Gram. Ces deux organismes ont des succursales repr\u00e9sentatives \u00e0 Addis-Abeba et \u00e0 l&rsquo;ext\u00e9rieur dans les principales villes et proposent leurs services aux banques priv\u00e9es et nationales. Pour les services de messagerie, DHL, FedEx, UPS, TNT et EMS ont des bureaux \u00e0 Addis Abeba.<\/p>\n<p>[\/et_pb_text][et_pb_text admin_label=\u00a0\u00bbExtra Spending Money\u00a0\u00bb use_border_color=\u00a0\u00bboff\u00a0\u00bb background_position=\u00a0\u00bbtop_left\u00a0\u00bb background_repeat=\u00a0\u00bbrepeat\u00a0\u00bb background_size=\u00a0\u00bbinitial\u00a0\u00bb _builder_version=\u00a0\u00bb3.1.1&Prime;]<\/p>\n<h4>Argent de poche suppl\u00e9mentaire<\/h4>\n<p>Pr\u00e9voyez de l&rsquo;argent de poche si vous souhaitez acheter des objets d&rsquo;artisanat local tels que des bijoux, des robes \u00e9thiopiennes, des \u00e9charpes, des croix en bois sculpt\u00e9es, des vanneries, de l&rsquo;encens, du caf\u00e9 \u00e9thiopien ou d&rsquo;autres sp\u00e9cialit\u00e9s locales.<\/p>\n<p>[\/et_pb_text][\/et_pb_column][et_pb_column type=\u00a0\u00bb1_2&Prime;][et_pb_text admin_label=\u00a0\u00bbATMs \/ Credit Cards \/ Travellers cheques\u00a0\u00bb use_border_color=\u00a0\u00bboff\u00a0\u00bb background_position=\u00a0\u00bbtop_left\u00a0\u00bb background_repeat=\u00a0\u00bbrepeat\u00a0\u00bb background_size=\u00a0\u00bbinitial\u00a0\u00bb _builder_version=\u00a0\u00bb3.1.1&Prime;]<\/p>\n<h4>Distributeurs automatiques de billets \/ Cartes de cr\u00e9dit \/ Ch\u00e8ques de voyage<\/h4>\n<p>Il existe un r\u00e9seau dense de distributeurs automatiques de billets \u00e0 Addis-Abeba. Les cartes de cr\u00e9dit, principalement Visa et MasterCard, sont utiles pour les avances de fonds \u00e0 Addis-Abeba et peuvent \u00eatre utilis\u00e9es dans la plupart des distributeurs automatiques, des grands h\u00f4tels et des restaurants. Toutefois, elles restent peu utiles en dehors des grandes villes. Pour les transactions par carte de cr\u00e9dit, vous devrez g\u00e9n\u00e9ralement payer des frais de service compris entre 2,5 et 10 %. En outre, votre banque est susceptible de vous facturer \u00e9galement des frais pour les retraits d&rsquo;argent aux distributeurs automatiques et pour l&rsquo;utilisation de votre carte \u00e0 l&rsquo;\u00e9tranger. Malheureusement, il n&rsquo;y a aucune garantie que vos cartes de cr\u00e9dit ou de d\u00e9bit fonctionneront toujours en \u00c9thiopie. Vous devez v\u00e9rifier aupr\u00e8s de votre banque avant votre d\u00e9part. Ne comptez pas sur les cartes de cr\u00e9dit ou de d\u00e9bit comme votre seule source d&rsquo;argent. L&rsquo;exp\u00e9rience a montr\u00e9 qu&rsquo;il est sage de retirer une certaine quantit\u00e9 d&rsquo;argent liquide \u00e0 votre arriv\u00e9e \u00e0 l&rsquo;a\u00e9roport pour votre usage personnel. Nous pouvons vous conseiller sur les montants approximatifs d&rsquo;argent dont vous aurez besoin pendant votre voyage.<\/p>\n<p>[\/et_pb_text][et_pb_text admin_label=\u00a0\u00bbBanking Hours\u00a0\u00bb use_border_color=\u00a0\u00bboff\u00a0\u00bb background_position=\u00a0\u00bbtop_left\u00a0\u00bb background_repeat=\u00a0\u00bbrepeat\u00a0\u00bb background_size=\u00a0\u00bbinitial\u00a0\u00bb _builder_version=\u00a0\u00bb3.1.1&Prime;]<\/p>\n<h4>Heures d&rsquo;ouverture des banques<\/h4>\n<p>Les heures d&rsquo;ouverture sont g\u00e9n\u00e9ralement de 8h00 \u00e0 17h00 du lundi au vendredi et de 8h00 \u00e0 11h00 le samedi. Les heures de fermeture peuvent \u00eatre plus longues d&rsquo;une heure dans certaines banques priv\u00e9es. La plupart des banques travaillent pendant l&rsquo;heure du d\u00e9jeuner, y compris les services de change.<\/p>\n<p>[\/et_pb_text][et_pb_text admin_label=\u00a0\u00bbTipping\u00a0\u00bb use_border_color=\u00a0\u00bboff\u00a0\u00bb background_position=\u00a0\u00bbtop_left\u00a0\u00bb background_repeat=\u00a0\u00bbrepeat\u00a0\u00bb background_size=\u00a0\u00bbinitial\u00a0\u00bb _builder_version=\u00a0\u00bb3.1.1&Prime;]<\/p>\n<h4>Pourboires<\/h4>\n<p>Dans la plupart des h\u00f4tels et des restaurants, des frais de service de 10 % sont ajout\u00e9s \u00e0 l&rsquo;addition. Le pourboire est une coutume fr\u00e9quente en \u00c9thiopie, son montant d\u00e9pend de la qualit\u00e9 du service.<\/p>\n<p>[\/et_pb_text][\/et_pb_column][\/et_pb_row][\/et_pb_section]<\/p>","protected":false},"excerpt":{"rendered":"<p>Les questions d&rsquo;argent Monnaie et change La monnaie nationale de l&rsquo;\u00c9thiopie est le birr \u00e9thiopien (ETB), avec un taux de change de 21 pour le dollar am\u00e9ricain (avril 2016). Le Birr ne peut \u00eatre ni import\u00e9 ni export\u00e9. Nous vous conseillons d&rsquo;apporter la plupart de vos fonds en esp\u00e8ces. Les dollars am\u00e9ricains, la livre sterling [&hellip;]<\/p>\n","protected":false},"author":1,"featured_media":0,"parent":0,"menu_order":0,"comment_status":"open","ping_status":"open","template":"","meta":{"_et_pb_use_builder":"on","_et_pb_old_content":"","_et_gb_content_width":"","footnotes":""},"class_list":["post-305","page","type-page","status-publish","hentry"],"yoast_head":"<!-- This site is optimized with the Yoast SEO plugin v24.6 - https:\/\/yoast.com\/wordpress\/plugins\/seo\/ -->\n<title>Les questions d&#039;argent - Welcome Ethiopia Tours<\/title>\n<meta name=\"robots\" content=\"index, follow, max-snippet:-1, max-image-preview:large, max-video-preview:-1\" \/>\n<link rel=\"canonical\" href=\"https:\/\/welcomeethiopiatours.com\/fr\/money-matters\/\" \/>\n<meta property=\"og:locale\" content=\"fr_FR\" \/>\n<meta property=\"og:type\" content=\"article\" \/>\n<meta property=\"og:title\" content=\"Les questions d&#039;argent - Welcome Ethiopia Tours\" \/>\n<meta property=\"og:description\" content=\"Les questions d&#039;argent Monnaie et change La monnaie nationale de l&#039;\u00c9thiopie est le birr \u00e9thiopien (ETB), avec un taux de change de 21 pour le dollar am\u00e9ricain (avril 2016). Le Birr ne peut \u00eatre ni import\u00e9 ni export\u00e9. Nous vous conseillons d&#039;apporter la plupart de vos fonds en esp\u00e8ces. Les dollars am\u00e9ricains, la livre sterling [&hellip;]\" \/>\n<meta property=\"og:url\" content=\"https:\/\/welcomeethiopiatours.com\/fr\/money-matters\/\" \/>\n<meta property=\"og:site_name\" content=\"Welcome Ethiopia Tours\" \/>\n<meta property=\"article:modified_time\" content=\"2022-10-12T18:30:34+00:00\" \/>\n<meta name=\"twitter:card\" content=\"summary_large_image\" \/>\n<meta name=\"twitter:label1\" content=\"Dur\u00e9e de lecture estim\u00e9e\" \/>\n\t<meta name=\"twitter:data1\" content=\"13 minutes\" \/>\n<script type=\"application\/ld+json\" class=\"yoast-schema-graph\">{\"@context\":\"https:\/\/schema.org\",\"@graph\":[{\"@type\":\"WebPage\",\"@id\":\"https:\/\/welcomeethiopiatours.com\/fr\/money-matters\/\",\"url\":\"https:\/\/welcomeethiopiatours.com\/fr\/money-matters\/\",\"name\":\"Les questions d'argent - Welcome Ethiopia Tours\",\"isPartOf\":{\"@id\":\"https:\/\/welcomeethiopiatours.com\/fr\/#website\"},\"datePublished\":\"2015-08-31T12:12:31+00:00\",\"dateModified\":\"2022-10-12T18:30:34+00:00\",\"breadcrumb\":{\"@id\":\"https:\/\/welcomeethiopiatours.com\/fr\/money-matters\/#breadcrumb\"},\"inLanguage\":\"fr-FR\",\"potentialAction\":[{\"@type\":\"ReadAction\",\"target\":[[\"https:\/\/welcomeethiopiatours.com\/fr\/money-matters\/\"]]}]},{\"@type\":\"BreadcrumbList\",\"@id\":\"https:\/\/welcomeethiopiatours.com\/fr\/money-matters\/#breadcrumb\",\"itemListElement\":[{\"@type\":\"ListItem\",\"position\":1,\"name\":\"Home\",\"item\":\"https:\/\/welcomeethiopiatours.com\/fr\/\"},{\"@type\":\"ListItem\",\"position\":2,\"name\":\"Les questions d&rsquo;argent\"}]},{\"@type\":\"WebSite\",\"@id\":\"https:\/\/welcomeethiopiatours.com\/fr\/#website\",\"url\":\"https:\/\/welcomeethiopiatours.com\/fr\/\",\"name\":\"Welcome Ethiopia Tours\",\"description\":\"(Deutsch) Best Tour Operator in Ethiopia\",\"potentialAction\":[{\"@type\":\"SearchAction\",\"target\":{\"@type\":\"EntryPoint\",\"urlTemplate\":\"https:\/\/welcomeethiopiatours.com\/fr\/?s={search_term_string}\"},\"query-input\":{\"@type\":\"PropertyValueSpecification\",\"valueRequired\":true,\"valueName\":\"search_term_string\"}}],\"inLanguage\":\"fr-FR\"}]}<\/script>\n<!-- \/ Yoast SEO plugin. -->","yoast_head_json":{"title":"Les questions d'argent - Welcome Ethiopia Tours","robots":{"index":"index","follow":"follow","max-snippet":"max-snippet:-1","max-image-preview":"max-image-preview:large","max-video-preview":"max-video-preview:-1"},"canonical":"https:\/\/welcomeethiopiatours.com\/fr\/money-matters\/","og_locale":"fr_FR","og_type":"article","og_title":"Les questions d'argent - Welcome Ethiopia Tours","og_description":"Les questions d'argent Monnaie et change La monnaie nationale de l'\u00c9thiopie est le birr \u00e9thiopien (ETB), avec un taux de change de 21 pour le dollar am\u00e9ricain (avril 2016). Le Birr ne peut \u00eatre ni import\u00e9 ni export\u00e9. Nous vous conseillons d'apporter la plupart de vos fonds en esp\u00e8ces. Les dollars am\u00e9ricains, la livre sterling [&hellip;]","og_url":"https:\/\/welcomeethiopiatours.com\/fr\/money-matters\/","og_site_name":"Welcome Ethiopia Tours","article_modified_time":"2022-10-12T18:30:34+00:00","twitter_card":"summary_large_image","twitter_misc":{"Dur\u00e9e de lecture estim\u00e9e":"13 minutes"},"schema":{"@context":"https:\/\/schema.org","@graph":[{"@type":"WebPage","@id":"https:\/\/welcomeethiopiatours.com\/fr\/money-matters\/","url":"https:\/\/welcomeethiopiatours.com\/fr\/money-matters\/","name":"Les questions d'argent - Welcome Ethiopia Tours","isPartOf":{"@id":"https:\/\/welcomeethiopiatours.com\/fr\/#website"},"datePublished":"2015-08-31T12:12:31+00:00","dateModified":"2022-10-12T18:30:34+00:00","breadcrumb":{"@id":"https:\/\/welcomeethiopiatours.com\/fr\/money-matters\/#breadcrumb"},"inLanguage":"fr-FR","potentialAction":[{"@type":"ReadAction","target":[["https:\/\/welcomeethiopiatours.com\/fr\/money-matters\/"]]}]},{"@type":"BreadcrumbList","@id":"https:\/\/welcomeethiopiatours.com\/fr\/money-matters\/#breadcrumb","itemListElement":[{"@type":"ListItem","position":1,"name":"Home","item":"https:\/\/welcomeethiopiatours.com\/fr\/"},{"@type":"ListItem","position":2,"name":"Les questions d&rsquo;argent"}]},{"@type":"WebSite","@id":"https:\/\/welcomeethiopiatours.com\/fr\/#website","url":"https:\/\/welcomeethiopiatours.com\/fr\/","name":"Welcome Ethiopia Tours","description":"(Deutsch) Best Tour Operator in Ethiopia","potentialAction":[{"@type":"SearchAction","target":{"@type":"EntryPoint","urlTemplate":"https:\/\/welcomeethiopiatours.com\/fr\/?s={search_term_string}"},"query-input":{"@type":"PropertyValueSpecification","valueRequired":true,"valueName":"search_term_string"}}],"inLanguage":"fr-FR"}]}},"_links":{"self":[{"href":"https:\/\/welcomeethiopiatours.com\/fr\/wp-json\/wp\/v2\/pages\/305","targetHints":{"allow":["GET"]}}],"collection":[{"href":"https:\/\/welcomeethiopiatours.com\/fr\/wp-json\/wp\/v2\/pages"}],"about":[{"href":"https:\/\/welcomeethiopiatours.com\/fr\/wp-json\/wp\/v2\/types\/page"}],"author":[{"embeddable":true,"href":"https:\/\/welcomeethiopiatours.com\/fr\/wp-json\/wp\/v2\/users\/1"}],"replies":[{"embeddable":true,"href":"https:\/\/welcomeethiopiatours.com\/fr\/wp-json\/wp\/v2\/comments?post=305"}],"version-history":[{"count":0,"href":"https:\/\/welcomeethiopiatours.com\/fr\/wp-json\/wp\/v2\/pages\/305\/revisions"}],"wp:attachment":[{"href":"https:\/\/welcomeethiopiatours.com\/fr\/wp-json\/wp\/v2\/media?parent=305"}],"curies":[{"name":"wp","href":"https:\/\/api.w.org\/{rel}","templated":true}]}}