{"id":330,"date":"2015-08-31T21:31:50","date_gmt":"2015-08-31T21:31:50","guid":{"rendered":"https:\/\/welcomeethiopiatours.com\/?page_id=330"},"modified":"2022-10-12T18:53:16","modified_gmt":"2022-10-12T18:53:16","slug":"altitudes-and-temperatures","status":"publish","type":"page","link":"https:\/\/welcomeethiopiatours.com\/fr\/altitudes-and-temperatures\/","title":{"rendered":"Altitudes et temp\u00e9ratures"},"content":{"rendered":"<p>[et_pb_section bb_built=\u00a0\u00bb1&Prime; transparent_background=\u00a0\u00bbon\u00a0\u00bb allow_player_pause=\u00a0\u00bboff\u00a0\u00bb inner_shadow=\u00a0\u00bboff\u00a0\u00bb parallax=\u00a0\u00bboff\u00a0\u00bb parallax_method=\u00a0\u00bboff\u00a0\u00bb padding_mobile=\u00a0\u00bboff\u00a0\u00bb make_fullwidth=\u00a0\u00bboff\u00a0\u00bb use_custom_width=\u00a0\u00bboff\u00a0\u00bb width_unit=\u00a0\u00bbon\u00a0\u00bb make_equal=\u00a0\u00bboff\u00a0\u00bb use_custom_gutter=\u00a0\u00bboff\u00a0\u00bb module_class=\u00a0\u00bbnobac nopad nobor nospace2columns\u00a0\u00bb background_color=\u00a0\u00bbrgba(255,255,255,0)\u00a0\u00bb custom_padding_tablet=\u00a0\u00bb50px|0|50px|0&Prime; custom_padding_last_edited=\u00a0\u00bbon|desktop\u00a0\u00bb][et_pb_row make_fullwidth=\u00a0\u00bbon\u00a0\u00bb use_custom_width=\u00a0\u00bboff\u00a0\u00bb width_unit=\u00a0\u00bbon\u00a0\u00bb use_custom_gutter=\u00a0\u00bboff\u00a0\u00bb padding_mobile=\u00a0\u00bbon\u00a0\u00bb allow_player_pause=\u00a0\u00bboff\u00a0\u00bb parallax=\u00a0\u00bbon\u00a0\u00bb parallax_method=\u00a0\u00bboff\u00a0\u00bb make_equal=\u00a0\u00bboff\u00a0\u00bb custom_padding=\u00a0\u00bb0|0&Prime; module_class=\u00a0\u00bbfullwidthpagetitle\u00a0\u00bb background_position=\u00a0\u00bbtop_left\u00a0\u00bb background_repeat=\u00a0\u00bbrepeat\u00a0\u00bb background_size=\u00a0\u00bbinitial\u00a0\u00bb][et_pb_column type=\u00a0\u00bb4_4&Prime;][et_pb_text admin_label=\u00a0\u00bbAltitudes and Temperatures\u00a0\u00bb background_image=\u00a0\u00bbhttps:\/\/welcomeethiopiatours.com\/wp-content\/uploads\/Ethiopia-Photos-Header.jpg\u00a0\u00bb use_border_color=\u00a0\u00bboff\u00a0\u00bb custom_padding=\u00a0\u00bb0||0|\u00a0\u00bb background_position=\u00a0\u00bbtop_left\u00a0\u00bb background_repeat=\u00a0\u00bbrepeat\u00a0\u00bb background_size=\u00a0\u00bbinitial\u00a0\u00bb _builder_version=\u00a0\u00bb3.1.1&Prime;]<\/p>\n<h1>Altitudes et Temp\u00e9ratures<\/h1>\n<p>[\/et_pb_text][\/et_pb_column][\/et_pb_row][et_pb_row make_fullwidth=\u00a0\u00bboff\u00a0\u00bb use_custom_width=\u00a0\u00bboff\u00a0\u00bb width_unit=\u00a0\u00bbon\u00a0\u00bb use_custom_gutter=\u00a0\u00bboff\u00a0\u00bb padding_mobile=\u00a0\u00bboff\u00a0\u00bb allow_player_pause=\u00a0\u00bboff\u00a0\u00bb parallax=\u00a0\u00bboff\u00a0\u00bb parallax_method=\u00a0\u00bboff\u00a0\u00bb make_equal=\u00a0\u00bboff\u00a0\u00bb background_position=\u00a0\u00bbtop_left\u00a0\u00bb background_repeat=\u00a0\u00bbrepeat\u00a0\u00bb background_size=\u00a0\u00bbinitial\u00a0\u00bb][et_pb_column type=\u00a0\u00bb4_4&Prime;][et_pb_text use_border_color=\u00a0\u00bboff\u00a0\u00bb background_position=\u00a0\u00bbtop_left\u00a0\u00bb background_repeat=\u00a0\u00bbrepeat\u00a0\u00bb background_size=\u00a0\u00bbinitial\u00a0\u00bb _builder_version=\u00a0\u00bb3.1.1&Prime;]<\/p>\n<p>&nbsp;<\/p>\n<table width=\"564\">\n<tbody>\n<tr>\n<td width=\"122\">R\u00e9gion du pays<\/td>\n<td width=\"170\">Altitute en m\u00e8tres<\/td>\n<td width=\"161\">Temp\u00e9rature annuelle moyenne en centigrades<\/td>\n<td width=\"110\">Description g\u00e9n\u00e9rale<\/td>\n<\/tr>\n<tr>\n<td>High Simien &amp; Bale<\/td>\n<td width=\"170\">3&rsquo;300\u00a0ou plus<\/td>\n<td>10 ou moins<\/td>\n<td><\/td>\n<\/tr>\n<tr>\n<td>North &amp; Bale Mts<\/td>\n<td width=\"170\">2&rsquo;300-3&rsquo;300<\/td>\n<td>10-15<\/td>\n<td>frais, mod\u00e9r\u00e9<\/td>\n<\/tr>\n<tr>\n<td>Addis &amp; East<\/td>\n<td width=\"170\">1&rsquo;500-2&rsquo;300<\/td>\n<td>15-25<\/td>\n<td>mod\u00e9r\u00e9<\/td>\n<\/tr>\n<tr>\n<td>Rift Valley &amp; South<\/td>\n<td width=\"170\">500-1&rsquo;500<\/td>\n<td>20-25<\/td>\n<td>chaud, mod\u00e9r\u00e9<\/td>\n<\/tr>\n<tr>\n<td>Afar<\/td>\n<td width=\"170\">en dessous de 500<\/td>\n<td>28 ou plus<\/td>\n<td>chaud<\/td>\n<\/tr>\n<\/tbody>\n<\/table>\n<p>[\/et_pb_text][\/et_pb_column][\/et_pb_row][\/et_pb_section]<\/p>","protected":false},"excerpt":{"rendered":"<p>Altitudes et Temp\u00e9ratures &nbsp; R\u00e9gion du pays Altitute en m\u00e8tres Temp\u00e9rature annuelle moyenne en centigrades Description g\u00e9n\u00e9rale High Simien &amp; Bale 3&rsquo;300\u00a0ou plus 10 ou moins North &amp; Bale Mts 2&rsquo;300-3&rsquo;300 10-15 frais, mod\u00e9r\u00e9 Addis &amp; East 1&rsquo;500-2&rsquo;300 15-25 mod\u00e9r\u00e9 Rift Valley &amp; South 500-1&rsquo;500 20-25 chaud, mod\u00e9r\u00e9 Afar en dessous de 500 28 ou [&hellip;]<\/p>\n","protected":false},"author":1,"featured_media":0,"parent":0,"menu_order":0,"comment_status":"open","ping_status":"open","template":"","meta":{"_et_pb_use_builder":"on","_et_pb_old_content":"","_et_gb_content_width":"","footnotes":""},"class_list":["post-330","page","type-page","status-publish","hentry"],"yoast_head":"<!-- This site is optimized with the Yoast SEO plugin v24.6 - https:\/\/yoast.com\/wordpress\/plugins\/seo\/ -->\n<title>Altitudes et temp\u00e9ratures - Welcome Ethiopia Tours<\/title>\n<meta name=\"robots\" content=\"index, follow, max-snippet:-1, max-image-preview:large, max-video-preview:-1\" \/>\n<link rel=\"canonical\" href=\"https:\/\/welcomeethiopiatours.com\/fr\/altitudes-and-temperatures\/\" \/>\n<meta property=\"og:locale\" content=\"fr_FR\" \/>\n<meta property=\"og:type\" content=\"article\" \/>\n<meta property=\"og:title\" content=\"Altitudes et temp\u00e9ratures - Welcome Ethiopia Tours\" \/>\n<meta property=\"og:description\" content=\"Altitudes et Temp\u00e9ratures &nbsp; R\u00e9gion du pays Altitute en m\u00e8tres Temp\u00e9rature annuelle moyenne en centigrades Description g\u00e9n\u00e9rale High Simien &amp; Bale 3&#039;300\u00a0ou plus 10 ou moins North &amp; Bale Mts 2&#039;300-3&#039;300 10-15 frais, mod\u00e9r\u00e9 Addis &amp; East 1&#039;500-2&#039;300 15-25 mod\u00e9r\u00e9 Rift Valley &amp; South 500-1&#039;500 20-25 chaud, mod\u00e9r\u00e9 Afar en dessous de 500 28 ou [&hellip;]\" \/>\n<meta property=\"og:url\" content=\"https:\/\/welcomeethiopiatours.com\/fr\/altitudes-and-temperatures\/\" \/>\n<meta property=\"og:site_name\" content=\"Welcome Ethiopia Tours\" \/>\n<meta property=\"article:modified_time\" content=\"2022-10-12T18:53:16+00:00\" \/>\n<meta name=\"twitter:card\" content=\"summary_large_image\" \/>\n<meta name=\"twitter:label1\" content=\"Dur\u00e9e de lecture estim\u00e9e\" \/>\n\t<meta name=\"twitter:data1\" content=\"4 minutes\" \/>\n<script type=\"application\/ld+json\" class=\"yoast-schema-graph\">{\"@context\":\"https:\/\/schema.org\",\"@graph\":[{\"@type\":\"WebPage\",\"@id\":\"https:\/\/welcomeethiopiatours.com\/fr\/altitudes-and-temperatures\/\",\"url\":\"https:\/\/welcomeethiopiatours.com\/fr\/altitudes-and-temperatures\/\",\"name\":\"Altitudes et temp\u00e9ratures - Welcome Ethiopia Tours\",\"isPartOf\":{\"@id\":\"https:\/\/welcomeethiopiatours.com\/fr\/#website\"},\"datePublished\":\"2015-08-31T21:31:50+00:00\",\"dateModified\":\"2022-10-12T18:53:16+00:00\",\"breadcrumb\":{\"@id\":\"https:\/\/welcomeethiopiatours.com\/fr\/altitudes-and-temperatures\/#breadcrumb\"},\"inLanguage\":\"fr-FR\",\"potentialAction\":[{\"@type\":\"ReadAction\",\"target\":[[\"https:\/\/welcomeethiopiatours.com\/fr\/altitudes-and-temperatures\/\"]]}]},{\"@type\":\"BreadcrumbList\",\"@id\":\"https:\/\/welcomeethiopiatours.com\/fr\/altitudes-and-temperatures\/#breadcrumb\",\"itemListElement\":[{\"@type\":\"ListItem\",\"position\":1,\"name\":\"Home\",\"item\":\"https:\/\/welcomeethiopiatours.com\/fr\/\"},{\"@type\":\"ListItem\",\"position\":2,\"name\":\"Altitudes and Temperatures\"}]},{\"@type\":\"WebSite\",\"@id\":\"https:\/\/welcomeethiopiatours.com\/fr\/#website\",\"url\":\"https:\/\/welcomeethiopiatours.com\/fr\/\",\"name\":\"Welcome Ethiopia Tours\",\"description\":\"(Deutsch) Best Tour Operator in Ethiopia\",\"potentialAction\":[{\"@type\":\"SearchAction\",\"target\":{\"@type\":\"EntryPoint\",\"urlTemplate\":\"https:\/\/welcomeethiopiatours.com\/fr\/?s={search_term_string}\"},\"query-input\":{\"@type\":\"PropertyValueSpecification\",\"valueRequired\":true,\"valueName\":\"search_term_string\"}}],\"inLanguage\":\"fr-FR\"}]}<\/script>\n<!-- \/ Yoast SEO plugin. -->","yoast_head_json":{"title":"Altitudes et temp\u00e9ratures - Welcome Ethiopia Tours","robots":{"index":"index","follow":"follow","max-snippet":"max-snippet:-1","max-image-preview":"max-image-preview:large","max-video-preview":"max-video-preview:-1"},"canonical":"https:\/\/welcomeethiopiatours.com\/fr\/altitudes-and-temperatures\/","og_locale":"fr_FR","og_type":"article","og_title":"Altitudes et temp\u00e9ratures - Welcome Ethiopia Tours","og_description":"Altitudes et Temp\u00e9ratures &nbsp; R\u00e9gion du pays Altitute en m\u00e8tres Temp\u00e9rature annuelle moyenne en centigrades Description g\u00e9n\u00e9rale High Simien &amp; Bale 3'300\u00a0ou plus 10 ou moins North &amp; Bale Mts 2'300-3'300 10-15 frais, mod\u00e9r\u00e9 Addis &amp; East 1'500-2'300 15-25 mod\u00e9r\u00e9 Rift Valley &amp; South 500-1'500 20-25 chaud, mod\u00e9r\u00e9 Afar en dessous de 500 28 ou [&hellip;]","og_url":"https:\/\/welcomeethiopiatours.com\/fr\/altitudes-and-temperatures\/","og_site_name":"Welcome Ethiopia Tours","article_modified_time":"2022-10-12T18:53:16+00:00","twitter_card":"summary_large_image","twitter_misc":{"Dur\u00e9e de lecture estim\u00e9e":"4 minutes"},"schema":{"@context":"https:\/\/schema.org","@graph":[{"@type":"WebPage","@id":"https:\/\/welcomeethiopiatours.com\/fr\/altitudes-and-temperatures\/","url":"https:\/\/welcomeethiopiatours.com\/fr\/altitudes-and-temperatures\/","name":"Altitudes et temp\u00e9ratures - Welcome Ethiopia Tours","isPartOf":{"@id":"https:\/\/welcomeethiopiatours.com\/fr\/#website"},"datePublished":"2015-08-31T21:31:50+00:00","dateModified":"2022-10-12T18:53:16+00:00","breadcrumb":{"@id":"https:\/\/welcomeethiopiatours.com\/fr\/altitudes-and-temperatures\/#breadcrumb"},"inLanguage":"fr-FR","potentialAction":[{"@type":"ReadAction","target":[["https:\/\/welcomeethiopiatours.com\/fr\/altitudes-and-temperatures\/"]]}]},{"@type":"BreadcrumbList","@id":"https:\/\/welcomeethiopiatours.com\/fr\/altitudes-and-temperatures\/#breadcrumb","itemListElement":[{"@type":"ListItem","position":1,"name":"Home","item":"https:\/\/welcomeethiopiatours.com\/fr\/"},{"@type":"ListItem","position":2,"name":"Altitudes and Temperatures"}]},{"@type":"WebSite","@id":"https:\/\/welcomeethiopiatours.com\/fr\/#website","url":"https:\/\/welcomeethiopiatours.com\/fr\/","name":"Welcome Ethiopia Tours","description":"(Deutsch) Best Tour Operator in Ethiopia","potentialAction":[{"@type":"SearchAction","target":{"@type":"EntryPoint","urlTemplate":"https:\/\/welcomeethiopiatours.com\/fr\/?s={search_term_string}"},"query-input":{"@type":"PropertyValueSpecification","valueRequired":true,"valueName":"search_term_string"}}],"inLanguage":"fr-FR"}]}},"_links":{"self":[{"href":"https:\/\/welcomeethiopiatours.com\/fr\/wp-json\/wp\/v2\/pages\/330","targetHints":{"allow":["GET"]}}],"collection":[{"href":"https:\/\/welcomeethiopiatours.com\/fr\/wp-json\/wp\/v2\/pages"}],"about":[{"href":"https:\/\/welcomeethiopiatours.com\/fr\/wp-json\/wp\/v2\/types\/page"}],"author":[{"embeddable":true,"href":"https:\/\/welcomeethiopiatours.com\/fr\/wp-json\/wp\/v2\/users\/1"}],"replies":[{"embeddable":true,"href":"https:\/\/welcomeethiopiatours.com\/fr\/wp-json\/wp\/v2\/comments?post=330"}],"version-history":[{"count":0,"href":"https:\/\/welcomeethiopiatours.com\/fr\/wp-json\/wp\/v2\/pages\/330\/revisions"}],"wp:attachment":[{"href":"https:\/\/welcomeethiopiatours.com\/fr\/wp-json\/wp\/v2\/media?parent=330"}],"curies":[{"name":"wp","href":"https:\/\/api.w.org\/{rel}","templated":true}]}}