{"id":331,"date":"2015-08-31T21:31:11","date_gmt":"2015-08-31T21:31:11","guid":{"rendered":"https:\/\/welcomeethiopiatours.com\/?page_id=331"},"modified":"2022-10-12T19:03:41","modified_gmt":"2022-10-12T19:03:41","slug":"other-information","status":"publish","type":"page","link":"https:\/\/welcomeethiopiatours.com\/fr\/other-information\/","title":{"rendered":"Other Information"},"content":{"rendered":"<p>[et_pb_section bb_built=\u00a0\u00bb1&Prime; transparent_background=\u00a0\u00bbon\u00a0\u00bb allow_player_pause=\u00a0\u00bboff\u00a0\u00bb inner_shadow=\u00a0\u00bboff\u00a0\u00bb parallax=\u00a0\u00bboff\u00a0\u00bb parallax_method=\u00a0\u00bboff\u00a0\u00bb padding_mobile=\u00a0\u00bboff\u00a0\u00bb make_fullwidth=\u00a0\u00bboff\u00a0\u00bb use_custom_width=\u00a0\u00bboff\u00a0\u00bb width_unit=\u00a0\u00bbon\u00a0\u00bb make_equal=\u00a0\u00bboff\u00a0\u00bb use_custom_gutter=\u00a0\u00bboff\u00a0\u00bb module_class=\u00a0\u00bbnobac nopad nobor nospace2columns\u00a0\u00bb background_color=\u00a0\u00bbrgba(255,255,255,0)\u00a0\u00bb custom_padding_tablet=\u00a0\u00bb50px|0|50px|0&Prime; custom_padding_last_edited=\u00a0\u00bbon|desktop\u00a0\u00bb][et_pb_row make_fullwidth=\u00a0\u00bbon\u00a0\u00bb use_custom_width=\u00a0\u00bboff\u00a0\u00bb width_unit=\u00a0\u00bbon\u00a0\u00bb use_custom_gutter=\u00a0\u00bboff\u00a0\u00bb padding_mobile=\u00a0\u00bbon\u00a0\u00bb allow_player_pause=\u00a0\u00bboff\u00a0\u00bb parallax=\u00a0\u00bbon\u00a0\u00bb parallax_method=\u00a0\u00bboff\u00a0\u00bb make_equal=\u00a0\u00bboff\u00a0\u00bb custom_padding=\u00a0\u00bb0|0&Prime; module_class=\u00a0\u00bbfullwidthpagetitle\u00a0\u00bb background_position=\u00a0\u00bbtop_left\u00a0\u00bb background_repeat=\u00a0\u00bbrepeat\u00a0\u00bb background_size=\u00a0\u00bbinitial\u00a0\u00bb][et_pb_column type=\u00a0\u00bb4_4&Prime;][et_pb_text admin_label=\u00a0\u00bbOther Information\u00a0\u00bb background_image=\u00a0\u00bbhttps:\/\/welcomeethiopiatours.com\/wp-content\/uploads\/Ethiopia-Photos-Header.jpg\u00a0\u00bb use_border_color=\u00a0\u00bboff\u00a0\u00bb custom_padding=\u00a0\u00bb0||0|\u00a0\u00bb background_position=\u00a0\u00bbtop_left\u00a0\u00bb background_repeat=\u00a0\u00bbrepeat\u00a0\u00bb background_size=\u00a0\u00bbinitial\u00a0\u00bb _builder_version=\u00a0\u00bb3.1.1&Prime;]<\/p>\n<h1>Autres informations<\/h1>\n<p>[\/et_pb_text][\/et_pb_column][\/et_pb_row][et_pb_row make_fullwidth=\u00a0\u00bboff\u00a0\u00bb use_custom_width=\u00a0\u00bboff\u00a0\u00bb width_unit=\u00a0\u00bbon\u00a0\u00bb use_custom_gutter=\u00a0\u00bboff\u00a0\u00bb padding_mobile=\u00a0\u00bboff\u00a0\u00bb allow_player_pause=\u00a0\u00bboff\u00a0\u00bb parallax=\u00a0\u00bboff\u00a0\u00bb parallax_method=\u00a0\u00bboff\u00a0\u00bb make_equal=\u00a0\u00bboff\u00a0\u00bb background_position=\u00a0\u00bbtop_left\u00a0\u00bb background_repeat=\u00a0\u00bbrepeat\u00a0\u00bb background_size=\u00a0\u00bbinitial\u00a0\u00bb][et_pb_column type=\u00a0\u00bb1_2&Prime;][et_pb_text admin_label=\u00a0\u00bbEthiopian Holidays\u00a0\u00bb use_border_color=\u00a0\u00bboff\u00a0\u00bb background_position=\u00a0\u00bbtop_left\u00a0\u00bb background_repeat=\u00a0\u00bbrepeat\u00a0\u00bb background_size=\u00a0\u00bbinitial\u00a0\u00bb _builder_version=\u00a0\u00bb3.1.1&Prime;]<\/p>\n<h4>Jours f\u00e9ri\u00e9s en \u00c9thiopie<\/h4>\n<p>Enkutatash (Nouvel An \u00e9thiopien) : 11 septembre<br \/>\nMeskel (la d\u00e9couverte de la vraie croix) : 27 septembre<br \/>\nGenna (No\u00ebl \u00e9thiopien : naissance du Christ) : 7 janvier<br \/>\nTimkat (\u00c9piphanie \u00e9thiopienne : bapt\u00eame du Christ) :\u00a019 janvier<br \/>\nAdwa Day (comm\u00e9more la victoire de M\u00e9n\u00e9lik II sur l&rsquo;Italie en 1896) : 2 mars<br \/>\nPatriots&rsquo; Day (f\u00eate de la fin de l&rsquo;occupation italienne en 1941) : 6 avril<br \/>\nF\u00eate internationale du travail : 1er mai<br \/>\nVendredi saint \u00e9thiopien : variable<br \/>\nFasika (dimanche de P\u00e2ques \u00e9thiopien) mai ou avril : variable<br \/>\nEid al Fitr (fin du mois de je\u00fbne du Ramadan) mai : variable<br \/>\nEid al Adha : variable<\/p>\n<p>[\/et_pb_text][\/et_pb_column][et_pb_column type=\u00a0\u00bb1_2&Prime;][et_pb_text admin_label=\u00a0\u00bbEntry Points\u00a0\u00bb use_border_color=\u00a0\u00bboff\u00a0\u00bb background_position=\u00a0\u00bbtop_left\u00a0\u00bb background_repeat=\u00a0\u00bbrepeat\u00a0\u00bb background_size=\u00a0\u00bbinitial\u00a0\u00bb _builder_version=\u00a0\u00bb3.1.1&Prime;]<\/p>\n<h4>Points d&rsquo;entr\u00e9e<\/h4>\n<p>Pour les voyageurs utilisant le chemin de fer, il existe un point de passage frontalier \u00e0 Djibouti. Les points d&rsquo;entr\u00e9e en Ethiopie en voiture sont Moyale (Kenya), Humera et Metema (Soudan), ainsi que Galafi (Djibout). Toutes les arriv\u00e9es sont soumises \u00e0 des contr\u00f4les complets de douane et d&rsquo;immigration. La grande majorit\u00e9 des voyageurs entrent toutefois en \u00c9thiopie par avion, via l&rsquo;a\u00e9roport international de Bole, \u00e0 Addis-Abeba.<\/p>\n<p>[\/et_pb_text][et_pb_text admin_label=\u00a0\u00bbDriving in Ethiopia\u00a0\u00bb use_border_color=\u00a0\u00bboff\u00a0\u00bb background_position=\u00a0\u00bbtop_left\u00a0\u00bb background_repeat=\u00a0\u00bbrepeat\u00a0\u00bb background_size=\u00a0\u00bbinitial\u00a0\u00bb _builder_version=\u00a0\u00bb3.1.1&Prime;]<\/p>\n<h4>Conduire en \u00c9thiopie<\/h4>\n<p>Les conducteurs doivent \u00eatre munis d&rsquo;un permis de conduire international valide, qu&rsquo;ils peuvent obtenir en \u00e9changeant leur permis local au bureau de l&rsquo;autorit\u00e9 des transports et des routes \u00e0 Addis-Abeba. Les visiteurs peuvent r\u00e9cup\u00e9rer leur permis original un jour ou deux avant le d\u00e9part. Ceux qui poss\u00e8dent leur propre v\u00e9hicule devront obtenir un permis aupr\u00e8s du minist\u00e8re des transports et des communications. Conduite \u00e0 droite<\/p>\n<p>[\/et_pb_text][\/et_pb_column][\/et_pb_row][\/et_pb_section]<\/p>","protected":false},"excerpt":{"rendered":"<p>Autres informations Jours f\u00e9ri\u00e9s en \u00c9thiopie Enkutatash (Nouvel An \u00e9thiopien) : 11 septembre Meskel (la d\u00e9couverte de la vraie croix) : 27 septembre Genna (No\u00ebl \u00e9thiopien : naissance du Christ) : 7 janvier Timkat (\u00c9piphanie \u00e9thiopienne : bapt\u00eame du Christ) :\u00a019 janvier Adwa Day (comm\u00e9more la victoire de M\u00e9n\u00e9lik II sur l&rsquo;Italie en 1896) : [&hellip;]<\/p>\n","protected":false},"author":1,"featured_media":0,"parent":0,"menu_order":0,"comment_status":"open","ping_status":"open","template":"","meta":{"_et_pb_use_builder":"on","_et_pb_old_content":"","_et_gb_content_width":"","footnotes":""},"class_list":["post-331","page","type-page","status-publish","hentry"],"yoast_head":"<!-- This site is optimized with the Yoast SEO plugin v24.6 - https:\/\/yoast.com\/wordpress\/plugins\/seo\/ -->\n<title>Other Information - Welcome Ethiopia Tours<\/title>\n<meta name=\"robots\" content=\"index, follow, max-snippet:-1, max-image-preview:large, max-video-preview:-1\" \/>\n<link rel=\"canonical\" href=\"https:\/\/welcomeethiopiatours.com\/fr\/other-information\/\" \/>\n<meta property=\"og:locale\" content=\"fr_FR\" \/>\n<meta property=\"og:type\" content=\"article\" \/>\n<meta property=\"og:title\" content=\"Other Information - Welcome Ethiopia Tours\" \/>\n<meta property=\"og:description\" content=\"Autres informations Jours f\u00e9ri\u00e9s en \u00c9thiopie Enkutatash (Nouvel An \u00e9thiopien) : 11 septembre Meskel (la d\u00e9couverte de la vraie croix) : 27 septembre Genna (No\u00ebl \u00e9thiopien : naissance du Christ) : 7 janvier Timkat (\u00c9piphanie \u00e9thiopienne : bapt\u00eame du Christ) :\u00a019 janvier Adwa Day (comm\u00e9more la victoire de M\u00e9n\u00e9lik II sur l&#039;Italie en 1896) : [&hellip;]\" \/>\n<meta property=\"og:url\" content=\"https:\/\/welcomeethiopiatours.com\/fr\/other-information\/\" \/>\n<meta property=\"og:site_name\" content=\"Welcome Ethiopia Tours\" \/>\n<meta property=\"article:modified_time\" content=\"2022-10-12T19:03:41+00:00\" \/>\n<meta name=\"twitter:card\" content=\"summary_large_image\" \/>\n<meta name=\"twitter:label1\" content=\"Dur\u00e9e de lecture estim\u00e9e\" \/>\n\t<meta name=\"twitter:data1\" content=\"7 minutes\" \/>\n<script type=\"application\/ld+json\" class=\"yoast-schema-graph\">{\"@context\":\"https:\/\/schema.org\",\"@graph\":[{\"@type\":\"WebPage\",\"@id\":\"https:\/\/welcomeethiopiatours.com\/fr\/other-information\/\",\"url\":\"https:\/\/welcomeethiopiatours.com\/fr\/other-information\/\",\"name\":\"Other Information - Welcome Ethiopia Tours\",\"isPartOf\":{\"@id\":\"https:\/\/welcomeethiopiatours.com\/fr\/#website\"},\"datePublished\":\"2015-08-31T21:31:11+00:00\",\"dateModified\":\"2022-10-12T19:03:41+00:00\",\"breadcrumb\":{\"@id\":\"https:\/\/welcomeethiopiatours.com\/fr\/other-information\/#breadcrumb\"},\"inLanguage\":\"fr-FR\",\"potentialAction\":[{\"@type\":\"ReadAction\",\"target\":[[\"https:\/\/welcomeethiopiatours.com\/fr\/other-information\/\"]]}]},{\"@type\":\"BreadcrumbList\",\"@id\":\"https:\/\/welcomeethiopiatours.com\/fr\/other-information\/#breadcrumb\",\"itemListElement\":[{\"@type\":\"ListItem\",\"position\":1,\"name\":\"Home\",\"item\":\"https:\/\/welcomeethiopiatours.com\/fr\/\"},{\"@type\":\"ListItem\",\"position\":2,\"name\":\"Other Information\"}]},{\"@type\":\"WebSite\",\"@id\":\"https:\/\/welcomeethiopiatours.com\/fr\/#website\",\"url\":\"https:\/\/welcomeethiopiatours.com\/fr\/\",\"name\":\"Welcome Ethiopia Tours\",\"description\":\"(Deutsch) Best Tour Operator in Ethiopia\",\"potentialAction\":[{\"@type\":\"SearchAction\",\"target\":{\"@type\":\"EntryPoint\",\"urlTemplate\":\"https:\/\/welcomeethiopiatours.com\/fr\/?s={search_term_string}\"},\"query-input\":{\"@type\":\"PropertyValueSpecification\",\"valueRequired\":true,\"valueName\":\"search_term_string\"}}],\"inLanguage\":\"fr-FR\"}]}<\/script>\n<!-- \/ Yoast SEO plugin. -->","yoast_head_json":{"title":"Other Information - Welcome Ethiopia Tours","robots":{"index":"index","follow":"follow","max-snippet":"max-snippet:-1","max-image-preview":"max-image-preview:large","max-video-preview":"max-video-preview:-1"},"canonical":"https:\/\/welcomeethiopiatours.com\/fr\/other-information\/","og_locale":"fr_FR","og_type":"article","og_title":"Other Information - Welcome Ethiopia Tours","og_description":"Autres informations Jours f\u00e9ri\u00e9s en \u00c9thiopie Enkutatash (Nouvel An \u00e9thiopien) : 11 septembre Meskel (la d\u00e9couverte de la vraie croix) : 27 septembre Genna (No\u00ebl \u00e9thiopien : naissance du Christ) : 7 janvier Timkat (\u00c9piphanie \u00e9thiopienne : bapt\u00eame du Christ) :\u00a019 janvier Adwa Day (comm\u00e9more la victoire de M\u00e9n\u00e9lik II sur l'Italie en 1896) : [&hellip;]","og_url":"https:\/\/welcomeethiopiatours.com\/fr\/other-information\/","og_site_name":"Welcome Ethiopia Tours","article_modified_time":"2022-10-12T19:03:41+00:00","twitter_card":"summary_large_image","twitter_misc":{"Dur\u00e9e de lecture estim\u00e9e":"7 minutes"},"schema":{"@context":"https:\/\/schema.org","@graph":[{"@type":"WebPage","@id":"https:\/\/welcomeethiopiatours.com\/fr\/other-information\/","url":"https:\/\/welcomeethiopiatours.com\/fr\/other-information\/","name":"Other Information - Welcome Ethiopia Tours","isPartOf":{"@id":"https:\/\/welcomeethiopiatours.com\/fr\/#website"},"datePublished":"2015-08-31T21:31:11+00:00","dateModified":"2022-10-12T19:03:41+00:00","breadcrumb":{"@id":"https:\/\/welcomeethiopiatours.com\/fr\/other-information\/#breadcrumb"},"inLanguage":"fr-FR","potentialAction":[{"@type":"ReadAction","target":[["https:\/\/welcomeethiopiatours.com\/fr\/other-information\/"]]}]},{"@type":"BreadcrumbList","@id":"https:\/\/welcomeethiopiatours.com\/fr\/other-information\/#breadcrumb","itemListElement":[{"@type":"ListItem","position":1,"name":"Home","item":"https:\/\/welcomeethiopiatours.com\/fr\/"},{"@type":"ListItem","position":2,"name":"Other Information"}]},{"@type":"WebSite","@id":"https:\/\/welcomeethiopiatours.com\/fr\/#website","url":"https:\/\/welcomeethiopiatours.com\/fr\/","name":"Welcome Ethiopia Tours","description":"(Deutsch) Best Tour Operator in Ethiopia","potentialAction":[{"@type":"SearchAction","target":{"@type":"EntryPoint","urlTemplate":"https:\/\/welcomeethiopiatours.com\/fr\/?s={search_term_string}"},"query-input":{"@type":"PropertyValueSpecification","valueRequired":true,"valueName":"search_term_string"}}],"inLanguage":"fr-FR"}]}},"_links":{"self":[{"href":"https:\/\/welcomeethiopiatours.com\/fr\/wp-json\/wp\/v2\/pages\/331","targetHints":{"allow":["GET"]}}],"collection":[{"href":"https:\/\/welcomeethiopiatours.com\/fr\/wp-json\/wp\/v2\/pages"}],"about":[{"href":"https:\/\/welcomeethiopiatours.com\/fr\/wp-json\/wp\/v2\/types\/page"}],"author":[{"embeddable":true,"href":"https:\/\/welcomeethiopiatours.com\/fr\/wp-json\/wp\/v2\/users\/1"}],"replies":[{"embeddable":true,"href":"https:\/\/welcomeethiopiatours.com\/fr\/wp-json\/wp\/v2\/comments?post=331"}],"version-history":[{"count":0,"href":"https:\/\/welcomeethiopiatours.com\/fr\/wp-json\/wp\/v2\/pages\/331\/revisions"}],"wp:attachment":[{"href":"https:\/\/welcomeethiopiatours.com\/fr\/wp-json\/wp\/v2\/media?parent=331"}],"curies":[{"name":"wp","href":"https:\/\/api.w.org\/{rel}","templated":true}]}}