{"id":410,"date":"2015-09-17T08:35:34","date_gmt":"2015-09-17T08:35:34","guid":{"rendered":"https:\/\/welcomeethiopiatours.com\/?page_id=410"},"modified":"2020-03-26T10:46:29","modified_gmt":"2020-03-26T10:46:29","slug":"facts-and-figures","status":"publish","type":"page","link":"https:\/\/welcomeethiopiatours.com\/fr\/facts-and-figures\/","title":{"rendered":"Facts and Figures"},"content":{"rendered":"<p>[et_pb_section admin_label=\u00a0\u00bbsection\u00a0\u00bb transparent_background=\u00a0\u00bbon\u00a0\u00bb allow_player_pause=\u00a0\u00bboff\u00a0\u00bb inner_shadow=\u00a0\u00bboff\u00a0\u00bb parallax=\u00a0\u00bboff\u00a0\u00bb parallax_method=\u00a0\u00bboff\u00a0\u00bb padding_mobile=\u00a0\u00bboff\u00a0\u00bb make_fullwidth=\u00a0\u00bboff\u00a0\u00bb use_custom_width=\u00a0\u00bboff\u00a0\u00bb width_unit=\u00a0\u00bbon\u00a0\u00bb make_equal=\u00a0\u00bboff\u00a0\u00bb use_custom_gutter=\u00a0\u00bboff\u00a0\u00bb module_class=\u00a0\u00bbnobac nopad nobor nospace2columns\u00a0\u00bb][et_pb_row admin_label=\u00a0\u00bbrow\u00a0\u00bb make_fullwidth=\u00a0\u00bbon\u00a0\u00bb use_custom_width=\u00a0\u00bboff\u00a0\u00bb width_unit=\u00a0\u00bbon\u00a0\u00bb use_custom_gutter=\u00a0\u00bboff\u00a0\u00bb padding_mobile=\u00a0\u00bbon\u00a0\u00bb allow_player_pause=\u00a0\u00bboff\u00a0\u00bb parallax=\u00a0\u00bbon\u00a0\u00bb parallax_method=\u00a0\u00bboff\u00a0\u00bb make_equal=\u00a0\u00bboff\u00a0\u00bb custom_padding=\u00a0\u00bb0|0&Prime; module_class=\u00a0\u00bbfullwidthpagetitle\u00a0\u00bb][et_pb_column type=\u00a0\u00bb4_4&Prime;][et_pb_text admin_label=\u00a0\u00bbFaits et Chiffres \u00a0\u00bb background_layout=\u00a0\u00bblight\u00a0\u00bb text_orientation=\u00a0\u00bbleft\u00a0\u00bb background_image=\u00a0\u00bbhttps:\/\/welcomeethiopiatours.com\/wp-content\/uploads\/Ethiopia-Photos-Header.jpg\u00a0\u00bb use_border_color=\u00a0\u00bboff\u00a0\u00bb border_color=\u00a0\u00bb#ffffff\u00a0\u00bb border_style=\u00a0\u00bbsolid\u00a0\u00bb custom_padding=\u00a0\u00bb0||0|\u00a0\u00bb]<\/p>\n<h1>Faits et Chiffres<\/h1>\n<p>[\/et_pb_text][\/et_pb_column][\/et_pb_row][et_pb_row admin_label=\u00a0\u00bbrow\u00a0\u00bb make_fullwidth=\u00a0\u00bboff\u00a0\u00bb use_custom_width=\u00a0\u00bboff\u00a0\u00bb width_unit=\u00a0\u00bbon\u00a0\u00bb use_custom_gutter=\u00a0\u00bboff\u00a0\u00bb padding_mobile=\u00a0\u00bboff\u00a0\u00bb allow_player_pause=\u00a0\u00bboff\u00a0\u00bb parallax=\u00a0\u00bboff\u00a0\u00bb parallax_method=\u00a0\u00bboff\u00a0\u00bb make_equal=\u00a0\u00bboff\u00a0\u00bb][et_pb_column type=\u00a0\u00bb1_2&Prime;][et_pb_text admin_label=\u00a0\u00bbInformations g\u00e9n\u00e9rales\u00a0\u00bb background_layout=\u00a0\u00bblight\u00a0\u00bb text_orientation=\u00a0\u00bbleft\u00a0\u00bb use_border_color=\u00a0\u00bboff\u00a0\u00bb border_color=\u00a0\u00bb#ffffff\u00a0\u00bb border_style=\u00a0\u00bbsolid\u00a0\u00bb]<\/p>\n<h4>Informations g\u00e9n\u00e9rales<\/h4>\n<p><strong>Nom officiel<\/strong>\u00a0:<br \/>\nR\u00e9publique D\u00e9mocratique F\u00e9d\u00e9rale d\u2019Ethiopie<br \/>\n<strong>Syst\u00e8me politique<\/strong>\u00a0:<br \/>\nF\u00e9d\u00e9ral, multipartite<br \/>\n<strong>Chef d\u2019\u00e9tat<\/strong>\u00a0:<br \/>\nPr\u00e9sident\u00a0: Dr. Mulatu Teshome<br \/>\n<strong>Chef du gouvernement<\/strong>\u00a0:<br \/>\nPremier Ministre\u00a0: Hailemariam Dessalegn<br \/>\n<strong>Divisions administratives<\/strong>\u00a0:<br \/>\n9 \u00e9tats r\u00e9gionaux, 2 administrations par\u00a0ville<br \/>\n<strong>Villes principales<\/strong>\u00a0:<br \/>\nAddis Abeba, Adama, Bahir Dar, Dessie, Gondar, Harar, Hawassa, Jimma, Mekele et Dire Dawa<br \/>\n<strong>Capitale<\/strong>\u00a0:<br \/>\nAddis-Abeba, o\u00f9 si\u00e8gent aussi l\u2019Union Africaine (UA) et la Commission Economique des Nations Unies pour l\u2019Afrique (UNECA), entre autres.<br \/>\n[\/et_pb_text][et_pb_text admin_label=\u00a0\u00bbR\u00e9gion\u00a0\u00bb background_layout=\u00a0\u00bblight\u00a0\u00bb text_orientation=\u00a0\u00bbleft\u00a0\u00bb use_border_color=\u00a0\u00bboff\u00a0\u00bb border_color=\u00a0\u00bb#ffffff\u00a0\u00bb border_style=\u00a0\u00bbsolid\u00a0\u00bb]<\/p>\n<h4 id=\"tw-target-text\" class=\"tw-data-text tw-ta tw-text-large\" dir=\"ltr\" data-placeholder=\"Translation\"><span lang=\"fr\">R\u00e9gion<\/span><\/h4>\n<p><strong>Superficie<\/strong>\u00a0:<br \/>\n1,14 million de km\u00b2<br \/>\n<strong>Terres arables<\/strong>\u00a0:<br \/>\n513\u00a0000 km\u00b2 (45%)<br \/>\n<strong>Terres irrigu\u00e9es<\/strong>\u00a0:<br \/>\n34\u00a0200 km\u00b2 (3%)<br \/>\n[\/et_pb_text][et_pb_text admin_label=\u00a0\u00bbTopographie \u00a0\u00bb background_layout=\u00a0\u00bblight\u00a0\u00bb text_orientation=\u00a0\u00bbleft\u00a0\u00bb use_border_color=\u00a0\u00bboff\u00a0\u00bb border_color=\u00a0\u00bb#ffffff\u00a0\u00bb border_style=\u00a0\u00bbsolid\u00a0\u00bb]<\/p>\n<h4>Topographie<\/h4>\n<p>L\u2019Ethiopie a un plateau central \u00e9lev\u00e9 dont l\u2019altitude varie entre 2000 et 3000 m\u00e8tres au-dessus du niveau de la mer. Dans le nord et au centre, 25 sommets de montagnes d\u00e9passent les 4000 m\u00e8tres.<br \/>\nLa rivi\u00e8re la plus c\u00e9l\u00e8bre est le Nil Bleu (ou Abay), qui s\u2019\u00e9coule sur une distance de 1450 km depuis sa source avant de rejoindre le Nil Blanc \u00e0 Khartoum.<br \/>\n[\/et_pb_text][et_pb_text admin_label=\u00a0\u00bb\u00c9conomie\u00a0\u00bb background_layout=\u00a0\u00bblight\u00a0\u00bb text_orientation=\u00a0\u00bbleft\u00a0\u00bb use_border_color=\u00a0\u00bboff\u00a0\u00bb border_color=\u00a0\u00bb#ffffff\u00a0\u00bb border_style=\u00a0\u00bbsolid\u00a0\u00bb]<\/p>\n<h4 id=\"tw-target-text\" class=\"tw-data-text tw-ta tw-text-large\" dir=\"ltr\" data-placeholder=\"Translation\"><span lang=\"fr\">\u00c9conomie<\/span><\/h4>\n<p>Environ 90% de la population vie des produits de la terre, principalement d\u2019agriculture de subsistance. L\u2019agriculture est le pilier de l\u2019\u00e9conomie nationale et les principaux produits export\u00e9s sont\u00a0: le caf\u00e9, les graines ol\u00e9agineuses, les fleurs, les l\u00e9gumes, le sucre ainsi que des aliments pour animaux. Le secteur du b\u00e9tail est \u00e9galement florissant, avec un taux de croissance annuel de 10%.<br \/>\n<strong>PIB par habitant\u00a0:<br \/>\n<\/strong>550 USD (2012\/2013)<br \/>\n[\/et_pb_text][\/et_pb_column][et_pb_column type=\u00a0\u00bb1_2&Prime;][et_pb_text admin_label=\u00a0\u00bbLocalisation \u00a0\u00bb background_layout=\u00a0\u00bblight\u00a0\u00bb text_orientation=\u00a0\u00bbleft\u00a0\u00bb use_border_color=\u00a0\u00bboff\u00a0\u00bb border_color=\u00a0\u00bb#ffffff\u00a0\u00bb border_style=\u00a0\u00bbsolid\u00a0\u00bb]<\/p>\n<h4>Localisation<\/h4>\n<p>L\u2019Ethiopie est situ\u00e9e au nord-est de l\u2019Afrique et s\u2019\u00e9tend entre 3\u00b0 et 15\u00b0 au nord de l\u2019\u00e9quateur et entre 33\u00b0 et 48\u00b0 \u00e0 l\u2019est du m\u00e9ridien de Greenwich. L\u2019Ethiopie profite d\u2019un emplacement unique, entre l\u2019Afrique, le Moyen-Orient et l\u2019Asie.<br \/>\n[\/et_pb_text][et_pb_text admin_label=\u00a0\u00bbClimat\u00a0\u00bb background_layout=\u00a0\u00bblight\u00a0\u00bb text_orientation=\u00a0\u00bbleft\u00a0\u00bb use_border_color=\u00a0\u00bboff\u00a0\u00bb border_color=\u00a0\u00bb#ffffff\u00a0\u00bb border_style=\u00a0\u00bbsolid\u00a0\u00bb]<\/p>\n<h4>Climat<\/h4>\n<p>Il y a deux saisons principales\u00a0: la saison s\u00e8che et la saison des pluies. La saison s\u00e8che est dominante d\u2019octobre \u00e0 mai et la saison des pluies s\u2019\u00e9tend de juin \u00e0 septembre. Les temp\u00e9ratures \u00e9tonnamment fraiches dans une grande majorit\u00e9 (pour un pays africain) sont dues \u00e0 l\u2019altitude \u00e9lev\u00e9e.<br \/>\n[\/et_pb_text][et_pb_text admin_label=\u00a0\u00bbD\u00e9mographie \u00a0\u00bb background_layout=\u00a0\u00bblight\u00a0\u00bb text_orientation=\u00a0\u00bbleft\u00a0\u00bb use_border_color=\u00a0\u00bboff\u00a0\u00bb border_color=\u00a0\u00bb#ffffff\u00a0\u00bb border_style=\u00a0\u00bbsolid\u00a0\u00bb]<\/p>\n<h4>D\u00e9mographie<\/h4>\n<p>L\u2019Ethiopie compte environ 95 million d\u2019habitants, ce qui en fait le deuxi\u00e8me pays le plus peupl\u00e9 du continent et environ 83 groupes ethniques y cohabitent. Sur la base des langues parl\u00e9es, on peut diviser la population en\u00a0 s\u00e9mites, couchitiques, omotiques, et nilo-sahariens.<br \/>\n[\/et_pb_text][et_pb_text admin_label=\u00a0\u00bbReligions \u00a0\u00bb background_layout=\u00a0\u00bblight\u00a0\u00bb text_orientation=\u00a0\u00bbleft\u00a0\u00bb use_border_color=\u00a0\u00bboff\u00a0\u00bb border_color=\u00a0\u00bb#ffffff\u00a0\u00bb border_style=\u00a0\u00bbsolid\u00a0\u00bb]<\/p>\n<h4>Religions<\/h4>\n<p>Les religions principales du pays sont le christianisme (Eglise \u00e9thiopienne orthodoxe) et l\u2019islam. De nombreuses religions traditionnelles animistes sont aussi pr\u00e9sentes et il existe une communaut\u00e9 juive. Une des caract\u00e9ristiques remarquables de l\u2019Ethiopie est le climat de tol\u00e9rance interreligieuse qui y r\u00e8gne.<br \/>\n[\/et_pb_text][et_pb_text admin_label=\u00a0\u00bbLangues \u00a0\u00bb background_layout=\u00a0\u00bblight\u00a0\u00bb text_orientation=\u00a0\u00bbleft\u00a0\u00bb use_border_color=\u00a0\u00bboff\u00a0\u00bb border_color=\u00a0\u00bb#ffffff\u00a0\u00bb border_style=\u00a0\u00bbsolid\u00a0\u00bb]<\/p>\n<h4>Langues<\/h4>\n<p>L\u2019Ethiopie est un \u00e9tat multi-ethnique avec 83 langues parl\u00e9es et plus de 200 dialectes. L\u2019amharique est la langue officielle. L\u2019oromynia et le tigrinya sont les autres langues les plus r\u00e9pandues. L\u2019anglais est utilis\u00e9 dans l\u2019enseignement,\u00a0 dans les \u00e9coles \u00e9l\u00e9mentaires et secondaires ainsi que dans les \u00e9tablissements d\u2019\u00e9tudes sup\u00e9rieures. Il est parl\u00e9 \u00e0 grande \u00e9chelle, en particulier dans le monde du commerce.<br \/>\n[\/et_pb_text][et_pb_text admin_label=\u00a0\u00bbCalendrier \u00a0\u00bb background_layout=\u00a0\u00bblight\u00a0\u00bb text_orientation=\u00a0\u00bbleft\u00a0\u00bb use_border_color=\u00a0\u00bboff\u00a0\u00bb border_color=\u00a0\u00bb#ffffff\u00a0\u00bb border_style=\u00a0\u00bbsolid\u00a0\u00bb]<\/p>\n<h4>Calendrier<\/h4>\n<p>L\u2019Ethiopie utilise le calendrier julien, qui divise l\u2019ann\u00e9e en 12 mois. Le restant des 5 ou 6 jours dans une ann\u00e9e bissextile constitue un court 13i\u00e8me mois, appel\u00e9 \u00ab\u00a0Pagume\u00a0\u00bb. Par ailleurs, leur calendrier a 7 ans de retard sur le calendrier gr\u00e9gorien, et le Nouvel An \u00e9thiopien\u00a0 tombe le 11 septembre.<br \/>\n[\/et_pb_text][\/et_pb_column][\/et_pb_row][\/et_pb_section]<\/p>","protected":false},"excerpt":{"rendered":"<p>Faits et Chiffres Informations g\u00e9n\u00e9rales Nom officiel\u00a0: R\u00e9publique D\u00e9mocratique F\u00e9d\u00e9rale d\u2019Ethiopie Syst\u00e8me politique\u00a0: F\u00e9d\u00e9ral, multipartite Chef d\u2019\u00e9tat\u00a0: Pr\u00e9sident\u00a0: Dr. Mulatu Teshome Chef du gouvernement\u00a0: Premier Ministre\u00a0: Hailemariam Dessalegn Divisions administratives\u00a0: 9 \u00e9tats r\u00e9gionaux, 2 administrations par\u00a0ville Villes principales\u00a0: Addis Abeba, Adama, Bahir Dar, Dessie, Gondar, Harar, Hawassa, Jimma, Mekele et Dire Dawa Capitale\u00a0: Addis-Abeba, o\u00f9 [&hellip;]<\/p>\n","protected":false},"author":1,"featured_media":0,"parent":0,"menu_order":0,"comment_status":"open","ping_status":"open","template":"","meta":{"_et_pb_use_builder":"on","_et_pb_old_content":"","_et_gb_content_width":"","footnotes":""},"class_list":["post-410","page","type-page","status-publish","hentry"],"yoast_head":"<!-- This site is optimized with the Yoast SEO plugin v24.6 - https:\/\/yoast.com\/wordpress\/plugins\/seo\/ -->\n<title>Facts and Figures - Welcome Ethiopia Tours<\/title>\n<meta name=\"robots\" content=\"index, follow, max-snippet:-1, max-image-preview:large, max-video-preview:-1\" \/>\n<link rel=\"canonical\" href=\"https:\/\/welcomeethiopiatours.com\/fr\/facts-and-figures\/\" \/>\n<meta property=\"og:locale\" content=\"fr_FR\" \/>\n<meta property=\"og:type\" content=\"article\" \/>\n<meta property=\"og:title\" content=\"Facts and Figures - Welcome Ethiopia Tours\" \/>\n<meta property=\"og:description\" content=\"Faits et Chiffres Informations g\u00e9n\u00e9rales Nom officiel\u00a0: R\u00e9publique D\u00e9mocratique F\u00e9d\u00e9rale d\u2019Ethiopie Syst\u00e8me politique\u00a0: F\u00e9d\u00e9ral, multipartite Chef d\u2019\u00e9tat\u00a0: Pr\u00e9sident\u00a0: Dr. Mulatu Teshome Chef du gouvernement\u00a0: Premier Ministre\u00a0: Hailemariam Dessalegn Divisions administratives\u00a0: 9 \u00e9tats r\u00e9gionaux, 2 administrations par\u00a0ville Villes principales\u00a0: Addis Abeba, Adama, Bahir Dar, Dessie, Gondar, Harar, Hawassa, Jimma, Mekele et Dire Dawa Capitale\u00a0: Addis-Abeba, o\u00f9 [&hellip;]\" \/>\n<meta property=\"og:url\" content=\"https:\/\/welcomeethiopiatours.com\/fr\/facts-and-figures\/\" \/>\n<meta property=\"og:site_name\" content=\"Welcome Ethiopia Tours\" \/>\n<meta property=\"article:modified_time\" content=\"2020-03-26T10:46:29+00:00\" \/>\n<meta name=\"twitter:card\" content=\"summary_large_image\" \/>\n<meta name=\"twitter:label1\" content=\"Dur\u00e9e de lecture estim\u00e9e\" \/>\n\t<meta name=\"twitter:data1\" content=\"14 minutes\" \/>\n<script type=\"application\/ld+json\" class=\"yoast-schema-graph\">{\"@context\":\"https:\/\/schema.org\",\"@graph\":[{\"@type\":\"WebPage\",\"@id\":\"https:\/\/welcomeethiopiatours.com\/fr\/facts-and-figures\/\",\"url\":\"https:\/\/welcomeethiopiatours.com\/fr\/facts-and-figures\/\",\"name\":\"Facts and Figures - Welcome Ethiopia Tours\",\"isPartOf\":{\"@id\":\"https:\/\/welcomeethiopiatours.com\/fr\/#website\"},\"datePublished\":\"2015-09-17T08:35:34+00:00\",\"dateModified\":\"2020-03-26T10:46:29+00:00\",\"breadcrumb\":{\"@id\":\"https:\/\/welcomeethiopiatours.com\/fr\/facts-and-figures\/#breadcrumb\"},\"inLanguage\":\"fr-FR\",\"potentialAction\":[{\"@type\":\"ReadAction\",\"target\":[[\"https:\/\/welcomeethiopiatours.com\/fr\/facts-and-figures\/\"]]}]},{\"@type\":\"BreadcrumbList\",\"@id\":\"https:\/\/welcomeethiopiatours.com\/fr\/facts-and-figures\/#breadcrumb\",\"itemListElement\":[{\"@type\":\"ListItem\",\"position\":1,\"name\":\"Home\",\"item\":\"https:\/\/welcomeethiopiatours.com\/fr\/\"},{\"@type\":\"ListItem\",\"position\":2,\"name\":\"Facts and Figures\"}]},{\"@type\":\"WebSite\",\"@id\":\"https:\/\/welcomeethiopiatours.com\/fr\/#website\",\"url\":\"https:\/\/welcomeethiopiatours.com\/fr\/\",\"name\":\"Welcome Ethiopia Tours\",\"description\":\"(Deutsch) Best Tour Operator in Ethiopia\",\"potentialAction\":[{\"@type\":\"SearchAction\",\"target\":{\"@type\":\"EntryPoint\",\"urlTemplate\":\"https:\/\/welcomeethiopiatours.com\/fr\/?s={search_term_string}\"},\"query-input\":{\"@type\":\"PropertyValueSpecification\",\"valueRequired\":true,\"valueName\":\"search_term_string\"}}],\"inLanguage\":\"fr-FR\"}]}<\/script>\n<!-- \/ Yoast SEO plugin. -->","yoast_head_json":{"title":"Facts and Figures - Welcome Ethiopia Tours","robots":{"index":"index","follow":"follow","max-snippet":"max-snippet:-1","max-image-preview":"max-image-preview:large","max-video-preview":"max-video-preview:-1"},"canonical":"https:\/\/welcomeethiopiatours.com\/fr\/facts-and-figures\/","og_locale":"fr_FR","og_type":"article","og_title":"Facts and Figures - Welcome Ethiopia Tours","og_description":"Faits et Chiffres Informations g\u00e9n\u00e9rales Nom officiel\u00a0: R\u00e9publique D\u00e9mocratique F\u00e9d\u00e9rale d\u2019Ethiopie Syst\u00e8me politique\u00a0: F\u00e9d\u00e9ral, multipartite Chef d\u2019\u00e9tat\u00a0: Pr\u00e9sident\u00a0: Dr. Mulatu Teshome Chef du gouvernement\u00a0: Premier Ministre\u00a0: Hailemariam Dessalegn Divisions administratives\u00a0: 9 \u00e9tats r\u00e9gionaux, 2 administrations par\u00a0ville Villes principales\u00a0: Addis Abeba, Adama, Bahir Dar, Dessie, Gondar, Harar, Hawassa, Jimma, Mekele et Dire Dawa Capitale\u00a0: Addis-Abeba, o\u00f9 [&hellip;]","og_url":"https:\/\/welcomeethiopiatours.com\/fr\/facts-and-figures\/","og_site_name":"Welcome Ethiopia Tours","article_modified_time":"2020-03-26T10:46:29+00:00","twitter_card":"summary_large_image","twitter_misc":{"Dur\u00e9e de lecture estim\u00e9e":"14 minutes"},"schema":{"@context":"https:\/\/schema.org","@graph":[{"@type":"WebPage","@id":"https:\/\/welcomeethiopiatours.com\/fr\/facts-and-figures\/","url":"https:\/\/welcomeethiopiatours.com\/fr\/facts-and-figures\/","name":"Facts and Figures - Welcome Ethiopia Tours","isPartOf":{"@id":"https:\/\/welcomeethiopiatours.com\/fr\/#website"},"datePublished":"2015-09-17T08:35:34+00:00","dateModified":"2020-03-26T10:46:29+00:00","breadcrumb":{"@id":"https:\/\/welcomeethiopiatours.com\/fr\/facts-and-figures\/#breadcrumb"},"inLanguage":"fr-FR","potentialAction":[{"@type":"ReadAction","target":[["https:\/\/welcomeethiopiatours.com\/fr\/facts-and-figures\/"]]}]},{"@type":"BreadcrumbList","@id":"https:\/\/welcomeethiopiatours.com\/fr\/facts-and-figures\/#breadcrumb","itemListElement":[{"@type":"ListItem","position":1,"name":"Home","item":"https:\/\/welcomeethiopiatours.com\/fr\/"},{"@type":"ListItem","position":2,"name":"Facts and Figures"}]},{"@type":"WebSite","@id":"https:\/\/welcomeethiopiatours.com\/fr\/#website","url":"https:\/\/welcomeethiopiatours.com\/fr\/","name":"Welcome Ethiopia Tours","description":"(Deutsch) Best Tour Operator in Ethiopia","potentialAction":[{"@type":"SearchAction","target":{"@type":"EntryPoint","urlTemplate":"https:\/\/welcomeethiopiatours.com\/fr\/?s={search_term_string}"},"query-input":{"@type":"PropertyValueSpecification","valueRequired":true,"valueName":"search_term_string"}}],"inLanguage":"fr-FR"}]}},"_links":{"self":[{"href":"https:\/\/welcomeethiopiatours.com\/fr\/wp-json\/wp\/v2\/pages\/410","targetHints":{"allow":["GET"]}}],"collection":[{"href":"https:\/\/welcomeethiopiatours.com\/fr\/wp-json\/wp\/v2\/pages"}],"about":[{"href":"https:\/\/welcomeethiopiatours.com\/fr\/wp-json\/wp\/v2\/types\/page"}],"author":[{"embeddable":true,"href":"https:\/\/welcomeethiopiatours.com\/fr\/wp-json\/wp\/v2\/users\/1"}],"replies":[{"embeddable":true,"href":"https:\/\/welcomeethiopiatours.com\/fr\/wp-json\/wp\/v2\/comments?post=410"}],"version-history":[{"count":0,"href":"https:\/\/welcomeethiopiatours.com\/fr\/wp-json\/wp\/v2\/pages\/410\/revisions"}],"wp:attachment":[{"href":"https:\/\/welcomeethiopiatours.com\/fr\/wp-json\/wp\/v2\/media?parent=410"}],"curies":[{"name":"wp","href":"https:\/\/api.w.org\/{rel}","templated":true}]}}