{"id":414,"date":"2015-09-17T08:39:46","date_gmt":"2015-09-17T08:39:46","guid":{"rendered":"https:\/\/welcomeethiopiatours.com\/?page_id=414"},"modified":"2022-10-13T04:40:44","modified_gmt":"2022-10-13T04:40:44","slug":"historical-and-geographical-info","status":"publish","type":"page","link":"https:\/\/welcomeethiopiatours.com\/fr\/historical-and-geographical-info\/","title":{"rendered":"Historical and Geographical Info"},"content":{"rendered":"<p>[et_pb_section admin_label=\u00a0\u00bbsection\u00a0\u00bb transparent_background=\u00a0\u00bbon\u00a0\u00bb allow_player_pause=\u00a0\u00bboff\u00a0\u00bb inner_shadow=\u00a0\u00bboff\u00a0\u00bb parallax=\u00a0\u00bboff\u00a0\u00bb parallax_method=\u00a0\u00bboff\u00a0\u00bb padding_mobile=\u00a0\u00bboff\u00a0\u00bb make_fullwidth=\u00a0\u00bboff\u00a0\u00bb use_custom_width=\u00a0\u00bboff\u00a0\u00bb width_unit=\u00a0\u00bbon\u00a0\u00bb make_equal=\u00a0\u00bboff\u00a0\u00bb use_custom_gutter=\u00a0\u00bboff\u00a0\u00bb module_class=\u00a0\u00bbnobac nopad nobor nospace2columns\u00a0\u00bb][et_pb_row admin_label=\u00a0\u00bbrow\u00a0\u00bb make_fullwidth=\u00a0\u00bbon\u00a0\u00bb use_custom_width=\u00a0\u00bboff\u00a0\u00bb width_unit=\u00a0\u00bbon\u00a0\u00bb use_custom_gutter=\u00a0\u00bboff\u00a0\u00bb padding_mobile=\u00a0\u00bbon\u00a0\u00bb allow_player_pause=\u00a0\u00bboff\u00a0\u00bb parallax=\u00a0\u00bbon\u00a0\u00bb parallax_method=\u00a0\u00bboff\u00a0\u00bb make_equal=\u00a0\u00bboff\u00a0\u00bb custom_padding=\u00a0\u00bb0|0&Prime; module_class=\u00a0\u00bbfullwidthpagetitle\u00a0\u00bb][et_pb_column type=\u00a0\u00bb4_4&Prime;][et_pb_text admin_label=\u00a0\u00bbUn peu d\u2019Histoire et de g\u00e9ographie \u00a0\u00bb background_layout=\u00a0\u00bblight\u00a0\u00bb text_orientation=\u00a0\u00bbleft\u00a0\u00bb background_image=\u00a0\u00bbhttps:\/\/welcomeethiopiatours.com\/wp-content\/uploads\/Ethiopia-Photos-Header.jpg\u00a0\u00bb use_border_color=\u00a0\u00bboff\u00a0\u00bb border_color=\u00a0\u00bb#ffffff\u00a0\u00bb border_style=\u00a0\u00bbsolid\u00a0\u00bb custom_padding=\u00a0\u00bb0||0|\u00a0\u00bb]<\/p>\n<h1>Un peu d\u2019Histoire et de g\u00e9ographie<\/h1>\n<p>[\/et_pb_text][\/et_pb_column][\/et_pb_row][et_pb_row admin_label=\u00a0\u00bbrow\u00a0\u00bb make_fullwidth=\u00a0\u00bboff\u00a0\u00bb use_custom_width=\u00a0\u00bboff\u00a0\u00bb width_unit=\u00a0\u00bbon\u00a0\u00bb use_custom_gutter=\u00a0\u00bboff\u00a0\u00bb padding_mobile=\u00a0\u00bboff\u00a0\u00bb allow_player_pause=\u00a0\u00bboff\u00a0\u00bb parallax=\u00a0\u00bboff\u00a0\u00bb parallax_method=\u00a0\u00bboff\u00a0\u00bb make_equal=\u00a0\u00bboff\u00a0\u00bb][et_pb_column type=\u00a0\u00bb4_4&Prime;][et_pb_text admin_label=\u00a0\u00bbText\u00a0\u00bb background_layout=\u00a0\u00bblight\u00a0\u00bb text_orientation=\u00a0\u00bbleft\u00a0\u00bb use_border_color=\u00a0\u00bboff\u00a0\u00bb border_color=\u00a0\u00bb#ffffff\u00a0\u00bb border_style=\u00a0\u00bbsolid\u00a0\u00bb]<br \/>\nL\u2019Ethiopie, ancienne Abyssinie, est un \u00e9tat d\u2019Afrique de l\u2019est, situ\u00e9 dans ce que l\u2019on appelle la Corne de l\u2019Afrique. Sa superficie est d\u2019environ deux fois celle de la France. Selon un recensement r\u00e9cent,\u00a0 la population est estim\u00e9e \u00e0 environ 85 millions d\u2019habitants, appartenant \u00e0 80 groupes ethniques diff\u00e9rents. Le pays est d\u00e9limit\u00e9 au nord-est par l\u2019Erythr\u00e9e et Djibouti, \u00e0 l\u2019est et au sud-ouest par la Somalie, au sud par le Kenya et \u00e0 l\u2019ouest par le Soudan et le Soudan du Sud.<br \/>\nLa\u00a0 topographie de cette terre de contrastes a \u00e9t\u00e9 form\u00e9e par l\u2019activit\u00e9 volcanique. De hauts plateaux couvrent une majorit\u00e9 du pays et l\u2019altitude moyenne est de 2000 m\u00e8tres au-dessus du niveau de la mer, ce niveau diminuant nettement sur trois cot\u00e9s \u00e0 l\u2019approche des fronti\u00e8res. La vall\u00e9e du grand Rift, cette immense faille g\u00e9ologique qui commence en Jordanie et traverse la mer Rouge jusqu\u2019\u00e0 la d\u00e9pression du Danakil, traverse le pays de part en part puis s\u2019\u00e9tend jusqu\u2019au Kenya et \u00e0 la Tanzanie pour se terminer au\u00a0 Mozambique.<br \/>\nCette r\u00e9gion, et l\u2019Ethiopie en particulier, est\u00a0 aussi connue comme le \u00ab\u00a0berceau de l\u2019humanit\u00e9\u00a0\u00bb car c\u2019est l\u00e0 qu\u2019ont \u00e9t\u00e9 d\u00e9couverts de nombreux fossiles d\u2019hominid\u00e9s, notamment le squelette de notre c\u00e9l\u00e8bre anc\u00eatre australopith\u00e8que, Lucy, qui a v\u00e9cu il y a environ 3,2 millions d\u2019ann\u00e9es et dont les fragments d\u2019os\u00a0 ont \u00e9t\u00e9 trouv\u00e9s dans la vall\u00e9e du Rift \u00e9thiopien sur le site d\u2019Hadar. Les peuples d\u2019Ethiopie, pr\u00e9serv\u00e9s de la colonisation, ont conserv\u00e9 une identit\u00e9 culturelle tr\u00e8s forte, riche et vari\u00e9e.<br \/>\n[\/et_pb_text][\/et_pb_column][\/et_pb_row][\/et_pb_section]<\/p>","protected":false},"excerpt":{"rendered":"<p>Un peu d\u2019Histoire et de g\u00e9ographie L\u2019Ethiopie, ancienne Abyssinie, est un \u00e9tat d\u2019Afrique de l\u2019est, situ\u00e9 dans ce que l\u2019on appelle la Corne de l\u2019Afrique. Sa superficie est d\u2019environ deux fois celle de la France. Selon un recensement r\u00e9cent,\u00a0 la population est estim\u00e9e \u00e0 environ 85 millions d\u2019habitants, appartenant \u00e0 80 groupes ethniques diff\u00e9rents. Le [&hellip;]<\/p>\n","protected":false},"author":1,"featured_media":0,"parent":0,"menu_order":0,"comment_status":"open","ping_status":"open","template":"","meta":{"_et_pb_use_builder":"on","_et_pb_old_content":"","_et_gb_content_width":"","footnotes":""},"class_list":["post-414","page","type-page","status-publish","hentry"],"yoast_head":"<!-- This site is optimized with the Yoast SEO plugin v24.6 - https:\/\/yoast.com\/wordpress\/plugins\/seo\/ -->\n<title>Historical and Geographical Info - Welcome Ethiopia Tours<\/title>\n<meta name=\"robots\" content=\"index, follow, max-snippet:-1, max-image-preview:large, max-video-preview:-1\" \/>\n<link rel=\"canonical\" href=\"https:\/\/welcomeethiopiatours.com\/fr\/historical-and-geographical-info\/\" \/>\n<meta property=\"og:locale\" content=\"fr_FR\" \/>\n<meta property=\"og:type\" content=\"article\" \/>\n<meta property=\"og:title\" content=\"Historical and Geographical Info - Welcome Ethiopia Tours\" \/>\n<meta property=\"og:description\" content=\"Un peu d\u2019Histoire et de g\u00e9ographie L\u2019Ethiopie, ancienne Abyssinie, est un \u00e9tat d\u2019Afrique de l\u2019est, situ\u00e9 dans ce que l\u2019on appelle la Corne de l\u2019Afrique. Sa superficie est d\u2019environ deux fois celle de la France. Selon un recensement r\u00e9cent,\u00a0 la population est estim\u00e9e \u00e0 environ 85 millions d\u2019habitants, appartenant \u00e0 80 groupes ethniques diff\u00e9rents. Le [&hellip;]\" \/>\n<meta property=\"og:url\" content=\"https:\/\/welcomeethiopiatours.com\/fr\/historical-and-geographical-info\/\" \/>\n<meta property=\"og:site_name\" content=\"Welcome Ethiopia Tours\" \/>\n<meta property=\"article:modified_time\" content=\"2022-10-13T04:40:44+00:00\" \/>\n<meta name=\"twitter:card\" content=\"summary_large_image\" \/>\n<meta name=\"twitter:label1\" content=\"Dur\u00e9e de lecture estim\u00e9e\" \/>\n\t<meta name=\"twitter:data1\" content=\"7 minutes\" \/>\n<script type=\"application\/ld+json\" class=\"yoast-schema-graph\">{\"@context\":\"https:\/\/schema.org\",\"@graph\":[{\"@type\":\"WebPage\",\"@id\":\"https:\/\/welcomeethiopiatours.com\/fr\/historical-and-geographical-info\/\",\"url\":\"https:\/\/welcomeethiopiatours.com\/fr\/historical-and-geographical-info\/\",\"name\":\"Historical and Geographical Info - Welcome Ethiopia Tours\",\"isPartOf\":{\"@id\":\"https:\/\/welcomeethiopiatours.com\/fr\/#website\"},\"datePublished\":\"2015-09-17T08:39:46+00:00\",\"dateModified\":\"2022-10-13T04:40:44+00:00\",\"breadcrumb\":{\"@id\":\"https:\/\/welcomeethiopiatours.com\/fr\/historical-and-geographical-info\/#breadcrumb\"},\"inLanguage\":\"fr-FR\",\"potentialAction\":[{\"@type\":\"ReadAction\",\"target\":[[\"https:\/\/welcomeethiopiatours.com\/fr\/historical-and-geographical-info\/\"]]}]},{\"@type\":\"BreadcrumbList\",\"@id\":\"https:\/\/welcomeethiopiatours.com\/fr\/historical-and-geographical-info\/#breadcrumb\",\"itemListElement\":[{\"@type\":\"ListItem\",\"position\":1,\"name\":\"Home\",\"item\":\"https:\/\/welcomeethiopiatours.com\/fr\/\"},{\"@type\":\"ListItem\",\"position\":2,\"name\":\"Historical and Geographical Info\"}]},{\"@type\":\"WebSite\",\"@id\":\"https:\/\/welcomeethiopiatours.com\/fr\/#website\",\"url\":\"https:\/\/welcomeethiopiatours.com\/fr\/\",\"name\":\"Welcome Ethiopia Tours\",\"description\":\"(Deutsch) Best Tour Operator in Ethiopia\",\"potentialAction\":[{\"@type\":\"SearchAction\",\"target\":{\"@type\":\"EntryPoint\",\"urlTemplate\":\"https:\/\/welcomeethiopiatours.com\/fr\/?s={search_term_string}\"},\"query-input\":{\"@type\":\"PropertyValueSpecification\",\"valueRequired\":true,\"valueName\":\"search_term_string\"}}],\"inLanguage\":\"fr-FR\"}]}<\/script>\n<!-- \/ Yoast SEO plugin. -->","yoast_head_json":{"title":"Historical and Geographical Info - Welcome Ethiopia Tours","robots":{"index":"index","follow":"follow","max-snippet":"max-snippet:-1","max-image-preview":"max-image-preview:large","max-video-preview":"max-video-preview:-1"},"canonical":"https:\/\/welcomeethiopiatours.com\/fr\/historical-and-geographical-info\/","og_locale":"fr_FR","og_type":"article","og_title":"Historical and Geographical Info - Welcome Ethiopia Tours","og_description":"Un peu d\u2019Histoire et de g\u00e9ographie L\u2019Ethiopie, ancienne Abyssinie, est un \u00e9tat d\u2019Afrique de l\u2019est, situ\u00e9 dans ce que l\u2019on appelle la Corne de l\u2019Afrique. Sa superficie est d\u2019environ deux fois celle de la France. Selon un recensement r\u00e9cent,\u00a0 la population est estim\u00e9e \u00e0 environ 85 millions d\u2019habitants, appartenant \u00e0 80 groupes ethniques diff\u00e9rents. Le [&hellip;]","og_url":"https:\/\/welcomeethiopiatours.com\/fr\/historical-and-geographical-info\/","og_site_name":"Welcome Ethiopia Tours","article_modified_time":"2022-10-13T04:40:44+00:00","twitter_card":"summary_large_image","twitter_misc":{"Dur\u00e9e de lecture estim\u00e9e":"7 minutes"},"schema":{"@context":"https:\/\/schema.org","@graph":[{"@type":"WebPage","@id":"https:\/\/welcomeethiopiatours.com\/fr\/historical-and-geographical-info\/","url":"https:\/\/welcomeethiopiatours.com\/fr\/historical-and-geographical-info\/","name":"Historical and Geographical Info - Welcome Ethiopia Tours","isPartOf":{"@id":"https:\/\/welcomeethiopiatours.com\/fr\/#website"},"datePublished":"2015-09-17T08:39:46+00:00","dateModified":"2022-10-13T04:40:44+00:00","breadcrumb":{"@id":"https:\/\/welcomeethiopiatours.com\/fr\/historical-and-geographical-info\/#breadcrumb"},"inLanguage":"fr-FR","potentialAction":[{"@type":"ReadAction","target":[["https:\/\/welcomeethiopiatours.com\/fr\/historical-and-geographical-info\/"]]}]},{"@type":"BreadcrumbList","@id":"https:\/\/welcomeethiopiatours.com\/fr\/historical-and-geographical-info\/#breadcrumb","itemListElement":[{"@type":"ListItem","position":1,"name":"Home","item":"https:\/\/welcomeethiopiatours.com\/fr\/"},{"@type":"ListItem","position":2,"name":"Historical and Geographical Info"}]},{"@type":"WebSite","@id":"https:\/\/welcomeethiopiatours.com\/fr\/#website","url":"https:\/\/welcomeethiopiatours.com\/fr\/","name":"Welcome Ethiopia Tours","description":"(Deutsch) Best Tour Operator in Ethiopia","potentialAction":[{"@type":"SearchAction","target":{"@type":"EntryPoint","urlTemplate":"https:\/\/welcomeethiopiatours.com\/fr\/?s={search_term_string}"},"query-input":{"@type":"PropertyValueSpecification","valueRequired":true,"valueName":"search_term_string"}}],"inLanguage":"fr-FR"}]}},"_links":{"self":[{"href":"https:\/\/welcomeethiopiatours.com\/fr\/wp-json\/wp\/v2\/pages\/414","targetHints":{"allow":["GET"]}}],"collection":[{"href":"https:\/\/welcomeethiopiatours.com\/fr\/wp-json\/wp\/v2\/pages"}],"about":[{"href":"https:\/\/welcomeethiopiatours.com\/fr\/wp-json\/wp\/v2\/types\/page"}],"author":[{"embeddable":true,"href":"https:\/\/welcomeethiopiatours.com\/fr\/wp-json\/wp\/v2\/users\/1"}],"replies":[{"embeddable":true,"href":"https:\/\/welcomeethiopiatours.com\/fr\/wp-json\/wp\/v2\/comments?post=414"}],"version-history":[{"count":0,"href":"https:\/\/welcomeethiopiatours.com\/fr\/wp-json\/wp\/v2\/pages\/414\/revisions"}],"wp:attachment":[{"href":"https:\/\/welcomeethiopiatours.com\/fr\/wp-json\/wp\/v2\/media?parent=414"}],"curies":[{"name":"wp","href":"https:\/\/api.w.org\/{rel}","templated":true}]}}