{"id":436,"date":"2015-09-23T07:23:25","date_gmt":"2015-09-23T07:23:25","guid":{"rendered":"https:\/\/welcomeethiopiatours.com\/?page_id=436"},"modified":"2022-10-14T11:35:27","modified_gmt":"2022-10-14T11:35:27","slug":"historical-attractions","status":"publish","type":"page","link":"https:\/\/welcomeethiopiatours.com\/fr\/historical-attractions\/","title":{"rendered":"Attractions historiques"},"content":{"rendered":"<p>[et_pb_section bb_built=\u00a0\u00bb1&Prime; transparent_background=\u00a0\u00bbon\u00a0\u00bb allow_player_pause=\u00a0\u00bboff\u00a0\u00bb inner_shadow=\u00a0\u00bboff\u00a0\u00bb parallax=\u00a0\u00bboff\u00a0\u00bb parallax_method=\u00a0\u00bboff\u00a0\u00bb padding_mobile=\u00a0\u00bboff\u00a0\u00bb make_fullwidth=\u00a0\u00bboff\u00a0\u00bb use_custom_width=\u00a0\u00bboff\u00a0\u00bb width_unit=\u00a0\u00bbon\u00a0\u00bb make_equal=\u00a0\u00bboff\u00a0\u00bb use_custom_gutter=\u00a0\u00bboff\u00a0\u00bb module_class=\u00a0\u00bbnobac nopad nobor nospace2columns\u00a0\u00bb background_color=\u00a0\u00bbrgba(255,255,255,0)\u00a0\u00bb custom_padding_tablet=\u00a0\u00bb50px|0|50px|0&Prime; custom_padding_last_edited=\u00a0\u00bbon|desktop\u00a0\u00bb][et_pb_row make_fullwidth=\u00a0\u00bbon\u00a0\u00bb use_custom_width=\u00a0\u00bboff\u00a0\u00bb width_unit=\u00a0\u00bbon\u00a0\u00bb use_custom_gutter=\u00a0\u00bboff\u00a0\u00bb padding_mobile=\u00a0\u00bbon\u00a0\u00bb allow_player_pause=\u00a0\u00bboff\u00a0\u00bb parallax=\u00a0\u00bbon\u00a0\u00bb parallax_method=\u00a0\u00bboff\u00a0\u00bb make_equal=\u00a0\u00bboff\u00a0\u00bb custom_padding=\u00a0\u00bb0|0&Prime; module_class=\u00a0\u00bbfullwidthpagetitle\u00a0\u00bb background_position=\u00a0\u00bbtop_left\u00a0\u00bb background_repeat=\u00a0\u00bbrepeat\u00a0\u00bb background_size=\u00a0\u00bbinitial\u00a0\u00bb][et_pb_column type=\u00a0\u00bb4_4&Prime;][et_pb_text admin_label=\u00a0\u00bbAttractions historiques\u00a0\u00bb background_image=\u00a0\u00bbhttps:\/\/welcomeethiopiatours.com\/wp-content\/uploads\/Ethiopia-Photos-Header.jpg\u00a0\u00bb use_border_color=\u00a0\u00bboff\u00a0\u00bb custom_padding=\u00a0\u00bb0||0|\u00a0\u00bb background_position=\u00a0\u00bbtop_left\u00a0\u00bb background_repeat=\u00a0\u00bbrepeat\u00a0\u00bb background_size=\u00a0\u00bbinitial\u00a0\u00bb _builder_version=\u00a0\u00bb3.1.1&Prime;]<\/p>\n<h1>Attractions historiques<\/h1>\n<p>[\/et_pb_text][\/et_pb_column][\/et_pb_row][et_pb_row make_fullwidth=\u00a0\u00bboff\u00a0\u00bb use_custom_width=\u00a0\u00bboff\u00a0\u00bb width_unit=\u00a0\u00bbon\u00a0\u00bb use_custom_gutter=\u00a0\u00bboff\u00a0\u00bb padding_mobile=\u00a0\u00bboff\u00a0\u00bb allow_player_pause=\u00a0\u00bboff\u00a0\u00bb parallax=\u00a0\u00bboff\u00a0\u00bb parallax_method=\u00a0\u00bboff\u00a0\u00bb make_equal=\u00a0\u00bboff\u00a0\u00bb background_position=\u00a0\u00bbtop_left\u00a0\u00bb background_repeat=\u00a0\u00bbrepeat\u00a0\u00bb background_size=\u00a0\u00bbinitial\u00a0\u00bb][et_pb_column type=\u00a0\u00bb1_2&Prime;][et_pb_text admin_label=\u00a0\u00bbAxum\u00a0\u00bb use_border_color=\u00a0\u00bboff\u00a0\u00bb background_position=\u00a0\u00bbtop_left\u00a0\u00bb background_repeat=\u00a0\u00bbrepeat\u00a0\u00bb background_size=\u00a0\u00bbinitial\u00a0\u00bb _builder_version=\u00a0\u00bb3.1.1&Prime;]<\/p>\n<h4>Axum<\/h4>\n<p>Axum (\u00e9galement orthographi\u00e9 Axum) se trouve \u00e0 l&rsquo;\u00e9picentre de l&rsquo;histoire \u00e9thiopienne. Dans l&rsquo;Antiquit\u00e9, elle \u00e9tait le centre \u00e9conomique de l&#8217;empire aksumite, qui a dur\u00e9 quelque neuf cents ans, du IIe au Xe si\u00e8cle, et la capitale d&rsquo;une dynastie r\u00e9gnante descendant l\u00e9gendairement du roi Salomon et de la reine de Saba. C&rsquo;est \u00e9galement le berceau et le foyer spirituel de l&rsquo;\u00c9glise orthodoxe \u00e9thiopienne, qui s&rsquo;est \u00e9tablie ici au cours du r\u00e8gne du roi Ezana au quatri\u00e8me si\u00e8cle. L&rsquo;affirmation \u00e9thiopienne selon laquelle l&rsquo;arche d&rsquo;alliance biblique originale est prot\u00e9g\u00e9e \u00e0 Maryam Tsion, la plus v\u00e9n\u00e9rable \u00e9glise d&rsquo;Axoum, est un peu plus t\u00e9nue. Axoum regorge d&rsquo;antiquit\u00e9s extraordinaires, dont les plus hautes st\u00e8les (ob\u00e9lisques) jamais \u00e9rig\u00e9es par les anciens, et des tablettes grav\u00e9es trilingues datant de l&rsquo;\u00e9poque du Christ &#8211; toutes ces d\u00e9couvertes peuvent \u00eatre extr\u00eamement enrichissantes si elles sont abord\u00e9es avec des attentes r\u00e9alistes.<\/p>\n<p>[\/et_pb_text][\/et_pb_column][et_pb_column type=\u00a0\u00bb1_2&Prime;][et_pb_image admin_label=\u00a0\u00bbAxum, Ethiopia\u00a0\u00bb src=\u00a0\u00bbhttps:\/\/welcomeethiopiatours.com\/wp-content\/uploads\/Axum_Ethiopia_Welcome-Africa-Tours.jpg\u00a0\u00bb use_border_color=\u00a0\u00bboff\u00a0\u00bb alt=\u00a0\u00bbAxum, Ethiopia\u00a0\u00bb title_text=\u00a0\u00bbAxum, Ethiopia\u00a0\u00bb animation_style=\u00a0\u00bbfade\u00a0\u00bb animation_duration=\u00a0\u00bb500ms\u00a0\u00bb animation_intensity_slide=\u00a0\u00bb10%\u00a0\u00bb _builder_version=\u00a0\u00bb3.1.1&Prime; \/][\/et_pb_column][\/et_pb_row][et_pb_row make_fullwidth=\u00a0\u00bboff\u00a0\u00bb use_custom_width=\u00a0\u00bboff\u00a0\u00bb width_unit=\u00a0\u00bbon\u00a0\u00bb use_custom_gutter=\u00a0\u00bboff\u00a0\u00bb padding_mobile=\u00a0\u00bboff\u00a0\u00bb allow_player_pause=\u00a0\u00bboff\u00a0\u00bb parallax=\u00a0\u00bboff\u00a0\u00bb parallax_method=\u00a0\u00bboff\u00a0\u00bb make_equal=\u00a0\u00bboff\u00a0\u00bb background_position=\u00a0\u00bbtop_left\u00a0\u00bb background_repeat=\u00a0\u00bbrepeat\u00a0\u00bb background_size=\u00a0\u00bbinitial\u00a0\u00bb][et_pb_column type=\u00a0\u00bb1_2&Prime;][et_pb_text admin_label=\u00a0\u00bbGondar\u00a0\u00bb use_border_color=\u00a0\u00bboff\u00a0\u00bb background_position=\u00a0\u00bbtop_left\u00a0\u00bb background_repeat=\u00a0\u00bbrepeat\u00a0\u00bb background_size=\u00a0\u00bbinitial\u00a0\u00bb _builder_version=\u00a0\u00bb3.1.1&Prime;]<\/p>\n<h4>Gondar<\/h4>\n<p>Gondar \u00e9tait la capitale de l&rsquo;\u00c9thiopie entre 1632 et 1855, et elle reste l&rsquo;une des r\u00e9gions les plus riches du pays en termes d&rsquo;histoire, de culture et de beaut\u00e9 naturelle. Gondar est une terre de myst\u00e8re m\u00e9di\u00e9val et le centre d&rsquo;un important empire commercial. La ville abrite les vestiges de plusieurs ch\u00e2teaux royaux bien pr\u00e9serv\u00e9s, notamment ceux de Fasil Ghebbi (enceinte royale), pour lesquels Gondar a \u00e9t\u00e9 surnomm\u00e9 le \u00ab\u00a0Camelot de l&rsquo;Afrique\u00a0\u00bb. Ce site inscrit \u00e0 l&rsquo;UNESCO est une destination touristique id\u00e9ale qui relie presque toutes les routes historiques d&rsquo;\u00c9thiopie . De la m\u00eame \u00e9poque, les bains de Fasilades m\u00e9ritent une visite, et l&rsquo;\u00e9glise de Debre Birham Selassie contient certaines des plus belles \u0153uvres d&rsquo;art religieux d&rsquo;\u00c9thiopie, avec des images incroyablement vibrantes et \u00e9vocatrices d\u00e9crivant les histoires de saints et de martyrs. Gondar est \u00e9galement la ville d&rsquo;acc\u00e8s au parc national des monts Simien et l&rsquo;un des meilleurs endroits o\u00f9 se rendre pendant le festival de Timkat qui a lieu chaque ann\u00e9e en janvier.<\/p>\n<p>[\/et_pb_text][\/et_pb_column][et_pb_column type=\u00a0\u00bb1_2&Prime;][et_pb_image admin_label=\u00a0\u00bbGondar, Ethiopia\u00a0\u00bb src=\u00a0\u00bbhttps:\/\/welcomeethiopiatours.com\/wp-content\/uploads\/Godar_Welcome-Africa-Tours.jpg\u00a0\u00bb use_border_color=\u00a0\u00bboff\u00a0\u00bb alt=\u00a0\u00bbGondar, Ethiopia\u00a0\u00bb title_text=\u00a0\u00bbGondar, Ethiopia\u00a0\u00bb animation_style=\u00a0\u00bbfade\u00a0\u00bb animation_duration=\u00a0\u00bb500ms\u00a0\u00bb animation_intensity_slide=\u00a0\u00bb10%\u00a0\u00bb _builder_version=\u00a0\u00bb3.1.1&Prime; \/][\/et_pb_column][\/et_pb_row][et_pb_row make_fullwidth=\u00a0\u00bboff\u00a0\u00bb use_custom_width=\u00a0\u00bboff\u00a0\u00bb width_unit=\u00a0\u00bbon\u00a0\u00bb use_custom_gutter=\u00a0\u00bboff\u00a0\u00bb padding_mobile=\u00a0\u00bboff\u00a0\u00bb allow_player_pause=\u00a0\u00bboff\u00a0\u00bb parallax=\u00a0\u00bboff\u00a0\u00bb parallax_method=\u00a0\u00bboff\u00a0\u00bb make_equal=\u00a0\u00bboff\u00a0\u00bb background_position=\u00a0\u00bbtop_left\u00a0\u00bb background_repeat=\u00a0\u00bbrepeat\u00a0\u00bb background_size=\u00a0\u00bbinitial\u00a0\u00bb][et_pb_column type=\u00a0\u00bb1_2&Prime;][et_pb_text admin_label=\u00a0\u00bbHarar Jugol\u00a0\u00bb use_border_color=\u00a0\u00bboff\u00a0\u00bb background_position=\u00a0\u00bbtop_left\u00a0\u00bb background_repeat=\u00a0\u00bbrepeat\u00a0\u00bb background_size=\u00a0\u00bbinitial\u00a0\u00bb _builder_version=\u00a0\u00bb3.1.1&Prime;]<\/p>\n<h4>Harar<\/h4>\n<p>Harar a \u00e9t\u00e9 fond\u00e9e par le sultan Abu Beker Mohammed en 1520. Harar, la ville sainte de la communaut\u00e9 musulmane d&rsquo;\u00c9thiopie, est consid\u00e9r\u00e9e comme la quatri\u00e8me ville la plus importante pour les musulmans apr\u00e8s La Mecque, M\u00e9dine et J\u00e9rusalem. L&rsquo;ancienne muraille de la ville de Harar est la principale attraction et le symbole de l&rsquo;architecture islamique. Harar compte environ 90 mosqu\u00e9es, qui forment la plus grande concentration de mosqu\u00e9es au monde. \u00c0 une \u00e9poque, les non-musulmans n&rsquo;avaient pas le droit d&rsquo;entrer dans la vieille ville, mais aujourd&rsquo;hui, tous les visiteurs sont les bienvenus dans ses ruelles aux maisons uniques, aux march\u00e9s color\u00e9s et aux nombreuses mosqu\u00e9es. Chaque nuit, juste au-del\u00e0 des murs de la vieille ville, des hy\u00e8nes se rassemblent pour \u00eatre nourries par un brave Harari. Si les touristes appr\u00e9cient le spectacle et peuvent m\u00eame y participer, cette tradition trouve en fait son origine dans une ancienne croyance selon laquelle prendre soin des hy\u00e8nes apporterait paix et prosp\u00e9rit\u00e9 \u00e0 la ville.<\/p>\n<p>[\/et_pb_text][\/et_pb_column][et_pb_column type=\u00a0\u00bb1_2&Prime;][et_pb_image admin_label=\u00a0\u00bbHarar, Ethiopia\u00a0\u00bb src=\u00a0\u00bbhttps:\/\/welcomeethiopiatours.com\/wp-content\/uploads\/Harar_Ethiopia_Welcome-Africa-Tours.jpg\u00a0\u00bb use_border_color=\u00a0\u00bboff\u00a0\u00bb alt=\u00a0\u00bbHarar, Ethiopia\u00a0\u00bb title_text=\u00a0\u00bbHarar, Ethiopia\u00a0\u00bb animation_style=\u00a0\u00bbfade\u00a0\u00bb animation_duration=\u00a0\u00bb500ms\u00a0\u00bb animation_intensity_slide=\u00a0\u00bb10%\u00a0\u00bb _builder_version=\u00a0\u00bb3.1.1&Prime; \/][\/et_pb_column][\/et_pb_row][et_pb_row make_fullwidth=\u00a0\u00bboff\u00a0\u00bb use_custom_width=\u00a0\u00bboff\u00a0\u00bb width_unit=\u00a0\u00bbon\u00a0\u00bb use_custom_gutter=\u00a0\u00bboff\u00a0\u00bb padding_mobile=\u00a0\u00bboff\u00a0\u00bb allow_player_pause=\u00a0\u00bboff\u00a0\u00bb parallax=\u00a0\u00bboff\u00a0\u00bb parallax_method=\u00a0\u00bboff\u00a0\u00bb make_equal=\u00a0\u00bboff\u00a0\u00bb background_position=\u00a0\u00bbtop_left\u00a0\u00bb background_repeat=\u00a0\u00bbrepeat\u00a0\u00bb background_size=\u00a0\u00bbinitial\u00a0\u00bb][et_pb_column type=\u00a0\u00bb1_2&Prime;][et_pb_text admin_label=\u00a0\u00bbLalibela\u00a0\u00bb use_border_color=\u00a0\u00bboff\u00a0\u00bb background_position=\u00a0\u00bbtop_left\u00a0\u00bb background_repeat=\u00a0\u00bbrepeat\u00a0\u00bb background_size=\u00a0\u00bbinitial\u00a0\u00bb _builder_version=\u00a0\u00bb3.1.1&Prime;]<\/p>\n<h4>Lalibela<\/h4>\n<p>Il y a quelque chose d&rsquo;intens\u00e9ment merveilleux et spirituel \u00e0 Lalibela, une ville vraiment \u00e9tonnante situ\u00e9e dans la r\u00e9gion nord de l&rsquo;\u00c9thiopie. Ce petit village est un site class\u00e9 au patrimoine mondial &#8211; acclam\u00e9 pour ses \u00e9glises taill\u00e9es dans la roche, son paysage rural \u00e9poustouflant et son christianisme d\u00e9vou\u00e9. Si la foi est un myst\u00e8re, il existe peu d&rsquo;endroits dans le monde chr\u00e9tien o\u00f9 le myst\u00e8re est plus profond qu&rsquo;\u00e0 Lalibela. Le roi Lalibela aurait ordonn\u00e9 la construction de 11 \u00e9glises extraordinaires \u00e0 la fin du 11e si\u00e8cle et au d\u00e9but du 12e si\u00e8cle. Les onze \u00e9glises ont chacune \u00e9t\u00e9 taill\u00e9es dans un seul bloc de pierre, gigantesque. Pas de briques, pas de mortier, pas de b\u00e9ton, pas de bois de charpente, juste de la roche sculpt\u00e9e en architecture. On ne sait pas grand-chose de leur auteur ni de leur raison d&rsquo;\u00eatre. Mais les fid\u00e8les de l&rsquo;\u00c9glise orthodoxe \u00e9thiopienne disent qu&rsquo;il n&rsquo;y a pas vraiment de myst\u00e8re. Les \u00e9glises de Lalibela ont \u00e9t\u00e9 construites par des anges !<\/p>\n<p>[\/et_pb_text][\/et_pb_column][et_pb_column type=\u00a0\u00bb1_2&Prime;][et_pb_image admin_label=\u00a0\u00bbLalibela, Ethiopia\u00a0\u00bb src=\u00a0\u00bbhttps:\/\/welcomeethiopiatours.com\/wp-content\/uploads\/Lalibela_Welcome-Africa-Tours.jpg\u00a0\u00bb use_border_color=\u00a0\u00bboff\u00a0\u00bb alt=\u00a0\u00bbLalibela, Ethiopia\u00a0\u00bb title_text=\u00a0\u00bbLalibela, Ethiopia\u00a0\u00bb animation_style=\u00a0\u00bbfade\u00a0\u00bb animation_duration=\u00a0\u00bb500ms\u00a0\u00bb animation_intensity_slide=\u00a0\u00bb10%\u00a0\u00bb _builder_version=\u00a0\u00bb3.1.1&Prime; \/][\/et_pb_column][\/et_pb_row][\/et_pb_section]<\/p>","protected":false},"excerpt":{"rendered":"<p>Attractions historiques Axum Axum (\u00e9galement orthographi\u00e9 Axum) se trouve \u00e0 l&rsquo;\u00e9picentre de l&rsquo;histoire \u00e9thiopienne. Dans l&rsquo;Antiquit\u00e9, elle \u00e9tait le centre \u00e9conomique de l&#8217;empire aksumite, qui a dur\u00e9 quelque neuf cents ans, du IIe au Xe si\u00e8cle, et la capitale d&rsquo;une dynastie r\u00e9gnante descendant l\u00e9gendairement du roi Salomon et de la reine de Saba. C&rsquo;est \u00e9galement [&hellip;]<\/p>\n","protected":false},"author":1,"featured_media":0,"parent":0,"menu_order":0,"comment_status":"open","ping_status":"open","template":"","meta":{"_et_pb_use_builder":"on","_et_pb_old_content":"","_et_gb_content_width":"","footnotes":""},"class_list":["post-436","page","type-page","status-publish","hentry"],"yoast_head":"<!-- This site is optimized with the Yoast SEO plugin v24.6 - https:\/\/yoast.com\/wordpress\/plugins\/seo\/ -->\n<title>Attractions historiques - Welcome Ethiopia Tours<\/title>\n<meta name=\"robots\" content=\"index, follow, max-snippet:-1, max-image-preview:large, max-video-preview:-1\" \/>\n<link rel=\"canonical\" href=\"https:\/\/welcomeethiopiatours.com\/fr\/historical-attractions\/\" \/>\n<meta property=\"og:locale\" content=\"fr_FR\" \/>\n<meta property=\"og:type\" content=\"article\" \/>\n<meta property=\"og:title\" content=\"Attractions historiques - Welcome Ethiopia Tours\" \/>\n<meta property=\"og:description\" content=\"Attractions historiques Axum Axum (\u00e9galement orthographi\u00e9 Axum) se trouve \u00e0 l&#039;\u00e9picentre de l&#039;histoire \u00e9thiopienne. Dans l&#039;Antiquit\u00e9, elle \u00e9tait le centre \u00e9conomique de l&#039;empire aksumite, qui a dur\u00e9 quelque neuf cents ans, du IIe au Xe si\u00e8cle, et la capitale d&#039;une dynastie r\u00e9gnante descendant l\u00e9gendairement du roi Salomon et de la reine de Saba. C&#039;est \u00e9galement [&hellip;]\" \/>\n<meta property=\"og:url\" content=\"https:\/\/welcomeethiopiatours.com\/fr\/historical-attractions\/\" \/>\n<meta property=\"og:site_name\" content=\"Welcome Ethiopia Tours\" \/>\n<meta property=\"article:modified_time\" content=\"2022-10-14T11:35:27+00:00\" \/>\n<meta name=\"twitter:card\" content=\"summary_large_image\" \/>\n<meta name=\"twitter:label1\" content=\"Dur\u00e9e de lecture estim\u00e9e\" \/>\n\t<meta name=\"twitter:data1\" content=\"19 minutes\" \/>\n<script type=\"application\/ld+json\" class=\"yoast-schema-graph\">{\"@context\":\"https:\/\/schema.org\",\"@graph\":[{\"@type\":\"WebPage\",\"@id\":\"https:\/\/welcomeethiopiatours.com\/fr\/historical-attractions\/\",\"url\":\"https:\/\/welcomeethiopiatours.com\/fr\/historical-attractions\/\",\"name\":\"Attractions historiques - Welcome Ethiopia Tours\",\"isPartOf\":{\"@id\":\"https:\/\/welcomeethiopiatours.com\/fr\/#website\"},\"datePublished\":\"2015-09-23T07:23:25+00:00\",\"dateModified\":\"2022-10-14T11:35:27+00:00\",\"breadcrumb\":{\"@id\":\"https:\/\/welcomeethiopiatours.com\/fr\/historical-attractions\/#breadcrumb\"},\"inLanguage\":\"fr-FR\",\"potentialAction\":[{\"@type\":\"ReadAction\",\"target\":[[\"https:\/\/welcomeethiopiatours.com\/fr\/historical-attractions\/\"]]}]},{\"@type\":\"BreadcrumbList\",\"@id\":\"https:\/\/welcomeethiopiatours.com\/fr\/historical-attractions\/#breadcrumb\",\"itemListElement\":[{\"@type\":\"ListItem\",\"position\":1,\"name\":\"Home\",\"item\":\"https:\/\/welcomeethiopiatours.com\/fr\/\"},{\"@type\":\"ListItem\",\"position\":2,\"name\":\"Attractions historiques\"}]},{\"@type\":\"WebSite\",\"@id\":\"https:\/\/welcomeethiopiatours.com\/fr\/#website\",\"url\":\"https:\/\/welcomeethiopiatours.com\/fr\/\",\"name\":\"Welcome Ethiopia Tours\",\"description\":\"(Deutsch) Best Tour Operator in Ethiopia\",\"potentialAction\":[{\"@type\":\"SearchAction\",\"target\":{\"@type\":\"EntryPoint\",\"urlTemplate\":\"https:\/\/welcomeethiopiatours.com\/fr\/?s={search_term_string}\"},\"query-input\":{\"@type\":\"PropertyValueSpecification\",\"valueRequired\":true,\"valueName\":\"search_term_string\"}}],\"inLanguage\":\"fr-FR\"}]}<\/script>\n<!-- \/ Yoast SEO plugin. -->","yoast_head_json":{"title":"Attractions historiques - Welcome Ethiopia Tours","robots":{"index":"index","follow":"follow","max-snippet":"max-snippet:-1","max-image-preview":"max-image-preview:large","max-video-preview":"max-video-preview:-1"},"canonical":"https:\/\/welcomeethiopiatours.com\/fr\/historical-attractions\/","og_locale":"fr_FR","og_type":"article","og_title":"Attractions historiques - Welcome Ethiopia Tours","og_description":"Attractions historiques Axum Axum (\u00e9galement orthographi\u00e9 Axum) se trouve \u00e0 l'\u00e9picentre de l'histoire \u00e9thiopienne. Dans l'Antiquit\u00e9, elle \u00e9tait le centre \u00e9conomique de l'empire aksumite, qui a dur\u00e9 quelque neuf cents ans, du IIe au Xe si\u00e8cle, et la capitale d'une dynastie r\u00e9gnante descendant l\u00e9gendairement du roi Salomon et de la reine de Saba. C'est \u00e9galement [&hellip;]","og_url":"https:\/\/welcomeethiopiatours.com\/fr\/historical-attractions\/","og_site_name":"Welcome Ethiopia Tours","article_modified_time":"2022-10-14T11:35:27+00:00","twitter_card":"summary_large_image","twitter_misc":{"Dur\u00e9e de lecture estim\u00e9e":"19 minutes"},"schema":{"@context":"https:\/\/schema.org","@graph":[{"@type":"WebPage","@id":"https:\/\/welcomeethiopiatours.com\/fr\/historical-attractions\/","url":"https:\/\/welcomeethiopiatours.com\/fr\/historical-attractions\/","name":"Attractions historiques - Welcome Ethiopia Tours","isPartOf":{"@id":"https:\/\/welcomeethiopiatours.com\/fr\/#website"},"datePublished":"2015-09-23T07:23:25+00:00","dateModified":"2022-10-14T11:35:27+00:00","breadcrumb":{"@id":"https:\/\/welcomeethiopiatours.com\/fr\/historical-attractions\/#breadcrumb"},"inLanguage":"fr-FR","potentialAction":[{"@type":"ReadAction","target":[["https:\/\/welcomeethiopiatours.com\/fr\/historical-attractions\/"]]}]},{"@type":"BreadcrumbList","@id":"https:\/\/welcomeethiopiatours.com\/fr\/historical-attractions\/#breadcrumb","itemListElement":[{"@type":"ListItem","position":1,"name":"Home","item":"https:\/\/welcomeethiopiatours.com\/fr\/"},{"@type":"ListItem","position":2,"name":"Attractions historiques"}]},{"@type":"WebSite","@id":"https:\/\/welcomeethiopiatours.com\/fr\/#website","url":"https:\/\/welcomeethiopiatours.com\/fr\/","name":"Welcome Ethiopia Tours","description":"(Deutsch) Best Tour Operator in Ethiopia","potentialAction":[{"@type":"SearchAction","target":{"@type":"EntryPoint","urlTemplate":"https:\/\/welcomeethiopiatours.com\/fr\/?s={search_term_string}"},"query-input":{"@type":"PropertyValueSpecification","valueRequired":true,"valueName":"search_term_string"}}],"inLanguage":"fr-FR"}]}},"_links":{"self":[{"href":"https:\/\/welcomeethiopiatours.com\/fr\/wp-json\/wp\/v2\/pages\/436","targetHints":{"allow":["GET"]}}],"collection":[{"href":"https:\/\/welcomeethiopiatours.com\/fr\/wp-json\/wp\/v2\/pages"}],"about":[{"href":"https:\/\/welcomeethiopiatours.com\/fr\/wp-json\/wp\/v2\/types\/page"}],"author":[{"embeddable":true,"href":"https:\/\/welcomeethiopiatours.com\/fr\/wp-json\/wp\/v2\/users\/1"}],"replies":[{"embeddable":true,"href":"https:\/\/welcomeethiopiatours.com\/fr\/wp-json\/wp\/v2\/comments?post=436"}],"version-history":[{"count":0,"href":"https:\/\/welcomeethiopiatours.com\/fr\/wp-json\/wp\/v2\/pages\/436\/revisions"}],"wp:attachment":[{"href":"https:\/\/welcomeethiopiatours.com\/fr\/wp-json\/wp\/v2\/media?parent=436"}],"curies":[{"name":"wp","href":"https:\/\/api.w.org\/{rel}","templated":true}]}}