{"id":473,"date":"2015-09-23T08:14:07","date_gmt":"2015-09-23T08:14:07","guid":{"rendered":"https:\/\/welcomeethiopiatours.com\/?page_id=473"},"modified":"2022-10-14T11:57:40","modified_gmt":"2022-10-14T11:57:40","slug":"coffee","status":"publish","type":"page","link":"https:\/\/welcomeethiopiatours.com\/fr\/coffee\/","title":{"rendered":"Le Caf\u00e9"},"content":{"rendered":"<p>[et_pb_section bb_built=\u00a0\u00bb1&Prime; transparent_background=\u00a0\u00bbon\u00a0\u00bb allow_player_pause=\u00a0\u00bboff\u00a0\u00bb inner_shadow=\u00a0\u00bboff\u00a0\u00bb parallax=\u00a0\u00bboff\u00a0\u00bb parallax_method=\u00a0\u00bboff\u00a0\u00bb padding_mobile=\u00a0\u00bboff\u00a0\u00bb make_fullwidth=\u00a0\u00bboff\u00a0\u00bb use_custom_width=\u00a0\u00bboff\u00a0\u00bb width_unit=\u00a0\u00bbon\u00a0\u00bb make_equal=\u00a0\u00bboff\u00a0\u00bb use_custom_gutter=\u00a0\u00bboff\u00a0\u00bb module_class=\u00a0\u00bbnobac nopad nobor nospace2columns\u00a0\u00bb background_color=\u00a0\u00bbrgba(255,255,255,0)\u00a0\u00bb custom_padding_tablet=\u00a0\u00bb50px|0|50px|0&Prime; custom_padding_last_edited=\u00a0\u00bbon|desktop\u00a0\u00bb][et_pb_row make_fullwidth=\u00a0\u00bbon\u00a0\u00bb use_custom_width=\u00a0\u00bboff\u00a0\u00bb width_unit=\u00a0\u00bbon\u00a0\u00bb use_custom_gutter=\u00a0\u00bboff\u00a0\u00bb padding_mobile=\u00a0\u00bbon\u00a0\u00bb allow_player_pause=\u00a0\u00bboff\u00a0\u00bb parallax=\u00a0\u00bbon\u00a0\u00bb parallax_method=\u00a0\u00bboff\u00a0\u00bb make_equal=\u00a0\u00bboff\u00a0\u00bb custom_padding=\u00a0\u00bb0|0&Prime; module_class=\u00a0\u00bbfullwidthpagetitle\u00a0\u00bb background_position=\u00a0\u00bbtop_left\u00a0\u00bb background_repeat=\u00a0\u00bbrepeat\u00a0\u00bb background_size=\u00a0\u00bbinitial\u00a0\u00bb][et_pb_column type=\u00a0\u00bb4_4&Prime;][et_pb_text admin_label=\u00a0\u00bbLe Caf\u00e9\u00a0\u00bb background_image=\u00a0\u00bbhttps:\/\/welcomeethiopiatours.com\/wp-content\/uploads\/Ethiopia-Photos-Header.jpg\u00a0\u00bb use_border_color=\u00a0\u00bboff\u00a0\u00bb custom_padding=\u00a0\u00bb0||0|\u00a0\u00bb background_position=\u00a0\u00bbtop_left\u00a0\u00bb background_repeat=\u00a0\u00bbrepeat\u00a0\u00bb background_size=\u00a0\u00bbinitial\u00a0\u00bb _builder_version=\u00a0\u00bb3.1.1&Prime;]<\/p>\n<h1>Le Caf\u00e9<\/h1>\n<p>[\/et_pb_text][\/et_pb_column][\/et_pb_row][et_pb_row make_fullwidth=\u00a0\u00bboff\u00a0\u00bb use_custom_width=\u00a0\u00bboff\u00a0\u00bb width_unit=\u00a0\u00bbon\u00a0\u00bb use_custom_gutter=\u00a0\u00bboff\u00a0\u00bb padding_mobile=\u00a0\u00bboff\u00a0\u00bb allow_player_pause=\u00a0\u00bboff\u00a0\u00bb parallax=\u00a0\u00bboff\u00a0\u00bb parallax_method=\u00a0\u00bboff\u00a0\u00bb make_equal=\u00a0\u00bboff\u00a0\u00bb background_position=\u00a0\u00bbtop_left\u00a0\u00bb background_repeat=\u00a0\u00bbrepeat\u00a0\u00bb background_size=\u00a0\u00bbinitial\u00a0\u00bb][et_pb_column type=\u00a0\u00bb1_2&Prime;][et_pb_text use_border_color=\u00a0\u00bboff\u00a0\u00bb background_position=\u00a0\u00bbtop_left\u00a0\u00bb background_repeat=\u00a0\u00bbrepeat\u00a0\u00bb background_size=\u00a0\u00bbinitial\u00a0\u00bb _builder_version=\u00a0\u00bb3.1.1&Prime;]<\/p>\n<p>Largement reconnue comme le lieu de naissance du caf\u00e9, l&rsquo;\u00c9thiopie est tr\u00e8s respect\u00e9e dans l&rsquo;industrie du caf\u00e9 de sp\u00e9cialit\u00e9. Les grains de cette nation sont un \u00e9l\u00e9ment de base des menus des caf\u00e9s du monde entier. Mais pourquoi le caf\u00e9 \u00e9thiopien est-il si bien consid\u00e9r\u00e9 ? Et que savez-vous vraiment de cette origine ? Les r\u00e9gions productrices de caf\u00e9 d&rsquo;\u00c9thiopie sont extr\u00eamement vari\u00e9es, avec des profils de tasse tr\u00e8s diff\u00e9rents d&rsquo;une r\u00e9gion, d&rsquo;une micro-r\u00e9gion ou m\u00eame d&rsquo;une ferme \u00e0 l&rsquo;autre. Mais beaucoup sont des arabicas exceptionnels qui vous feront en redemander. Le pays est le sixi\u00e8me plus grand producteur de caf\u00e9 et on rapporte qu&rsquo;en 2018, l&rsquo;industrie a employ\u00e9 directement et indirectement jusqu&rsquo;\u00e0 20 % des 100 millions d&rsquo;habitants de l&rsquo;\u00c9thiopie. En 2017, la nation a produit environ 470 000 tonnes de caf\u00e9 vert, dont elle a export\u00e9 \u00e0 peu pr\u00e8s 160 000. Cela signifie que l&rsquo;\u00c9thiopie exporte moins de la moiti\u00e9 du caf\u00e9 qu&rsquo;elle produit. Le reste est consomm\u00e9 \u00e0 l&rsquo;int\u00e9rieur du pays.<br \/>\nLe rituel du caf\u00e9 est une tradition ancestrale qui ne peut \u00eatre pr\u00e9cipit\u00e9e. Les grains verts sont torr\u00e9fi\u00e9s dans une po\u00eale sur des charbons ardents, pil\u00e9s \u00e0 l&rsquo;aide d&rsquo;un pilon et d&rsquo;un mortier, puis infus\u00e9s dans un pot traditionnel au bec \u00e9troit.\u00a0Il est bu d&rsquo;une mani\u00e8re unique et traditionnelle, la c\u00e9r\u00e9monie du caf\u00e9.\u00a0 Une fois pr\u00eat, il est servi dans de petites tasses, jusqu&rsquo;\u00e0 trois par c\u00e9r\u00e9monie. La premi\u00e8re tasse est appel\u00e9e Abool, la deuxi\u00e8me Tona et la troisi\u00e8me Bereka. Il s&rsquo;agit d&rsquo;une c\u00e9r\u00e9monie sociale qui dure au moins une demi-heure.<br \/>\nLe caf\u00e9 \u00e9thiopien est g\u00e9n\u00e9ralement produit de mani\u00e8re durable, la majorit\u00e9 \u00e9tant cultiv\u00e9e en tant que caf\u00e9 de jardin. Cela signifie qu&rsquo;il est plant\u00e9 par les agriculteurs pr\u00e8s de leur maison et qu&rsquo;il est souvent cultiv\u00e9 en association avec d&rsquo;autres plantes. Il est \u00e9galement fr\u00e9quent que les producteurs cultivent le caf\u00e9 dans un syst\u00e8me semi-forestier, dans lequel la for\u00eat naturelle est modifi\u00e9e par le fauchage des mauvaises herbes et des buissons pour r\u00e9guler l&rsquo;ombre et o\u00f9 des plants de caf\u00e9 sont introduits. On estime que seulement 5 % de la production de caf\u00e9 se fait sur une plantation d\u00e9di\u00e9e en \u00c9thiopie. Le traitement par lavage et le traitement naturel sont tous deux courants en \u00c9thiopie. Les agriculteurs placent les cerises de caf\u00e9 sur une surface plane o\u00f9 elles sont ensuite s\u00e9ch\u00e9es au soleil. Ce processus prend normalement de deux \u00e0 six semaines, et les grains sont ratiss\u00e9s et tourn\u00e9s pour qu&rsquo;ils s\u00e8chent uniform\u00e9ment. Une fois que les graines ont s\u00e9ch\u00e9, elles sont retir\u00e9es de la cerise. \u00a0Les meilleurs caf\u00e9s trait\u00e9s naturellement conservent les notes citriques et florales nettes, avec une touche de douceur et de corps suppl\u00e9mentaires par rapport \u00e0 leurs homologues lav\u00e9s. Lorsque vous trouvez l&rsquo;un d&rsquo;entre eux, il n&rsquo;est pas loin d&rsquo;\u00eatre magique.<\/p>\n<p>[\/et_pb_text][\/et_pb_column][et_pb_column type=\u00a0\u00bb1_2&Prime;][et_pb_image _builder_version=\u00a0\u00bb3.1.1&Prime; src=\u00a0\u00bbhttps:\/\/welcomeethiopiatours.com\/wp-content\/uploads\/Ethiopia_Coffee_ceremony.jpg\u00a0\u00bb \/][et_pb_image _builder_version=\u00a0\u00bb3.1.1&Prime; src=\u00a0\u00bbhttps:\/\/welcomeethiopiatours.com\/wp-content\/uploads\/5fe08ebe1a60c_coffeefarm.jpg\u00a0\u00bb \/][\/et_pb_column][\/et_pb_row][\/et_pb_section]<\/p>","protected":false},"excerpt":{"rendered":"<p>Le Caf\u00e9 Largement reconnue comme le lieu de naissance du caf\u00e9, l&rsquo;\u00c9thiopie est tr\u00e8s respect\u00e9e dans l&rsquo;industrie du caf\u00e9 de sp\u00e9cialit\u00e9. Les grains de cette nation sont un \u00e9l\u00e9ment de base des menus des caf\u00e9s du monde entier. Mais pourquoi le caf\u00e9 \u00e9thiopien est-il si bien consid\u00e9r\u00e9 ? Et que savez-vous vraiment de cette origine [&hellip;]<\/p>\n","protected":false},"author":1,"featured_media":0,"parent":0,"menu_order":0,"comment_status":"open","ping_status":"open","template":"","meta":{"_et_pb_use_builder":"on","_et_pb_old_content":"","_et_gb_content_width":"","footnotes":""},"class_list":["post-473","page","type-page","status-publish","hentry"],"yoast_head":"<!-- This site is optimized with the Yoast SEO plugin v24.6 - https:\/\/yoast.com\/wordpress\/plugins\/seo\/ -->\n<title>Le Caf\u00e9 - Welcome Ethiopia Tours<\/title>\n<meta name=\"robots\" content=\"index, follow, max-snippet:-1, max-image-preview:large, max-video-preview:-1\" \/>\n<link rel=\"canonical\" href=\"https:\/\/welcomeethiopiatours.com\/fr\/coffee\/\" \/>\n<meta property=\"og:locale\" content=\"fr_FR\" \/>\n<meta property=\"og:type\" content=\"article\" \/>\n<meta property=\"og:title\" content=\"Le Caf\u00e9 - Welcome Ethiopia Tours\" \/>\n<meta property=\"og:description\" content=\"Le Caf\u00e9 Largement reconnue comme le lieu de naissance du caf\u00e9, l&#039;\u00c9thiopie est tr\u00e8s respect\u00e9e dans l&#039;industrie du caf\u00e9 de sp\u00e9cialit\u00e9. Les grains de cette nation sont un \u00e9l\u00e9ment de base des menus des caf\u00e9s du monde entier. Mais pourquoi le caf\u00e9 \u00e9thiopien est-il si bien consid\u00e9r\u00e9 ? Et que savez-vous vraiment de cette origine [&hellip;]\" \/>\n<meta property=\"og:url\" content=\"https:\/\/welcomeethiopiatours.com\/fr\/coffee\/\" \/>\n<meta property=\"og:site_name\" content=\"Welcome Ethiopia Tours\" \/>\n<meta property=\"article:modified_time\" content=\"2022-10-14T11:57:40+00:00\" \/>\n<meta name=\"twitter:card\" content=\"summary_large_image\" \/>\n<meta name=\"twitter:label1\" content=\"Dur\u00e9e de lecture estim\u00e9e\" \/>\n\t<meta name=\"twitter:data1\" content=\"11 minutes\" \/>\n<script type=\"application\/ld+json\" class=\"yoast-schema-graph\">{\"@context\":\"https:\/\/schema.org\",\"@graph\":[{\"@type\":\"WebPage\",\"@id\":\"https:\/\/welcomeethiopiatours.com\/fr\/coffee\/\",\"url\":\"https:\/\/welcomeethiopiatours.com\/fr\/coffee\/\",\"name\":\"Le Caf\u00e9 - Welcome Ethiopia Tours\",\"isPartOf\":{\"@id\":\"https:\/\/welcomeethiopiatours.com\/fr\/#website\"},\"datePublished\":\"2015-09-23T08:14:07+00:00\",\"dateModified\":\"2022-10-14T11:57:40+00:00\",\"breadcrumb\":{\"@id\":\"https:\/\/welcomeethiopiatours.com\/fr\/coffee\/#breadcrumb\"},\"inLanguage\":\"fr-FR\",\"potentialAction\":[{\"@type\":\"ReadAction\",\"target\":[[\"https:\/\/welcomeethiopiatours.com\/fr\/coffee\/\"]]}]},{\"@type\":\"BreadcrumbList\",\"@id\":\"https:\/\/welcomeethiopiatours.com\/fr\/coffee\/#breadcrumb\",\"itemListElement\":[{\"@type\":\"ListItem\",\"position\":1,\"name\":\"Home\",\"item\":\"https:\/\/welcomeethiopiatours.com\/fr\/\"},{\"@type\":\"ListItem\",\"position\":2,\"name\":\"Coffee\"}]},{\"@type\":\"WebSite\",\"@id\":\"https:\/\/welcomeethiopiatours.com\/fr\/#website\",\"url\":\"https:\/\/welcomeethiopiatours.com\/fr\/\",\"name\":\"Welcome Ethiopia Tours\",\"description\":\"(Deutsch) Best Tour Operator in Ethiopia\",\"potentialAction\":[{\"@type\":\"SearchAction\",\"target\":{\"@type\":\"EntryPoint\",\"urlTemplate\":\"https:\/\/welcomeethiopiatours.com\/fr\/?s={search_term_string}\"},\"query-input\":{\"@type\":\"PropertyValueSpecification\",\"valueRequired\":true,\"valueName\":\"search_term_string\"}}],\"inLanguage\":\"fr-FR\"}]}<\/script>\n<!-- \/ Yoast SEO plugin. -->","yoast_head_json":{"title":"Le Caf\u00e9 - Welcome Ethiopia Tours","robots":{"index":"index","follow":"follow","max-snippet":"max-snippet:-1","max-image-preview":"max-image-preview:large","max-video-preview":"max-video-preview:-1"},"canonical":"https:\/\/welcomeethiopiatours.com\/fr\/coffee\/","og_locale":"fr_FR","og_type":"article","og_title":"Le Caf\u00e9 - Welcome Ethiopia Tours","og_description":"Le Caf\u00e9 Largement reconnue comme le lieu de naissance du caf\u00e9, l'\u00c9thiopie est tr\u00e8s respect\u00e9e dans l'industrie du caf\u00e9 de sp\u00e9cialit\u00e9. Les grains de cette nation sont un \u00e9l\u00e9ment de base des menus des caf\u00e9s du monde entier. Mais pourquoi le caf\u00e9 \u00e9thiopien est-il si bien consid\u00e9r\u00e9 ? Et que savez-vous vraiment de cette origine [&hellip;]","og_url":"https:\/\/welcomeethiopiatours.com\/fr\/coffee\/","og_site_name":"Welcome Ethiopia Tours","article_modified_time":"2022-10-14T11:57:40+00:00","twitter_card":"summary_large_image","twitter_misc":{"Dur\u00e9e de lecture estim\u00e9e":"11 minutes"},"schema":{"@context":"https:\/\/schema.org","@graph":[{"@type":"WebPage","@id":"https:\/\/welcomeethiopiatours.com\/fr\/coffee\/","url":"https:\/\/welcomeethiopiatours.com\/fr\/coffee\/","name":"Le Caf\u00e9 - Welcome Ethiopia Tours","isPartOf":{"@id":"https:\/\/welcomeethiopiatours.com\/fr\/#website"},"datePublished":"2015-09-23T08:14:07+00:00","dateModified":"2022-10-14T11:57:40+00:00","breadcrumb":{"@id":"https:\/\/welcomeethiopiatours.com\/fr\/coffee\/#breadcrumb"},"inLanguage":"fr-FR","potentialAction":[{"@type":"ReadAction","target":[["https:\/\/welcomeethiopiatours.com\/fr\/coffee\/"]]}]},{"@type":"BreadcrumbList","@id":"https:\/\/welcomeethiopiatours.com\/fr\/coffee\/#breadcrumb","itemListElement":[{"@type":"ListItem","position":1,"name":"Home","item":"https:\/\/welcomeethiopiatours.com\/fr\/"},{"@type":"ListItem","position":2,"name":"Coffee"}]},{"@type":"WebSite","@id":"https:\/\/welcomeethiopiatours.com\/fr\/#website","url":"https:\/\/welcomeethiopiatours.com\/fr\/","name":"Welcome Ethiopia Tours","description":"(Deutsch) Best Tour Operator in Ethiopia","potentialAction":[{"@type":"SearchAction","target":{"@type":"EntryPoint","urlTemplate":"https:\/\/welcomeethiopiatours.com\/fr\/?s={search_term_string}"},"query-input":{"@type":"PropertyValueSpecification","valueRequired":true,"valueName":"search_term_string"}}],"inLanguage":"fr-FR"}]}},"_links":{"self":[{"href":"https:\/\/welcomeethiopiatours.com\/fr\/wp-json\/wp\/v2\/pages\/473","targetHints":{"allow":["GET"]}}],"collection":[{"href":"https:\/\/welcomeethiopiatours.com\/fr\/wp-json\/wp\/v2\/pages"}],"about":[{"href":"https:\/\/welcomeethiopiatours.com\/fr\/wp-json\/wp\/v2\/types\/page"}],"author":[{"embeddable":true,"href":"https:\/\/welcomeethiopiatours.com\/fr\/wp-json\/wp\/v2\/users\/1"}],"replies":[{"embeddable":true,"href":"https:\/\/welcomeethiopiatours.com\/fr\/wp-json\/wp\/v2\/comments?post=473"}],"version-history":[{"count":0,"href":"https:\/\/welcomeethiopiatours.com\/fr\/wp-json\/wp\/v2\/pages\/473\/revisions"}],"wp:attachment":[{"href":"https:\/\/welcomeethiopiatours.com\/fr\/wp-json\/wp\/v2\/media?parent=473"}],"curies":[{"name":"wp","href":"https:\/\/api.w.org\/{rel}","templated":true}]}}