{"id":4772,"date":"2018-05-16T09:06:25","date_gmt":"2018-05-16T09:06:25","guid":{"rendered":"https:\/\/welcomeethiopiatours.com\/?page_id=4772"},"modified":"2022-10-13T13:33:09","modified_gmt":"2022-10-13T13:33:09","slug":"mombasa-kenya","status":"publish","type":"page","link":"https:\/\/welcomeethiopiatours.com\/fr\/mombasa-kenya\/","title":{"rendered":"Mombasa, Kenya"},"content":{"rendered":"<p>[et_pb_section bb_built=\u00a0\u00bb1&Prime;][et_pb_row][et_pb_column type=\u00a0\u00bb4_4&Prime;][et_pb_text admin_label=\u00a0\u00bbMombasa, Kenya\u00a0\u00bb _builder_version=\u00a0\u00bb3.1.1&Prime; background_image=\u00a0\u00bbhttps:\/\/welcomeethiopiatours.com\/wp-content\/uploads\/Ethiopia-Photos-Header.jpg\u00a0\u00bb]<\/p>\n<h1>Mombasa, Kenya<\/h1>\n<p>[\/et_pb_text][et_pb_button _builder_version=\u00a0\u00bb3.1.1&Prime; button_text=\u00a0\u00bb%91button link=%22#map%22 color=%22orange%22%93 View Map%91\/button%93 %91button link=%22#booking%22 color=%22green%22%93 Request Price%91\/button%93&Prime; \/][\/et_pb_column][\/et_pb_row][et_pb_row][et_pb_column type=\u00a0\u00bb4_4&Prime;][et_pb_text _builder_version=\u00a0\u00bb3.1.1&Prime;]<\/p>\n<p>Profitez des vols directs quotidiens entre Addis-Abeba et Mombasa, la porte d&rsquo;entr\u00e9e des plages fantastiques et des destinations de safari du Kenya. La dur\u00e9e du vol n&rsquo;est que de 2 heures et 20 minutes.<br \/>\nMombasa est une \u00eele reli\u00e9e au continent par des ponts et des ferries. La ville surplombe un large port, o\u00f9 la navigation commerciale se m\u00eale aux boutres \u00e0 voile traditionnels. Le v\u00e9ritable c\u0153ur de Mombasa se trouve dans la vieille ville exotique, parmi les rues \u00e9troites et sinueuses et l&rsquo;architecture arabe. L&rsquo;air y est toujours lourd de l&rsquo;odeur des \u00e9pices. C&rsquo;est une ville o\u00f9 tous sont accueillis et rapidement absorb\u00e9s dans ce grand melting-pot c\u00f4tier.<br \/>\nN&rsquo;h\u00e9sitez pas \u00e0 nous contacter pour de plus amples informations. En collaboration avec nos partenaires locaux au Kenya, nous serons heureux de vous aider \u00e0 combiner des vacances \u00e0 la plage ou un safari au Kenya avec votre voyage en \u00c9thiopie.<\/p>\n<p>[\/et_pb_text][\/et_pb_column][\/et_pb_row][et_pb_row][et_pb_column type=\u00a0\u00bb1_2&Prime;][et_pb_image _builder_version=\u00a0\u00bb3.1.1&Prime; src=\u00a0\u00bbhttps:\/\/welcomeethiopiatours.com\/wp-content\/uploads\/Kenya1.jpg\u00a0\u00bb \/][\/et_pb_column][et_pb_column type=\u00a0\u00bb1_2&Prime;][et_pb_image _builder_version=\u00a0\u00bb3.1.1&Prime; src=\u00a0\u00bbhttps:\/\/welcomeethiopiatours.com\/wp-content\/uploads\/Kenya5.jpg\u00a0\u00bb \/][\/et_pb_column][\/et_pb_row][et_pb_row][et_pb_column type=\u00a0\u00bb1_2&Prime;][et_pb_image _builder_version=\u00a0\u00bb3.1.1&Prime; src=\u00a0\u00bbhttps:\/\/welcomeethiopiatours.com\/wp-content\/uploads\/Kenya4.jpg\u00a0\u00bb \/][\/et_pb_column][et_pb_column type=\u00a0\u00bb1_2&Prime;][et_pb_image _builder_version=\u00a0\u00bb3.1.1&Prime; src=\u00a0\u00bbhttps:\/\/welcomeethiopiatours.com\/wp-content\/uploads\/Kenya2.jpg\u00a0\u00bb \/][\/et_pb_column][\/et_pb_row][\/et_pb_section]<\/p>","protected":false},"excerpt":{"rendered":"<p><div class=\"et_pb_row et_pb_row_0 et_pb_row_empty\">\n\t\t\t\t\n\t\t\t\t\n\t\t\t\t\n\t\t\t\t\n\t\t\t\t\n\t\t\t<\/div> Mombasa, Kenya <div class=\"et_pb_row et_pb_row_1 et_pb_row_empty\">\n\t\t\t\t\n\t\t\t\t\n\t\t\t\t\n\t\t\t\t\n\t\t\t\t\n\t\t\t<\/div> Profitez des vols directs quotidiens entre Addis-Abeba et Mombasa, la porte d&rsquo;entr\u00e9e des plages fantastiques et des destinations de safari du Kenya. La dur\u00e9e du vol n&rsquo;est que de 2 heures et 20 minutes. Mombasa est une \u00eele reli\u00e9e au continent par des ponts et des ferries. La ville surplombe un [&hellip;]<\/p>\n","protected":false},"author":1,"featured_media":0,"parent":0,"menu_order":0,"comment_status":"closed","ping_status":"closed","template":"","meta":{"_et_pb_use_builder":"on","_et_pb_old_content":"","_et_gb_content_width":"","footnotes":""},"class_list":["post-4772","page","type-page","status-publish","hentry"],"yoast_head":"<!-- This site is optimized with the Yoast SEO plugin v24.6 - https:\/\/yoast.com\/wordpress\/plugins\/seo\/ -->\n<title>Mombasa, Kenya - Welcome Ethiopia Tours<\/title>\n<meta name=\"robots\" content=\"index, follow, max-snippet:-1, max-image-preview:large, max-video-preview:-1\" \/>\n<link rel=\"canonical\" href=\"https:\/\/welcomeethiopiatours.com\/fr\/mombasa-kenya\/\" \/>\n<meta property=\"og:locale\" content=\"fr_FR\" \/>\n<meta property=\"og:type\" content=\"article\" \/>\n<meta property=\"og:title\" content=\"Mombasa, Kenya - Welcome Ethiopia Tours\" \/>\n<meta property=\"og:description\" content=\"Mombasa, Kenya Profitez des vols directs quotidiens entre Addis-Abeba et Mombasa, la porte d&#039;entr\u00e9e des plages fantastiques et des destinations de safari du Kenya. La dur\u00e9e du vol n&#039;est que de 2 heures et 20 minutes. Mombasa est une \u00eele reli\u00e9e au continent par des ponts et des ferries. La ville surplombe un [&hellip;]\" \/>\n<meta property=\"og:url\" content=\"https:\/\/welcomeethiopiatours.com\/fr\/mombasa-kenya\/\" \/>\n<meta property=\"og:site_name\" content=\"Welcome Ethiopia Tours\" \/>\n<meta property=\"article:modified_time\" content=\"2022-10-13T13:33:09+00:00\" \/>\n<meta name=\"twitter:card\" content=\"summary_large_image\" \/>\n<meta name=\"twitter:label1\" content=\"Dur\u00e9e de lecture estim\u00e9e\" \/>\n\t<meta name=\"twitter:data1\" content=\"7 minutes\" \/>\n<script type=\"application\/ld+json\" class=\"yoast-schema-graph\">{\"@context\":\"https:\/\/schema.org\",\"@graph\":[{\"@type\":\"WebPage\",\"@id\":\"https:\/\/welcomeethiopiatours.com\/fr\/mombasa-kenya\/\",\"url\":\"https:\/\/welcomeethiopiatours.com\/fr\/mombasa-kenya\/\",\"name\":\"Mombasa, Kenya - Welcome Ethiopia Tours\",\"isPartOf\":{\"@id\":\"https:\/\/welcomeethiopiatours.com\/fr\/#website\"},\"datePublished\":\"2018-05-16T09:06:25+00:00\",\"dateModified\":\"2022-10-13T13:33:09+00:00\",\"breadcrumb\":{\"@id\":\"https:\/\/welcomeethiopiatours.com\/fr\/mombasa-kenya\/#breadcrumb\"},\"inLanguage\":\"fr-FR\",\"potentialAction\":[{\"@type\":\"ReadAction\",\"target\":[[\"https:\/\/welcomeethiopiatours.com\/fr\/mombasa-kenya\/\"]]}]},{\"@type\":\"BreadcrumbList\",\"@id\":\"https:\/\/welcomeethiopiatours.com\/fr\/mombasa-kenya\/#breadcrumb\",\"itemListElement\":[{\"@type\":\"ListItem\",\"position\":1,\"name\":\"Home\",\"item\":\"https:\/\/welcomeethiopiatours.com\/fr\/\"},{\"@type\":\"ListItem\",\"position\":2,\"name\":\"Mombasa, Kenya\"}]},{\"@type\":\"WebSite\",\"@id\":\"https:\/\/welcomeethiopiatours.com\/fr\/#website\",\"url\":\"https:\/\/welcomeethiopiatours.com\/fr\/\",\"name\":\"Welcome Ethiopia Tours\",\"description\":\"(Deutsch) Best Tour Operator in Ethiopia\",\"potentialAction\":[{\"@type\":\"SearchAction\",\"target\":{\"@type\":\"EntryPoint\",\"urlTemplate\":\"https:\/\/welcomeethiopiatours.com\/fr\/?s={search_term_string}\"},\"query-input\":{\"@type\":\"PropertyValueSpecification\",\"valueRequired\":true,\"valueName\":\"search_term_string\"}}],\"inLanguage\":\"fr-FR\"}]}<\/script>\n<!-- \/ Yoast SEO plugin. -->","yoast_head_json":{"title":"Mombasa, Kenya - Welcome Ethiopia Tours","robots":{"index":"index","follow":"follow","max-snippet":"max-snippet:-1","max-image-preview":"max-image-preview:large","max-video-preview":"max-video-preview:-1"},"canonical":"https:\/\/welcomeethiopiatours.com\/fr\/mombasa-kenya\/","og_locale":"fr_FR","og_type":"article","og_title":"Mombasa, Kenya - Welcome Ethiopia Tours","og_description":"Mombasa, Kenya Profitez des vols directs quotidiens entre Addis-Abeba et Mombasa, la porte d'entr\u00e9e des plages fantastiques et des destinations de safari du Kenya. La dur\u00e9e du vol n'est que de 2 heures et 20 minutes. Mombasa est une \u00eele reli\u00e9e au continent par des ponts et des ferries. La ville surplombe un [&hellip;]","og_url":"https:\/\/welcomeethiopiatours.com\/fr\/mombasa-kenya\/","og_site_name":"Welcome Ethiopia Tours","article_modified_time":"2022-10-13T13:33:09+00:00","twitter_card":"summary_large_image","twitter_misc":{"Dur\u00e9e de lecture estim\u00e9e":"7 minutes"},"schema":{"@context":"https:\/\/schema.org","@graph":[{"@type":"WebPage","@id":"https:\/\/welcomeethiopiatours.com\/fr\/mombasa-kenya\/","url":"https:\/\/welcomeethiopiatours.com\/fr\/mombasa-kenya\/","name":"Mombasa, Kenya - Welcome Ethiopia Tours","isPartOf":{"@id":"https:\/\/welcomeethiopiatours.com\/fr\/#website"},"datePublished":"2018-05-16T09:06:25+00:00","dateModified":"2022-10-13T13:33:09+00:00","breadcrumb":{"@id":"https:\/\/welcomeethiopiatours.com\/fr\/mombasa-kenya\/#breadcrumb"},"inLanguage":"fr-FR","potentialAction":[{"@type":"ReadAction","target":[["https:\/\/welcomeethiopiatours.com\/fr\/mombasa-kenya\/"]]}]},{"@type":"BreadcrumbList","@id":"https:\/\/welcomeethiopiatours.com\/fr\/mombasa-kenya\/#breadcrumb","itemListElement":[{"@type":"ListItem","position":1,"name":"Home","item":"https:\/\/welcomeethiopiatours.com\/fr\/"},{"@type":"ListItem","position":2,"name":"Mombasa, Kenya"}]},{"@type":"WebSite","@id":"https:\/\/welcomeethiopiatours.com\/fr\/#website","url":"https:\/\/welcomeethiopiatours.com\/fr\/","name":"Welcome Ethiopia Tours","description":"(Deutsch) Best Tour Operator in Ethiopia","potentialAction":[{"@type":"SearchAction","target":{"@type":"EntryPoint","urlTemplate":"https:\/\/welcomeethiopiatours.com\/fr\/?s={search_term_string}"},"query-input":{"@type":"PropertyValueSpecification","valueRequired":true,"valueName":"search_term_string"}}],"inLanguage":"fr-FR"}]}},"_links":{"self":[{"href":"https:\/\/welcomeethiopiatours.com\/fr\/wp-json\/wp\/v2\/pages\/4772","targetHints":{"allow":["GET"]}}],"collection":[{"href":"https:\/\/welcomeethiopiatours.com\/fr\/wp-json\/wp\/v2\/pages"}],"about":[{"href":"https:\/\/welcomeethiopiatours.com\/fr\/wp-json\/wp\/v2\/types\/page"}],"author":[{"embeddable":true,"href":"https:\/\/welcomeethiopiatours.com\/fr\/wp-json\/wp\/v2\/users\/1"}],"replies":[{"embeddable":true,"href":"https:\/\/welcomeethiopiatours.com\/fr\/wp-json\/wp\/v2\/comments?post=4772"}],"version-history":[{"count":0,"href":"https:\/\/welcomeethiopiatours.com\/fr\/wp-json\/wp\/v2\/pages\/4772\/revisions"}],"wp:attachment":[{"href":"https:\/\/welcomeethiopiatours.com\/fr\/wp-json\/wp\/v2\/media?parent=4772"}],"curies":[{"name":"wp","href":"https:\/\/api.w.org\/{rel}","templated":true}]}}