{"id":4777,"date":"2018-05-16T09:07:18","date_gmt":"2018-05-16T09:07:18","guid":{"rendered":"https:\/\/welcomeethiopiatours.com\/?page_id=4777"},"modified":"2022-10-13T13:36:05","modified_gmt":"2022-10-13T13:36:05","slug":"nosy-be-madagascar","status":"publish","type":"page","link":"https:\/\/welcomeethiopiatours.com\/fr\/nosy-be-madagascar\/","title":{"rendered":"Nosy Be, Madagascar"},"content":{"rendered":"<p>[et_pb_section bb_built=\u00a0\u00bb1&Prime;][et_pb_row _builder_version=\u00a0\u00bb3.1.1&Prime; background_position=\u00a0\u00bbtop_left\u00a0\u00bb background_repeat=\u00a0\u00bbrepeat\u00a0\u00bb background_size=\u00a0\u00bbinitial\u00a0\u00bb][et_pb_column type=\u00a0\u00bb4_4&Prime;][et_pb_text admin_label=\u00a0\u00bbNosy Be, Madagascar\u00a0\u00bb _builder_version=\u00a0\u00bb3.1.1&Prime; background_image=\u00a0\u00bbhttps:\/\/welcomeethiopiatours.com\/wp-content\/uploads\/Ethiopia-Photos-Header.jpg\u00a0\u00bb]<\/p>\n<h1>Nosy Be, Madagascar<\/h1>\n<p>[\/et_pb_text][et_pb_button _builder_version=\u00a0\u00bb3.1.1&Prime; button_text=\u00a0\u00bb%91button link=%22#map%22 color=%22orange%22%93 View Map%91\/button%93 %91button link=%22#booking%22 color=%22green%22%93 REQUEST PRICE%91\/button%93&Prime; \/][\/et_pb_column][\/et_pb_row][et_pb_row _builder_version=\u00a0\u00bb3.1.1&Prime; background_position=\u00a0\u00bbtop_left\u00a0\u00bb background_repeat=\u00a0\u00bbrepeat\u00a0\u00bb background_size=\u00a0\u00bbinitial\u00a0\u00bb][et_pb_column type=\u00a0\u00bb4_4&Prime;][et_pb_text _builder_version=\u00a0\u00bb3.1.1&Prime;]<\/p>\n<p>Profitez de 3 vols hebdomadaires entre Addis Abeba et Nosy Be, l&rsquo;\u00eele paradisiaque au nord-est de Madagascar. La dur\u00e9e du vol est de 5 heures et 50 minutes avec une courte escale \u00e0 Moroni sur les \u00eeles Comores.<br \/>\nNosy Be est la premi\u00e8re destination baln\u00e9aire de Madagascar, r\u00e9put\u00e9e pour son ambiance tranquille, ses rivages immacul\u00e9s et son climat chaud toute l&rsquo;ann\u00e9e. Outre le farniente sur la plage, vous pouvez ajouter \u00e0 votre itin\u00e9raire la plong\u00e9e, le snorkeling ou une excursion sur l&rsquo;\u00eele pour explorer les magnifiques \u00eelots environnants. Vous pouvez \u00e9galement vous aventurer dans l&rsquo;int\u00e9rieur de l&rsquo;\u00eele, qui abrite une jungle tropicale verdoyante, une faune diversifi\u00e9e comme les l\u00e9muriens, des chutes d&rsquo;eau, des villages et des plantations de vanille et de cacao \u00e0 l&rsquo;odeur agr\u00e9able.<br \/>\nNosy Be offre de nombreuses possibilit\u00e9s d&rsquo;h\u00e9bergement pour tous les go\u00fbts. La plupart des h\u00e9bergements se concentrent pr\u00e8s du village d&rsquo;Ambatoloaka, tandis que certains se trouvent dans la ville portuaire de Hell-Ville ou \u00e9parpill\u00e9s sur la c\u00f4te ouest de l&rsquo;\u00eele. Les centres de vill\u00e9giature sont nombreux et proposent diff\u00e9rents styles d&rsquo;h\u00e9bergement, des bungalows et des cottages aux chambres de base et aux villas luxueuses.<br \/>\nN&rsquo;h\u00e9sitez pas \u00e0 nous contacter pour de plus amples informations. En collaboration avec nos partenaires locaux \u00e0 Madagascar, nous serons heureux de vous aider \u00e0 combiner ce r\u00eave insulaire avec votre voyage en \u00c9thiopie.<\/p>\n<p>[\/et_pb_text][\/et_pb_column][\/et_pb_row][et_pb_row _builder_version=\u00a0\u00bb3.1.1&Prime; background_position=\u00a0\u00bbtop_left\u00a0\u00bb background_repeat=\u00a0\u00bbrepeat\u00a0\u00bb background_size=\u00a0\u00bbinitial\u00a0\u00bb][et_pb_column type=\u00a0\u00bb1_2&Prime;][et_pb_image _builder_version=\u00a0\u00bb3.1.1&Prime; src=\u00a0\u00bbhttps:\/\/welcomeethiopiatours.com\/wp-content\/uploads\/Nosy-Be1.jpg\u00a0\u00bb \/][\/et_pb_column][et_pb_column type=\u00a0\u00bb1_2&Prime;][et_pb_image _builder_version=\u00a0\u00bb3.1.1&Prime; src=\u00a0\u00bbhttps:\/\/welcomeethiopiatours.com\/wp-content\/uploads\/Nosy-Be2.jpg\u00a0\u00bb \/][\/et_pb_column][\/et_pb_row][et_pb_row _builder_version=\u00a0\u00bb3.1.1&Prime; background_position=\u00a0\u00bbtop_left\u00a0\u00bb background_repeat=\u00a0\u00bbrepeat\u00a0\u00bb background_size=\u00a0\u00bbinitial\u00a0\u00bb][et_pb_column type=\u00a0\u00bb1_2&Prime;][et_pb_image _builder_version=\u00a0\u00bb3.1.1&Prime; src=\u00a0\u00bbhttps:\/\/welcomeethiopiatours.com\/wp-content\/uploads\/Nosy-Be3.jpg\u00a0\u00bb \/][\/et_pb_column][et_pb_column type=\u00a0\u00bb1_2&Prime;][et_pb_image _builder_version=\u00a0\u00bb3.1.1&Prime; src=\u00a0\u00bbhttps:\/\/welcomeethiopiatours.com\/wp-content\/uploads\/Nosy-Be4.jpg\u00a0\u00bb \/][\/et_pb_column][\/et_pb_row][\/et_pb_section]<\/p>","protected":false},"excerpt":{"rendered":"<p>Nosy Be, Madagascar Profitez de 3 vols hebdomadaires entre Addis Abeba et Nosy Be, l&rsquo;\u00eele paradisiaque au nord-est de Madagascar. La dur\u00e9e du vol est de 5 heures et 50 minutes avec une courte escale \u00e0 Moroni sur les \u00eeles Comores. Nosy Be est la premi\u00e8re destination baln\u00e9aire de Madagascar, r\u00e9put\u00e9e pour son ambiance tranquille, [&hellip;]<\/p>\n","protected":false},"author":1,"featured_media":0,"parent":0,"menu_order":0,"comment_status":"closed","ping_status":"closed","template":"","meta":{"_et_pb_use_builder":"on","_et_pb_old_content":"","_et_gb_content_width":"","footnotes":""},"class_list":["post-4777","page","type-page","status-publish","hentry"],"yoast_head":"<!-- This site is optimized with the Yoast SEO plugin v24.6 - https:\/\/yoast.com\/wordpress\/plugins\/seo\/ -->\n<title>Nosy Be, Madagascar - Welcome Ethiopia Tours<\/title>\n<meta name=\"robots\" content=\"index, follow, max-snippet:-1, max-image-preview:large, max-video-preview:-1\" \/>\n<link rel=\"canonical\" href=\"https:\/\/welcomeethiopiatours.com\/fr\/nosy-be-madagascar\/\" \/>\n<meta property=\"og:locale\" content=\"fr_FR\" \/>\n<meta property=\"og:type\" content=\"article\" \/>\n<meta property=\"og:title\" content=\"Nosy Be, Madagascar - Welcome Ethiopia Tours\" \/>\n<meta property=\"og:description\" content=\"Nosy Be, Madagascar Profitez de 3 vols hebdomadaires entre Addis Abeba et Nosy Be, l&#039;\u00eele paradisiaque au nord-est de Madagascar. La dur\u00e9e du vol est de 5 heures et 50 minutes avec une courte escale \u00e0 Moroni sur les \u00eeles Comores. Nosy Be est la premi\u00e8re destination baln\u00e9aire de Madagascar, r\u00e9put\u00e9e pour son ambiance tranquille, [&hellip;]\" \/>\n<meta property=\"og:url\" content=\"https:\/\/welcomeethiopiatours.com\/fr\/nosy-be-madagascar\/\" \/>\n<meta property=\"og:site_name\" content=\"Welcome Ethiopia Tours\" \/>\n<meta property=\"article:modified_time\" content=\"2022-10-13T13:36:05+00:00\" \/>\n<meta name=\"twitter:card\" content=\"summary_large_image\" \/>\n<meta name=\"twitter:label1\" content=\"Dur\u00e9e de lecture estim\u00e9e\" \/>\n\t<meta name=\"twitter:data1\" content=\"8 minutes\" \/>\n<script type=\"application\/ld+json\" class=\"yoast-schema-graph\">{\"@context\":\"https:\/\/schema.org\",\"@graph\":[{\"@type\":\"WebPage\",\"@id\":\"https:\/\/welcomeethiopiatours.com\/fr\/nosy-be-madagascar\/\",\"url\":\"https:\/\/welcomeethiopiatours.com\/fr\/nosy-be-madagascar\/\",\"name\":\"Nosy Be, Madagascar - Welcome Ethiopia Tours\",\"isPartOf\":{\"@id\":\"https:\/\/welcomeethiopiatours.com\/fr\/#website\"},\"datePublished\":\"2018-05-16T09:07:18+00:00\",\"dateModified\":\"2022-10-13T13:36:05+00:00\",\"breadcrumb\":{\"@id\":\"https:\/\/welcomeethiopiatours.com\/fr\/nosy-be-madagascar\/#breadcrumb\"},\"inLanguage\":\"fr-FR\",\"potentialAction\":[{\"@type\":\"ReadAction\",\"target\":[[\"https:\/\/welcomeethiopiatours.com\/fr\/nosy-be-madagascar\/\"]]}]},{\"@type\":\"BreadcrumbList\",\"@id\":\"https:\/\/welcomeethiopiatours.com\/fr\/nosy-be-madagascar\/#breadcrumb\",\"itemListElement\":[{\"@type\":\"ListItem\",\"position\":1,\"name\":\"Home\",\"item\":\"https:\/\/welcomeethiopiatours.com\/fr\/\"},{\"@type\":\"ListItem\",\"position\":2,\"name\":\"Nosy Be, Madagascar\"}]},{\"@type\":\"WebSite\",\"@id\":\"https:\/\/welcomeethiopiatours.com\/fr\/#website\",\"url\":\"https:\/\/welcomeethiopiatours.com\/fr\/\",\"name\":\"Welcome Ethiopia Tours\",\"description\":\"(Deutsch) Best Tour Operator in Ethiopia\",\"potentialAction\":[{\"@type\":\"SearchAction\",\"target\":{\"@type\":\"EntryPoint\",\"urlTemplate\":\"https:\/\/welcomeethiopiatours.com\/fr\/?s={search_term_string}\"},\"query-input\":{\"@type\":\"PropertyValueSpecification\",\"valueRequired\":true,\"valueName\":\"search_term_string\"}}],\"inLanguage\":\"fr-FR\"}]}<\/script>\n<!-- \/ Yoast SEO plugin. -->","yoast_head_json":{"title":"Nosy Be, Madagascar - Welcome Ethiopia Tours","robots":{"index":"index","follow":"follow","max-snippet":"max-snippet:-1","max-image-preview":"max-image-preview:large","max-video-preview":"max-video-preview:-1"},"canonical":"https:\/\/welcomeethiopiatours.com\/fr\/nosy-be-madagascar\/","og_locale":"fr_FR","og_type":"article","og_title":"Nosy Be, Madagascar - Welcome Ethiopia Tours","og_description":"Nosy Be, Madagascar Profitez de 3 vols hebdomadaires entre Addis Abeba et Nosy Be, l'\u00eele paradisiaque au nord-est de Madagascar. La dur\u00e9e du vol est de 5 heures et 50 minutes avec une courte escale \u00e0 Moroni sur les \u00eeles Comores. Nosy Be est la premi\u00e8re destination baln\u00e9aire de Madagascar, r\u00e9put\u00e9e pour son ambiance tranquille, [&hellip;]","og_url":"https:\/\/welcomeethiopiatours.com\/fr\/nosy-be-madagascar\/","og_site_name":"Welcome Ethiopia Tours","article_modified_time":"2022-10-13T13:36:05+00:00","twitter_card":"summary_large_image","twitter_misc":{"Dur\u00e9e de lecture estim\u00e9e":"8 minutes"},"schema":{"@context":"https:\/\/schema.org","@graph":[{"@type":"WebPage","@id":"https:\/\/welcomeethiopiatours.com\/fr\/nosy-be-madagascar\/","url":"https:\/\/welcomeethiopiatours.com\/fr\/nosy-be-madagascar\/","name":"Nosy Be, Madagascar - Welcome Ethiopia Tours","isPartOf":{"@id":"https:\/\/welcomeethiopiatours.com\/fr\/#website"},"datePublished":"2018-05-16T09:07:18+00:00","dateModified":"2022-10-13T13:36:05+00:00","breadcrumb":{"@id":"https:\/\/welcomeethiopiatours.com\/fr\/nosy-be-madagascar\/#breadcrumb"},"inLanguage":"fr-FR","potentialAction":[{"@type":"ReadAction","target":[["https:\/\/welcomeethiopiatours.com\/fr\/nosy-be-madagascar\/"]]}]},{"@type":"BreadcrumbList","@id":"https:\/\/welcomeethiopiatours.com\/fr\/nosy-be-madagascar\/#breadcrumb","itemListElement":[{"@type":"ListItem","position":1,"name":"Home","item":"https:\/\/welcomeethiopiatours.com\/fr\/"},{"@type":"ListItem","position":2,"name":"Nosy Be, Madagascar"}]},{"@type":"WebSite","@id":"https:\/\/welcomeethiopiatours.com\/fr\/#website","url":"https:\/\/welcomeethiopiatours.com\/fr\/","name":"Welcome Ethiopia Tours","description":"(Deutsch) Best Tour Operator in Ethiopia","potentialAction":[{"@type":"SearchAction","target":{"@type":"EntryPoint","urlTemplate":"https:\/\/welcomeethiopiatours.com\/fr\/?s={search_term_string}"},"query-input":{"@type":"PropertyValueSpecification","valueRequired":true,"valueName":"search_term_string"}}],"inLanguage":"fr-FR"}]}},"_links":{"self":[{"href":"https:\/\/welcomeethiopiatours.com\/fr\/wp-json\/wp\/v2\/pages\/4777","targetHints":{"allow":["GET"]}}],"collection":[{"href":"https:\/\/welcomeethiopiatours.com\/fr\/wp-json\/wp\/v2\/pages"}],"about":[{"href":"https:\/\/welcomeethiopiatours.com\/fr\/wp-json\/wp\/v2\/types\/page"}],"author":[{"embeddable":true,"href":"https:\/\/welcomeethiopiatours.com\/fr\/wp-json\/wp\/v2\/users\/1"}],"replies":[{"embeddable":true,"href":"https:\/\/welcomeethiopiatours.com\/fr\/wp-json\/wp\/v2\/comments?post=4777"}],"version-history":[{"count":0,"href":"https:\/\/welcomeethiopiatours.com\/fr\/wp-json\/wp\/v2\/pages\/4777\/revisions"}],"wp:attachment":[{"href":"https:\/\/welcomeethiopiatours.com\/fr\/wp-json\/wp\/v2\/media?parent=4777"}],"curies":[{"name":"wp","href":"https:\/\/api.w.org\/{rel}","templated":true}]}}