{"id":70,"date":"2015-07-22T17:50:57","date_gmt":"2015-07-22T17:50:57","guid":{"rendered":"https:\/\/welcomeethiopiatours.com\/?page_id=70"},"modified":"2015-07-22T17:50:57","modified_gmt":"2015-07-22T17:50:57","slug":"faqs","status":"publish","type":"page","link":"https:\/\/welcomeethiopiatours.com\/fr\/faqs\/","title":{"rendered":"FAQs"},"content":{"rendered":"<p>[et_pb_section admin_label=\u00a0\u00bbsection\u00a0\u00bb transparent_background=\u00a0\u00bbon\u00a0\u00bb allow_player_pause=\u00a0\u00bboff\u00a0\u00bb inner_shadow=\u00a0\u00bboff\u00a0\u00bb parallax=\u00a0\u00bboff\u00a0\u00bb parallax_method=\u00a0\u00bboff\u00a0\u00bb padding_mobile=\u00a0\u00bboff\u00a0\u00bb make_fullwidth=\u00a0\u00bboff\u00a0\u00bb use_custom_width=\u00a0\u00bboff\u00a0\u00bb width_unit=\u00a0\u00bbon\u00a0\u00bb make_equal=\u00a0\u00bboff\u00a0\u00bb use_custom_gutter=\u00a0\u00bboff\u00a0\u00bb][et_pb_row admin_label=\u00a0\u00bbrow\u00a0\u00bb make_fullwidth=\u00a0\u00bbon\u00a0\u00bb use_custom_width=\u00a0\u00bboff\u00a0\u00bb width_unit=\u00a0\u00bbon\u00a0\u00bb use_custom_gutter=\u00a0\u00bboff\u00a0\u00bb padding_mobile=\u00a0\u00bbon\u00a0\u00bb allow_player_pause=\u00a0\u00bboff\u00a0\u00bb parallax=\u00a0\u00bbon\u00a0\u00bb parallax_method=\u00a0\u00bboff\u00a0\u00bb make_equal=\u00a0\u00bboff\u00a0\u00bb custom_padding=\u00a0\u00bb0|0&Prime; module_class=\u00a0\u00bbfullwidthpagetitle\u00a0\u00bb][et_pb_column type=\u00a0\u00bb4_4&Prime;][et_pb_text admin_label=\u00a0\u00bbFAQ (Foire aux questions)\u00a0\u00bb background_layout=\u00a0\u00bblight\u00a0\u00bb text_orientation=\u00a0\u00bbleft\u00a0\u00bb background_image=\u00a0\u00bbhttps:\/\/welcomeethiopiatours.com\/wp-content\/uploads\/Ethiopia-Photos-Header.jpg\u00a0\u00bb use_border_color=\u00a0\u00bboff\u00a0\u00bb border_color=\u00a0\u00bb#ffffff\u00a0\u00bb border_style=\u00a0\u00bbsolid\u00a0\u00bb custom_padding=\u00a0\u00bb0||0|\u00a0\u00bb]<\/p>\n<h1>FAQ (Foire aux questions)<\/h1>\n<p>[\/et_pb_text][\/et_pb_column][\/et_pb_row][et_pb_row admin_label=\u00a0\u00bbrow\u00a0\u00bb make_fullwidth=\u00a0\u00bboff\u00a0\u00bb use_custom_width=\u00a0\u00bboff\u00a0\u00bb width_unit=\u00a0\u00bbon\u00a0\u00bb use_custom_gutter=\u00a0\u00bboff\u00a0\u00bb padding_mobile=\u00a0\u00bboff\u00a0\u00bb module_class=\u00a0\u00bbnobac nopad nobor\u00a0\u00bb allow_player_pause=\u00a0\u00bboff\u00a0\u00bb parallax=\u00a0\u00bboff\u00a0\u00bb parallax_method=\u00a0\u00bboff\u00a0\u00bb make_equal=\u00a0\u00bbon\u00a0\u00bb][et_pb_column type=\u00a0\u00bb1_2&Prime;][et_pb_text admin_label=\u00a0\u00bbDe quelle taille sont les groupes ? \u00a0\u00bb background_layout=\u00a0\u00bblight\u00a0\u00bb text_orientation=\u00a0\u00bbleft\u00a0\u00bb use_border_color=\u00a0\u00bboff\u00a0\u00bb border_color=\u00a0\u00bb#ffffff\u00a0\u00bb border_style=\u00a0\u00bbsolid\u00a0\u00bb]<\/p>\n<h4>De quelle taille sont les groupes\u00a0?<\/h4>\n<p>Nos groupes sont limit\u00e9s \u00e0 8 personnes au maximum. Nous pouvons aussi organiser des s\u00e9jours pour des personnes d\u00e9sirant voyager seules.<br \/>\n[\/et_pb_text][et_pb_text admin_label=\u00a0\u00bbQuel type d\u2019h\u00e9bergements proposez-vous ?\u00a0\u00bb background_layout=\u00a0\u00bblight\u00a0\u00bb text_orientation=\u00a0\u00bbleft\u00a0\u00bb use_border_color=\u00a0\u00bboff\u00a0\u00bb border_color=\u00a0\u00bb#ffffff\u00a0\u00bb border_style=\u00a0\u00bbsolid\u00a0\u00bb]<\/p>\n<h4>Quel type d\u2019h\u00e9bergements proposez-vous\u00a0?<\/h4>\n<p>Nous utilisons des h\u00f4tels\u00a0 4 ou 5 \u00e9toiles \u00e0 Addis-Abeba, et des 3 \u00e9toiles dans les lodges et les h\u00f4tels\u00a0 \u00e0 l\u2019ext\u00e9rieur de la capitale. Nous r\u00e9servons toujours les meilleurs h\u00e9bergements disponibles.<br \/>\n[\/et_pb_text][et_pb_text admin_label=\u00a0\u00bbQuel temps fera-t-il lors de mon voyage ?\u00a0\u00bb background_layout=\u00a0\u00bblight\u00a0\u00bb text_orientation=\u00a0\u00bbleft\u00a0\u00bb use_border_color=\u00a0\u00bboff\u00a0\u00bb border_color=\u00a0\u00bb#ffffff\u00a0\u00bb border_style=\u00a0\u00bbsolid\u00a0\u00bb]<\/p>\n<h4>Quel temps fera-t-il lors de\u00a0mon voyage\u00a0?<\/h4>\n<p>Le temps variera en fonction de vos destinations. Dans la majorit\u00e9 du pays, la saison des pluies principale s\u2019\u00e9tend du mois de juin au mois de septembre, avec une br\u00e8ve saison des pluies vers le mois de mars. N\u00e9anmoins, dans les parcs de l\u2019Omo et du Mago, dans le sud du pays, les saisons sont diff\u00e9rentes et la grande saison des pluies va de mars \u00e0 juin, avec des pluies courtes au mois de novembre.<br \/>\nAvec l\u2019am\u00e9lioration des a\u00e9roports le long de la route historique (Aksoum, Lalibela, Gondar et Bahir Dar) il est maintenant possible de visiter le nord pendant la saison des pluies. Pour ceux d\u2019entre vous que cela ne d\u00e9range pas\u00a0 de laisser passer l\u2019averse (souvent suivie d\u2019un soleil \u00e9blouissant), voyager pendant la saison des pluies comporte certains avantages incontestables\u00a0: les prix sont g\u00e9n\u00e9ralement\u00a0 plus bas et vous avez les sites rien que pour vous, en plus des paysages d\u2019un\u00a0 vert \u00e9clatant et d\u00e9bordants de fleurs.<br \/>\n[\/et_pb_text][et_pb_text admin_label=\u00a0\u00bbDois-je souscrire \u00e0 une assurance m\u00e9dicale ? \u00a0\u00bb background_layout=\u00a0\u00bblight\u00a0\u00bb text_orientation=\u00a0\u00bbleft\u00a0\u00bb use_border_color=\u00a0\u00bboff\u00a0\u00bb border_color=\u00a0\u00bb#ffffff\u00a0\u00bb border_style=\u00a0\u00bbsolid\u00a0\u00bb]<\/p>\n<h4>Dois-je souscrire \u00e0 une assurance m\u00e9dicale\u00a0?<\/h4>\n<p>Veuillez noter que vous devez obligatoirement souscrire \u00e0 une assurance m\u00e9dicale de voyage.<br \/>\n[\/et_pb_text][et_pb_text admin_label=\u00a0\u00bbAi-je besoin d\u2019un visa pour me rendre en Ethiopie ?\u00a0\u00bb background_layout=\u00a0\u00bblight\u00a0\u00bb text_orientation=\u00a0\u00bbleft\u00a0\u00bb use_border_color=\u00a0\u00bboff\u00a0\u00bb border_color=\u00a0\u00bb#ffffff\u00a0\u00bb border_style=\u00a0\u00bbsolid\u00a0\u00bb]<\/p>\n<h4>Ai-je besoin d\u2019un visa pour me rendre en Ethiopie\u00a0?<\/h4>\n<p>Aucun visa n\u2019est requis pour les ressortissants du Kenya, de Djibouti et du Soudan. Les ressortissants des pays suivants peuvent facilement obtenir un visa touriste en arrivant \u00e0 l\u2019a\u00e9roport d\u2019Addis-Abeba\u00a0:<br \/>\nArgentine, Australie, Autriche, Belgique, Br\u00e9sil, Canada, Chine, Danemark, Finlande, France, Allemagne, Gr\u00e8ce, Irlande, Isra\u00ebl, Italie, Japon, R\u00e9publique de Cor\u00e9e, Kowe\u00eft, Luxembourg, Mexique, Pays-Bas, Nouvelle-Z\u00e9lande, Norv\u00e8ge, Pologne, F\u00e9d\u00e9ration de Russie, Afrique du Sud, Espagne, Su\u00e8de, Suisse, Taiwan, Royaume-Uni, Etats-Unis.<br \/>\nLes pays mentionn\u00e9s ci-dessus peuvent \u00e9galement faire leur demande de visa aupr\u00e8s des consulats \u00e9thiopiens de leurs pays.<br \/>\n[\/et_pb_text][et_pb_text admin_label=\u00a0\u00bbQu\u2019en est-il de la s\u00e9curit\u00e9 en Ethiopie ?\u00a0\u00bb background_layout=\u00a0\u00bblight\u00a0\u00bb text_orientation=\u00a0\u00bbleft\u00a0\u00bb use_border_color=\u00a0\u00bboff\u00a0\u00bb border_color=\u00a0\u00bb#ffffff\u00a0\u00bb border_style=\u00a0\u00bbsolid\u00a0\u00bb]<\/p>\n<h4>Qu\u2019en est-il de la s\u00e9curit\u00e9 en Ethiopie\u00a0?<\/h4>\n<p>L\u2019Ethiopie est globalement un pays tr\u00e8s s\u00fbr. Il en est de m\u00eame pour la capitale, Addis-Abeba. N\u00e9anmoins, chacun doit prendre les pr\u00e9cautions habituelles et normales pour tout voyageur dans un pays \u00e9tranger\u00a0: \u00e9viter certains endroits inconnus la nuit, \u00e9viter de se d\u00e9placer avec des liasses de billets en \u00e9vidence dans ses poches et faire attention aux pick-pockets dans certains lieux touristiques. Les \u00e9v\u00e8nements de type vol \u00e0 main arm\u00e9e ou \u00e0 l\u2019arrach\u00e9e sont tr\u00e8s rares et les voyageurs peuvent en g\u00e9n\u00e9ral se d\u00e9placer dans la ville en toute s\u00e9curit\u00e9, de jour comme de nuit. A vrai dire, la s\u00e9curit\u00e9 est une des singularit\u00e9s de l\u2019Ethiopie, et contribue \u00e0 son atmosph\u00e8re unique au monde.<br \/>\n[\/et_pb_text][\/et_pb_column][et_pb_column type=\u00a0\u00bb1_2&Prime;][et_pb_text admin_label=\u00a0\u00bbQuels moyens de transport utiliserons-nous lors de notre s\u00e9jour en Ethiopie ? \u00a0\u00bb background_layout=\u00a0\u00bblight\u00a0\u00bb text_orientation=\u00a0\u00bbleft\u00a0\u00bb use_border_color=\u00a0\u00bboff\u00a0\u00bb border_color=\u00a0\u00bb#ffffff\u00a0\u00bb border_style=\u00a0\u00bbsolid\u00a0\u00bb]<\/p>\n<h4>Quels moyens de transport utiliserons-nous lors de notre s\u00e9jour en Ethiopie\u00a0?<\/h4>\n<p>Nous utilisons des v\u00e9hicules confortables et\/ou des vols internes, et des bateaux sur le Nil Bleu, le lac Tana ou le Lac Chamo.<br \/>\n[\/et_pb_text][et_pb_text admin_label=\u00a0\u00bbQuelle compagnie a\u00e9rienne dessert le plus Addis-Abeba(ADD) ?\u00a0\u00bb background_layout=\u00a0\u00bblight\u00a0\u00bb text_orientation=\u00a0\u00bbleft\u00a0\u00bb use_border_color=\u00a0\u00bboff\u00a0\u00bb border_color=\u00a0\u00bb#ffffff\u00a0\u00bb border_style=\u00a0\u00bbsolid\u00a0\u00bb]<\/p>\n<h4>Quelle compagnie a\u00e9rienne dessert le plus Addis-Abeba(ADD)\u00a0?<\/h4>\n<p>De nombreuses compagnies a\u00e9riennes desservent la capitale de l\u2019Ethiopie. Ethiopian airlines a des vols quotidiens depuis de nombreuses villes d\u2019Europe, des Etats-Unis et d\u2019Asie. Les compagnies a\u00e9riennes suivantes desservent \u00e9galement Addis-Abeba, la plupart ayant aussi des vols quotidiens depuis l\u2019Europe et les Etats-Unis\u00a0: Lufthansa, KLM, Emirates Airlines, Gulf Air, Turkish Airlines, BMI et Egypt Air.<br \/>\n[\/et_pb_text][et_pb_text admin_label=\u00a0\u00bbA quelles temp\u00e9ratures dois-je m\u2019attendre ? \u00a0\u00bb background_layout=\u00a0\u00bblight\u00a0\u00bb text_orientation=\u00a0\u00bbleft\u00a0\u00bb use_border_color=\u00a0\u00bboff\u00a0\u00bb border_color=\u00a0\u00bb#ffffff\u00a0\u00bb border_style=\u00a0\u00bbsolid\u00a0\u00bb]<\/p>\n<h4>A quelles temp\u00e9ratures dois-je m\u2019attendre\u00a0?<\/h4>\n<p>Le climat de l\u2019Ethiopie refl\u00e8te sa topographie. Les zones de montagne ont un climat mod\u00e9r\u00e9, avec des temp\u00e9ratures diurnes moyennes autour de 16\u00b0C. Le grand sud et les plaines de l\u2019est ont un climat beaucoup plus chaud et sec. Quant aux plaines de l\u2019ouest, elles ont un climat chaud et humide. Les nuits dans les montagnes du Simien et du Bal\u00e9 peuvent \u00eatre tr\u00e8s froides et descendre en dessous de 0\u00b0C.<br \/>\n[\/et_pb_text][et_pb_text admin_label=\u00a0\u00bbPouvez-vous r\u00e9server mes vols ? \u00a0\u00bb background_layout=\u00a0\u00bblight\u00a0\u00bb text_orientation=\u00a0\u00bbleft\u00a0\u00bb use_border_color=\u00a0\u00bboff\u00a0\u00bb border_color=\u00a0\u00bb#ffffff\u00a0\u00bb border_style=\u00a0\u00bbsolid\u00a0\u00bb]<\/p>\n<h4>Pouvez-vous r\u00e9server mes vols\u00a0?<\/h4>\n<p>Nous sommes heureux de nous occuper de vos r\u00e9servations de vols. Nous offrons des itin\u00e9raires de vols personnalis\u00e9s, mais n\u2019offrons pas de voyages organis\u00e9s en groupe contenant des vols.\u00a0 Faites un stop-over, arrivez en avance ou prolongez votre s\u00e9jour, contactez-nous par email pour un itin\u00e9raire de vol personnalis\u00e9.<br \/>\n[\/et_pb_text][et_pb_text admin_label=\u00a0\u00bbQuelle est la meilleure p\u00e9riode pour visiter l\u2019Ethiopie ? \u00a0\u00bb background_layout=\u00a0\u00bblight\u00a0\u00bb text_orientation=\u00a0\u00bbleft\u00a0\u00bb use_border_color=\u00a0\u00bboff\u00a0\u00bb border_color=\u00a0\u00bb#ffffff\u00a0\u00bb border_style=\u00a0\u00bbsolid\u00a0\u00bb]<\/p>\n<h4>Quelle est la meilleure p\u00e9riode pour visiter l\u2019Ethiopie\u00a0?<\/h4>\n<p>Il est possible de visiter l\u2019Ethiopie tout au long de l\u2019ann\u00e9e. L\u2019on d\u00e9conseille souvent aux touristes de venir pendant la saison des pluies (environ entre le mois de juin et le d\u00e9but du mois d\u2019octobre). Mais cette \u00e9poque a ses avantages, en fonction de la destination\u00a0! En septembre et d\u00e9but octobre les paysages sont particuli\u00e8rement magnifiques\u00a0: la campagne verdoyante regorge de fleurs sauvages. N\u00e9anmoins, la p\u00e9riode id\u00e9ale pour visiter l\u2019Ethiopie se situe sans doute entre octobre et avril, quand les pluies sont taries, que la campagne reste verte et que toutes les routes sont accessibles.<br \/>\n[\/et_pb_text][et_pb_text admin_label=\u00a0\u00bbWhat if I would like more information?\u00a0\u00bb background_layout=\u00a0\u00bblight\u00a0\u00bb text_orientation=\u00a0\u00bbleft\u00a0\u00bb use_border_color=\u00a0\u00bboff\u00a0\u00bb border_color=\u00a0\u00bb#ffffff\u00a0\u00bb border_style=\u00a0\u00bbsolid\u00a0\u00bb]<\/p>\n<h4>Comment obtenir plus d\u2019informations\u00a0?<\/h4>\n<p>Pour toute question suppl\u00e9mentaire concernant votre voyage organis\u00e9 en Ethiopie, nous vous invitons \u00e0 contacter nos bureaux. Vous recevrez une r\u00e9ponse dans un d\u00e9lai de 1 jour ouvrable.<br \/>\n[\/et_pb_text][\/et_pb_column][\/et_pb_row][\/et_pb_section]<\/p>","protected":false},"excerpt":{"rendered":"<p>FAQ (Foire aux questions) De quelle taille sont les groupes\u00a0? Nos groupes sont limit\u00e9s \u00e0 8 personnes au maximum. Nous pouvons aussi organiser des s\u00e9jours pour des personnes d\u00e9sirant voyager seules. Quel type d\u2019h\u00e9bergements proposez-vous\u00a0? Nous utilisons des h\u00f4tels\u00a0 4 ou 5 \u00e9toiles \u00e0 Addis-Abeba, et des 3 \u00e9toiles dans les lodges et les h\u00f4tels\u00a0 [&hellip;]<\/p>\n","protected":false},"author":1,"featured_media":0,"parent":0,"menu_order":0,"comment_status":"open","ping_status":"open","template":"","meta":{"_et_pb_use_builder":"on","_et_pb_old_content":"","_et_gb_content_width":"","footnotes":""},"class_list":["post-70","page","type-page","status-publish","hentry"],"yoast_head":"<!-- This site is optimized with the Yoast SEO plugin v24.6 - https:\/\/yoast.com\/wordpress\/plugins\/seo\/ -->\n<title>FAQs - Welcome Ethiopia Tours<\/title>\n<meta name=\"robots\" content=\"index, follow, max-snippet:-1, max-image-preview:large, max-video-preview:-1\" \/>\n<link rel=\"canonical\" href=\"https:\/\/welcomeethiopiatours.com\/fr\/faqs\/\" \/>\n<meta property=\"og:locale\" content=\"fr_FR\" \/>\n<meta property=\"og:type\" content=\"article\" \/>\n<meta property=\"og:title\" content=\"FAQs - Welcome Ethiopia Tours\" \/>\n<meta property=\"og:description\" content=\"FAQ (Foire aux questions) De quelle taille sont les groupes\u00a0? Nos groupes sont limit\u00e9s \u00e0 8 personnes au maximum. Nous pouvons aussi organiser des s\u00e9jours pour des personnes d\u00e9sirant voyager seules. Quel type d\u2019h\u00e9bergements proposez-vous\u00a0? Nous utilisons des h\u00f4tels\u00a0 4 ou 5 \u00e9toiles \u00e0 Addis-Abeba, et des 3 \u00e9toiles dans les lodges et les h\u00f4tels\u00a0 [&hellip;]\" \/>\n<meta property=\"og:url\" content=\"https:\/\/welcomeethiopiatours.com\/fr\/faqs\/\" \/>\n<meta property=\"og:site_name\" content=\"Welcome Ethiopia Tours\" \/>\n<meta name=\"twitter:card\" content=\"summary_large_image\" \/>\n<meta name=\"twitter:label1\" content=\"Dur\u00e9e de lecture estim\u00e9e\" \/>\n\t<meta name=\"twitter:data1\" content=\"20 minutes\" \/>\n<script type=\"application\/ld+json\" class=\"yoast-schema-graph\">{\"@context\":\"https:\/\/schema.org\",\"@graph\":[{\"@type\":\"WebPage\",\"@id\":\"https:\/\/welcomeethiopiatours.com\/fr\/faqs\/\",\"url\":\"https:\/\/welcomeethiopiatours.com\/fr\/faqs\/\",\"name\":\"FAQs - Welcome Ethiopia Tours\",\"isPartOf\":{\"@id\":\"https:\/\/welcomeethiopiatours.com\/fr\/#website\"},\"datePublished\":\"2015-07-22T17:50:57+00:00\",\"breadcrumb\":{\"@id\":\"https:\/\/welcomeethiopiatours.com\/fr\/faqs\/#breadcrumb\"},\"inLanguage\":\"fr-FR\",\"potentialAction\":[{\"@type\":\"ReadAction\",\"target\":[[\"https:\/\/welcomeethiopiatours.com\/fr\/faqs\/\"]]}]},{\"@type\":\"BreadcrumbList\",\"@id\":\"https:\/\/welcomeethiopiatours.com\/fr\/faqs\/#breadcrumb\",\"itemListElement\":[{\"@type\":\"ListItem\",\"position\":1,\"name\":\"Home\",\"item\":\"https:\/\/welcomeethiopiatours.com\/fr\/\"},{\"@type\":\"ListItem\",\"position\":2,\"name\":\"FAQs\"}]},{\"@type\":\"WebSite\",\"@id\":\"https:\/\/welcomeethiopiatours.com\/fr\/#website\",\"url\":\"https:\/\/welcomeethiopiatours.com\/fr\/\",\"name\":\"Welcome Ethiopia Tours\",\"description\":\"(Deutsch) Best Tour Operator in Ethiopia\",\"potentialAction\":[{\"@type\":\"SearchAction\",\"target\":{\"@type\":\"EntryPoint\",\"urlTemplate\":\"https:\/\/welcomeethiopiatours.com\/fr\/?s={search_term_string}\"},\"query-input\":{\"@type\":\"PropertyValueSpecification\",\"valueRequired\":true,\"valueName\":\"search_term_string\"}}],\"inLanguage\":\"fr-FR\"}]}<\/script>\n<!-- \/ Yoast SEO plugin. -->","yoast_head_json":{"title":"FAQs - Welcome Ethiopia Tours","robots":{"index":"index","follow":"follow","max-snippet":"max-snippet:-1","max-image-preview":"max-image-preview:large","max-video-preview":"max-video-preview:-1"},"canonical":"https:\/\/welcomeethiopiatours.com\/fr\/faqs\/","og_locale":"fr_FR","og_type":"article","og_title":"FAQs - Welcome Ethiopia Tours","og_description":"FAQ (Foire aux questions) De quelle taille sont les groupes\u00a0? Nos groupes sont limit\u00e9s \u00e0 8 personnes au maximum. Nous pouvons aussi organiser des s\u00e9jours pour des personnes d\u00e9sirant voyager seules. Quel type d\u2019h\u00e9bergements proposez-vous\u00a0? Nous utilisons des h\u00f4tels\u00a0 4 ou 5 \u00e9toiles \u00e0 Addis-Abeba, et des 3 \u00e9toiles dans les lodges et les h\u00f4tels\u00a0 [&hellip;]","og_url":"https:\/\/welcomeethiopiatours.com\/fr\/faqs\/","og_site_name":"Welcome Ethiopia Tours","twitter_card":"summary_large_image","twitter_misc":{"Dur\u00e9e de lecture estim\u00e9e":"20 minutes"},"schema":{"@context":"https:\/\/schema.org","@graph":[{"@type":"WebPage","@id":"https:\/\/welcomeethiopiatours.com\/fr\/faqs\/","url":"https:\/\/welcomeethiopiatours.com\/fr\/faqs\/","name":"FAQs - Welcome Ethiopia Tours","isPartOf":{"@id":"https:\/\/welcomeethiopiatours.com\/fr\/#website"},"datePublished":"2015-07-22T17:50:57+00:00","breadcrumb":{"@id":"https:\/\/welcomeethiopiatours.com\/fr\/faqs\/#breadcrumb"},"inLanguage":"fr-FR","potentialAction":[{"@type":"ReadAction","target":[["https:\/\/welcomeethiopiatours.com\/fr\/faqs\/"]]}]},{"@type":"BreadcrumbList","@id":"https:\/\/welcomeethiopiatours.com\/fr\/faqs\/#breadcrumb","itemListElement":[{"@type":"ListItem","position":1,"name":"Home","item":"https:\/\/welcomeethiopiatours.com\/fr\/"},{"@type":"ListItem","position":2,"name":"FAQs"}]},{"@type":"WebSite","@id":"https:\/\/welcomeethiopiatours.com\/fr\/#website","url":"https:\/\/welcomeethiopiatours.com\/fr\/","name":"Welcome Ethiopia Tours","description":"(Deutsch) Best Tour Operator in Ethiopia","potentialAction":[{"@type":"SearchAction","target":{"@type":"EntryPoint","urlTemplate":"https:\/\/welcomeethiopiatours.com\/fr\/?s={search_term_string}"},"query-input":{"@type":"PropertyValueSpecification","valueRequired":true,"valueName":"search_term_string"}}],"inLanguage":"fr-FR"}]}},"_links":{"self":[{"href":"https:\/\/welcomeethiopiatours.com\/fr\/wp-json\/wp\/v2\/pages\/70","targetHints":{"allow":["GET"]}}],"collection":[{"href":"https:\/\/welcomeethiopiatours.com\/fr\/wp-json\/wp\/v2\/pages"}],"about":[{"href":"https:\/\/welcomeethiopiatours.com\/fr\/wp-json\/wp\/v2\/types\/page"}],"author":[{"embeddable":true,"href":"https:\/\/welcomeethiopiatours.com\/fr\/wp-json\/wp\/v2\/users\/1"}],"replies":[{"embeddable":true,"href":"https:\/\/welcomeethiopiatours.com\/fr\/wp-json\/wp\/v2\/comments?post=70"}],"version-history":[{"count":0,"href":"https:\/\/welcomeethiopiatours.com\/fr\/wp-json\/wp\/v2\/pages\/70\/revisions"}],"wp:attachment":[{"href":"https:\/\/welcomeethiopiatours.com\/fr\/wp-json\/wp\/v2\/media?parent=70"}],"curies":[{"name":"wp","href":"https:\/\/api.w.org\/{rel}","templated":true}]}}