{"id":99,"date":"2015-07-28T11:36:34","date_gmt":"2015-07-28T11:36:34","guid":{"rendered":"https:\/\/welcomeethiopiatours.com\/?page_id=99"},"modified":"2015-07-28T11:36:34","modified_gmt":"2015-07-28T11:36:34","slug":"what-to-expect","status":"publish","type":"page","link":"https:\/\/welcomeethiopiatours.com\/fr\/what-to-expect\/","title":{"rendered":"What to expect"},"content":{"rendered":"<p>[et_pb_section admin_label=\u00a0\u00bbsection\u00a0\u00bb transparent_background=\u00a0\u00bbon\u00a0\u00bb allow_player_pause=\u00a0\u00bboff\u00a0\u00bb inner_shadow=\u00a0\u00bboff\u00a0\u00bb parallax=\u00a0\u00bboff\u00a0\u00bb parallax_method=\u00a0\u00bboff\u00a0\u00bb padding_mobile=\u00a0\u00bboff\u00a0\u00bb make_fullwidth=\u00a0\u00bboff\u00a0\u00bb use_custom_width=\u00a0\u00bboff\u00a0\u00bb width_unit=\u00a0\u00bbon\u00a0\u00bb make_equal=\u00a0\u00bboff\u00a0\u00bb use_custom_gutter=\u00a0\u00bboff\u00a0\u00bb module_class=\u00a0\u00bbnobac nopad nobor\u00a0\u00bb][et_pb_row admin_label=\u00a0\u00bbrow\u00a0\u00bb make_fullwidth=\u00a0\u00bbon\u00a0\u00bb use_custom_width=\u00a0\u00bboff\u00a0\u00bb width_unit=\u00a0\u00bbon\u00a0\u00bb use_custom_gutter=\u00a0\u00bboff\u00a0\u00bb padding_mobile=\u00a0\u00bbon\u00a0\u00bb allow_player_pause=\u00a0\u00bboff\u00a0\u00bb parallax=\u00a0\u00bbon\u00a0\u00bb parallax_method=\u00a0\u00bboff\u00a0\u00bb make_equal=\u00a0\u00bboff\u00a0\u00bb custom_padding=\u00a0\u00bb0|0&Prime; module_class=\u00a0\u00bbfullwidthpagetitle\u00a0\u00bb][et_pb_column type=\u00a0\u00bb4_4&Prime;][et_pb_text admin_label=\u00a0\u00bbNos engagements \u00a0\u00bb background_layout=\u00a0\u00bblight\u00a0\u00bb text_orientation=\u00a0\u00bbleft\u00a0\u00bb background_image=\u00a0\u00bbhttps:\/\/welcomeethiopiatours.com\/wp-content\/uploads\/Ethiopia-Photos-Header.jpg\u00a0\u00bb use_border_color=\u00a0\u00bboff\u00a0\u00bb border_color=\u00a0\u00bb#ffffff\u00a0\u00bb border_style=\u00a0\u00bbsolid\u00a0\u00bb custom_padding=\u00a0\u00bb0||0|\u00a0\u00bb]<\/p>\n<h1>Nos engagements<\/h1>\n<p>[\/et_pb_text][\/et_pb_column][\/et_pb_row][et_pb_row admin_label=\u00a0\u00bbrow\u00a0\u00bb][et_pb_column type=\u00a0\u00bb1_2&Prime;][et_pb_text admin_label=\u00a0\u00bbDes s\u00e9jours haut de gamme\u00a0\u00bb background_layout=\u00a0\u00bblight\u00a0\u00bb text_orientation=\u00a0\u00bbleft\u00a0\u00bb use_border_color=\u00a0\u00bboff\u00a0\u00bb border_color=\u00a0\u00bb#ffffff\u00a0\u00bb border_style=\u00a0\u00bbsolid\u00a0\u00bb]<\/p>\n<h4>Des s\u00e9jours haut de gamme<\/h4>\n<p>Welcome Ethiopia Tours est un tour op\u00e9rateur haut de gamme, enti\u00e8rement homologu\u00e9, sp\u00e9cialis\u00e9 dans les circuits \u00ab\u00a0les incontournables de l\u2019Ethiopie\u00a0\u00bb\u00a0 pour des petits groupes allant jusqu\u2019\u00e0 8 personnes. Nos circuits ont des dates de d\u00e9parts pr\u00e9d\u00e9termin\u00e9es et offrent un \u00e9quilibre id\u00e9al entre culture, patrimoine, aventure, vie sauvage et nature, tout cela alli\u00e9 \u00e0 un confort maximal parfois agr\u00e9ment\u00e9 d\u2019une touche de luxe. Nous garantissons une qualit\u00e9 de service sup\u00e9rieure pendant toute la dur\u00e9e du s\u00e9jour, ainsi que l\u2019assurance de moyens de transports confortables dans des v\u00e9hicules bien entretenus.<br \/>\n[\/et_pb_text][et_pb_text admin_label=\u00a0\u00bbUn excellent rapport qualit\u00e9\/prix \u00a0\u00bb background_layout=\u00a0\u00bblight\u00a0\u00bb text_orientation=\u00a0\u00bbleft\u00a0\u00bb use_border_color=\u00a0\u00bboff\u00a0\u00bb border_color=\u00a0\u00bb#ffffff\u00a0\u00bb border_style=\u00a0\u00bbsolid\u00a0\u00bb]<\/p>\n<h4>Un excellent rapport qualit\u00e9\/prix<\/h4>\n<p>Nous consid\u00e9rons qu\u2019il est de notre devoir de faire en sorte que vous en ayez pour votre argent. Nous n\u2019utilisons que les meilleurs h\u00f4tels et restaurants disponibles.<br \/>\n[\/et_pb_text][\/et_pb_column][et_pb_column type=\u00a0\u00bb1_2&Prime;][et_pb_text admin_label=\u00a0\u00bbUn service client de qualit\u00e9\u00a0\u00bb background_layout=\u00a0\u00bblight\u00a0\u00bb text_orientation=\u00a0\u00bbleft\u00a0\u00bb use_border_color=\u00a0\u00bboff\u00a0\u00bb border_color=\u00a0\u00bb#ffffff\u00a0\u00bb border_style=\u00a0\u00bbsolid\u00a0\u00bb]<\/p>\n<h4>Un service client de qualit\u00e9<\/h4>\n<p>Nos bureaux \u00e0 Addis-Abeba sont toujours ouverts et vous pouvez vous attendre \u00e0 une r\u00e9ponse \u00e0 vos questions dans un d\u00e9lai de deux jours ouvrables. Vous pouvez compter sur notre personnel pour un service amical et sinc\u00e8re. Nous ferons tout notre possible pour que votre voyage se d\u00e9roule dans des conditions optimales, \u00e0 tous les niveaux.<br \/>\n[\/et_pb_text][et_pb_text admin_label=\u00a0\u00bbPas de frais cach\u00e9s\u00a0\u00bb background_layout=\u00a0\u00bblight\u00a0\u00bb text_orientation=\u00a0\u00bbleft\u00a0\u00bb use_border_color=\u00a0\u00bboff\u00a0\u00bb border_color=\u00a0\u00bb#ffffff\u00a0\u00bb border_style=\u00a0\u00bbsolid\u00a0\u00bb]<\/p>\n<h4>Pas de frais cach\u00e9s<\/h4>\n<p>Aucun frais cach\u00e9s dans le prix que nous avons fix\u00e9 pour votre s\u00e9jour. Tout est inclus, \u00e0 l\u2019exception des boissons alcoolis\u00e9es, des pourboires et de vos achats personnels.<br \/>\n[\/et_pb_text][\/et_pb_column][\/et_pb_row][\/et_pb_section]<\/p>","protected":false},"excerpt":{"rendered":"<p>Nos engagements Des s\u00e9jours haut de gamme Welcome Ethiopia Tours est un tour op\u00e9rateur haut de gamme, enti\u00e8rement homologu\u00e9, sp\u00e9cialis\u00e9 dans les circuits \u00ab\u00a0les incontournables de l\u2019Ethiopie\u00a0\u00bb\u00a0 pour des petits groupes allant jusqu\u2019\u00e0 8 personnes. Nos circuits ont des dates de d\u00e9parts pr\u00e9d\u00e9termin\u00e9es et offrent un \u00e9quilibre id\u00e9al entre culture, patrimoine, aventure, vie sauvage et [&hellip;]<\/p>\n","protected":false},"author":1,"featured_media":0,"parent":0,"menu_order":0,"comment_status":"open","ping_status":"open","template":"","meta":{"_et_pb_use_builder":"on","_et_pb_old_content":"","_et_gb_content_width":"","footnotes":""},"class_list":["post-99","page","type-page","status-publish","hentry"],"yoast_head":"<!-- This site is optimized with the Yoast SEO plugin v24.6 - https:\/\/yoast.com\/wordpress\/plugins\/seo\/ -->\n<title>What to expect - Welcome Ethiopia Tours<\/title>\n<meta name=\"robots\" content=\"index, follow, max-snippet:-1, max-image-preview:large, max-video-preview:-1\" \/>\n<link rel=\"canonical\" href=\"https:\/\/welcomeethiopiatours.com\/fr\/what-to-expect\/\" \/>\n<meta property=\"og:locale\" content=\"fr_FR\" \/>\n<meta property=\"og:type\" content=\"article\" \/>\n<meta property=\"og:title\" content=\"What to expect - Welcome Ethiopia Tours\" \/>\n<meta property=\"og:description\" content=\"Nos engagements Des s\u00e9jours haut de gamme Welcome Ethiopia Tours est un tour op\u00e9rateur haut de gamme, enti\u00e8rement homologu\u00e9, sp\u00e9cialis\u00e9 dans les circuits \u00ab\u00a0les incontournables de l\u2019Ethiopie\u00a0\u00bb\u00a0 pour des petits groupes allant jusqu\u2019\u00e0 8 personnes. Nos circuits ont des dates de d\u00e9parts pr\u00e9d\u00e9termin\u00e9es et offrent un \u00e9quilibre id\u00e9al entre culture, patrimoine, aventure, vie sauvage et [&hellip;]\" \/>\n<meta property=\"og:url\" content=\"https:\/\/welcomeethiopiatours.com\/fr\/what-to-expect\/\" \/>\n<meta property=\"og:site_name\" content=\"Welcome Ethiopia Tours\" \/>\n<meta name=\"twitter:card\" content=\"summary_large_image\" \/>\n<meta name=\"twitter:label1\" content=\"Dur\u00e9e de lecture estim\u00e9e\" \/>\n\t<meta name=\"twitter:data1\" content=\"7 minutes\" \/>\n<script type=\"application\/ld+json\" class=\"yoast-schema-graph\">{\"@context\":\"https:\/\/schema.org\",\"@graph\":[{\"@type\":\"WebPage\",\"@id\":\"https:\/\/welcomeethiopiatours.com\/fr\/what-to-expect\/\",\"url\":\"https:\/\/welcomeethiopiatours.com\/fr\/what-to-expect\/\",\"name\":\"What to expect - Welcome Ethiopia Tours\",\"isPartOf\":{\"@id\":\"https:\/\/welcomeethiopiatours.com\/fr\/#website\"},\"datePublished\":\"2015-07-28T11:36:34+00:00\",\"breadcrumb\":{\"@id\":\"https:\/\/welcomeethiopiatours.com\/fr\/what-to-expect\/#breadcrumb\"},\"inLanguage\":\"fr-FR\",\"potentialAction\":[{\"@type\":\"ReadAction\",\"target\":[[\"https:\/\/welcomeethiopiatours.com\/fr\/what-to-expect\/\"]]}]},{\"@type\":\"BreadcrumbList\",\"@id\":\"https:\/\/welcomeethiopiatours.com\/fr\/what-to-expect\/#breadcrumb\",\"itemListElement\":[{\"@type\":\"ListItem\",\"position\":1,\"name\":\"Home\",\"item\":\"https:\/\/welcomeethiopiatours.com\/fr\/\"},{\"@type\":\"ListItem\",\"position\":2,\"name\":\"What to expect\"}]},{\"@type\":\"WebSite\",\"@id\":\"https:\/\/welcomeethiopiatours.com\/fr\/#website\",\"url\":\"https:\/\/welcomeethiopiatours.com\/fr\/\",\"name\":\"Welcome Ethiopia Tours\",\"description\":\"(Deutsch) Best Tour Operator in Ethiopia\",\"potentialAction\":[{\"@type\":\"SearchAction\",\"target\":{\"@type\":\"EntryPoint\",\"urlTemplate\":\"https:\/\/welcomeethiopiatours.com\/fr\/?s={search_term_string}\"},\"query-input\":{\"@type\":\"PropertyValueSpecification\",\"valueRequired\":true,\"valueName\":\"search_term_string\"}}],\"inLanguage\":\"fr-FR\"}]}<\/script>\n<!-- \/ Yoast SEO plugin. -->","yoast_head_json":{"title":"What to expect - Welcome Ethiopia Tours","robots":{"index":"index","follow":"follow","max-snippet":"max-snippet:-1","max-image-preview":"max-image-preview:large","max-video-preview":"max-video-preview:-1"},"canonical":"https:\/\/welcomeethiopiatours.com\/fr\/what-to-expect\/","og_locale":"fr_FR","og_type":"article","og_title":"What to expect - Welcome Ethiopia Tours","og_description":"Nos engagements Des s\u00e9jours haut de gamme Welcome Ethiopia Tours est un tour op\u00e9rateur haut de gamme, enti\u00e8rement homologu\u00e9, sp\u00e9cialis\u00e9 dans les circuits \u00ab\u00a0les incontournables de l\u2019Ethiopie\u00a0\u00bb\u00a0 pour des petits groupes allant jusqu\u2019\u00e0 8 personnes. Nos circuits ont des dates de d\u00e9parts pr\u00e9d\u00e9termin\u00e9es et offrent un \u00e9quilibre id\u00e9al entre culture, patrimoine, aventure, vie sauvage et [&hellip;]","og_url":"https:\/\/welcomeethiopiatours.com\/fr\/what-to-expect\/","og_site_name":"Welcome Ethiopia Tours","twitter_card":"summary_large_image","twitter_misc":{"Dur\u00e9e de lecture estim\u00e9e":"7 minutes"},"schema":{"@context":"https:\/\/schema.org","@graph":[{"@type":"WebPage","@id":"https:\/\/welcomeethiopiatours.com\/fr\/what-to-expect\/","url":"https:\/\/welcomeethiopiatours.com\/fr\/what-to-expect\/","name":"What to expect - Welcome Ethiopia Tours","isPartOf":{"@id":"https:\/\/welcomeethiopiatours.com\/fr\/#website"},"datePublished":"2015-07-28T11:36:34+00:00","breadcrumb":{"@id":"https:\/\/welcomeethiopiatours.com\/fr\/what-to-expect\/#breadcrumb"},"inLanguage":"fr-FR","potentialAction":[{"@type":"ReadAction","target":[["https:\/\/welcomeethiopiatours.com\/fr\/what-to-expect\/"]]}]},{"@type":"BreadcrumbList","@id":"https:\/\/welcomeethiopiatours.com\/fr\/what-to-expect\/#breadcrumb","itemListElement":[{"@type":"ListItem","position":1,"name":"Home","item":"https:\/\/welcomeethiopiatours.com\/fr\/"},{"@type":"ListItem","position":2,"name":"What to expect"}]},{"@type":"WebSite","@id":"https:\/\/welcomeethiopiatours.com\/fr\/#website","url":"https:\/\/welcomeethiopiatours.com\/fr\/","name":"Welcome Ethiopia Tours","description":"(Deutsch) Best Tour Operator in Ethiopia","potentialAction":[{"@type":"SearchAction","target":{"@type":"EntryPoint","urlTemplate":"https:\/\/welcomeethiopiatours.com\/fr\/?s={search_term_string}"},"query-input":{"@type":"PropertyValueSpecification","valueRequired":true,"valueName":"search_term_string"}}],"inLanguage":"fr-FR"}]}},"_links":{"self":[{"href":"https:\/\/welcomeethiopiatours.com\/fr\/wp-json\/wp\/v2\/pages\/99","targetHints":{"allow":["GET"]}}],"collection":[{"href":"https:\/\/welcomeethiopiatours.com\/fr\/wp-json\/wp\/v2\/pages"}],"about":[{"href":"https:\/\/welcomeethiopiatours.com\/fr\/wp-json\/wp\/v2\/types\/page"}],"author":[{"embeddable":true,"href":"https:\/\/welcomeethiopiatours.com\/fr\/wp-json\/wp\/v2\/users\/1"}],"replies":[{"embeddable":true,"href":"https:\/\/welcomeethiopiatours.com\/fr\/wp-json\/wp\/v2\/comments?post=99"}],"version-history":[{"count":0,"href":"https:\/\/welcomeethiopiatours.com\/fr\/wp-json\/wp\/v2\/pages\/99\/revisions"}],"wp:attachment":[{"href":"https:\/\/welcomeethiopiatours.com\/fr\/wp-json\/wp\/v2\/media?parent=99"}],"curies":[{"name":"wp","href":"https:\/\/api.w.org\/{rel}","templated":true}]}}